{"id":3818,"date":"2026-05-07T16:37:51","date_gmt":"2026-05-07T14:37:51","guid":{"rendered":"https:\/\/www.hotelsorriso.net\/?page_id=3818"},"modified":"2026-05-08T11:42:44","modified_gmt":"2026-05-08T09:42:44","slug":"travailler-avec-nous","status":"publish","type":"page","link":"https:\/\/www.hotelsorriso.net\/fr\/travailler-avec-nous\/","title":{"rendered":"Travailler avec nous"},"content":{"rendered":"\n<p><br>Depuis de nombreuses ann\u00e9es, nous g\u00e9rons l\u2019<strong>H\u00f4tel Sorriso <\/strong>et\u00a0<em>son jumeau<\/em>\u00a0et voisin, l\u2019<strong>H\u00f4tel Krone<\/strong>, en les impr\u00e9gnant d\u2019une dimension tr\u00e8s professionnelle mais toujours\u00a0<strong>familiale<\/strong>, permettant \u00e0 nos clients de retrouver, ann\u00e9e apr\u00e8s ann\u00e9e,\u00a0<strong>cet esprit<\/strong>\u00a0dont ils se souviennent longtemps.<\/p>\n\n\n\n<p>Cela est \u00e9galement d\u00fb \u00e0 la pr\u00e9sence de figures historiques dans le personnel, que nous cherchons \u00e0 avoir toujours et m\u00eame \u00e0 augmenter\u2026<\/p>\n\n\n\n<p>En effet, une belle amiti\u00e9 se cr\u00e9e avec les clients, mais surtout avec notre \u00ab\u00a0famille \u00e0 l\u2019h\u00f4tel\u00a0\u00bb, ce qui permet de travailler \u00e9galement plus sereinement.\ud83d\ude42<\/p>\n\n\n\n<p>C\u2019est pourquoi nous avons besoin d\u2019autres personnes qui, comme nous, ont cet esprit et qui souhaitent accueillir les voyageurs, au bord de la&nbsp;<strong>mer de la Riviera<\/strong>.<\/p>\n","protected":false},"excerpt":{"rendered":"<p>Depuis de nombreuses ann\u00e9es, nous g\u00e9rons l\u2019H\u00f4tel Sorriso et\u00a0son jumeau\u00a0et voisin, l\u2019H\u00f4tel Krone, en les impr\u00e9gnant d\u2019une dimension tr\u00e8s professionnelle mais toujours\u00a0familiale, permettant \u00e0 nos clients de retrouver, ann\u00e9e apr\u00e8s ann\u00e9e,\u00a0cet esprit\u00a0dont ils se souviennent longtemps. Cela est \u00e9galement d\u00fb \u00e0 la pr\u00e9sence de figures historiques dans le personnel, que nous cherchons \u00e0 avoir toujours [&hellip;]<\/p>\n","protected":false},"author":1,"featured_media":0,"parent":0,"menu_order":0,"comment_status":"closed","ping_status":"closed","template":"page-templates\/lavora_con_noi.php","meta":{"_acf_changed":false,"inline_featured_image":false,"footnotes":""},"class_list":["post-3818","page","type-page","status-publish","hentry"],"acf":[],"yoast_head":"<!-- This site is optimized with the Yoast SEO plugin v27.3 - https:\/\/yoast.com\/product\/yoast-seo-wordpress\/ -->\n<title>Travailler avec nous - Family H\u00f4tel Sorriso \u00e0 Lido di Classe<\/title>\n<meta name=\"description\" content=\"Rejoignez l&#039;\u00e9quipe de l&#039;H\u00f4tel Sorriso d\u00e8s aujourd&#039;hui\u00a0! Nous serons ravis d&#039;\u00e9tudier votre candidature.\" \/>\n<link rel=\"canonical\" href=\"https:\/\/www.hotelsorriso.net\/fr\/travailler-avec-nous\/\" \/>\n<meta property=\"og:locale\" content=\"fr_FR\" \/>\n<meta property=\"og:type\" content=\"article\" \/>\n<meta property=\"og:title\" content=\"Travailler avec nous - Family H\u00f4tel Sorriso \u00e0 Lido di Classe\" \/>\n<meta property=\"og:description\" content=\"Rejoignez l&#039;\u00e9quipe de l&#039;H\u00f4tel Sorriso d\u00e8s aujourd&#039;hui\u00a0! Nous serons ravis d&#039;\u00e9tudier votre candidature.\" \/>\n<meta property=\"og:url\" content=\"https:\/\/www.hotelsorriso.net\/fr\/travailler-avec-nous\/\" \/>\n<meta property=\"og:site_name\" content=\"Hotel Sorriso\" \/>\n<meta property=\"article:modified_time\" content=\"2026-05-08T09:42:44+00:00\" \/>\n<meta name=\"twitter:card\" content=\"summary_large_image\" \/>\n<meta name=\"twitter:label1\" content=\"Dur\u00e9e de lecture estim\u00e9e\" \/>\n\t<meta name=\"twitter:data1\" content=\"1 minute\" \/>\n<script type=\"application\/ld+json\" class=\"yoast-schema-graph\">{\"@context\":\"https:\\\/\\\/schema.org\",\"@graph\":[{\"@type\":\"WebPage\",\"@id\":\"https:\\\/\\\/www.hotelsorriso.net\\\/fr\\\/travailler-avec-nous\\\/\",\"url\":\"https:\\\/\\\/www.hotelsorriso.net\\\/fr\\\/travailler-avec-nous\\\/\",\"name\":\"Travailler avec nous - Family H\u00f4tel Sorriso \u00e0 Lido di Classe\",\"isPartOf\":{\"@id\":\"https:\\\/\\\/www.hotelsorriso.net\\\/fr\\\/#website\"},\"datePublished\":\"2026-05-07T14:37:51+00:00\",\"dateModified\":\"2026-05-08T09:42:44+00:00\",\"description\":\"Rejoignez l'\u00e9quipe de l'H\u00f4tel Sorriso d\u00e8s aujourd'hui\u00a0! Nous serons ravis d'\u00e9tudier votre candidature.\",\"breadcrumb\":{\"@id\":\"https:\\\/\\\/www.hotelsorriso.net\\\/fr\\\/travailler-avec-nous\\\/#breadcrumb\"},\"inLanguage\":\"fr-FR\",\"potentialAction\":[{\"@type\":\"ReadAction\",\"target\":[\"https:\\\/\\\/www.hotelsorriso.net\\\/fr\\\/travailler-avec-nous\\\/\"]}]},{\"@type\":\"BreadcrumbList\",\"@id\":\"https:\\\/\\\/www.hotelsorriso.net\\\/fr\\\/travailler-avec-nous\\\/#breadcrumb\",\"itemListElement\":[{\"@type\":\"ListItem\",\"position\":1,\"name\":\"Home\",\"item\":\"https:\\\/\\\/www.hotelsorriso.net\\\/fr\\\/\"},{\"@type\":\"ListItem\",\"position\":2,\"name\":\"Travailler avec nous\"}]},{\"@type\":\"WebSite\",\"@id\":\"https:\\\/\\\/www.hotelsorriso.net\\\/fr\\\/#website\",\"url\":\"https:\\\/\\\/www.hotelsorriso.net\\\/fr\\\/\",\"name\":\"Hotel Sorriso\",\"description\":\"\",\"potentialAction\":[{\"@type\":\"SearchAction\",\"target\":{\"@type\":\"EntryPoint\",\"urlTemplate\":\"https:\\\/\\\/www.hotelsorriso.net\\\/fr\\\/?s={search_term_string}\"},\"query-input\":{\"@type\":\"PropertyValueSpecification\",\"valueRequired\":true,\"valueName\":\"search_term_string\"}}],\"inLanguage\":\"fr-FR\"}]}<\/script>\n<!-- \/ Yoast SEO plugin. -->","yoast_head_json":{"title":"Travailler avec nous - Family H\u00f4tel Sorriso \u00e0 Lido di Classe","description":"Rejoignez l'\u00e9quipe de l'H\u00f4tel Sorriso d\u00e8s aujourd'hui\u00a0! Nous serons ravis d'\u00e9tudier votre candidature.","canonical":"https:\/\/www.hotelsorriso.net\/fr\/travailler-avec-nous\/","og_locale":"fr_FR","og_type":"article","og_title":"Travailler avec nous - Family H\u00f4tel Sorriso \u00e0 Lido di Classe","og_description":"Rejoignez l'\u00e9quipe de l'H\u00f4tel Sorriso d\u00e8s aujourd'hui\u00a0! Nous serons ravis d'\u00e9tudier votre candidature.","og_url":"https:\/\/www.hotelsorriso.net\/fr\/travailler-avec-nous\/","og_site_name":"Hotel Sorriso","article_modified_time":"2026-05-08T09:42:44+00:00","twitter_card":"summary_large_image","twitter_misc":{"Dur\u00e9e de lecture estim\u00e9e":"1 minute"},"schema":{"@context":"https:\/\/schema.org","@graph":[{"@type":"WebPage","@id":"https:\/\/www.hotelsorriso.net\/fr\/travailler-avec-nous\/","url":"https:\/\/www.hotelsorriso.net\/fr\/travailler-avec-nous\/","name":"Travailler avec nous - Family H\u00f4tel Sorriso \u00e0 Lido di Classe","isPartOf":{"@id":"https:\/\/www.hotelsorriso.net\/fr\/#website"},"datePublished":"2026-05-07T14:37:51+00:00","dateModified":"2026-05-08T09:42:44+00:00","description":"Rejoignez l'\u00e9quipe de l'H\u00f4tel Sorriso d\u00e8s aujourd'hui\u00a0! Nous serons ravis d'\u00e9tudier votre candidature.","breadcrumb":{"@id":"https:\/\/www.hotelsorriso.net\/fr\/travailler-avec-nous\/#breadcrumb"},"inLanguage":"fr-FR","potentialAction":[{"@type":"ReadAction","target":["https:\/\/www.hotelsorriso.net\/fr\/travailler-avec-nous\/"]}]},{"@type":"BreadcrumbList","@id":"https:\/\/www.hotelsorriso.net\/fr\/travailler-avec-nous\/#breadcrumb","itemListElement":[{"@type":"ListItem","position":1,"name":"Home","item":"https:\/\/www.hotelsorriso.net\/fr\/"},{"@type":"ListItem","position":2,"name":"Travailler avec nous"}]},{"@type":"WebSite","@id":"https:\/\/www.hotelsorriso.net\/fr\/#website","url":"https:\/\/www.hotelsorriso.net\/fr\/","name":"Hotel Sorriso","description":"","potentialAction":[{"@type":"SearchAction","target":{"@type":"EntryPoint","urlTemplate":"https:\/\/www.hotelsorriso.net\/fr\/?s={search_term_string}"},"query-input":{"@type":"PropertyValueSpecification","valueRequired":true,"valueName":"search_term_string"}}],"inLanguage":"fr-FR"}]}},"_links":{"self":[{"href":"https:\/\/www.hotelsorriso.net\/fr\/wp-json\/wp\/v2\/pages\/3818","targetHints":{"allow":["GET"]}}],"collection":[{"href":"https:\/\/www.hotelsorriso.net\/fr\/wp-json\/wp\/v2\/pages"}],"about":[{"href":"https:\/\/www.hotelsorriso.net\/fr\/wp-json\/wp\/v2\/types\/page"}],"author":[{"embeddable":true,"href":"https:\/\/www.hotelsorriso.net\/fr\/wp-json\/wp\/v2\/users\/1"}],"replies":[{"embeddable":true,"href":"https:\/\/www.hotelsorriso.net\/fr\/wp-json\/wp\/v2\/comments?post=3818"}],"version-history":[{"count":1,"href":"https:\/\/www.hotelsorriso.net\/fr\/wp-json\/wp\/v2\/pages\/3818\/revisions"}],"predecessor-version":[{"id":3822,"href":"https:\/\/www.hotelsorriso.net\/fr\/wp-json\/wp\/v2\/pages\/3818\/revisions\/3822"}],"wp:attachment":[{"href":"https:\/\/www.hotelsorriso.net\/fr\/wp-json\/wp\/v2\/media?parent=3818"}],"curies":[{"name":"wp","href":"https:\/\/api.w.org\/{rel}","templated":true}]}}