{"id":3677,"date":"2026-02-19T08:41:16","date_gmt":"2026-02-19T07:41:16","guid":{"rendered":"https:\/\/www.hotelsorriso.net\/chambres-communicantes\/"},"modified":"2026-03-24T11:15:27","modified_gmt":"2026-03-24T10:15:27","slug":"chambres-communicantes","status":"publish","type":"page","link":"https:\/\/www.hotelsorriso.net\/fr\/chambres-communicantes\/","title":{"rendered":"Chambres Communicantes"},"content":{"rendered":"\n<p>Les chambres pr\u00e9f\u00e9r\u00e9es par ceux qui veulent l\u2019<b>ind\u00e9pendance<\/b> n\u00e9cessaire en vacances\u00a0: <b>deux chambres communicantes<\/b>, une <b>avec un lit double<\/b> et une avec un <b>lit double et un lit simple<\/b>, pour un total de cinq places de couchage! Les <b>balcons<\/b> et les <b>t\u00e9l\u00e9visions <\/b>sont \u00e9galement <b>doubles<\/b>, tandis que l\u2019entr\u00e9e a un petit couloir commun et une salle de bain.<\/p>\n","protected":false},"excerpt":{"rendered":"<p>Les chambres pr\u00e9f\u00e9r\u00e9es par ceux qui veulent l\u2019ind\u00e9pendance n\u00e9cessaire en vacances\u00a0: deux chambres communicantes, une avec un lit double et une avec un lit double et un lit simple, pour un total de cinq places de couchage! Les balcons et les t\u00e9l\u00e9visions sont \u00e9galement doubles, tandis que l\u2019entr\u00e9e a un petit couloir commun et une [&hellip;]<\/p>\n","protected":false},"author":1,"featured_media":0,"parent":0,"menu_order":0,"comment_status":"closed","ping_status":"closed","template":"page-templates\/camere.php","meta":{"_acf_changed":false,"inline_featured_image":false,"footnotes":""},"class_list":["post-3677","page","type-page","status-publish","hentry"],"acf":[],"yoast_head":"<!-- This site is optimized with the Yoast SEO plugin v27.6 - https:\/\/yoast.com\/product\/yoast-seo-wordpress\/ -->\n<title>Chambres communicantes - Family H\u00f4tel Sorriso \u00e0 Lido di Classe<\/title>\n<meta name=\"description\" content=\"Les chambres communicantes de l\u2019H\u00f4tel Sorriso, avec deux balcons, sont le choix parfait pour ceux qui veulent la juste ind\u00e9pendance.\" \/>\n<link rel=\"canonical\" href=\"https:\/\/www.hotelsorriso.net\/fr\/chambres-communicantes\/\" \/>\n<meta property=\"og:locale\" content=\"fr_FR\" \/>\n<meta property=\"og:type\" content=\"article\" \/>\n<meta property=\"og:title\" content=\"Chambres communicantes - Family H\u00f4tel Sorriso \u00e0 Lido di Classe\" \/>\n<meta property=\"og:description\" content=\"Les chambres communicantes de l\u2019H\u00f4tel Sorriso, avec deux balcons, sont le choix parfait pour ceux qui veulent la juste ind\u00e9pendance.\" \/>\n<meta property=\"og:url\" content=\"https:\/\/www.hotelsorriso.net\/fr\/chambres-communicantes\/\" \/>\n<meta property=\"og:site_name\" content=\"Hotel Sorriso\" \/>\n<meta property=\"article:modified_time\" content=\"2026-03-24T10:15:27+00:00\" \/>\n<meta name=\"twitter:card\" content=\"summary_large_image\" \/>\n<meta name=\"twitter:label1\" content=\"Dur\u00e9e de lecture estim\u00e9e\" \/>\n\t<meta name=\"twitter:data1\" content=\"1 minute\" \/>\n<script type=\"application\/ld+json\" class=\"yoast-schema-graph\">{\"@context\":\"https:\\\/\\\/schema.org\",\"@graph\":[{\"@type\":\"WebPage\",\"@id\":\"https:\\\/\\\/www.hotelsorriso.net\\\/fr\\\/chambres-communicantes\\\/\",\"url\":\"https:\\\/\\\/www.hotelsorriso.net\\\/fr\\\/chambres-communicantes\\\/\",\"name\":\"Chambres communicantes - Family H\u00f4tel Sorriso \u00e0 Lido di Classe\",\"isPartOf\":{\"@id\":\"https:\\\/\\\/www.hotelsorriso.net\\\/fr\\\/#website\"},\"datePublished\":\"2026-02-19T07:41:16+00:00\",\"dateModified\":\"2026-03-24T10:15:27+00:00\",\"description\":\"Les chambres communicantes de l\u2019H\u00f4tel Sorriso, avec deux balcons, sont le choix parfait pour ceux qui veulent la juste ind\u00e9pendance.\",\"breadcrumb\":{\"@id\":\"https:\\\/\\\/www.hotelsorriso.net\\\/fr\\\/chambres-communicantes\\\/#breadcrumb\"},\"inLanguage\":\"fr-FR\",\"potentialAction\":[{\"@type\":\"ReadAction\",\"target\":[\"https:\\\/\\\/www.hotelsorriso.net\\\/fr\\\/chambres-communicantes\\\/\"]}]},{\"@type\":\"BreadcrumbList\",\"@id\":\"https:\\\/\\\/www.hotelsorriso.net\\\/fr\\\/chambres-communicantes\\\/#breadcrumb\",\"itemListElement\":[{\"@type\":\"ListItem\",\"position\":1,\"name\":\"Home\",\"item\":\"https:\\\/\\\/www.hotelsorriso.net\\\/fr\\\/\"},{\"@type\":\"ListItem\",\"position\":2,\"name\":\"Chambres Communicantes\"}]},{\"@type\":\"WebSite\",\"@id\":\"https:\\\/\\\/www.hotelsorriso.net\\\/fr\\\/#website\",\"url\":\"https:\\\/\\\/www.hotelsorriso.net\\\/fr\\\/\",\"name\":\"Hotel Sorriso\",\"description\":\"\",\"potentialAction\":[{\"@type\":\"SearchAction\",\"target\":{\"@type\":\"EntryPoint\",\"urlTemplate\":\"https:\\\/\\\/www.hotelsorriso.net\\\/fr\\\/?s={search_term_string}\"},\"query-input\":{\"@type\":\"PropertyValueSpecification\",\"valueRequired\":true,\"valueName\":\"search_term_string\"}}],\"inLanguage\":\"fr-FR\"}]}<\/script>\n<!-- \/ Yoast SEO plugin. -->","yoast_head_json":{"title":"Chambres communicantes - Family H\u00f4tel Sorriso \u00e0 Lido di Classe","description":"Les chambres communicantes de l\u2019H\u00f4tel Sorriso, avec deux balcons, sont le choix parfait pour ceux qui veulent la juste ind\u00e9pendance.","canonical":"https:\/\/www.hotelsorriso.net\/fr\/chambres-communicantes\/","og_locale":"fr_FR","og_type":"article","og_title":"Chambres communicantes - Family H\u00f4tel Sorriso \u00e0 Lido di Classe","og_description":"Les chambres communicantes de l\u2019H\u00f4tel Sorriso, avec deux balcons, sont le choix parfait pour ceux qui veulent la juste ind\u00e9pendance.","og_url":"https:\/\/www.hotelsorriso.net\/fr\/chambres-communicantes\/","og_site_name":"Hotel Sorriso","article_modified_time":"2026-03-24T10:15:27+00:00","twitter_card":"summary_large_image","twitter_misc":{"Dur\u00e9e de lecture estim\u00e9e":"1 minute"},"schema":{"@context":"https:\/\/schema.org","@graph":[{"@type":"WebPage","@id":"https:\/\/www.hotelsorriso.net\/fr\/chambres-communicantes\/","url":"https:\/\/www.hotelsorriso.net\/fr\/chambres-communicantes\/","name":"Chambres communicantes - Family H\u00f4tel Sorriso \u00e0 Lido di Classe","isPartOf":{"@id":"https:\/\/www.hotelsorriso.net\/fr\/#website"},"datePublished":"2026-02-19T07:41:16+00:00","dateModified":"2026-03-24T10:15:27+00:00","description":"Les chambres communicantes de l\u2019H\u00f4tel Sorriso, avec deux balcons, sont le choix parfait pour ceux qui veulent la juste ind\u00e9pendance.","breadcrumb":{"@id":"https:\/\/www.hotelsorriso.net\/fr\/chambres-communicantes\/#breadcrumb"},"inLanguage":"fr-FR","potentialAction":[{"@type":"ReadAction","target":["https:\/\/www.hotelsorriso.net\/fr\/chambres-communicantes\/"]}]},{"@type":"BreadcrumbList","@id":"https:\/\/www.hotelsorriso.net\/fr\/chambres-communicantes\/#breadcrumb","itemListElement":[{"@type":"ListItem","position":1,"name":"Home","item":"https:\/\/www.hotelsorriso.net\/fr\/"},{"@type":"ListItem","position":2,"name":"Chambres Communicantes"}]},{"@type":"WebSite","@id":"https:\/\/www.hotelsorriso.net\/fr\/#website","url":"https:\/\/www.hotelsorriso.net\/fr\/","name":"Hotel Sorriso","description":"","potentialAction":[{"@type":"SearchAction","target":{"@type":"EntryPoint","urlTemplate":"https:\/\/www.hotelsorriso.net\/fr\/?s={search_term_string}"},"query-input":{"@type":"PropertyValueSpecification","valueRequired":true,"valueName":"search_term_string"}}],"inLanguage":"fr-FR"}]}},"_links":{"self":[{"href":"https:\/\/www.hotelsorriso.net\/fr\/wp-json\/wp\/v2\/pages\/3677","targetHints":{"allow":["GET"]}}],"collection":[{"href":"https:\/\/www.hotelsorriso.net\/fr\/wp-json\/wp\/v2\/pages"}],"about":[{"href":"https:\/\/www.hotelsorriso.net\/fr\/wp-json\/wp\/v2\/types\/page"}],"author":[{"embeddable":true,"href":"https:\/\/www.hotelsorriso.net\/fr\/wp-json\/wp\/v2\/users\/1"}],"replies":[{"embeddable":true,"href":"https:\/\/www.hotelsorriso.net\/fr\/wp-json\/wp\/v2\/comments?post=3677"}],"version-history":[{"count":1,"href":"https:\/\/www.hotelsorriso.net\/fr\/wp-json\/wp\/v2\/pages\/3677\/revisions"}],"predecessor-version":[{"id":3678,"href":"https:\/\/www.hotelsorriso.net\/fr\/wp-json\/wp\/v2\/pages\/3677\/revisions\/3678"}],"wp:attachment":[{"href":"https:\/\/www.hotelsorriso.net\/fr\/wp-json\/wp\/v2\/media?parent=3677"}],"curies":[{"name":"wp","href":"https:\/\/api.w.org\/{rel}","templated":true}]}}