{"id":3675,"date":"2026-02-12T11:43:53","date_gmt":"2026-02-12T10:43:53","guid":{"rendered":"https:\/\/www.hotelsorriso.net\/milano-marittima\/"},"modified":"2026-03-24T11:19:29","modified_gmt":"2026-03-24T10:19:29","slug":"milano-marittima","status":"publish","type":"page","link":"https:\/\/www.hotelsorriso.net\/fr\/milano-marittima\/","title":{"rendered":"Milano Marittima"},"content":{"rendered":"\n<p>Pour les amateurs de <b>divertissement<\/b>, \u00e0 <b>seulement 5 km<\/b> de notre h\u00f4tel, <b>Milano Marittima<\/b> est un v\u00e9ritable paradis, o\u00f9 <b>\u00e9v\u00e9nements <\/b>et f\u00eates animent les journ\u00e9es \u00e0 la <b>plage<\/b> et les <b>soir\u00e9es<\/b> sous les \u00e9toiles. Milano Marittima est une <b>destination plus exclusive<\/b>, fr\u00e9quent\u00e9e par de nombreux touristes et <b>personnalit\u00e9s du spectacle<\/b>, elle offre des <b>magasins de luxe<\/b>, la <b>vie nocturne<\/b> et la <b>nature<\/b>.<\/p>\n","protected":false},"excerpt":{"rendered":"<p>Pour les amateurs de divertissement, \u00e0 seulement 5 km de notre h\u00f4tel, Milano Marittima est un v\u00e9ritable paradis, o\u00f9 \u00e9v\u00e9nements et f\u00eates animent les journ\u00e9es \u00e0 la plage et les soir\u00e9es sous les \u00e9toiles. Milano Marittima est une destination plus exclusive, fr\u00e9quent\u00e9e par de nombreux touristes et personnalit\u00e9s du spectacle, elle offre des magasins de [&hellip;]<\/p>\n","protected":false},"author":1,"featured_media":0,"parent":0,"menu_order":0,"comment_status":"closed","ping_status":"closed","template":"page-templates\/box_caroselli.php","meta":{"_acf_changed":false,"inline_featured_image":false,"footnotes":""},"class_list":["post-3675","page","type-page","status-publish","hentry"],"acf":[],"yoast_head":"<!-- This site is optimized with the Yoast SEO plugin v27.3 - https:\/\/yoast.com\/product\/yoast-seo-wordpress\/ -->\n<title>Milano Marittima - Family H\u00f4tel Sorriso \u00e0 Lido di Classe<\/title>\n<meta name=\"description\" content=\"\u00c0 seulement 5 km de l\u2019H\u00f4tel Sorriso, Milano Marittima est un v\u00e9ritable paradis\u00a0: o\u00f9 \u00e9v\u00e9nements et f\u00eates animent les journ\u00e9es \u00e0 la plage.\" \/>\n<link rel=\"canonical\" href=\"https:\/\/www.hotelsorriso.net\/fr\/milano-marittima\/\" \/>\n<meta property=\"og:locale\" content=\"fr_FR\" \/>\n<meta property=\"og:type\" content=\"article\" \/>\n<meta property=\"og:title\" content=\"Milano Marittima - Family H\u00f4tel Sorriso \u00e0 Lido di Classe\" \/>\n<meta property=\"og:description\" content=\"\u00c0 seulement 5 km de l\u2019H\u00f4tel Sorriso, Milano Marittima est un v\u00e9ritable paradis\u00a0: o\u00f9 \u00e9v\u00e9nements et f\u00eates animent les journ\u00e9es \u00e0 la plage.\" \/>\n<meta property=\"og:url\" content=\"https:\/\/www.hotelsorriso.net\/fr\/milano-marittima\/\" \/>\n<meta property=\"og:site_name\" content=\"Hotel Sorriso\" \/>\n<meta property=\"article:modified_time\" content=\"2026-03-24T10:19:29+00:00\" \/>\n<meta name=\"twitter:card\" content=\"summary_large_image\" \/>\n<meta name=\"twitter:label1\" content=\"Dur\u00e9e de lecture estim\u00e9e\" \/>\n\t<meta name=\"twitter:data1\" content=\"1 minute\" \/>\n<script type=\"application\/ld+json\" class=\"yoast-schema-graph\">{\"@context\":\"https:\\\/\\\/schema.org\",\"@graph\":[{\"@type\":\"WebPage\",\"@id\":\"https:\\\/\\\/www.hotelsorriso.net\\\/fr\\\/milano-marittima\\\/\",\"url\":\"https:\\\/\\\/www.hotelsorriso.net\\\/fr\\\/milano-marittima\\\/\",\"name\":\"Milano Marittima - Family H\u00f4tel Sorriso \u00e0 Lido di Classe\",\"isPartOf\":{\"@id\":\"https:\\\/\\\/www.hotelsorriso.net\\\/fr\\\/#website\"},\"datePublished\":\"2026-02-12T10:43:53+00:00\",\"dateModified\":\"2026-03-24T10:19:29+00:00\",\"description\":\"\u00c0 seulement 5 km de l\u2019H\u00f4tel Sorriso, Milano Marittima est un v\u00e9ritable paradis\u00a0: o\u00f9 \u00e9v\u00e9nements et f\u00eates animent les journ\u00e9es \u00e0 la plage.\",\"breadcrumb\":{\"@id\":\"https:\\\/\\\/www.hotelsorriso.net\\\/fr\\\/milano-marittima\\\/#breadcrumb\"},\"inLanguage\":\"fr-FR\",\"potentialAction\":[{\"@type\":\"ReadAction\",\"target\":[\"https:\\\/\\\/www.hotelsorriso.net\\\/fr\\\/milano-marittima\\\/\"]}]},{\"@type\":\"BreadcrumbList\",\"@id\":\"https:\\\/\\\/www.hotelsorriso.net\\\/fr\\\/milano-marittima\\\/#breadcrumb\",\"itemListElement\":[{\"@type\":\"ListItem\",\"position\":1,\"name\":\"Home\",\"item\":\"https:\\\/\\\/www.hotelsorriso.net\\\/fr\\\/\"},{\"@type\":\"ListItem\",\"position\":2,\"name\":\"Milano Marittima\"}]},{\"@type\":\"WebSite\",\"@id\":\"https:\\\/\\\/www.hotelsorriso.net\\\/fr\\\/#website\",\"url\":\"https:\\\/\\\/www.hotelsorriso.net\\\/fr\\\/\",\"name\":\"Hotel Sorriso\",\"description\":\"\",\"potentialAction\":[{\"@type\":\"SearchAction\",\"target\":{\"@type\":\"EntryPoint\",\"urlTemplate\":\"https:\\\/\\\/www.hotelsorriso.net\\\/fr\\\/?s={search_term_string}\"},\"query-input\":{\"@type\":\"PropertyValueSpecification\",\"valueRequired\":true,\"valueName\":\"search_term_string\"}}],\"inLanguage\":\"fr-FR\"}]}<\/script>\n<!-- \/ Yoast SEO plugin. -->","yoast_head_json":{"title":"Milano Marittima - Family H\u00f4tel Sorriso \u00e0 Lido di Classe","description":"\u00c0 seulement 5 km de l\u2019H\u00f4tel Sorriso, Milano Marittima est un v\u00e9ritable paradis\u00a0: o\u00f9 \u00e9v\u00e9nements et f\u00eates animent les journ\u00e9es \u00e0 la plage.","canonical":"https:\/\/www.hotelsorriso.net\/fr\/milano-marittima\/","og_locale":"fr_FR","og_type":"article","og_title":"Milano Marittima - Family H\u00f4tel Sorriso \u00e0 Lido di Classe","og_description":"\u00c0 seulement 5 km de l\u2019H\u00f4tel Sorriso, Milano Marittima est un v\u00e9ritable paradis\u00a0: o\u00f9 \u00e9v\u00e9nements et f\u00eates animent les journ\u00e9es \u00e0 la plage.","og_url":"https:\/\/www.hotelsorriso.net\/fr\/milano-marittima\/","og_site_name":"Hotel Sorriso","article_modified_time":"2026-03-24T10:19:29+00:00","twitter_card":"summary_large_image","twitter_misc":{"Dur\u00e9e de lecture estim\u00e9e":"1 minute"},"schema":{"@context":"https:\/\/schema.org","@graph":[{"@type":"WebPage","@id":"https:\/\/www.hotelsorriso.net\/fr\/milano-marittima\/","url":"https:\/\/www.hotelsorriso.net\/fr\/milano-marittima\/","name":"Milano Marittima - Family H\u00f4tel Sorriso \u00e0 Lido di Classe","isPartOf":{"@id":"https:\/\/www.hotelsorriso.net\/fr\/#website"},"datePublished":"2026-02-12T10:43:53+00:00","dateModified":"2026-03-24T10:19:29+00:00","description":"\u00c0 seulement 5 km de l\u2019H\u00f4tel Sorriso, Milano Marittima est un v\u00e9ritable paradis\u00a0: o\u00f9 \u00e9v\u00e9nements et f\u00eates animent les journ\u00e9es \u00e0 la plage.","breadcrumb":{"@id":"https:\/\/www.hotelsorriso.net\/fr\/milano-marittima\/#breadcrumb"},"inLanguage":"fr-FR","potentialAction":[{"@type":"ReadAction","target":["https:\/\/www.hotelsorriso.net\/fr\/milano-marittima\/"]}]},{"@type":"BreadcrumbList","@id":"https:\/\/www.hotelsorriso.net\/fr\/milano-marittima\/#breadcrumb","itemListElement":[{"@type":"ListItem","position":1,"name":"Home","item":"https:\/\/www.hotelsorriso.net\/fr\/"},{"@type":"ListItem","position":2,"name":"Milano Marittima"}]},{"@type":"WebSite","@id":"https:\/\/www.hotelsorriso.net\/fr\/#website","url":"https:\/\/www.hotelsorriso.net\/fr\/","name":"Hotel Sorriso","description":"","potentialAction":[{"@type":"SearchAction","target":{"@type":"EntryPoint","urlTemplate":"https:\/\/www.hotelsorriso.net\/fr\/?s={search_term_string}"},"query-input":{"@type":"PropertyValueSpecification","valueRequired":true,"valueName":"search_term_string"}}],"inLanguage":"fr-FR"}]}},"_links":{"self":[{"href":"https:\/\/www.hotelsorriso.net\/fr\/wp-json\/wp\/v2\/pages\/3675","targetHints":{"allow":["GET"]}}],"collection":[{"href":"https:\/\/www.hotelsorriso.net\/fr\/wp-json\/wp\/v2\/pages"}],"about":[{"href":"https:\/\/www.hotelsorriso.net\/fr\/wp-json\/wp\/v2\/types\/page"}],"author":[{"embeddable":true,"href":"https:\/\/www.hotelsorriso.net\/fr\/wp-json\/wp\/v2\/users\/1"}],"replies":[{"embeddable":true,"href":"https:\/\/www.hotelsorriso.net\/fr\/wp-json\/wp\/v2\/comments?post=3675"}],"version-history":[{"count":1,"href":"https:\/\/www.hotelsorriso.net\/fr\/wp-json\/wp\/v2\/pages\/3675\/revisions"}],"predecessor-version":[{"id":3676,"href":"https:\/\/www.hotelsorriso.net\/fr\/wp-json\/wp\/v2\/pages\/3675\/revisions\/3676"}],"wp:attachment":[{"href":"https:\/\/www.hotelsorriso.net\/fr\/wp-json\/wp\/v2\/media?parent=3675"}],"curies":[{"name":"wp","href":"https:\/\/api.w.org\/{rel}","templated":true}]}}