{"id":3673,"date":"2026-01-26T13:26:02","date_gmt":"2026-01-26T12:26:02","guid":{"rendered":"https:\/\/www.hotelsorriso.net\/politique-de-confidentialite\/"},"modified":"2026-03-25T10:27:30","modified_gmt":"2026-03-25T09:27:30","slug":"privacy-policy","status":"publish","type":"page","link":"https:\/\/www.hotelsorriso.net\/fr\/privacy-policy\/","title":{"rendered":"Politique de confidentialit\u00e9"},"content":{"rendered":"\n<h2 class=\"wp-block-heading\">Nature de la fourniture de donn\u00e9s<\/h2>\n\n\n<p><!-- \/wp:post-content --><\/p>\n<p><!-- wp:paragraph --><\/p>\n<p><strong>Les donn\u00e9es personnelles demand\u00e9es sont collect\u00e9es par notre site et trait\u00e9es sur des supports informatiques, afin de r\u00e9pondre aux demandes de contact, d\u2019information.<\/strong><\/p>\n<p><!-- \/wp:paragraph --><\/p>\n<p><!-- wp:paragraph --><\/p>\n<h2>Administrateur du traitement<\/h2>\n<p><!-- \/wp:paragraph --><\/p>\n<p><!-- \/wp:heading --><\/p>\n<p><!-- wp:paragraph --><\/p>\n<p><strong>HOTEL SORRISO S.N.C. DI CORALLO S.R.L. E C.<\/strong><\/p>\n<p><strong><!-- \/wp:paragraph --><\/strong><\/p>\n<p><strong><!-- wp:paragraph --><\/strong><\/p>\n<p><strong>P.IVA e Cod. Fiscale 01005930407<\/strong><\/p>\n<p><strong><!-- \/wp:paragraph --><\/strong><\/p>\n<p><strong><!-- wp:paragraph --><\/strong><\/p>\n<p><strong>47521 Cesena (FC) Via Leopoldo Lucchi 135<\/strong><\/p>\n<p><!-- \/wp:paragraph --><\/p>\n<p><!-- wp:paragraph --><\/p>\n<p><strong>Mail:<\/strong> <a href=\"mailto:info@hotelsorriso.net\">info@hotelsorriso.net<\/a><\/p>\n<p><!-- \/wp:paragraph --><\/p>\n<p><!-- wp:paragraph --><\/p>\n<h2>Responsables du traitement des donn\u00e9es<\/h2>\n<p><!-- \/wp:paragraph --><\/p>\n<p><!-- \/wp:heading --><\/p>\n<p><!-- wp:paragraph --><\/p>\n<p>Les donn\u00e9es personnelles des utilisateurs pourront \u00eatre port\u00e9es \u00e0 la connaissance de tiers qui traiteront des donn\u00e9es personnelles au nom du responsable en qualit\u00e9 de \u00ab\u00a0responsables externes du traitement\u00a0\u00bb, tels que, \u00e0 titre d\u2019exemple, fournisseurs de services informatiques fonctionnels \u00e0 l\u2019activit\u00e9 de la Soci\u00e9t\u00e9, prestataires de services en sous-traitance ou cloud computing, professionnels et consultants. Les Utilisateurs ont le droit d\u2019obtenir la liste des responsables du traitement d\u00e9sign\u00e9s par le Propri\u00e9taire en faisant la demande au Propri\u00e9taire selon les modalit\u00e9s indiqu\u00e9es ci-dessous.<\/p>\n<p><!-- \/wp:paragraph --><\/p>\n<p><!-- wp:paragraph --><\/p>\n<h2>Finalit\u00e9s des traitements<\/h2>\n<p><!-- \/wp:paragraph --><\/p>\n<p><!-- \/wp:heading --><\/p>\n<p><!-- wp:paragraph --><\/p>\n<p>Les donn\u00e9es fournies seront conserv\u00e9es par le Titulaire pour les finalit\u00e9s suivantes et conform\u00e9ment au R\u00e8glement UE 2016\/679 (GDPR)\u00a0: 1. installer sur le dispositif de l\u2019utilisateur des cookies techniques &#8211; facultatifs selon la politique cookies;<\/p>\n<p><!-- \/wp:paragraph --><\/p>\n<p><!-- wp:paragraph --><\/p>\n<p>2. rendre les donn\u00e9es disponibles \u00e0 des tiers \u00e0 des fins instrumentales strictement n\u00e9cessaires pour ex\u00e9cuter les services demand\u00e9s par la personne concern\u00e9e (gestion des r\u00e9servations, demandes d\u2019informations, fourniture \u00e9ventuelle, devis, etc.) ou pour appliquer les r\u00e8gles de droit ;.<\/p>\n<p><!-- \/wp:paragraph --><\/p>\n<p><!-- wp:paragraph --><\/p>\n<p>3. g\u00e9rer les donn\u00e9es des utilisateurs pour fournir des retours ;<\/p>\n<p><!-- \/wp:paragraph --><\/p>\n<p><!-- wp:paragraph --><\/p>\n<p>4.\u00a0donner suite aux demandes d\u2019exercice des droits de la personne concern\u00e9e ; 5.\u00a0garantir le traitement loyal et licite des donn\u00e9es, en pr\u00e9servant leur confidentialit\u00e9, y compris par l\u2019application de mesures de s\u00e9curit\u00e9 appropri\u00e9es 6.\u00a0Vous envoyer des offres promotionnelles et d\u2019autres informations de service en vous inscrivant \u00e0 notre service de newsletter 7.\u00a0Afin de r\u00e9pondre \u00e0 vos demandes, avec votre consentement, la soci\u00e9t\u00e9 qui vous a \u00e9crit pourra communiquer vos donn\u00e9es \u00e0 la soci\u00e9t\u00e9 co-responsable du traitement \u00ab\u00a0HOTEL KRONE S.N.C. DI CORALLO S.R.L. E C.\u00a0\u00bb, dont le si\u00e8ge social est situ\u00e9 \u00e0 Cesena (FC), Via Leopoldo Lucchi n. 135. &#8211; si\u00e8ge op\u00e9rationnel\u00a0: Viale F.lli Vivaldi n o 38, Ravenne (RA pour acqu\u00e9rir et confirmer votre r\u00e9servation de services d\u2019h\u00e9bergement et des services auxiliaires, et pour fournir les services demand\u00e9s.<\/p>\n<p><!-- \/wp:paragraph --><\/p>\n<p><!-- wp:paragraph --><\/p>\n<p><strong>Tous les traitements effectu\u00e9s dans le cadre de ce site seront r\u00e9alis\u00e9s avec des instruments \u00e9lectroniques ou t\u00e9l\u00e9matiques, selon une logique li\u00e9e aux finalit\u00e9s pour lesquelles les donn\u00e9es ont \u00e9t\u00e9 collect\u00e9es et dans le respect des normes de s\u00e9curit\u00e9 en vigueur, pour les finalit\u00e9s sp\u00e9cifi\u00e9es. Le consentement pour ces traitements, \u00e0 l\u2019exception de celui relatif \u00e0 l\u2019installation des cookies facultatifs est obligatoire ; un \u00e9ventuel refus entra\u00eene l\u2019impossibilit\u00e9 de g\u00e9rer les activit\u00e9s \u00e9num\u00e9r\u00e9es aux points 1 \u00e0 5 du pr\u00e9sent paragraphe.<\/strong><\/p>\n<p><strong><!-- \/wp:paragraph --><\/strong><\/p>\n<p><strong><!-- wp:paragraph --><\/strong><\/p>\n<p><strong>En ce qui concerne le point 6, votre consentement explicite est n\u00e9cessaire. Ce consentement est facultatif, votre refus de ce type de traitement n\u2019emp\u00eache pas la gestion des services que nous fournissons.<\/strong><\/p>\n<p><strong><!-- \/wp:paragraph --><\/strong><\/p>\n<p><strong><!-- wp:paragraph --><\/strong><\/p>\n<p><strong>En ce qui concerne le point 7, votre accord est n\u00e9cessaire. Ce consentement est facultatif, votre refus de ce type de traitement n\u2019emp\u00eache pas la gestion des services que nous fournissons.<\/strong><\/p>\n<p><!-- \/wp:paragraph --><\/p>\n<p><!-- wp:paragraph --><\/p>\n<h2>Destinataires du traitement des donn\u00e9es<\/h2>\n<p><!-- \/wp:paragraph --><\/p>\n<p><!-- \/wp:heading --><\/p>\n<p><!-- wp:paragraph --><\/p>\n<p>\u00c0 des fins li\u00e9es \u00e0 la fourniture du service auquel l\u2019int\u00e9ress\u00e9 a souscrit, les donn\u00e9es seront mises \u00e0 la disposition de tiers, qui agiront en tant que responsables du traitement, et qui fournissent des services instrumentaux pour satisfaire la demande de l\u2019utilisateur ou auxquels la communication des donn\u00e9es est n\u00e9cessaire pour se conformer aux normes l\u00e9gales ou r\u00e9glementaires ou \u00e0 la l\u00e9gislation communautaire (par exemple, organismes publics). Ils pourront \u00e9galement \u00eatre mis \u00e0 la disposition des forces de l\u2019ordre (ex.\u00a0: pr\u00e9vention et r\u00e9pression de d\u00e9lits, y compris informatiques), la magistrature, les autorit\u00e9s et les organismes publics comp\u00e9tents en mati\u00e8re individuelle pour leurs activit\u00e9s institutionnelles ou dans le cas de faire valoir ou d\u00e9fendre leurs droits devant les tribunaux. La liste nominative de ces tiers peut \u00eatre demand\u00e9e directement au Titulaire selon les modalit\u00e9s sp\u00e9cifi\u00e9es dans la pr\u00e9sente politique de confidentialit\u00e9.<\/p>\n<p><!-- \/wp:paragraph --><\/p>\n<p><!-- wp:paragraph --><\/p>\n<p>Les donn\u00e9es personnelles seront mises \u00e0 la disposition de personnes express\u00e9ment autoris\u00e9es par le Responsable &#8211; et, \u00e0 cette fin, nomm\u00e9es des personnes autoris\u00e9es au traitement &#8211; qui effectuent des activit\u00e9s de traitement indispensables pour la poursuite des finalit\u00e9s indiqu\u00e9es ci-dessus ; les cat\u00e9gories des personnes charg\u00e9es sont pr\u00e9cis\u00e9es de temps \u00e0 autre dans l\u2019information. En g\u00e9n\u00e9ral, il s\u2019agit des personnes charg\u00e9es de la fourniture des services sp\u00e9cifiques, de l\u2019administration, de la gestion des services d\u2019information.<\/p>\n<p><!-- \/wp:paragraph --><\/p>\n<p><!-- wp:paragraph --><\/p>\n<p>Les donn\u00e9es fournies ne seront pas transmises en dehors du territoire communautaire.<\/p>\n<p><!-- \/wp:paragraph --><\/p>\n<p><!-- wp:paragraph --><\/p>\n<h2>Dur\u00e9e de conservation<\/h2>\n<p><!-- \/wp:paragraph --><\/p>\n<p><!-- \/wp:heading --><\/p>\n<p><!-- wp:paragraph --><\/p>\n<p>Sur la base des finalit\u00e9s identifi\u00e9es, la dur\u00e9e de conservation suivantes sont d\u00e9finies\u00a0:<\/p>\n<p><!-- \/wp:paragraph --><\/p>\n<p><!-- wp:paragraph --><\/p>\n<p>1. installation sur l\u2019appareil de l\u2019utilisateur de cookies techniques et analytiques et d\u2019autres facultatifs\u00a0: comme par notre politique de cookies pr\u00e9sent sur le m\u00eame site.<\/p>\n<p><!-- \/wp:paragraph --><\/p>\n<p><!-- wp:paragraph --><\/p>\n<p>2. rendre les donn\u00e9es disponibles \u00e0 des tiers \u00e0 des fins instrumentales strictement n\u00e9cessaires pour ex\u00e9cuter les services demand\u00e9s par la personne concern\u00e9e ou pour appliquer les dispositions l\u00e9gales\u00a0: jusqu\u2019\u00e0 la demande d\u2019annulation de la part de l\u2019utilisateur ou pendant les p\u00e9riodes d\u00e9finies par les dispositions l\u00e9gales ;<\/p>\n<p><!-- \/wp:paragraph --><\/p>\n<p><!-- wp:paragraph --><\/p>\n<p>3. ex\u00e9cuter les demandes d\u2019exercice des droits de la personne concern\u00e9e\u00a0: jusqu\u2019\u00e0 10 ans apr\u00e8s la collecte.<\/p>\n<p><!-- \/wp:paragraph --><\/p>\n<p><!-- wp:paragraph --><\/p>\n<p>La dur\u00e9e de conservation des donn\u00e9es personnelles sont document\u00e9es dans nos registres d\u2019activit\u00e9 de traitement.<\/p>\n<p><!-- \/wp:paragraph --><\/p>\n<p><!-- wp:paragraph --><\/p>\n<p>En ce qui concerne le traitement marketing (voir point 6 traitements), la p\u00e9riode de conservation est pr\u00e9vue \u00e0 7 ans, \u00e0 compter de votre inscription \u00e0 notre service sp\u00e9cifique.<\/p>\n<p><!-- \/wp:paragraph --><\/p>\n<p><!-- wp:paragraph --><\/p>\n<h2>Droits de la personne concern\u00e9e<\/h2>\n<p><!-- \/wp:paragraph --><\/p>\n<p><!-- \/wp:heading --><\/p>\n<p><!-- wp:paragraph --><\/p>\n<p>Les droits suivants de la personne concern\u00e9e sont garantis\u00a0:<br \/>&#8211; Droit d\u2019opposition (art. 21 du r\u00e8glement UE 2016\/679)<br \/>&#8211; Droit de rectification (art. 16 du r\u00e8glement UE 2016\/679)<br \/>&#8211; Droit \u00e0 l\u2019annulation (art. 17 du r\u00e8glement UE 2016\/679)<br \/>&#8211; Droit de limitation (art. 18 du r\u00e8glement UE 2016\/679)<br \/>&#8211; Droit d\u2019opposition (art. 21 du r\u00e8glement UE 2016\/679)<\/p>\n<p><!-- \/wp:paragraph --><\/p>\n<p><!-- wp:paragraph --><\/p>\n<p><!-- \/wp:paragraph --><\/p>\n<p><!-- wp:paragraph --><\/p>\n<p><!-- \/wp:paragraph --><\/p>\n<p><!-- wp:paragraph --><\/p>\n<p><!-- \/wp:paragraph --><\/p>\n<p><!-- wp:paragraph --><\/p>\n<p><!-- \/wp:paragraph --><\/p>\n<p><!-- wp:paragraph --><\/p>\n<p><!-- \/wp:paragraph --><\/p>\n<p><!-- wp:paragraph --><\/p>\n<p><!-- \/wp:paragraph --><\/p>\n<p><!-- wp:paragraph --><\/p>\n<p><!-- \/wp:paragraph --><\/p>\n<p><!-- wp:paragraph --><\/p>\n<p><!-- \/wp:paragraph --><\/p>\n<p><!-- wp:paragraph --><\/p>\n<p><!-- \/wp:paragraph --><\/p>\n<p><!-- wp:paragraph --><\/p>\n<p><!-- \/wp:paragraph --><\/p>\n<p><!-- wp:paragraph --><\/p>\n<p>La personne concern\u00e9e a le droit de retirer son consentement \u00e0 tout moment si les donn\u00e9es ont \u00e9t\u00e9 collect\u00e9es par le responsable du traitement.<\/p>\n<p><!-- \/wp:paragraph --><\/p>\n<p><!-- wp:paragraph --><\/p>\n<p>En outre, si vous estimez qu\u2019un ou plusieurs de vos droits ont \u00e9t\u00e9 viol\u00e9s, vous pouvez d\u00e9poser une r\u00e9clamation aupr\u00e8s de l\u2019autorit\u00e9 garante pour la vie priv\u00e9e selon les modalit\u00e9s indiqu\u00e9es au lien suivant\u00a0: https:\/\/www.garanteprivacy.it\/home\/diritti\/come-agire-per-tutelare-i-tuoi-dati-personali.<\/p>\n<p><!-- \/wp:paragraph --><\/p>\n<p><!-- wp:paragraph --><\/p>\n<p>Il est \u00e9galement pr\u00e9cis\u00e9 que les processus d\u00e9cisionnels automatis\u00e9s ne sont pas utilis\u00e9s par le Titulaire.<\/p>\n<p><!-- \/wp:paragraph --><\/p>\n<p><!-- wp:paragraph --><\/p>\n<p>Tous les droits ci-dessus peuvent \u00eatre exerc\u00e9s, \u00e0 tout moment et sans aucune charge, en \u00e9crivant \u00e0 l\u2019adresse info@hotelsorriso.net<\/p>\n<p><!-- \/wp:paragraph --><\/p>\n<p><!-- wp:paragraph --><\/p>\n<h2>S\u00e9curit\u00e9 des donn\u00e9es personnelles<\/h2>\n<p><!-- \/wp:paragraph --><\/p>\n<p><!-- \/wp:heading --><\/p>\n<p><!-- wp:paragraph --><\/p>\n<p>Les normes de s\u00e9curit\u00e9 utilis\u00e9es par le Propri\u00e9taire pour rendre vos informations personnelles confidentielles et confidentielles, y compris les \u00ab\u00a0pare-feu\u00a0\u00bb et la transmission de donn\u00e9es via SSL (Secure Socket Layer), sont les plus \u00e9lev\u00e9es \u00e0 ce jour. En outre, des techniques sp\u00e9cifiques sont utilis\u00e9es pour prot\u00e9ger ces donn\u00e9es contre l\u2019acc\u00e8s non autoris\u00e9 par des tiers. Dans tous les cas, les mesures minimales de s\u00e9curit\u00e9 indiqu\u00e9es par le Code de confidentialit\u00e9 et ses modifications ult\u00e9rieures sont garanties.<\/p>\n<p><!-- \/wp:paragraph --><\/p>\n<p><!-- wp:paragraph --><\/p>\n<p>Vous pouvez v\u00e9rifier si vous travaillez en mode s\u00e9curis\u00e9 de plusieurs mani\u00e8res\u00a0:<\/p>\n<p><!-- \/wp:paragraph --><\/p>\n<p><!-- wp:list --><\/p>\n<ul>\n<li>en recevant un message d\u2019avertissement de votre programme de navigation ;<\/li>\n<li>en v\u00e9rifiant que l\u2019adresse de la page o\u00f9 vous vous trouvez est pr\u00e9c\u00e9d\u00e9e du sigle Https ;<\/li>\n<li>en v\u00e9rifiant le symbole qui appara\u00eet en bas, \u00e0<\/li>\n<\/ul>\n<p><!-- \/wp:paragraph --><\/p>\n<p><!-- wp:list --><\/p>\n<p><!-- \/wp:list --><\/p>\n<p><!-- wp:paragraph --><\/p>\n<p>gauche ou \u00e0 droite, dans la fen\u00eatre de votre programme de navigation\u00a0: si vous voyez une cl\u00e9 enti\u00e8re ou un cadenas ferm\u00e9, cela signifie que SSL est actif.<\/p>\n<p><!-- \/wp:paragraph --><\/p>\n<p><!-- wp:paragraph --><\/p>\n<p>Dans tous les cas, le Titulaire adopte des mesures de s\u00e9curit\u00e9 appropri\u00e9es et pr\u00e9ventives pour pr\u00e9server la confidentialit\u00e9, l\u2019int\u00e9grit\u00e9, l\u2019exhaustivit\u00e9 et la disponibilit\u00e9 des donn\u00e9es personnelles. Conform\u00e9ment aux dispositions r\u00e9glementaires r\u00e9gissant la s\u00e9curit\u00e9 des donn\u00e9es \u00e0 caract\u00e8re personnel, des mesures techniques, logistiques et organisationnelles sont mises au point dans le but de pr\u00e9venir les dommages, les pertes accidentelles ou non, l\u2019alt\u00e9ration, l\u2019utilisation impropre et non autoris\u00e9e des donn\u00e9es. Des mesures de s\u00e9curit\u00e9 pr\u00e9ventives similaires sont adopt\u00e9es par les tiers (responsables du traitement) auxquels nous confions des op\u00e9rations de traitement de donn\u00e9es pour notre compte et \u00e0 l\u2019\u00e9gard desquels le Responsable a \u00e9tabli des r\u00e8gles de comportement et des instructions de proc\u00e9dures de s\u00e9curit\u00e9 \u00e0 respecter, veiller \u00e0 leur mise en \u0153uvre correcte par les responsables.<\/p>\n<p><!-- \/wp:paragraph --><\/p>\n<p><!-- wp:paragraph --><\/p>\n<p>Le Titulaire n\u2019est pas responsable des informations non v\u00e9ridiques envoy\u00e9es directement par l\u2019utilisateur (exemple\u00a0: exactitude de l\u2019adresse e-mail ou adresse postale ou autres donn\u00e9es d\u2019origine), ainsi que des informations qui le concernent et qui ont \u00e9t\u00e9 fournies par un tiers, m\u00eame frauduleusement.<\/p>\n<p><!-- \/wp:paragraph --><\/p>\n<p><!-- wp:paragraph --><\/p>\n<h2>Donn\u00e9es de navigation<\/h2>\n<p><!-- \/wp:paragraph --><\/p>\n<p><!-- \/wp:heading --><\/p>\n<p><!-- wp:paragraph --><\/p>\n<p>Les syst\u00e8mes informatiques et les proc\u00e9dures logicielles utilis\u00e9es pour faire fonctionner ce site web acqui\u00e8rent, au cours de leur fonctionnement normal, certaines donn\u00e9es personnelles dont la transmission est implicite dans l\u2019utilisation des protocoles de communication d\u2019Internet. Il s\u2019agit d\u2019informations qui ne sont pas collect\u00e9es pour \u00eatre associ\u00e9es \u00e0 des utilisateurs identifi\u00e9s, mais qui de par leur nature pourraient, \u00e0 travers des \u00e9laborations et des associations avec des donn\u00e9es d\u00e9tenues par des tiers, permettre d\u2019identifier les utilisateurs. Cette cat\u00e9gorie de donn\u00e9es comprend les adresses IP ou les noms de domaine des ordinateurs utilis\u00e9s par les utilisateurs qui se connectent au site, les adresses en notation URI (Uniform Resource Identifier) des ressources demand\u00e9es, l\u2019heure de la demande, la m\u00e9thode utilis\u00e9e pour soumettre la demande au serveur, la taille du fichier obtenu en r\u00e9ponse, le code num\u00e9rique indiquant l\u2019\u00e9tat de la r\u00e9ponse donn\u00e9e par le serveur (succ\u00e8s, erreur ou similaire) et d\u2019autres param\u00e8tres relatifs au syst\u00e8me d\u2019exploitation et \u00e0 l\u2019environnement informatique de l\u2019utilisateur. Ces donn\u00e9es ne sont utilis\u00e9es que pour obtenir des informations statistiques anonymes sur l\u2019utilisation du site et pour en v\u00e9rifier le bon fonctionnement et elles sont effac\u00e9es imm\u00e9diatement apr\u00e8s traitement. Les donn\u00e9es pourraient \u00eatre utilis\u00e9es pour d\u00e9terminer la responsabilit\u00e9 en cas d\u2019hypoth\u00e9tiques d\u00e9lits informatiques contre le site.<\/p>\n<p><!-- \/wp:paragraph --><\/p>","protected":false},"excerpt":{"rendered":"<p>Nature de la fourniture de donn\u00e9s Les donn\u00e9es personnelles demand\u00e9es sont collect\u00e9es par notre site et trait\u00e9es sur des supports informatiques, afin de r\u00e9pondre aux demandes de contact, d\u2019information. Administrateur du traitement HOTEL SORRISO S.N.C. DI CORALLO S.R.L. E C. P.IVA e Cod. Fiscale 01005930407 47521 Cesena (FC) Via Leopoldo Lucchi 135 Mail: info@hotelsorriso.net Responsables [&hellip;]<\/p>\n","protected":false},"author":1,"featured_media":0,"parent":0,"menu_order":0,"comment_status":"closed","ping_status":"closed","template":"","meta":{"_acf_changed":false,"inline_featured_image":false,"footnotes":""},"class_list":["post-3673","page","type-page","status-publish","hentry"],"acf":[],"yoast_head":"<!-- This site is optimized with the Yoast SEO plugin v27.3 - https:\/\/yoast.com\/product\/yoast-seo-wordpress\/ -->\n<title>Politique de confidentialit\u00e9 - Family H\u00f4tel Sorriso \u00e0 Lido di Classe<\/title>\n<link rel=\"canonical\" href=\"https:\/\/www.hotelsorriso.net\/fr\/privacy-policy\/\" \/>\n<meta property=\"og:locale\" content=\"fr_FR\" \/>\n<meta property=\"og:type\" content=\"article\" \/>\n<meta property=\"og:title\" content=\"Politique de confidentialit\u00e9 - Family H\u00f4tel Sorriso \u00e0 Lido di Classe\" \/>\n<meta property=\"og:description\" content=\"Nature de la fourniture de donn\u00e9s Les donn\u00e9es personnelles demand\u00e9es sont collect\u00e9es par notre site et trait\u00e9es sur des supports informatiques, afin de r\u00e9pondre aux demandes de contact, d\u2019information. Administrateur du traitement HOTEL SORRISO S.N.C. DI CORALLO S.R.L. E C. P.IVA e Cod. Fiscale 01005930407 47521 Cesena (FC) Via Leopoldo Lucchi 135 Mail: info@hotelsorriso.net Responsables [&hellip;]\" \/>\n<meta property=\"og:url\" content=\"https:\/\/www.hotelsorriso.net\/fr\/privacy-policy\/\" \/>\n<meta property=\"og:site_name\" content=\"Hotel Sorriso\" \/>\n<meta property=\"article:modified_time\" content=\"2026-03-25T09:27:30+00:00\" \/>\n<meta name=\"twitter:card\" content=\"summary_large_image\" \/>\n<meta name=\"twitter:label1\" content=\"Dur\u00e9e de lecture estim\u00e9e\" \/>\n\t<meta name=\"twitter:data1\" content=\"9 minutes\" \/>\n<script type=\"application\/ld+json\" class=\"yoast-schema-graph\">{\"@context\":\"https:\\\/\\\/schema.org\",\"@graph\":[{\"@type\":\"WebPage\",\"@id\":\"https:\\\/\\\/www.hotelsorriso.net\\\/fr\\\/privacy-policy\\\/\",\"url\":\"https:\\\/\\\/www.hotelsorriso.net\\\/fr\\\/privacy-policy\\\/\",\"name\":\"Politique de confidentialit\u00e9 - Family H\u00f4tel Sorriso \u00e0 Lido di Classe\",\"isPartOf\":{\"@id\":\"https:\\\/\\\/www.hotelsorriso.net\\\/fr\\\/#website\"},\"datePublished\":\"2026-01-26T12:26:02+00:00\",\"dateModified\":\"2026-03-25T09:27:30+00:00\",\"breadcrumb\":{\"@id\":\"https:\\\/\\\/www.hotelsorriso.net\\\/fr\\\/privacy-policy\\\/#breadcrumb\"},\"inLanguage\":\"fr-FR\",\"potentialAction\":[{\"@type\":\"ReadAction\",\"target\":[\"https:\\\/\\\/www.hotelsorriso.net\\\/fr\\\/privacy-policy\\\/\"]}]},{\"@type\":\"BreadcrumbList\",\"@id\":\"https:\\\/\\\/www.hotelsorriso.net\\\/fr\\\/privacy-policy\\\/#breadcrumb\",\"itemListElement\":[{\"@type\":\"ListItem\",\"position\":1,\"name\":\"Home\",\"item\":\"https:\\\/\\\/www.hotelsorriso.net\\\/fr\\\/\"},{\"@type\":\"ListItem\",\"position\":2,\"name\":\"Politique de confidentialit\u00e9\"}]},{\"@type\":\"WebSite\",\"@id\":\"https:\\\/\\\/www.hotelsorriso.net\\\/fr\\\/#website\",\"url\":\"https:\\\/\\\/www.hotelsorriso.net\\\/fr\\\/\",\"name\":\"Hotel Sorriso\",\"description\":\"\",\"potentialAction\":[{\"@type\":\"SearchAction\",\"target\":{\"@type\":\"EntryPoint\",\"urlTemplate\":\"https:\\\/\\\/www.hotelsorriso.net\\\/fr\\\/?s={search_term_string}\"},\"query-input\":{\"@type\":\"PropertyValueSpecification\",\"valueRequired\":true,\"valueName\":\"search_term_string\"}}],\"inLanguage\":\"fr-FR\"}]}<\/script>\n<!-- \/ Yoast SEO plugin. -->","yoast_head_json":{"title":"Politique de confidentialit\u00e9 - Family H\u00f4tel Sorriso \u00e0 Lido di Classe","canonical":"https:\/\/www.hotelsorriso.net\/fr\/privacy-policy\/","og_locale":"fr_FR","og_type":"article","og_title":"Politique de confidentialit\u00e9 - Family H\u00f4tel Sorriso \u00e0 Lido di Classe","og_description":"Nature de la fourniture de donn\u00e9s Les donn\u00e9es personnelles demand\u00e9es sont collect\u00e9es par notre site et trait\u00e9es sur des supports informatiques, afin de r\u00e9pondre aux demandes de contact, d\u2019information. Administrateur du traitement HOTEL SORRISO S.N.C. DI CORALLO S.R.L. E C. P.IVA e Cod. Fiscale 01005930407 47521 Cesena (FC) Via Leopoldo Lucchi 135 Mail: info@hotelsorriso.net Responsables [&hellip;]","og_url":"https:\/\/www.hotelsorriso.net\/fr\/privacy-policy\/","og_site_name":"Hotel Sorriso","article_modified_time":"2026-03-25T09:27:30+00:00","twitter_card":"summary_large_image","twitter_misc":{"Dur\u00e9e de lecture estim\u00e9e":"9 minutes"},"schema":{"@context":"https:\/\/schema.org","@graph":[{"@type":"WebPage","@id":"https:\/\/www.hotelsorriso.net\/fr\/privacy-policy\/","url":"https:\/\/www.hotelsorriso.net\/fr\/privacy-policy\/","name":"Politique de confidentialit\u00e9 - Family H\u00f4tel Sorriso \u00e0 Lido di Classe","isPartOf":{"@id":"https:\/\/www.hotelsorriso.net\/fr\/#website"},"datePublished":"2026-01-26T12:26:02+00:00","dateModified":"2026-03-25T09:27:30+00:00","breadcrumb":{"@id":"https:\/\/www.hotelsorriso.net\/fr\/privacy-policy\/#breadcrumb"},"inLanguage":"fr-FR","potentialAction":[{"@type":"ReadAction","target":["https:\/\/www.hotelsorriso.net\/fr\/privacy-policy\/"]}]},{"@type":"BreadcrumbList","@id":"https:\/\/www.hotelsorriso.net\/fr\/privacy-policy\/#breadcrumb","itemListElement":[{"@type":"ListItem","position":1,"name":"Home","item":"https:\/\/www.hotelsorriso.net\/fr\/"},{"@type":"ListItem","position":2,"name":"Politique de confidentialit\u00e9"}]},{"@type":"WebSite","@id":"https:\/\/www.hotelsorriso.net\/fr\/#website","url":"https:\/\/www.hotelsorriso.net\/fr\/","name":"Hotel Sorriso","description":"","potentialAction":[{"@type":"SearchAction","target":{"@type":"EntryPoint","urlTemplate":"https:\/\/www.hotelsorriso.net\/fr\/?s={search_term_string}"},"query-input":{"@type":"PropertyValueSpecification","valueRequired":true,"valueName":"search_term_string"}}],"inLanguage":"fr-FR"}]}},"_links":{"self":[{"href":"https:\/\/www.hotelsorriso.net\/fr\/wp-json\/wp\/v2\/pages\/3673","targetHints":{"allow":["GET"]}}],"collection":[{"href":"https:\/\/www.hotelsorriso.net\/fr\/wp-json\/wp\/v2\/pages"}],"about":[{"href":"https:\/\/www.hotelsorriso.net\/fr\/wp-json\/wp\/v2\/types\/page"}],"author":[{"embeddable":true,"href":"https:\/\/www.hotelsorriso.net\/fr\/wp-json\/wp\/v2\/users\/1"}],"replies":[{"embeddable":true,"href":"https:\/\/www.hotelsorriso.net\/fr\/wp-json\/wp\/v2\/comments?post=3673"}],"version-history":[{"count":3,"href":"https:\/\/www.hotelsorriso.net\/fr\/wp-json\/wp\/v2\/pages\/3673\/revisions"}],"predecessor-version":[{"id":3721,"href":"https:\/\/www.hotelsorriso.net\/fr\/wp-json\/wp\/v2\/pages\/3673\/revisions\/3721"}],"wp:attachment":[{"href":"https:\/\/www.hotelsorriso.net\/fr\/wp-json\/wp\/v2\/media?parent=3673"}],"curies":[{"name":"wp","href":"https:\/\/api.w.org\/{rel}","templated":true}]}}