{"id":3663,"date":"2026-01-26T13:22:12","date_gmt":"2026-01-26T12:22:12","guid":{"rendered":"https:\/\/www.hotelsorriso.net\/emplacement\/"},"modified":"2026-03-24T11:17:16","modified_gmt":"2026-03-24T10:17:16","slug":"emplacement","status":"publish","type":"page","link":"https:\/\/www.hotelsorriso.net\/fr\/emplacement\/","title":{"rendered":"Emplacement"},"content":{"rendered":"\n<p>\u00ab\u00a0<b>L\u2019emplacement de l\u2019H\u00f4tel Sorriso<\/b> est magnifique\u00a0\u00bb, a d\u00e9clar\u00e9 une m\u00e8re avant de partir. Nous sommes dans le centre de <b>Lido di Classe<\/b>, un endroit <b>calme <\/b>avec des magasins, des parcs et des espaces verts. La mer est juste devant, \u00e0 <b>50 m\u00e8tres<\/b>\u00a0: vous devez seulement traverser la pin\u00e8de ombrag\u00e9e et plongez vos pieds dans le sable fin de la plage. <b>Mirabilandia<\/b> et <b>Milano Marittima<\/b> sont \u00e0 seulement 5 km et <b>Ravenne<\/b>, la capitale des mosa\u00efques, est \u00e0 seulement <b>15 km<\/b>.<\/p>\n","protected":false},"excerpt":{"rendered":"<p>\u00ab\u00a0L\u2019emplacement de l\u2019H\u00f4tel Sorriso est magnifique\u00a0\u00bb, a d\u00e9clar\u00e9 une m\u00e8re avant de partir. Nous sommes dans le centre de Lido di Classe, un endroit calme avec des magasins, des parcs et des espaces verts. La mer est juste devant, \u00e0 50 m\u00e8tres\u00a0: vous devez seulement traverser la pin\u00e8de ombrag\u00e9e et plongez vos pieds dans le [&hellip;]<\/p>\n","protected":false},"author":1,"featured_media":0,"parent":0,"menu_order":0,"comment_status":"closed","ping_status":"closed","template":"page-templates\/box_caroselli.php","meta":{"_acf_changed":false,"inline_featured_image":false,"footnotes":""},"class_list":["post-3663","page","type-page","status-publish","hentry"],"acf":[],"yoast_head":"<!-- This site is optimized with the Yoast SEO plugin v27.6 - https:\/\/yoast.com\/product\/yoast-seo-wordpress\/ -->\n<title>Emplacement - Family H\u00f4tel Sorriso \u00e0 Lido di Classe<\/title>\n<meta name=\"description\" content=\"Visitez l\u2019H\u00f4tel Sorriso dans le centre de Lido di Classe\u00a0: \u00e0 seulement 50 m de la mer et \u00e0 5 km de Mirabilandia et Milano Marittima!\" \/>\n<link rel=\"canonical\" href=\"https:\/\/www.hotelsorriso.net\/fr\/emplacement\/\" \/>\n<meta property=\"og:locale\" content=\"fr_FR\" \/>\n<meta property=\"og:type\" content=\"article\" \/>\n<meta property=\"og:title\" content=\"Emplacement - Family H\u00f4tel Sorriso \u00e0 Lido di Classe\" \/>\n<meta property=\"og:description\" content=\"Visitez l\u2019H\u00f4tel Sorriso dans le centre de Lido di Classe\u00a0: \u00e0 seulement 50 m de la mer et \u00e0 5 km de Mirabilandia et Milano Marittima!\" \/>\n<meta property=\"og:url\" content=\"https:\/\/www.hotelsorriso.net\/fr\/emplacement\/\" \/>\n<meta property=\"og:site_name\" content=\"Hotel Sorriso\" \/>\n<meta property=\"article:modified_time\" content=\"2026-03-24T10:17:16+00:00\" \/>\n<meta name=\"twitter:card\" content=\"summary_large_image\" \/>\n<meta name=\"twitter:label1\" content=\"Dur\u00e9e de lecture estim\u00e9e\" \/>\n\t<meta name=\"twitter:data1\" content=\"1 minute\" \/>\n<script type=\"application\/ld+json\" class=\"yoast-schema-graph\">{\"@context\":\"https:\\\/\\\/schema.org\",\"@graph\":[{\"@type\":\"WebPage\",\"@id\":\"https:\\\/\\\/www.hotelsorriso.net\\\/fr\\\/emplacement\\\/\",\"url\":\"https:\\\/\\\/www.hotelsorriso.net\\\/fr\\\/emplacement\\\/\",\"name\":\"Emplacement - Family H\u00f4tel Sorriso \u00e0 Lido di Classe\",\"isPartOf\":{\"@id\":\"https:\\\/\\\/www.hotelsorriso.net\\\/fr\\\/#website\"},\"datePublished\":\"2026-01-26T12:22:12+00:00\",\"dateModified\":\"2026-03-24T10:17:16+00:00\",\"description\":\"Visitez l\u2019H\u00f4tel Sorriso dans le centre de Lido di Classe\u00a0: \u00e0 seulement 50 m de la mer et \u00e0 5 km de Mirabilandia et Milano Marittima!\",\"breadcrumb\":{\"@id\":\"https:\\\/\\\/www.hotelsorriso.net\\\/fr\\\/emplacement\\\/#breadcrumb\"},\"inLanguage\":\"fr-FR\",\"potentialAction\":[{\"@type\":\"ReadAction\",\"target\":[\"https:\\\/\\\/www.hotelsorriso.net\\\/fr\\\/emplacement\\\/\"]}]},{\"@type\":\"BreadcrumbList\",\"@id\":\"https:\\\/\\\/www.hotelsorriso.net\\\/fr\\\/emplacement\\\/#breadcrumb\",\"itemListElement\":[{\"@type\":\"ListItem\",\"position\":1,\"name\":\"Home\",\"item\":\"https:\\\/\\\/www.hotelsorriso.net\\\/fr\\\/\"},{\"@type\":\"ListItem\",\"position\":2,\"name\":\"Emplacement\"}]},{\"@type\":\"WebSite\",\"@id\":\"https:\\\/\\\/www.hotelsorriso.net\\\/fr\\\/#website\",\"url\":\"https:\\\/\\\/www.hotelsorriso.net\\\/fr\\\/\",\"name\":\"Hotel Sorriso\",\"description\":\"\",\"potentialAction\":[{\"@type\":\"SearchAction\",\"target\":{\"@type\":\"EntryPoint\",\"urlTemplate\":\"https:\\\/\\\/www.hotelsorriso.net\\\/fr\\\/?s={search_term_string}\"},\"query-input\":{\"@type\":\"PropertyValueSpecification\",\"valueRequired\":true,\"valueName\":\"search_term_string\"}}],\"inLanguage\":\"fr-FR\"}]}<\/script>\n<!-- \/ Yoast SEO plugin. -->","yoast_head_json":{"title":"Emplacement - Family H\u00f4tel Sorriso \u00e0 Lido di Classe","description":"Visitez l\u2019H\u00f4tel Sorriso dans le centre de Lido di Classe\u00a0: \u00e0 seulement 50 m de la mer et \u00e0 5 km de Mirabilandia et Milano Marittima!","canonical":"https:\/\/www.hotelsorriso.net\/fr\/emplacement\/","og_locale":"fr_FR","og_type":"article","og_title":"Emplacement - Family H\u00f4tel Sorriso \u00e0 Lido di Classe","og_description":"Visitez l\u2019H\u00f4tel Sorriso dans le centre de Lido di Classe\u00a0: \u00e0 seulement 50 m de la mer et \u00e0 5 km de Mirabilandia et Milano Marittima!","og_url":"https:\/\/www.hotelsorriso.net\/fr\/emplacement\/","og_site_name":"Hotel Sorriso","article_modified_time":"2026-03-24T10:17:16+00:00","twitter_card":"summary_large_image","twitter_misc":{"Dur\u00e9e de lecture estim\u00e9e":"1 minute"},"schema":{"@context":"https:\/\/schema.org","@graph":[{"@type":"WebPage","@id":"https:\/\/www.hotelsorriso.net\/fr\/emplacement\/","url":"https:\/\/www.hotelsorriso.net\/fr\/emplacement\/","name":"Emplacement - Family H\u00f4tel Sorriso \u00e0 Lido di Classe","isPartOf":{"@id":"https:\/\/www.hotelsorriso.net\/fr\/#website"},"datePublished":"2026-01-26T12:22:12+00:00","dateModified":"2026-03-24T10:17:16+00:00","description":"Visitez l\u2019H\u00f4tel Sorriso dans le centre de Lido di Classe\u00a0: \u00e0 seulement 50 m de la mer et \u00e0 5 km de Mirabilandia et Milano Marittima!","breadcrumb":{"@id":"https:\/\/www.hotelsorriso.net\/fr\/emplacement\/#breadcrumb"},"inLanguage":"fr-FR","potentialAction":[{"@type":"ReadAction","target":["https:\/\/www.hotelsorriso.net\/fr\/emplacement\/"]}]},{"@type":"BreadcrumbList","@id":"https:\/\/www.hotelsorriso.net\/fr\/emplacement\/#breadcrumb","itemListElement":[{"@type":"ListItem","position":1,"name":"Home","item":"https:\/\/www.hotelsorriso.net\/fr\/"},{"@type":"ListItem","position":2,"name":"Emplacement"}]},{"@type":"WebSite","@id":"https:\/\/www.hotelsorriso.net\/fr\/#website","url":"https:\/\/www.hotelsorriso.net\/fr\/","name":"Hotel Sorriso","description":"","potentialAction":[{"@type":"SearchAction","target":{"@type":"EntryPoint","urlTemplate":"https:\/\/www.hotelsorriso.net\/fr\/?s={search_term_string}"},"query-input":{"@type":"PropertyValueSpecification","valueRequired":true,"valueName":"search_term_string"}}],"inLanguage":"fr-FR"}]}},"_links":{"self":[{"href":"https:\/\/www.hotelsorriso.net\/fr\/wp-json\/wp\/v2\/pages\/3663","targetHints":{"allow":["GET"]}}],"collection":[{"href":"https:\/\/www.hotelsorriso.net\/fr\/wp-json\/wp\/v2\/pages"}],"about":[{"href":"https:\/\/www.hotelsorriso.net\/fr\/wp-json\/wp\/v2\/types\/page"}],"author":[{"embeddable":true,"href":"https:\/\/www.hotelsorriso.net\/fr\/wp-json\/wp\/v2\/users\/1"}],"replies":[{"embeddable":true,"href":"https:\/\/www.hotelsorriso.net\/fr\/wp-json\/wp\/v2\/comments?post=3663"}],"version-history":[{"count":1,"href":"https:\/\/www.hotelsorriso.net\/fr\/wp-json\/wp\/v2\/pages\/3663\/revisions"}],"predecessor-version":[{"id":3664,"href":"https:\/\/www.hotelsorriso.net\/fr\/wp-json\/wp\/v2\/pages\/3663\/revisions\/3664"}],"wp:attachment":[{"href":"https:\/\/www.hotelsorriso.net\/fr\/wp-json\/wp\/v2\/media?parent=3663"}],"curies":[{"name":"wp","href":"https:\/\/api.w.org\/{rel}","templated":true}]}}