{"id":3656,"date":"2026-01-26T13:19:05","date_gmt":"2026-01-26T12:19:05","guid":{"rendered":"https:\/\/www.hotelsorriso.net\/cote-romagnole\/"},"modified":"2026-03-24T11:16:00","modified_gmt":"2026-03-24T10:16:00","slug":"cote-romagnole","status":"publish","type":"page","link":"https:\/\/www.hotelsorriso.net\/fr\/cote-romagnole\/","title":{"rendered":"C\u00f4te Romagnole"},"content":{"rendered":"\n<p><b>Lido di Classe<\/b>, un village tranquille, riche de jardins, parcs, avenues arbor\u00e9es, est depuis des ann\u00e9es <b>Drapeau Bleu<\/b> et <b>Drapeau Vert<\/b> <b>des P\u00e9diatres Italiens<\/b>, deux distinctions qui la certifient comme destination d\u2019excellence pour les <b>vacances en famille \u00e0 la mer<\/b>. Sans parler de la proximit\u00e9 avec <b>Mirabilandia<\/b>, <b>Ravenne<\/b>, <b>Cervia<\/b> et <b>Milano Marittima<\/b> avec sa vie nocturne\u00a0: voil\u00e0, <b>l\u2019H\u00f4tel Sorriso<\/b> est juste en premi\u00e8re ligne, tr\u00e8s proche des <b>principales attractions<\/b> de la Romagne, dans le c\u0153ur de <b>Lidos de Ravenne<\/b><\/p>\n","protected":false},"excerpt":{"rendered":"<p>Lido di Classe, un village tranquille, riche de jardins, parcs, avenues arbor\u00e9es, est depuis des ann\u00e9es Drapeau Bleu et Drapeau Vert des P\u00e9diatres Italiens, deux distinctions qui la certifient comme destination d\u2019excellence pour les vacances en famille \u00e0 la mer. Sans parler de la proximit\u00e9 avec Mirabilandia, Ravenne, Cervia et Milano Marittima avec sa vie [&hellip;]<\/p>\n","protected":false},"author":1,"featured_media":0,"parent":0,"menu_order":0,"comment_status":"closed","ping_status":"closed","template":"page-templates\/box_caroselli.php","meta":{"_acf_changed":false,"inline_featured_image":false,"footnotes":""},"class_list":["post-3656","page","type-page","status-publish","hentry"],"acf":[],"yoast_head":"<!-- This site is optimized with the Yoast SEO plugin v27.6 - https:\/\/yoast.com\/product\/yoast-seo-wordpress\/ -->\n<title>Quoi faire \u00e0 Lido di Classe et ses environs - Family H\u00f4tel Sorriso<\/title>\n<meta name=\"description\" content=\"Emmenez votre famille \u00e0 Lido di Classe\u00a0: un village tranquille pr\u00e8s de la mer, riche en jardins; une destination d\u2019excellence pour les vacances en famille!\" \/>\n<link rel=\"canonical\" href=\"https:\/\/www.hotelsorriso.net\/fr\/cote-romagnole\/\" \/>\n<meta property=\"og:locale\" content=\"fr_FR\" \/>\n<meta property=\"og:type\" content=\"article\" \/>\n<meta property=\"og:title\" content=\"Quoi faire \u00e0 Lido di Classe et ses environs - Family H\u00f4tel Sorriso\" \/>\n<meta property=\"og:description\" content=\"Emmenez votre famille \u00e0 Lido di Classe\u00a0: un village tranquille pr\u00e8s de la mer, riche en jardins; une destination d\u2019excellence pour les vacances en famille!\" \/>\n<meta property=\"og:url\" content=\"https:\/\/www.hotelsorriso.net\/fr\/cote-romagnole\/\" \/>\n<meta property=\"og:site_name\" content=\"Hotel Sorriso\" \/>\n<meta property=\"article:modified_time\" content=\"2026-03-24T10:16:00+00:00\" \/>\n<meta name=\"twitter:card\" content=\"summary_large_image\" \/>\n<meta name=\"twitter:label1\" content=\"Dur\u00e9e de lecture estim\u00e9e\" \/>\n\t<meta name=\"twitter:data1\" content=\"1 minute\" \/>\n<script type=\"application\/ld+json\" class=\"yoast-schema-graph\">{\"@context\":\"https:\\\/\\\/schema.org\",\"@graph\":[{\"@type\":\"WebPage\",\"@id\":\"https:\\\/\\\/www.hotelsorriso.net\\\/fr\\\/cote-romagnole\\\/\",\"url\":\"https:\\\/\\\/www.hotelsorriso.net\\\/fr\\\/cote-romagnole\\\/\",\"name\":\"Quoi faire \u00e0 Lido di Classe et ses environs - Family H\u00f4tel Sorriso\",\"isPartOf\":{\"@id\":\"https:\\\/\\\/www.hotelsorriso.net\\\/fr\\\/#website\"},\"datePublished\":\"2026-01-26T12:19:05+00:00\",\"dateModified\":\"2026-03-24T10:16:00+00:00\",\"description\":\"Emmenez votre famille \u00e0 Lido di Classe\u00a0: un village tranquille pr\u00e8s de la mer, riche en jardins; une destination d\u2019excellence pour les vacances en famille!\",\"breadcrumb\":{\"@id\":\"https:\\\/\\\/www.hotelsorriso.net\\\/fr\\\/cote-romagnole\\\/#breadcrumb\"},\"inLanguage\":\"fr-FR\",\"potentialAction\":[{\"@type\":\"ReadAction\",\"target\":[\"https:\\\/\\\/www.hotelsorriso.net\\\/fr\\\/cote-romagnole\\\/\"]}]},{\"@type\":\"BreadcrumbList\",\"@id\":\"https:\\\/\\\/www.hotelsorriso.net\\\/fr\\\/cote-romagnole\\\/#breadcrumb\",\"itemListElement\":[{\"@type\":\"ListItem\",\"position\":1,\"name\":\"Home\",\"item\":\"https:\\\/\\\/www.hotelsorriso.net\\\/fr\\\/\"},{\"@type\":\"ListItem\",\"position\":2,\"name\":\"C\u00f4te Romagnole\"}]},{\"@type\":\"WebSite\",\"@id\":\"https:\\\/\\\/www.hotelsorriso.net\\\/fr\\\/#website\",\"url\":\"https:\\\/\\\/www.hotelsorriso.net\\\/fr\\\/\",\"name\":\"Hotel Sorriso\",\"description\":\"\",\"potentialAction\":[{\"@type\":\"SearchAction\",\"target\":{\"@type\":\"EntryPoint\",\"urlTemplate\":\"https:\\\/\\\/www.hotelsorriso.net\\\/fr\\\/?s={search_term_string}\"},\"query-input\":{\"@type\":\"PropertyValueSpecification\",\"valueRequired\":true,\"valueName\":\"search_term_string\"}}],\"inLanguage\":\"fr-FR\"}]}<\/script>\n<!-- \/ Yoast SEO plugin. -->","yoast_head_json":{"title":"Quoi faire \u00e0 Lido di Classe et ses environs - Family H\u00f4tel Sorriso","description":"Emmenez votre famille \u00e0 Lido di Classe\u00a0: un village tranquille pr\u00e8s de la mer, riche en jardins; une destination d\u2019excellence pour les vacances en famille!","canonical":"https:\/\/www.hotelsorriso.net\/fr\/cote-romagnole\/","og_locale":"fr_FR","og_type":"article","og_title":"Quoi faire \u00e0 Lido di Classe et ses environs - Family H\u00f4tel Sorriso","og_description":"Emmenez votre famille \u00e0 Lido di Classe\u00a0: un village tranquille pr\u00e8s de la mer, riche en jardins; une destination d\u2019excellence pour les vacances en famille!","og_url":"https:\/\/www.hotelsorriso.net\/fr\/cote-romagnole\/","og_site_name":"Hotel Sorriso","article_modified_time":"2026-03-24T10:16:00+00:00","twitter_card":"summary_large_image","twitter_misc":{"Dur\u00e9e de lecture estim\u00e9e":"1 minute"},"schema":{"@context":"https:\/\/schema.org","@graph":[{"@type":"WebPage","@id":"https:\/\/www.hotelsorriso.net\/fr\/cote-romagnole\/","url":"https:\/\/www.hotelsorriso.net\/fr\/cote-romagnole\/","name":"Quoi faire \u00e0 Lido di Classe et ses environs - Family H\u00f4tel Sorriso","isPartOf":{"@id":"https:\/\/www.hotelsorriso.net\/fr\/#website"},"datePublished":"2026-01-26T12:19:05+00:00","dateModified":"2026-03-24T10:16:00+00:00","description":"Emmenez votre famille \u00e0 Lido di Classe\u00a0: un village tranquille pr\u00e8s de la mer, riche en jardins; une destination d\u2019excellence pour les vacances en famille!","breadcrumb":{"@id":"https:\/\/www.hotelsorriso.net\/fr\/cote-romagnole\/#breadcrumb"},"inLanguage":"fr-FR","potentialAction":[{"@type":"ReadAction","target":["https:\/\/www.hotelsorriso.net\/fr\/cote-romagnole\/"]}]},{"@type":"BreadcrumbList","@id":"https:\/\/www.hotelsorriso.net\/fr\/cote-romagnole\/#breadcrumb","itemListElement":[{"@type":"ListItem","position":1,"name":"Home","item":"https:\/\/www.hotelsorriso.net\/fr\/"},{"@type":"ListItem","position":2,"name":"C\u00f4te Romagnole"}]},{"@type":"WebSite","@id":"https:\/\/www.hotelsorriso.net\/fr\/#website","url":"https:\/\/www.hotelsorriso.net\/fr\/","name":"Hotel Sorriso","description":"","potentialAction":[{"@type":"SearchAction","target":{"@type":"EntryPoint","urlTemplate":"https:\/\/www.hotelsorriso.net\/fr\/?s={search_term_string}"},"query-input":{"@type":"PropertyValueSpecification","valueRequired":true,"valueName":"search_term_string"}}],"inLanguage":"fr-FR"}]}},"_links":{"self":[{"href":"https:\/\/www.hotelsorriso.net\/fr\/wp-json\/wp\/v2\/pages\/3656","targetHints":{"allow":["GET"]}}],"collection":[{"href":"https:\/\/www.hotelsorriso.net\/fr\/wp-json\/wp\/v2\/pages"}],"about":[{"href":"https:\/\/www.hotelsorriso.net\/fr\/wp-json\/wp\/v2\/types\/page"}],"author":[{"embeddable":true,"href":"https:\/\/www.hotelsorriso.net\/fr\/wp-json\/wp\/v2\/users\/1"}],"replies":[{"embeddable":true,"href":"https:\/\/www.hotelsorriso.net\/fr\/wp-json\/wp\/v2\/comments?post=3656"}],"version-history":[{"count":1,"href":"https:\/\/www.hotelsorriso.net\/fr\/wp-json\/wp\/v2\/pages\/3656\/revisions"}],"predecessor-version":[{"id":3657,"href":"https:\/\/www.hotelsorriso.net\/fr\/wp-json\/wp\/v2\/pages\/3656\/revisions\/3657"}],"wp:attachment":[{"href":"https:\/\/www.hotelsorriso.net\/fr\/wp-json\/wp\/v2\/media?parent=3656"}],"curies":[{"name":"wp","href":"https:\/\/api.w.org\/{rel}","templated":true}]}}