{"id":3654,"date":"2026-01-26T13:18:05","date_gmt":"2026-01-26T12:18:05","guid":{"rendered":"https:\/\/www.hotelsorriso.net\/parcs-de-loisir\/"},"modified":"2026-03-25T09:59:28","modified_gmt":"2026-03-25T08:59:28","slug":"parc-de-attractions","status":"publish","type":"page","link":"https:\/\/www.hotelsorriso.net\/fr\/parc-de-attractions\/","title":{"rendered":"Parcs de loisir"},"content":{"rendered":"\n<p>Depuis de <b>l\u2019H\u00f4tel Sorriso \u00e0 Lido di Classe<\/b>, vous pouvez visiter tous <b>les parcs d\u2019attractions les plus beaux de la C\u00f4te romagnole<\/b>. <b>Mirabilandia<\/b> et <b>Zoo Safari<\/b> \u00e0 proximit\u00e9, jusqu\u2019aux <b>parcs th\u00e9matiques de Rimini, Riccione<\/b> et <b>Cattolica<\/b>, chaque journ\u00e9e peut devenir une aventure inoubliable pour les enfants et leurs parents.<\/p>\n","protected":false},"excerpt":{"rendered":"<p>Depuis de l\u2019H\u00f4tel Sorriso \u00e0 Lido di Classe, vous pouvez visiter tous les parcs d\u2019attractions les plus beaux de la C\u00f4te romagnole. Mirabilandia et Zoo Safari \u00e0 proximit\u00e9, jusqu\u2019aux parcs th\u00e9matiques de Rimini, Riccione et Cattolica, chaque journ\u00e9e peut devenir une aventure inoubliable pour les enfants et leurs parents.<\/p>\n","protected":false},"author":1,"featured_media":0,"parent":0,"menu_order":0,"comment_status":"closed","ping_status":"closed","template":"page-templates\/box_caroselli.php","meta":{"_acf_changed":false,"inline_featured_image":false,"footnotes":""},"class_list":["post-3654","page","type-page","status-publish","hentry"],"acf":[],"yoast_head":"<!-- This site is optimized with the Yoast SEO plugin v27.3 - https:\/\/yoast.com\/product\/yoast-seo-wordpress\/ -->\n<title>Parcs de loisirs - Family H\u00f4tel Sorriso \u00e0 Lido di Classe<\/title>\n<meta name=\"description\" content=\"D\u00e9couvrez les meilleurs parcs d\u2019attractions de la Riviera romagnole, tous facilement accessibles depuis l\u2019H\u00f4tel Sorriso.\" \/>\n<link rel=\"canonical\" href=\"https:\/\/www.hotelsorriso.net\/fr\/parc-de-attractions\/\" \/>\n<meta property=\"og:locale\" content=\"fr_FR\" \/>\n<meta property=\"og:type\" content=\"article\" \/>\n<meta property=\"og:title\" content=\"Parcs de loisirs - Family H\u00f4tel Sorriso \u00e0 Lido di Classe\" \/>\n<meta property=\"og:description\" content=\"D\u00e9couvrez les meilleurs parcs d\u2019attractions de la Riviera romagnole, tous facilement accessibles depuis l\u2019H\u00f4tel Sorriso.\" \/>\n<meta property=\"og:url\" content=\"https:\/\/www.hotelsorriso.net\/fr\/parc-de-attractions\/\" \/>\n<meta property=\"og:site_name\" content=\"Hotel Sorriso\" \/>\n<meta property=\"article:modified_time\" content=\"2026-03-25T08:59:28+00:00\" \/>\n<meta name=\"twitter:card\" content=\"summary_large_image\" \/>\n<meta name=\"twitter:label1\" content=\"Dur\u00e9e de lecture estim\u00e9e\" \/>\n\t<meta name=\"twitter:data1\" content=\"1 minute\" \/>\n<script type=\"application\/ld+json\" class=\"yoast-schema-graph\">{\"@context\":\"https:\\\/\\\/schema.org\",\"@graph\":[{\"@type\":\"WebPage\",\"@id\":\"https:\\\/\\\/www.hotelsorriso.net\\\/fr\\\/parc-de-attractions\\\/\",\"url\":\"https:\\\/\\\/www.hotelsorriso.net\\\/fr\\\/parc-de-attractions\\\/\",\"name\":\"Parcs de loisirs - Family H\u00f4tel Sorriso \u00e0 Lido di Classe\",\"isPartOf\":{\"@id\":\"https:\\\/\\\/www.hotelsorriso.net\\\/fr\\\/#website\"},\"datePublished\":\"2026-01-26T12:18:05+00:00\",\"dateModified\":\"2026-03-25T08:59:28+00:00\",\"description\":\"D\u00e9couvrez les meilleurs parcs d\u2019attractions de la Riviera romagnole, tous facilement accessibles depuis l\u2019H\u00f4tel Sorriso.\",\"breadcrumb\":{\"@id\":\"https:\\\/\\\/www.hotelsorriso.net\\\/fr\\\/parc-de-attractions\\\/#breadcrumb\"},\"inLanguage\":\"fr-FR\",\"potentialAction\":[{\"@type\":\"ReadAction\",\"target\":[\"https:\\\/\\\/www.hotelsorriso.net\\\/fr\\\/parc-de-attractions\\\/\"]}]},{\"@type\":\"BreadcrumbList\",\"@id\":\"https:\\\/\\\/www.hotelsorriso.net\\\/fr\\\/parc-de-attractions\\\/#breadcrumb\",\"itemListElement\":[{\"@type\":\"ListItem\",\"position\":1,\"name\":\"Home\",\"item\":\"https:\\\/\\\/www.hotelsorriso.net\\\/fr\\\/\"},{\"@type\":\"ListItem\",\"position\":2,\"name\":\"Parcs de loisir\"}]},{\"@type\":\"WebSite\",\"@id\":\"https:\\\/\\\/www.hotelsorriso.net\\\/fr\\\/#website\",\"url\":\"https:\\\/\\\/www.hotelsorriso.net\\\/fr\\\/\",\"name\":\"Hotel Sorriso\",\"description\":\"\",\"potentialAction\":[{\"@type\":\"SearchAction\",\"target\":{\"@type\":\"EntryPoint\",\"urlTemplate\":\"https:\\\/\\\/www.hotelsorriso.net\\\/fr\\\/?s={search_term_string}\"},\"query-input\":{\"@type\":\"PropertyValueSpecification\",\"valueRequired\":true,\"valueName\":\"search_term_string\"}}],\"inLanguage\":\"fr-FR\"}]}<\/script>\n<!-- \/ Yoast SEO plugin. -->","yoast_head_json":{"title":"Parcs de loisirs - Family H\u00f4tel Sorriso \u00e0 Lido di Classe","description":"D\u00e9couvrez les meilleurs parcs d\u2019attractions de la Riviera romagnole, tous facilement accessibles depuis l\u2019H\u00f4tel Sorriso.","canonical":"https:\/\/www.hotelsorriso.net\/fr\/parc-de-attractions\/","og_locale":"fr_FR","og_type":"article","og_title":"Parcs de loisirs - Family H\u00f4tel Sorriso \u00e0 Lido di Classe","og_description":"D\u00e9couvrez les meilleurs parcs d\u2019attractions de la Riviera romagnole, tous facilement accessibles depuis l\u2019H\u00f4tel Sorriso.","og_url":"https:\/\/www.hotelsorriso.net\/fr\/parc-de-attractions\/","og_site_name":"Hotel Sorriso","article_modified_time":"2026-03-25T08:59:28+00:00","twitter_card":"summary_large_image","twitter_misc":{"Dur\u00e9e de lecture estim\u00e9e":"1 minute"},"schema":{"@context":"https:\/\/schema.org","@graph":[{"@type":"WebPage","@id":"https:\/\/www.hotelsorriso.net\/fr\/parc-de-attractions\/","url":"https:\/\/www.hotelsorriso.net\/fr\/parc-de-attractions\/","name":"Parcs de loisirs - Family H\u00f4tel Sorriso \u00e0 Lido di Classe","isPartOf":{"@id":"https:\/\/www.hotelsorriso.net\/fr\/#website"},"datePublished":"2026-01-26T12:18:05+00:00","dateModified":"2026-03-25T08:59:28+00:00","description":"D\u00e9couvrez les meilleurs parcs d\u2019attractions de la Riviera romagnole, tous facilement accessibles depuis l\u2019H\u00f4tel Sorriso.","breadcrumb":{"@id":"https:\/\/www.hotelsorriso.net\/fr\/parc-de-attractions\/#breadcrumb"},"inLanguage":"fr-FR","potentialAction":[{"@type":"ReadAction","target":["https:\/\/www.hotelsorriso.net\/fr\/parc-de-attractions\/"]}]},{"@type":"BreadcrumbList","@id":"https:\/\/www.hotelsorriso.net\/fr\/parc-de-attractions\/#breadcrumb","itemListElement":[{"@type":"ListItem","position":1,"name":"Home","item":"https:\/\/www.hotelsorriso.net\/fr\/"},{"@type":"ListItem","position":2,"name":"Parcs de loisir"}]},{"@type":"WebSite","@id":"https:\/\/www.hotelsorriso.net\/fr\/#website","url":"https:\/\/www.hotelsorriso.net\/fr\/","name":"Hotel Sorriso","description":"","potentialAction":[{"@type":"SearchAction","target":{"@type":"EntryPoint","urlTemplate":"https:\/\/www.hotelsorriso.net\/fr\/?s={search_term_string}"},"query-input":{"@type":"PropertyValueSpecification","valueRequired":true,"valueName":"search_term_string"}}],"inLanguage":"fr-FR"}]}},"_links":{"self":[{"href":"https:\/\/www.hotelsorriso.net\/fr\/wp-json\/wp\/v2\/pages\/3654","targetHints":{"allow":["GET"]}}],"collection":[{"href":"https:\/\/www.hotelsorriso.net\/fr\/wp-json\/wp\/v2\/pages"}],"about":[{"href":"https:\/\/www.hotelsorriso.net\/fr\/wp-json\/wp\/v2\/types\/page"}],"author":[{"embeddable":true,"href":"https:\/\/www.hotelsorriso.net\/fr\/wp-json\/wp\/v2\/users\/1"}],"replies":[{"embeddable":true,"href":"https:\/\/www.hotelsorriso.net\/fr\/wp-json\/wp\/v2\/comments?post=3654"}],"version-history":[{"count":1,"href":"https:\/\/www.hotelsorriso.net\/fr\/wp-json\/wp\/v2\/pages\/3654\/revisions"}],"predecessor-version":[{"id":3655,"href":"https:\/\/www.hotelsorriso.net\/fr\/wp-json\/wp\/v2\/pages\/3654\/revisions\/3655"}],"wp:attachment":[{"href":"https:\/\/www.hotelsorriso.net\/fr\/wp-json\/wp\/v2\/media?parent=3654"}],"curies":[{"name":"wp","href":"https:\/\/api.w.org\/{rel}","templated":true}]}}