{"id":3652,"date":"2026-01-26T13:17:39","date_gmt":"2026-01-26T12:17:39","guid":{"rendered":"https:\/\/www.hotelsorriso.net\/mirabilandia\/"},"modified":"2026-03-25T10:03:39","modified_gmt":"2026-03-25T09:03:39","slug":"hotel-mirabilandia","status":"publish","type":"page","link":"https:\/\/www.hotelsorriso.net\/fr\/hotel-mirabilandia\/","title":{"rendered":"Mirabilandia"},"content":{"rendered":"\n<p><b>Mirabilandia<\/b> est <b>le plus grand parc<\/b> d\u2019attraction  de la Romagne, et se trouve \u00e0 <b>Ravenne<\/b>, \u00e0 <b>5 km<\/b> <b>de Lido di Classe<\/b> et de <b>l\u2019H\u00f4tel Sorriso<\/b>, destination id\u00e9ale pour combiner mer et divertissement!<\/p>\n\n\n\n<p>Mirabilandia, un nom qui est devenu synonyme de divertissement et de grandeur, gr\u00e2ce aux <b>immenses espaces<\/b> <b>verts<\/b> et \u00e0 ses <b>attractions uniques<\/b>  pour toute la <b>famille<\/b>, des caract\u00e9ristiques qui attirent chaque jour des milliers de visiteurs!<\/p>\n","protected":false},"excerpt":{"rendered":"<p>Mirabilandia est le plus grand parc d\u2019attraction de la Romagne, et se trouve \u00e0 Ravenne, \u00e0 5 km de Lido di Classe et de l\u2019H\u00f4tel Sorriso, destination id\u00e9ale pour combiner mer et divertissement! Mirabilandia, un nom qui est devenu synonyme de divertissement et de grandeur, gr\u00e2ce aux immenses espaces verts et \u00e0 ses attractions uniques [&hellip;]<\/p>\n","protected":false},"author":1,"featured_media":0,"parent":0,"menu_order":0,"comment_status":"closed","ping_status":"closed","template":"page-templates\/box_caroselli.php","meta":{"_acf_changed":false,"inline_featured_image":false,"footnotes":""},"class_list":["post-3652","page","type-page","status-publish","hentry"],"acf":[],"yoast_head":"<!-- This site is optimized with the Yoast SEO plugin v27.3 - https:\/\/yoast.com\/product\/yoast-seo-wordpress\/ -->\n<title>Mirabilandia - Family H\u00f4tel Sorriso \u00e0 Lido di Classe<\/title>\n<meta name=\"description\" content=\"D\u00e9couvrez Mirabilandia, le parc d\u2019attractions le plus c\u00e9l\u00e8bre d\u2019Italie, \u00e0 5 km de l\u2019H\u00f4tel Sorriso. La destination id\u00e9ale pour combiner mer et divertissement!\" \/>\n<link rel=\"canonical\" href=\"https:\/\/www.hotelsorriso.net\/fr\/hotel-mirabilandia\/\" \/>\n<meta property=\"og:locale\" content=\"fr_FR\" \/>\n<meta property=\"og:type\" content=\"article\" \/>\n<meta property=\"og:title\" content=\"Mirabilandia - Family H\u00f4tel Sorriso \u00e0 Lido di Classe\" \/>\n<meta property=\"og:description\" content=\"D\u00e9couvrez Mirabilandia, le parc d\u2019attractions le plus c\u00e9l\u00e8bre d\u2019Italie, \u00e0 5 km de l\u2019H\u00f4tel Sorriso. La destination id\u00e9ale pour combiner mer et divertissement!\" \/>\n<meta property=\"og:url\" content=\"https:\/\/www.hotelsorriso.net\/fr\/hotel-mirabilandia\/\" \/>\n<meta property=\"og:site_name\" content=\"Hotel Sorriso\" \/>\n<meta property=\"article:modified_time\" content=\"2026-03-25T09:03:39+00:00\" \/>\n<meta name=\"twitter:card\" content=\"summary_large_image\" \/>\n<meta name=\"twitter:label1\" content=\"Dur\u00e9e de lecture estim\u00e9e\" \/>\n\t<meta name=\"twitter:data1\" content=\"1 minute\" \/>\n<script type=\"application\/ld+json\" class=\"yoast-schema-graph\">{\"@context\":\"https:\\\/\\\/schema.org\",\"@graph\":[{\"@type\":\"WebPage\",\"@id\":\"https:\\\/\\\/www.hotelsorriso.net\\\/fr\\\/hotel-mirabilandia\\\/\",\"url\":\"https:\\\/\\\/www.hotelsorriso.net\\\/fr\\\/hotel-mirabilandia\\\/\",\"name\":\"Mirabilandia - Family H\u00f4tel Sorriso \u00e0 Lido di Classe\",\"isPartOf\":{\"@id\":\"https:\\\/\\\/www.hotelsorriso.net\\\/fr\\\/#website\"},\"datePublished\":\"2026-01-26T12:17:39+00:00\",\"dateModified\":\"2026-03-25T09:03:39+00:00\",\"description\":\"D\u00e9couvrez Mirabilandia, le parc d\u2019attractions le plus c\u00e9l\u00e8bre d\u2019Italie, \u00e0 5 km de l\u2019H\u00f4tel Sorriso. La destination id\u00e9ale pour combiner mer et divertissement!\",\"breadcrumb\":{\"@id\":\"https:\\\/\\\/www.hotelsorriso.net\\\/fr\\\/hotel-mirabilandia\\\/#breadcrumb\"},\"inLanguage\":\"fr-FR\",\"potentialAction\":[{\"@type\":\"ReadAction\",\"target\":[\"https:\\\/\\\/www.hotelsorriso.net\\\/fr\\\/hotel-mirabilandia\\\/\"]}]},{\"@type\":\"BreadcrumbList\",\"@id\":\"https:\\\/\\\/www.hotelsorriso.net\\\/fr\\\/hotel-mirabilandia\\\/#breadcrumb\",\"itemListElement\":[{\"@type\":\"ListItem\",\"position\":1,\"name\":\"Home\",\"item\":\"https:\\\/\\\/www.hotelsorriso.net\\\/fr\\\/\"},{\"@type\":\"ListItem\",\"position\":2,\"name\":\"Mirabilandia\"}]},{\"@type\":\"WebSite\",\"@id\":\"https:\\\/\\\/www.hotelsorriso.net\\\/fr\\\/#website\",\"url\":\"https:\\\/\\\/www.hotelsorriso.net\\\/fr\\\/\",\"name\":\"Hotel Sorriso\",\"description\":\"\",\"potentialAction\":[{\"@type\":\"SearchAction\",\"target\":{\"@type\":\"EntryPoint\",\"urlTemplate\":\"https:\\\/\\\/www.hotelsorriso.net\\\/fr\\\/?s={search_term_string}\"},\"query-input\":{\"@type\":\"PropertyValueSpecification\",\"valueRequired\":true,\"valueName\":\"search_term_string\"}}],\"inLanguage\":\"fr-FR\"}]}<\/script>\n<!-- \/ Yoast SEO plugin. -->","yoast_head_json":{"title":"Mirabilandia - Family H\u00f4tel Sorriso \u00e0 Lido di Classe","description":"D\u00e9couvrez Mirabilandia, le parc d\u2019attractions le plus c\u00e9l\u00e8bre d\u2019Italie, \u00e0 5 km de l\u2019H\u00f4tel Sorriso. La destination id\u00e9ale pour combiner mer et divertissement!","canonical":"https:\/\/www.hotelsorriso.net\/fr\/hotel-mirabilandia\/","og_locale":"fr_FR","og_type":"article","og_title":"Mirabilandia - Family H\u00f4tel Sorriso \u00e0 Lido di Classe","og_description":"D\u00e9couvrez Mirabilandia, le parc d\u2019attractions le plus c\u00e9l\u00e8bre d\u2019Italie, \u00e0 5 km de l\u2019H\u00f4tel Sorriso. La destination id\u00e9ale pour combiner mer et divertissement!","og_url":"https:\/\/www.hotelsorriso.net\/fr\/hotel-mirabilandia\/","og_site_name":"Hotel Sorriso","article_modified_time":"2026-03-25T09:03:39+00:00","twitter_card":"summary_large_image","twitter_misc":{"Dur\u00e9e de lecture estim\u00e9e":"1 minute"},"schema":{"@context":"https:\/\/schema.org","@graph":[{"@type":"WebPage","@id":"https:\/\/www.hotelsorriso.net\/fr\/hotel-mirabilandia\/","url":"https:\/\/www.hotelsorriso.net\/fr\/hotel-mirabilandia\/","name":"Mirabilandia - Family H\u00f4tel Sorriso \u00e0 Lido di Classe","isPartOf":{"@id":"https:\/\/www.hotelsorriso.net\/fr\/#website"},"datePublished":"2026-01-26T12:17:39+00:00","dateModified":"2026-03-25T09:03:39+00:00","description":"D\u00e9couvrez Mirabilandia, le parc d\u2019attractions le plus c\u00e9l\u00e8bre d\u2019Italie, \u00e0 5 km de l\u2019H\u00f4tel Sorriso. La destination id\u00e9ale pour combiner mer et divertissement!","breadcrumb":{"@id":"https:\/\/www.hotelsorriso.net\/fr\/hotel-mirabilandia\/#breadcrumb"},"inLanguage":"fr-FR","potentialAction":[{"@type":"ReadAction","target":["https:\/\/www.hotelsorriso.net\/fr\/hotel-mirabilandia\/"]}]},{"@type":"BreadcrumbList","@id":"https:\/\/www.hotelsorriso.net\/fr\/hotel-mirabilandia\/#breadcrumb","itemListElement":[{"@type":"ListItem","position":1,"name":"Home","item":"https:\/\/www.hotelsorriso.net\/fr\/"},{"@type":"ListItem","position":2,"name":"Mirabilandia"}]},{"@type":"WebSite","@id":"https:\/\/www.hotelsorriso.net\/fr\/#website","url":"https:\/\/www.hotelsorriso.net\/fr\/","name":"Hotel Sorriso","description":"","potentialAction":[{"@type":"SearchAction","target":{"@type":"EntryPoint","urlTemplate":"https:\/\/www.hotelsorriso.net\/fr\/?s={search_term_string}"},"query-input":{"@type":"PropertyValueSpecification","valueRequired":true,"valueName":"search_term_string"}}],"inLanguage":"fr-FR"}]}},"_links":{"self":[{"href":"https:\/\/www.hotelsorriso.net\/fr\/wp-json\/wp\/v2\/pages\/3652","targetHints":{"allow":["GET"]}}],"collection":[{"href":"https:\/\/www.hotelsorriso.net\/fr\/wp-json\/wp\/v2\/pages"}],"about":[{"href":"https:\/\/www.hotelsorriso.net\/fr\/wp-json\/wp\/v2\/types\/page"}],"author":[{"embeddable":true,"href":"https:\/\/www.hotelsorriso.net\/fr\/wp-json\/wp\/v2\/users\/1"}],"replies":[{"embeddable":true,"href":"https:\/\/www.hotelsorriso.net\/fr\/wp-json\/wp\/v2\/comments?post=3652"}],"version-history":[{"count":1,"href":"https:\/\/www.hotelsorriso.net\/fr\/wp-json\/wp\/v2\/pages\/3652\/revisions"}],"predecessor-version":[{"id":3653,"href":"https:\/\/www.hotelsorriso.net\/fr\/wp-json\/wp\/v2\/pages\/3652\/revisions\/3653"}],"wp:attachment":[{"href":"https:\/\/www.hotelsorriso.net\/fr\/wp-json\/wp\/v2\/media?parent=3652"}],"curies":[{"name":"wp","href":"https:\/\/api.w.org\/{rel}","templated":true}]}}