{"id":3650,"date":"2026-01-26T13:17:12","date_gmt":"2026-01-26T12:17:12","guid":{"rendered":"https:\/\/www.hotelsorriso.net\/hotel-et-services\/"},"modified":"2026-03-25T09:52:56","modified_gmt":"2026-03-25T08:52:56","slug":"services","status":"publish","type":"page","link":"https:\/\/www.hotelsorriso.net\/fr\/services\/","title":{"rendered":"H\u00f4tel et Services"},"content":{"rendered":"\n<p>Position <b>centrale<\/b> \u00e0 <b>Lido di Classe<\/b> et \u00e0 <b>5 km<\/b> de <b>Mirabilandia<\/b>; possibilit\u00e9 d\u2019arriver <b>\u00e0 la plage \u00e0 pied<\/b>, de faire des promenades ou de faire du v\u00e9lo dans la pin\u00e8de; <b>piscine chauff\u00e9e<\/b> panoramique; \u00e2me familiale&#8230; quand vous dites <b>H\u00f4tel Sorriso<\/b>, vous parlez vraiment de vacances. Celles qui sont belles et relaxantes, <b>faites sur mesure<\/b>, avec des <b>services haut de gamme<\/b> et une <b>v\u00e9ritable formule Tout Compris<\/b>, certifi\u00e9e \u00e9galement par la pr\u00e9sence dans les portails sp\u00e9cialis\u00e9s comme All Inclusive Hotels. Ma parole de m\u00e8re\u00a0!<\/p>\n","protected":false},"excerpt":{"rendered":"<p>Position centrale \u00e0 Lido di Classe et \u00e0 5 km de Mirabilandia; possibilit\u00e9 d\u2019arriver \u00e0 la plage \u00e0 pied, de faire des promenades ou de faire du v\u00e9lo dans la pin\u00e8de; piscine chauff\u00e9e panoramique; \u00e2me familiale&#8230; quand vous dites H\u00f4tel Sorriso, vous parlez vraiment de vacances. Celles qui sont belles et relaxantes, faites sur mesure, [&hellip;]<\/p>\n","protected":false},"author":1,"featured_media":0,"parent":0,"menu_order":0,"comment_status":"closed","ping_status":"closed","template":"page-templates\/servizi.php","meta":{"_acf_changed":false,"inline_featured_image":false,"footnotes":""},"class_list":["post-3650","page","type-page","status-publish","hentry"],"acf":[],"yoast_head":"<!-- This site is optimized with the Yoast SEO plugin v27.3 - https:\/\/yoast.com\/product\/yoast-seo-wordpress\/ -->\n<title>H\u00f4tel et Services - Family H\u00f4tel Sorriso \u00e0 Lido di Classe<\/title>\n<meta name=\"description\" content=\"D\u00e9couvrez tous les services offerts par l\u2019H\u00f4tel Sorriso avec sa formule Tout Compris\u00a0: \u00e0 vos vacances en famille ne manquera vraiment rien!\" \/>\n<link rel=\"canonical\" href=\"https:\/\/www.hotelsorriso.net\/fr\/services\/\" \/>\n<meta property=\"og:locale\" content=\"fr_FR\" \/>\n<meta property=\"og:type\" content=\"article\" \/>\n<meta property=\"og:title\" content=\"H\u00f4tel et Services - Family H\u00f4tel Sorriso \u00e0 Lido di Classe\" \/>\n<meta property=\"og:description\" content=\"D\u00e9couvrez tous les services offerts par l\u2019H\u00f4tel Sorriso avec sa formule Tout Compris\u00a0: \u00e0 vos vacances en famille ne manquera vraiment rien!\" \/>\n<meta property=\"og:url\" content=\"https:\/\/www.hotelsorriso.net\/fr\/services\/\" \/>\n<meta property=\"og:site_name\" content=\"Hotel Sorriso\" \/>\n<meta property=\"article:modified_time\" content=\"2026-03-25T08:52:56+00:00\" \/>\n<meta name=\"twitter:card\" content=\"summary_large_image\" \/>\n<meta name=\"twitter:label1\" content=\"Dur\u00e9e de lecture estim\u00e9e\" \/>\n\t<meta name=\"twitter:data1\" content=\"1 minute\" \/>\n<script type=\"application\/ld+json\" class=\"yoast-schema-graph\">{\"@context\":\"https:\\\/\\\/schema.org\",\"@graph\":[{\"@type\":\"WebPage\",\"@id\":\"https:\\\/\\\/www.hotelsorriso.net\\\/fr\\\/services\\\/\",\"url\":\"https:\\\/\\\/www.hotelsorriso.net\\\/fr\\\/services\\\/\",\"name\":\"H\u00f4tel et Services - Family H\u00f4tel Sorriso \u00e0 Lido di Classe\",\"isPartOf\":{\"@id\":\"https:\\\/\\\/www.hotelsorriso.net\\\/fr\\\/#website\"},\"datePublished\":\"2026-01-26T12:17:12+00:00\",\"dateModified\":\"2026-03-25T08:52:56+00:00\",\"description\":\"D\u00e9couvrez tous les services offerts par l\u2019H\u00f4tel Sorriso avec sa formule Tout Compris\u00a0: \u00e0 vos vacances en famille ne manquera vraiment rien!\",\"breadcrumb\":{\"@id\":\"https:\\\/\\\/www.hotelsorriso.net\\\/fr\\\/services\\\/#breadcrumb\"},\"inLanguage\":\"fr-FR\",\"potentialAction\":[{\"@type\":\"ReadAction\",\"target\":[\"https:\\\/\\\/www.hotelsorriso.net\\\/fr\\\/services\\\/\"]}]},{\"@type\":\"BreadcrumbList\",\"@id\":\"https:\\\/\\\/www.hotelsorriso.net\\\/fr\\\/services\\\/#breadcrumb\",\"itemListElement\":[{\"@type\":\"ListItem\",\"position\":1,\"name\":\"Home\",\"item\":\"https:\\\/\\\/www.hotelsorriso.net\\\/fr\\\/\"},{\"@type\":\"ListItem\",\"position\":2,\"name\":\"H\u00f4tel et Services\"}]},{\"@type\":\"WebSite\",\"@id\":\"https:\\\/\\\/www.hotelsorriso.net\\\/fr\\\/#website\",\"url\":\"https:\\\/\\\/www.hotelsorriso.net\\\/fr\\\/\",\"name\":\"Hotel Sorriso\",\"description\":\"\",\"potentialAction\":[{\"@type\":\"SearchAction\",\"target\":{\"@type\":\"EntryPoint\",\"urlTemplate\":\"https:\\\/\\\/www.hotelsorriso.net\\\/fr\\\/?s={search_term_string}\"},\"query-input\":{\"@type\":\"PropertyValueSpecification\",\"valueRequired\":true,\"valueName\":\"search_term_string\"}}],\"inLanguage\":\"fr-FR\"}]}<\/script>\n<!-- \/ Yoast SEO plugin. -->","yoast_head_json":{"title":"H\u00f4tel et Services - Family H\u00f4tel Sorriso \u00e0 Lido di Classe","description":"D\u00e9couvrez tous les services offerts par l\u2019H\u00f4tel Sorriso avec sa formule Tout Compris\u00a0: \u00e0 vos vacances en famille ne manquera vraiment rien!","canonical":"https:\/\/www.hotelsorriso.net\/fr\/services\/","og_locale":"fr_FR","og_type":"article","og_title":"H\u00f4tel et Services - Family H\u00f4tel Sorriso \u00e0 Lido di Classe","og_description":"D\u00e9couvrez tous les services offerts par l\u2019H\u00f4tel Sorriso avec sa formule Tout Compris\u00a0: \u00e0 vos vacances en famille ne manquera vraiment rien!","og_url":"https:\/\/www.hotelsorriso.net\/fr\/services\/","og_site_name":"Hotel Sorriso","article_modified_time":"2026-03-25T08:52:56+00:00","twitter_card":"summary_large_image","twitter_misc":{"Dur\u00e9e de lecture estim\u00e9e":"1 minute"},"schema":{"@context":"https:\/\/schema.org","@graph":[{"@type":"WebPage","@id":"https:\/\/www.hotelsorriso.net\/fr\/services\/","url":"https:\/\/www.hotelsorriso.net\/fr\/services\/","name":"H\u00f4tel et Services - Family H\u00f4tel Sorriso \u00e0 Lido di Classe","isPartOf":{"@id":"https:\/\/www.hotelsorriso.net\/fr\/#website"},"datePublished":"2026-01-26T12:17:12+00:00","dateModified":"2026-03-25T08:52:56+00:00","description":"D\u00e9couvrez tous les services offerts par l\u2019H\u00f4tel Sorriso avec sa formule Tout Compris\u00a0: \u00e0 vos vacances en famille ne manquera vraiment rien!","breadcrumb":{"@id":"https:\/\/www.hotelsorriso.net\/fr\/services\/#breadcrumb"},"inLanguage":"fr-FR","potentialAction":[{"@type":"ReadAction","target":["https:\/\/www.hotelsorriso.net\/fr\/services\/"]}]},{"@type":"BreadcrumbList","@id":"https:\/\/www.hotelsorriso.net\/fr\/services\/#breadcrumb","itemListElement":[{"@type":"ListItem","position":1,"name":"Home","item":"https:\/\/www.hotelsorriso.net\/fr\/"},{"@type":"ListItem","position":2,"name":"H\u00f4tel et Services"}]},{"@type":"WebSite","@id":"https:\/\/www.hotelsorriso.net\/fr\/#website","url":"https:\/\/www.hotelsorriso.net\/fr\/","name":"Hotel Sorriso","description":"","potentialAction":[{"@type":"SearchAction","target":{"@type":"EntryPoint","urlTemplate":"https:\/\/www.hotelsorriso.net\/fr\/?s={search_term_string}"},"query-input":{"@type":"PropertyValueSpecification","valueRequired":true,"valueName":"search_term_string"}}],"inLanguage":"fr-FR"}]}},"_links":{"self":[{"href":"https:\/\/www.hotelsorriso.net\/fr\/wp-json\/wp\/v2\/pages\/3650","targetHints":{"allow":["GET"]}}],"collection":[{"href":"https:\/\/www.hotelsorriso.net\/fr\/wp-json\/wp\/v2\/pages"}],"about":[{"href":"https:\/\/www.hotelsorriso.net\/fr\/wp-json\/wp\/v2\/types\/page"}],"author":[{"embeddable":true,"href":"https:\/\/www.hotelsorriso.net\/fr\/wp-json\/wp\/v2\/users\/1"}],"replies":[{"embeddable":true,"href":"https:\/\/www.hotelsorriso.net\/fr\/wp-json\/wp\/v2\/comments?post=3650"}],"version-history":[{"count":1,"href":"https:\/\/www.hotelsorriso.net\/fr\/wp-json\/wp\/v2\/pages\/3650\/revisions"}],"predecessor-version":[{"id":3651,"href":"https:\/\/www.hotelsorriso.net\/fr\/wp-json\/wp\/v2\/pages\/3650\/revisions\/3651"}],"wp:attachment":[{"href":"https:\/\/www.hotelsorriso.net\/fr\/wp-json\/wp\/v2\/media?parent=3650"}],"curies":[{"name":"wp","href":"https:\/\/api.w.org\/{rel}","templated":true}]}}