{"id":3646,"date":"2026-01-26T13:15:41","date_gmt":"2026-01-26T12:15:41","guid":{"rendered":"https:\/\/www.hotelsorriso.net\/piscine-panoramique\/"},"modified":"2026-03-24T11:19:45","modified_gmt":"2026-03-24T10:19:45","slug":"piscine-panoramique","status":"publish","type":"page","link":"https:\/\/www.hotelsorriso.net\/fr\/piscine-panoramique\/","title":{"rendered":"Piscine panoramique"},"content":{"rendered":"\n<p>La <b>piscine<\/b> sur la terrasse du dernier \u00e9tage <b>de<\/b> <b>l\u2019H\u00f4tel Sorriso<\/b> est un petit luxe quotidien\u00a0: <b>panoramique, chauff\u00e9e <\/b>et <b>toujours surveill\u00e9e<\/b>. Un endroit que j\u2019ai pens\u00e9 pour divertir les enfants en toute s\u00e9curit\u00e9 et offrir aux parents de vrais moments de d\u00e9tente, avec une vue surprenante sur la mer et sur Mirabilandia, le parc d\u2019attractions le plus c\u00e9l\u00e8bre d\u2019Italie \u00e0 <b>seulement 5 km d\u2019ici<\/b>.<\/p>\n","protected":false},"excerpt":{"rendered":"<p>La piscine sur la terrasse du dernier \u00e9tage de l\u2019H\u00f4tel Sorriso est un petit luxe quotidien\u00a0: panoramique, chauff\u00e9e et toujours surveill\u00e9e. Un endroit que j\u2019ai pens\u00e9 pour divertir les enfants en toute s\u00e9curit\u00e9 et offrir aux parents de vrais moments de d\u00e9tente, avec une vue surprenante sur la mer et sur Mirabilandia, le parc d\u2019attractions [&hellip;]<\/p>\n","protected":false},"author":1,"featured_media":0,"parent":0,"menu_order":0,"comment_status":"closed","ping_status":"closed","template":"page-templates\/box_caroselli.php","meta":{"_acf_changed":false,"inline_featured_image":false,"footnotes":""},"class_list":["post-3646","page","type-page","status-publish","hentry"],"acf":[],"yoast_head":"<!-- This site is optimized with the Yoast SEO plugin v27.6 - https:\/\/yoast.com\/product\/yoast-seo-wordpress\/ -->\n<title>Piscine panoramique - Family H\u00f4tel Sorriso \u00e0 Lido di Classe<\/title>\n<meta name=\"description\" content=\"D\u00e9couvrez la piscine de l\u2019H\u00f4tel Sorriso\u00a0: un lieu pens\u00e9 pour amuser les enfants en toute s\u00e9curit\u00e9 et offrir aux parents des moments de d\u00e9tente.\" \/>\n<link rel=\"canonical\" href=\"https:\/\/www.hotelsorriso.net\/fr\/piscine-panoramique\/\" \/>\n<meta property=\"og:locale\" content=\"fr_FR\" \/>\n<meta property=\"og:type\" content=\"article\" \/>\n<meta property=\"og:title\" content=\"Piscine panoramique - Family H\u00f4tel Sorriso \u00e0 Lido di Classe\" \/>\n<meta property=\"og:description\" content=\"D\u00e9couvrez la piscine de l\u2019H\u00f4tel Sorriso\u00a0: un lieu pens\u00e9 pour amuser les enfants en toute s\u00e9curit\u00e9 et offrir aux parents des moments de d\u00e9tente.\" \/>\n<meta property=\"og:url\" content=\"https:\/\/www.hotelsorriso.net\/fr\/piscine-panoramique\/\" \/>\n<meta property=\"og:site_name\" content=\"Hotel Sorriso\" \/>\n<meta property=\"article:modified_time\" content=\"2026-03-24T10:19:45+00:00\" \/>\n<meta name=\"twitter:card\" content=\"summary_large_image\" \/>\n<meta name=\"twitter:label1\" content=\"Dur\u00e9e de lecture estim\u00e9e\" \/>\n\t<meta name=\"twitter:data1\" content=\"1 minute\" \/>\n<script type=\"application\/ld+json\" class=\"yoast-schema-graph\">{\"@context\":\"https:\\\/\\\/schema.org\",\"@graph\":[{\"@type\":\"WebPage\",\"@id\":\"https:\\\/\\\/www.hotelsorriso.net\\\/fr\\\/piscine-panoramique\\\/\",\"url\":\"https:\\\/\\\/www.hotelsorriso.net\\\/fr\\\/piscine-panoramique\\\/\",\"name\":\"Piscine panoramique - Family H\u00f4tel Sorriso \u00e0 Lido di Classe\",\"isPartOf\":{\"@id\":\"https:\\\/\\\/www.hotelsorriso.net\\\/fr\\\/#website\"},\"datePublished\":\"2026-01-26T12:15:41+00:00\",\"dateModified\":\"2026-03-24T10:19:45+00:00\",\"description\":\"D\u00e9couvrez la piscine de l\u2019H\u00f4tel Sorriso\u00a0: un lieu pens\u00e9 pour amuser les enfants en toute s\u00e9curit\u00e9 et offrir aux parents des moments de d\u00e9tente.\",\"breadcrumb\":{\"@id\":\"https:\\\/\\\/www.hotelsorriso.net\\\/fr\\\/piscine-panoramique\\\/#breadcrumb\"},\"inLanguage\":\"fr-FR\",\"potentialAction\":[{\"@type\":\"ReadAction\",\"target\":[\"https:\\\/\\\/www.hotelsorriso.net\\\/fr\\\/piscine-panoramique\\\/\"]}]},{\"@type\":\"BreadcrumbList\",\"@id\":\"https:\\\/\\\/www.hotelsorriso.net\\\/fr\\\/piscine-panoramique\\\/#breadcrumb\",\"itemListElement\":[{\"@type\":\"ListItem\",\"position\":1,\"name\":\"Home\",\"item\":\"https:\\\/\\\/www.hotelsorriso.net\\\/fr\\\/\"},{\"@type\":\"ListItem\",\"position\":2,\"name\":\"Piscine panoramique\"}]},{\"@type\":\"WebSite\",\"@id\":\"https:\\\/\\\/www.hotelsorriso.net\\\/fr\\\/#website\",\"url\":\"https:\\\/\\\/www.hotelsorriso.net\\\/fr\\\/\",\"name\":\"Hotel Sorriso\",\"description\":\"\",\"potentialAction\":[{\"@type\":\"SearchAction\",\"target\":{\"@type\":\"EntryPoint\",\"urlTemplate\":\"https:\\\/\\\/www.hotelsorriso.net\\\/fr\\\/?s={search_term_string}\"},\"query-input\":{\"@type\":\"PropertyValueSpecification\",\"valueRequired\":true,\"valueName\":\"search_term_string\"}}],\"inLanguage\":\"fr-FR\"}]}<\/script>\n<!-- \/ Yoast SEO plugin. -->","yoast_head_json":{"title":"Piscine panoramique - Family H\u00f4tel Sorriso \u00e0 Lido di Classe","description":"D\u00e9couvrez la piscine de l\u2019H\u00f4tel Sorriso\u00a0: un lieu pens\u00e9 pour amuser les enfants en toute s\u00e9curit\u00e9 et offrir aux parents des moments de d\u00e9tente.","canonical":"https:\/\/www.hotelsorriso.net\/fr\/piscine-panoramique\/","og_locale":"fr_FR","og_type":"article","og_title":"Piscine panoramique - Family H\u00f4tel Sorriso \u00e0 Lido di Classe","og_description":"D\u00e9couvrez la piscine de l\u2019H\u00f4tel Sorriso\u00a0: un lieu pens\u00e9 pour amuser les enfants en toute s\u00e9curit\u00e9 et offrir aux parents des moments de d\u00e9tente.","og_url":"https:\/\/www.hotelsorriso.net\/fr\/piscine-panoramique\/","og_site_name":"Hotel Sorriso","article_modified_time":"2026-03-24T10:19:45+00:00","twitter_card":"summary_large_image","twitter_misc":{"Dur\u00e9e de lecture estim\u00e9e":"1 minute"},"schema":{"@context":"https:\/\/schema.org","@graph":[{"@type":"WebPage","@id":"https:\/\/www.hotelsorriso.net\/fr\/piscine-panoramique\/","url":"https:\/\/www.hotelsorriso.net\/fr\/piscine-panoramique\/","name":"Piscine panoramique - Family H\u00f4tel Sorriso \u00e0 Lido di Classe","isPartOf":{"@id":"https:\/\/www.hotelsorriso.net\/fr\/#website"},"datePublished":"2026-01-26T12:15:41+00:00","dateModified":"2026-03-24T10:19:45+00:00","description":"D\u00e9couvrez la piscine de l\u2019H\u00f4tel Sorriso\u00a0: un lieu pens\u00e9 pour amuser les enfants en toute s\u00e9curit\u00e9 et offrir aux parents des moments de d\u00e9tente.","breadcrumb":{"@id":"https:\/\/www.hotelsorriso.net\/fr\/piscine-panoramique\/#breadcrumb"},"inLanguage":"fr-FR","potentialAction":[{"@type":"ReadAction","target":["https:\/\/www.hotelsorriso.net\/fr\/piscine-panoramique\/"]}]},{"@type":"BreadcrumbList","@id":"https:\/\/www.hotelsorriso.net\/fr\/piscine-panoramique\/#breadcrumb","itemListElement":[{"@type":"ListItem","position":1,"name":"Home","item":"https:\/\/www.hotelsorriso.net\/fr\/"},{"@type":"ListItem","position":2,"name":"Piscine panoramique"}]},{"@type":"WebSite","@id":"https:\/\/www.hotelsorriso.net\/fr\/#website","url":"https:\/\/www.hotelsorriso.net\/fr\/","name":"Hotel Sorriso","description":"","potentialAction":[{"@type":"SearchAction","target":{"@type":"EntryPoint","urlTemplate":"https:\/\/www.hotelsorriso.net\/fr\/?s={search_term_string}"},"query-input":{"@type":"PropertyValueSpecification","valueRequired":true,"valueName":"search_term_string"}}],"inLanguage":"fr-FR"}]}},"_links":{"self":[{"href":"https:\/\/www.hotelsorriso.net\/fr\/wp-json\/wp\/v2\/pages\/3646","targetHints":{"allow":["GET"]}}],"collection":[{"href":"https:\/\/www.hotelsorriso.net\/fr\/wp-json\/wp\/v2\/pages"}],"about":[{"href":"https:\/\/www.hotelsorriso.net\/fr\/wp-json\/wp\/v2\/types\/page"}],"author":[{"embeddable":true,"href":"https:\/\/www.hotelsorriso.net\/fr\/wp-json\/wp\/v2\/users\/1"}],"replies":[{"embeddable":true,"href":"https:\/\/www.hotelsorriso.net\/fr\/wp-json\/wp\/v2\/comments?post=3646"}],"version-history":[{"count":1,"href":"https:\/\/www.hotelsorriso.net\/fr\/wp-json\/wp\/v2\/pages\/3646\/revisions"}],"predecessor-version":[{"id":3647,"href":"https:\/\/www.hotelsorriso.net\/fr\/wp-json\/wp\/v2\/pages\/3646\/revisions\/3647"}],"wp:attachment":[{"href":"https:\/\/www.hotelsorriso.net\/fr\/wp-json\/wp\/v2\/media?parent=3646"}],"curies":[{"name":"wp","href":"https:\/\/api.w.org\/{rel}","templated":true}]}}