{"id":3644,"date":"2026-01-26T13:15:10","date_gmt":"2026-01-26T12:15:10","guid":{"rendered":"https:\/\/www.hotelsorriso.net\/services-a-la-famille\/"},"modified":"2026-03-24T11:20:25","modified_gmt":"2026-03-24T10:20:25","slug":"services-a-la-famille","status":"publish","type":"page","link":"https:\/\/www.hotelsorriso.net\/fr\/services-a-la-famille\/","title":{"rendered":"Services \u00e0 la famille"},"content":{"rendered":"\n<p>Comment la vie change quand les vacances passent de deux personnes \u00e0 trois. Puis, lorsque <b>la famille s\u2019agrandit<\/b>, elle change encore plus ! Je l\u2019ai su d\u00e8s que je suis devenue maman. Dans mon <b>h\u00f4tel famille \u00e0 Lido di Classe<\/b>, j\u2019ai d\u00e9cid\u00e9 d\u2019organiser tout pour que vous puissiez trouver les meilleurs <b>services<\/b> pour des <b>vacances avec des enfants<\/b>.<\/p>\n","protected":false},"excerpt":{"rendered":"<p>Comment la vie change quand les vacances passent de deux personnes \u00e0 trois. Puis, lorsque la famille s\u2019agrandit, elle change encore plus ! Je l\u2019ai su d\u00e8s que je suis devenue maman. Dans mon h\u00f4tel famille \u00e0 Lido di Classe, j\u2019ai d\u00e9cid\u00e9 d\u2019organiser tout pour que vous puissiez trouver les meilleurs services pour des vacances [&hellip;]<\/p>\n","protected":false},"author":1,"featured_media":0,"parent":0,"menu_order":0,"comment_status":"closed","ping_status":"closed","template":"page-templates\/servizi.php","meta":{"_acf_changed":false,"inline_featured_image":false,"footnotes":""},"class_list":["post-3644","page","type-page","status-publish","hentry"],"acf":[],"yoast_head":"<!-- This site is optimized with the Yoast SEO plugin v27.6 - https:\/\/yoast.com\/product\/yoast-seo-wordpress\/ -->\n<title>Services \u00e0 la Famille - Family H\u00f4tel Sorriso \u00e0 Lido di Classe<\/title>\n<meta name=\"description\" content=\"\u00c0 l\u2019H\u00f4tel Sorriso, nous tenons beaucoup \u00e0 ce que rien ne manque \u00e0 vous et votre famille! D\u00e9couvrez les services que nous offrons aux adultes et aux enfants.\" \/>\n<link rel=\"canonical\" href=\"https:\/\/www.hotelsorriso.net\/fr\/services-a-la-famille\/\" \/>\n<meta property=\"og:locale\" content=\"fr_FR\" \/>\n<meta property=\"og:type\" content=\"article\" \/>\n<meta property=\"og:title\" content=\"Services \u00e0 la Famille - Family H\u00f4tel Sorriso \u00e0 Lido di Classe\" \/>\n<meta property=\"og:description\" content=\"\u00c0 l\u2019H\u00f4tel Sorriso, nous tenons beaucoup \u00e0 ce que rien ne manque \u00e0 vous et votre famille! D\u00e9couvrez les services que nous offrons aux adultes et aux enfants.\" \/>\n<meta property=\"og:url\" content=\"https:\/\/www.hotelsorriso.net\/fr\/services-a-la-famille\/\" \/>\n<meta property=\"og:site_name\" content=\"Hotel Sorriso\" \/>\n<meta property=\"article:modified_time\" content=\"2026-03-24T10:20:25+00:00\" \/>\n<meta name=\"twitter:card\" content=\"summary_large_image\" \/>\n<meta name=\"twitter:label1\" content=\"Dur\u00e9e de lecture estim\u00e9e\" \/>\n\t<meta name=\"twitter:data1\" content=\"1 minute\" \/>\n<script type=\"application\/ld+json\" class=\"yoast-schema-graph\">{\"@context\":\"https:\\\/\\\/schema.org\",\"@graph\":[{\"@type\":\"WebPage\",\"@id\":\"https:\\\/\\\/www.hotelsorriso.net\\\/fr\\\/services-a-la-famille\\\/\",\"url\":\"https:\\\/\\\/www.hotelsorriso.net\\\/fr\\\/services-a-la-famille\\\/\",\"name\":\"Services \u00e0 la Famille - Family H\u00f4tel Sorriso \u00e0 Lido di Classe\",\"isPartOf\":{\"@id\":\"https:\\\/\\\/www.hotelsorriso.net\\\/fr\\\/#website\"},\"datePublished\":\"2026-01-26T12:15:10+00:00\",\"dateModified\":\"2026-03-24T10:20:25+00:00\",\"description\":\"\u00c0 l\u2019H\u00f4tel Sorriso, nous tenons beaucoup \u00e0 ce que rien ne manque \u00e0 vous et votre famille! D\u00e9couvrez les services que nous offrons aux adultes et aux enfants.\",\"breadcrumb\":{\"@id\":\"https:\\\/\\\/www.hotelsorriso.net\\\/fr\\\/services-a-la-famille\\\/#breadcrumb\"},\"inLanguage\":\"fr-FR\",\"potentialAction\":[{\"@type\":\"ReadAction\",\"target\":[\"https:\\\/\\\/www.hotelsorriso.net\\\/fr\\\/services-a-la-famille\\\/\"]}]},{\"@type\":\"BreadcrumbList\",\"@id\":\"https:\\\/\\\/www.hotelsorriso.net\\\/fr\\\/services-a-la-famille\\\/#breadcrumb\",\"itemListElement\":[{\"@type\":\"ListItem\",\"position\":1,\"name\":\"Home\",\"item\":\"https:\\\/\\\/www.hotelsorriso.net\\\/fr\\\/\"},{\"@type\":\"ListItem\",\"position\":2,\"name\":\"Services \u00e0 la famille\"}]},{\"@type\":\"WebSite\",\"@id\":\"https:\\\/\\\/www.hotelsorriso.net\\\/fr\\\/#website\",\"url\":\"https:\\\/\\\/www.hotelsorriso.net\\\/fr\\\/\",\"name\":\"Hotel Sorriso\",\"description\":\"\",\"potentialAction\":[{\"@type\":\"SearchAction\",\"target\":{\"@type\":\"EntryPoint\",\"urlTemplate\":\"https:\\\/\\\/www.hotelsorriso.net\\\/fr\\\/?s={search_term_string}\"},\"query-input\":{\"@type\":\"PropertyValueSpecification\",\"valueRequired\":true,\"valueName\":\"search_term_string\"}}],\"inLanguage\":\"fr-FR\"}]}<\/script>\n<!-- \/ Yoast SEO plugin. -->","yoast_head_json":{"title":"Services \u00e0 la Famille - Family H\u00f4tel Sorriso \u00e0 Lido di Classe","description":"\u00c0 l\u2019H\u00f4tel Sorriso, nous tenons beaucoup \u00e0 ce que rien ne manque \u00e0 vous et votre famille! D\u00e9couvrez les services que nous offrons aux adultes et aux enfants.","canonical":"https:\/\/www.hotelsorriso.net\/fr\/services-a-la-famille\/","og_locale":"fr_FR","og_type":"article","og_title":"Services \u00e0 la Famille - Family H\u00f4tel Sorriso \u00e0 Lido di Classe","og_description":"\u00c0 l\u2019H\u00f4tel Sorriso, nous tenons beaucoup \u00e0 ce que rien ne manque \u00e0 vous et votre famille! D\u00e9couvrez les services que nous offrons aux adultes et aux enfants.","og_url":"https:\/\/www.hotelsorriso.net\/fr\/services-a-la-famille\/","og_site_name":"Hotel Sorriso","article_modified_time":"2026-03-24T10:20:25+00:00","twitter_card":"summary_large_image","twitter_misc":{"Dur\u00e9e de lecture estim\u00e9e":"1 minute"},"schema":{"@context":"https:\/\/schema.org","@graph":[{"@type":"WebPage","@id":"https:\/\/www.hotelsorriso.net\/fr\/services-a-la-famille\/","url":"https:\/\/www.hotelsorriso.net\/fr\/services-a-la-famille\/","name":"Services \u00e0 la Famille - Family H\u00f4tel Sorriso \u00e0 Lido di Classe","isPartOf":{"@id":"https:\/\/www.hotelsorriso.net\/fr\/#website"},"datePublished":"2026-01-26T12:15:10+00:00","dateModified":"2026-03-24T10:20:25+00:00","description":"\u00c0 l\u2019H\u00f4tel Sorriso, nous tenons beaucoup \u00e0 ce que rien ne manque \u00e0 vous et votre famille! D\u00e9couvrez les services que nous offrons aux adultes et aux enfants.","breadcrumb":{"@id":"https:\/\/www.hotelsorriso.net\/fr\/services-a-la-famille\/#breadcrumb"},"inLanguage":"fr-FR","potentialAction":[{"@type":"ReadAction","target":["https:\/\/www.hotelsorriso.net\/fr\/services-a-la-famille\/"]}]},{"@type":"BreadcrumbList","@id":"https:\/\/www.hotelsorriso.net\/fr\/services-a-la-famille\/#breadcrumb","itemListElement":[{"@type":"ListItem","position":1,"name":"Home","item":"https:\/\/www.hotelsorriso.net\/fr\/"},{"@type":"ListItem","position":2,"name":"Services \u00e0 la famille"}]},{"@type":"WebSite","@id":"https:\/\/www.hotelsorriso.net\/fr\/#website","url":"https:\/\/www.hotelsorriso.net\/fr\/","name":"Hotel Sorriso","description":"","potentialAction":[{"@type":"SearchAction","target":{"@type":"EntryPoint","urlTemplate":"https:\/\/www.hotelsorriso.net\/fr\/?s={search_term_string}"},"query-input":{"@type":"PropertyValueSpecification","valueRequired":true,"valueName":"search_term_string"}}],"inLanguage":"fr-FR"}]}},"_links":{"self":[{"href":"https:\/\/www.hotelsorriso.net\/fr\/wp-json\/wp\/v2\/pages\/3644","targetHints":{"allow":["GET"]}}],"collection":[{"href":"https:\/\/www.hotelsorriso.net\/fr\/wp-json\/wp\/v2\/pages"}],"about":[{"href":"https:\/\/www.hotelsorriso.net\/fr\/wp-json\/wp\/v2\/types\/page"}],"author":[{"embeddable":true,"href":"https:\/\/www.hotelsorriso.net\/fr\/wp-json\/wp\/v2\/users\/1"}],"replies":[{"embeddable":true,"href":"https:\/\/www.hotelsorriso.net\/fr\/wp-json\/wp\/v2\/comments?post=3644"}],"version-history":[{"count":1,"href":"https:\/\/www.hotelsorriso.net\/fr\/wp-json\/wp\/v2\/pages\/3644\/revisions"}],"predecessor-version":[{"id":3645,"href":"https:\/\/www.hotelsorriso.net\/fr\/wp-json\/wp\/v2\/pages\/3644\/revisions\/3645"}],"wp:attachment":[{"href":"https:\/\/www.hotelsorriso.net\/fr\/wp-json\/wp\/v2\/media?parent=3644"}],"curies":[{"name":"wp","href":"https:\/\/api.w.org\/{rel}","templated":true}]}}