{"id":3642,"date":"2026-01-26T13:14:42","date_gmt":"2026-01-26T12:14:42","guid":{"rendered":"https:\/\/www.hotelsorriso.net\/excellente-journee\/"},"modified":"2026-03-24T11:17:17","modified_gmt":"2026-03-24T10:17:17","slug":"excellente-journee","status":"publish","type":"page","link":"https:\/\/www.hotelsorriso.net\/fr\/excellente-journee\/","title":{"rendered":"Excellente journ\u00e9e"},"content":{"rendered":"\n<p>Il y a des endroits o\u00f9 une <b>journ\u00e9e<\/b> est aussi longue que \u00ab\u00a0mille galaxies de bonheur\u00a0\u00bb ! C\u2019est ce qui se passe \u00e0 l\u2019<b>H\u00f4tel Sorriso<\/b>, o\u00f9 le temps cesse de s\u2019\u00e9couler au rythme d\u2019une aiguille et bat au rythme du <b>divertissement.<\/b><\/p>\n","protected":false},"excerpt":{"rendered":"<p>Il y a des endroits o\u00f9 une journ\u00e9e est aussi longue que \u00ab\u00a0mille galaxies de bonheur\u00a0\u00bb ! C\u2019est ce qui se passe \u00e0 l\u2019H\u00f4tel Sorriso, o\u00f9 le temps cesse de s\u2019\u00e9couler au rythme d\u2019une aiguille et bat au rythme du divertissement.<\/p>\n","protected":false},"author":1,"featured_media":0,"parent":0,"menu_order":0,"comment_status":"closed","ping_status":"closed","template":"page-templates\/box_alternati.php","meta":{"_acf_changed":false,"inline_featured_image":false,"footnotes":""},"class_list":["post-3642","page","type-page","status-publish","hentry"],"acf":[],"yoast_head":"<!-- This site is optimized with the Yoast SEO plugin v27.6 - https:\/\/yoast.com\/product\/yoast-seo-wordpress\/ -->\n<title>Une journ\u00e9e au Family H\u00f4tel Sorriso \u00e0 Lido di Classe<\/title>\n<meta name=\"description\" content=\"Vivez notre journ\u00e9e type \u00e0 l\u2019H\u00f4tel Sorriso, o\u00f9 le temps ne s\u2019\u00e9coule pas au rythme de l\u2019aiguille de la montre mais au rythme du plaisir !\" \/>\n<link rel=\"canonical\" href=\"https:\/\/www.hotelsorriso.net\/fr\/excellente-journee\/\" \/>\n<meta property=\"og:locale\" content=\"fr_FR\" \/>\n<meta property=\"og:type\" content=\"article\" \/>\n<meta property=\"og:title\" content=\"Une journ\u00e9e au Family H\u00f4tel Sorriso \u00e0 Lido di Classe\" \/>\n<meta property=\"og:description\" content=\"Vivez notre journ\u00e9e type \u00e0 l\u2019H\u00f4tel Sorriso, o\u00f9 le temps ne s\u2019\u00e9coule pas au rythme de l\u2019aiguille de la montre mais au rythme du plaisir !\" \/>\n<meta property=\"og:url\" content=\"https:\/\/www.hotelsorriso.net\/fr\/excellente-journee\/\" \/>\n<meta property=\"og:site_name\" content=\"Hotel Sorriso\" \/>\n<meta property=\"article:modified_time\" content=\"2026-03-24T10:17:17+00:00\" \/>\n<meta name=\"twitter:card\" content=\"summary_large_image\" \/>\n<meta name=\"twitter:label1\" content=\"Dur\u00e9e de lecture estim\u00e9e\" \/>\n\t<meta name=\"twitter:data1\" content=\"1 minute\" \/>\n<script type=\"application\/ld+json\" class=\"yoast-schema-graph\">{\"@context\":\"https:\\\/\\\/schema.org\",\"@graph\":[{\"@type\":\"WebPage\",\"@id\":\"https:\\\/\\\/www.hotelsorriso.net\\\/fr\\\/excellente-journee\\\/\",\"url\":\"https:\\\/\\\/www.hotelsorriso.net\\\/fr\\\/excellente-journee\\\/\",\"name\":\"Une journ\u00e9e au Family H\u00f4tel Sorriso \u00e0 Lido di Classe\",\"isPartOf\":{\"@id\":\"https:\\\/\\\/www.hotelsorriso.net\\\/fr\\\/#website\"},\"datePublished\":\"2026-01-26T12:14:42+00:00\",\"dateModified\":\"2026-03-24T10:17:17+00:00\",\"description\":\"Vivez notre journ\u00e9e type \u00e0 l\u2019H\u00f4tel Sorriso, o\u00f9 le temps ne s\u2019\u00e9coule pas au rythme de l\u2019aiguille de la montre mais au rythme du plaisir !\",\"breadcrumb\":{\"@id\":\"https:\\\/\\\/www.hotelsorriso.net\\\/fr\\\/excellente-journee\\\/#breadcrumb\"},\"inLanguage\":\"fr-FR\",\"potentialAction\":[{\"@type\":\"ReadAction\",\"target\":[\"https:\\\/\\\/www.hotelsorriso.net\\\/fr\\\/excellente-journee\\\/\"]}]},{\"@type\":\"BreadcrumbList\",\"@id\":\"https:\\\/\\\/www.hotelsorriso.net\\\/fr\\\/excellente-journee\\\/#breadcrumb\",\"itemListElement\":[{\"@type\":\"ListItem\",\"position\":1,\"name\":\"Home\",\"item\":\"https:\\\/\\\/www.hotelsorriso.net\\\/fr\\\/\"},{\"@type\":\"ListItem\",\"position\":2,\"name\":\"Excellente journ\u00e9e\"}]},{\"@type\":\"WebSite\",\"@id\":\"https:\\\/\\\/www.hotelsorriso.net\\\/fr\\\/#website\",\"url\":\"https:\\\/\\\/www.hotelsorriso.net\\\/fr\\\/\",\"name\":\"Hotel Sorriso\",\"description\":\"\",\"potentialAction\":[{\"@type\":\"SearchAction\",\"target\":{\"@type\":\"EntryPoint\",\"urlTemplate\":\"https:\\\/\\\/www.hotelsorriso.net\\\/fr\\\/?s={search_term_string}\"},\"query-input\":{\"@type\":\"PropertyValueSpecification\",\"valueRequired\":true,\"valueName\":\"search_term_string\"}}],\"inLanguage\":\"fr-FR\"}]}<\/script>\n<!-- \/ Yoast SEO plugin. -->","yoast_head_json":{"title":"Une journ\u00e9e au Family H\u00f4tel Sorriso \u00e0 Lido di Classe","description":"Vivez notre journ\u00e9e type \u00e0 l\u2019H\u00f4tel Sorriso, o\u00f9 le temps ne s\u2019\u00e9coule pas au rythme de l\u2019aiguille de la montre mais au rythme du plaisir !","canonical":"https:\/\/www.hotelsorriso.net\/fr\/excellente-journee\/","og_locale":"fr_FR","og_type":"article","og_title":"Une journ\u00e9e au Family H\u00f4tel Sorriso \u00e0 Lido di Classe","og_description":"Vivez notre journ\u00e9e type \u00e0 l\u2019H\u00f4tel Sorriso, o\u00f9 le temps ne s\u2019\u00e9coule pas au rythme de l\u2019aiguille de la montre mais au rythme du plaisir !","og_url":"https:\/\/www.hotelsorriso.net\/fr\/excellente-journee\/","og_site_name":"Hotel Sorriso","article_modified_time":"2026-03-24T10:17:17+00:00","twitter_card":"summary_large_image","twitter_misc":{"Dur\u00e9e de lecture estim\u00e9e":"1 minute"},"schema":{"@context":"https:\/\/schema.org","@graph":[{"@type":"WebPage","@id":"https:\/\/www.hotelsorriso.net\/fr\/excellente-journee\/","url":"https:\/\/www.hotelsorriso.net\/fr\/excellente-journee\/","name":"Une journ\u00e9e au Family H\u00f4tel Sorriso \u00e0 Lido di Classe","isPartOf":{"@id":"https:\/\/www.hotelsorriso.net\/fr\/#website"},"datePublished":"2026-01-26T12:14:42+00:00","dateModified":"2026-03-24T10:17:17+00:00","description":"Vivez notre journ\u00e9e type \u00e0 l\u2019H\u00f4tel Sorriso, o\u00f9 le temps ne s\u2019\u00e9coule pas au rythme de l\u2019aiguille de la montre mais au rythme du plaisir !","breadcrumb":{"@id":"https:\/\/www.hotelsorriso.net\/fr\/excellente-journee\/#breadcrumb"},"inLanguage":"fr-FR","potentialAction":[{"@type":"ReadAction","target":["https:\/\/www.hotelsorriso.net\/fr\/excellente-journee\/"]}]},{"@type":"BreadcrumbList","@id":"https:\/\/www.hotelsorriso.net\/fr\/excellente-journee\/#breadcrumb","itemListElement":[{"@type":"ListItem","position":1,"name":"Home","item":"https:\/\/www.hotelsorriso.net\/fr\/"},{"@type":"ListItem","position":2,"name":"Excellente journ\u00e9e"}]},{"@type":"WebSite","@id":"https:\/\/www.hotelsorriso.net\/fr\/#website","url":"https:\/\/www.hotelsorriso.net\/fr\/","name":"Hotel Sorriso","description":"","potentialAction":[{"@type":"SearchAction","target":{"@type":"EntryPoint","urlTemplate":"https:\/\/www.hotelsorriso.net\/fr\/?s={search_term_string}"},"query-input":{"@type":"PropertyValueSpecification","valueRequired":true,"valueName":"search_term_string"}}],"inLanguage":"fr-FR"}]}},"_links":{"self":[{"href":"https:\/\/www.hotelsorriso.net\/fr\/wp-json\/wp\/v2\/pages\/3642","targetHints":{"allow":["GET"]}}],"collection":[{"href":"https:\/\/www.hotelsorriso.net\/fr\/wp-json\/wp\/v2\/pages"}],"about":[{"href":"https:\/\/www.hotelsorriso.net\/fr\/wp-json\/wp\/v2\/types\/page"}],"author":[{"embeddable":true,"href":"https:\/\/www.hotelsorriso.net\/fr\/wp-json\/wp\/v2\/users\/1"}],"replies":[{"embeddable":true,"href":"https:\/\/www.hotelsorriso.net\/fr\/wp-json\/wp\/v2\/comments?post=3642"}],"version-history":[{"count":1,"href":"https:\/\/www.hotelsorriso.net\/fr\/wp-json\/wp\/v2\/pages\/3642\/revisions"}],"predecessor-version":[{"id":3643,"href":"https:\/\/www.hotelsorriso.net\/fr\/wp-json\/wp\/v2\/pages\/3642\/revisions\/3643"}],"wp:attachment":[{"href":"https:\/\/www.hotelsorriso.net\/fr\/wp-json\/wp\/v2\/media?parent=3642"}],"curies":[{"name":"wp","href":"https:\/\/api.w.org\/{rel}","templated":true}]}}