{"id":3640,"date":"2026-01-26T13:14:08","date_gmt":"2026-01-26T12:14:08","guid":{"rendered":"https:\/\/www.hotelsorriso.net\/aires-de-jeux\/"},"modified":"2026-03-24T11:15:12","modified_gmt":"2026-03-24T10:15:12","slug":"aires-de-jeux","status":"publish","type":"page","link":"https:\/\/www.hotelsorriso.net\/fr\/aires-de-jeux\/","title":{"rendered":"Aires de jeux"},"content":{"rendered":"\n<p>La tr\u00e8s grande <b>salle de jeux de l\u2019H\u00f4tel Sorriso<\/b> est comme un galion du divertissement&#8230; pas par hasard, il a un <b>th\u00e8me pirate<\/b>! Ici, tous les enfants peuvent vivre des aventures fantastiques.<\/p>\n\n\n\n<p>En tant que maman, je sais \u00e0 quel point il est important de <b>jouer et de s\u2019amuser en toute s\u00e9curit\u00e9<\/b>. C\u2019est pourquoi, pendant les <b>heures d\u2019ouverture de la salle<\/b>, un <b>animateur<\/b> est toujours pr\u00e9sent.<\/p>\n","protected":false},"excerpt":{"rendered":"<p>La tr\u00e8s grande salle de jeux de l\u2019H\u00f4tel Sorriso est comme un galion du divertissement&#8230; pas par hasard, il a un th\u00e8me pirate! Ici, tous les enfants peuvent vivre des aventures fantastiques. En tant que maman, je sais \u00e0 quel point il est important de jouer et de s\u2019amuser en toute s\u00e9curit\u00e9. C\u2019est pourquoi, pendant [&hellip;]<\/p>\n","protected":false},"author":1,"featured_media":0,"parent":0,"menu_order":0,"comment_status":"closed","ping_status":"closed","template":"page-templates\/box_caroselli.php","meta":{"_acf_changed":false,"inline_featured_image":false,"footnotes":""},"class_list":["post-3640","page","type-page","status-publish","hentry"],"acf":[],"yoast_head":"<!-- This site is optimized with the Yoast SEO plugin v27.6 - https:\/\/yoast.com\/product\/yoast-seo-wordpress\/ -->\n<title>Aires de jeux - Family H\u00f4tel Sorriso \u00e0 Lido di Classe<\/title>\n<meta name=\"description\" content=\"Les enfants ne finissent jamais de s\u2019amuser dans la grande salle de jeux de l\u2019H\u00f4tel Sorriso.\" \/>\n<link rel=\"canonical\" href=\"https:\/\/www.hotelsorriso.net\/fr\/aires-de-jeux\/\" \/>\n<meta property=\"og:locale\" content=\"fr_FR\" \/>\n<meta property=\"og:type\" content=\"article\" \/>\n<meta property=\"og:title\" content=\"Aires de jeux - Family H\u00f4tel Sorriso \u00e0 Lido di Classe\" \/>\n<meta property=\"og:description\" content=\"Les enfants ne finissent jamais de s\u2019amuser dans la grande salle de jeux de l\u2019H\u00f4tel Sorriso.\" \/>\n<meta property=\"og:url\" content=\"https:\/\/www.hotelsorriso.net\/fr\/aires-de-jeux\/\" \/>\n<meta property=\"og:site_name\" content=\"Hotel Sorriso\" \/>\n<meta property=\"article:modified_time\" content=\"2026-03-24T10:15:12+00:00\" \/>\n<meta name=\"twitter:card\" content=\"summary_large_image\" \/>\n<meta name=\"twitter:label1\" content=\"Dur\u00e9e de lecture estim\u00e9e\" \/>\n\t<meta name=\"twitter:data1\" content=\"1 minute\" \/>\n<script type=\"application\/ld+json\" class=\"yoast-schema-graph\">{\"@context\":\"https:\\\/\\\/schema.org\",\"@graph\":[{\"@type\":\"WebPage\",\"@id\":\"https:\\\/\\\/www.hotelsorriso.net\\\/fr\\\/aires-de-jeux\\\/\",\"url\":\"https:\\\/\\\/www.hotelsorriso.net\\\/fr\\\/aires-de-jeux\\\/\",\"name\":\"Aires de jeux - Family H\u00f4tel Sorriso \u00e0 Lido di Classe\",\"isPartOf\":{\"@id\":\"https:\\\/\\\/www.hotelsorriso.net\\\/fr\\\/#website\"},\"datePublished\":\"2026-01-26T12:14:08+00:00\",\"dateModified\":\"2026-03-24T10:15:12+00:00\",\"description\":\"Les enfants ne finissent jamais de s\u2019amuser dans la grande salle de jeux de l\u2019H\u00f4tel Sorriso.\",\"breadcrumb\":{\"@id\":\"https:\\\/\\\/www.hotelsorriso.net\\\/fr\\\/aires-de-jeux\\\/#breadcrumb\"},\"inLanguage\":\"fr-FR\",\"potentialAction\":[{\"@type\":\"ReadAction\",\"target\":[\"https:\\\/\\\/www.hotelsorriso.net\\\/fr\\\/aires-de-jeux\\\/\"]}]},{\"@type\":\"BreadcrumbList\",\"@id\":\"https:\\\/\\\/www.hotelsorriso.net\\\/fr\\\/aires-de-jeux\\\/#breadcrumb\",\"itemListElement\":[{\"@type\":\"ListItem\",\"position\":1,\"name\":\"Home\",\"item\":\"https:\\\/\\\/www.hotelsorriso.net\\\/fr\\\/\"},{\"@type\":\"ListItem\",\"position\":2,\"name\":\"Aires de jeux\"}]},{\"@type\":\"WebSite\",\"@id\":\"https:\\\/\\\/www.hotelsorriso.net\\\/fr\\\/#website\",\"url\":\"https:\\\/\\\/www.hotelsorriso.net\\\/fr\\\/\",\"name\":\"Hotel Sorriso\",\"description\":\"\",\"potentialAction\":[{\"@type\":\"SearchAction\",\"target\":{\"@type\":\"EntryPoint\",\"urlTemplate\":\"https:\\\/\\\/www.hotelsorriso.net\\\/fr\\\/?s={search_term_string}\"},\"query-input\":{\"@type\":\"PropertyValueSpecification\",\"valueRequired\":true,\"valueName\":\"search_term_string\"}}],\"inLanguage\":\"fr-FR\"}]}<\/script>\n<!-- \/ Yoast SEO plugin. -->","yoast_head_json":{"title":"Aires de jeux - Family H\u00f4tel Sorriso \u00e0 Lido di Classe","description":"Les enfants ne finissent jamais de s\u2019amuser dans la grande salle de jeux de l\u2019H\u00f4tel Sorriso.","canonical":"https:\/\/www.hotelsorriso.net\/fr\/aires-de-jeux\/","og_locale":"fr_FR","og_type":"article","og_title":"Aires de jeux - Family H\u00f4tel Sorriso \u00e0 Lido di Classe","og_description":"Les enfants ne finissent jamais de s\u2019amuser dans la grande salle de jeux de l\u2019H\u00f4tel Sorriso.","og_url":"https:\/\/www.hotelsorriso.net\/fr\/aires-de-jeux\/","og_site_name":"Hotel Sorriso","article_modified_time":"2026-03-24T10:15:12+00:00","twitter_card":"summary_large_image","twitter_misc":{"Dur\u00e9e de lecture estim\u00e9e":"1 minute"},"schema":{"@context":"https:\/\/schema.org","@graph":[{"@type":"WebPage","@id":"https:\/\/www.hotelsorriso.net\/fr\/aires-de-jeux\/","url":"https:\/\/www.hotelsorriso.net\/fr\/aires-de-jeux\/","name":"Aires de jeux - Family H\u00f4tel Sorriso \u00e0 Lido di Classe","isPartOf":{"@id":"https:\/\/www.hotelsorriso.net\/fr\/#website"},"datePublished":"2026-01-26T12:14:08+00:00","dateModified":"2026-03-24T10:15:12+00:00","description":"Les enfants ne finissent jamais de s\u2019amuser dans la grande salle de jeux de l\u2019H\u00f4tel Sorriso.","breadcrumb":{"@id":"https:\/\/www.hotelsorriso.net\/fr\/aires-de-jeux\/#breadcrumb"},"inLanguage":"fr-FR","potentialAction":[{"@type":"ReadAction","target":["https:\/\/www.hotelsorriso.net\/fr\/aires-de-jeux\/"]}]},{"@type":"BreadcrumbList","@id":"https:\/\/www.hotelsorriso.net\/fr\/aires-de-jeux\/#breadcrumb","itemListElement":[{"@type":"ListItem","position":1,"name":"Home","item":"https:\/\/www.hotelsorriso.net\/fr\/"},{"@type":"ListItem","position":2,"name":"Aires de jeux"}]},{"@type":"WebSite","@id":"https:\/\/www.hotelsorriso.net\/fr\/#website","url":"https:\/\/www.hotelsorriso.net\/fr\/","name":"Hotel Sorriso","description":"","potentialAction":[{"@type":"SearchAction","target":{"@type":"EntryPoint","urlTemplate":"https:\/\/www.hotelsorriso.net\/fr\/?s={search_term_string}"},"query-input":{"@type":"PropertyValueSpecification","valueRequired":true,"valueName":"search_term_string"}}],"inLanguage":"fr-FR"}]}},"_links":{"self":[{"href":"https:\/\/www.hotelsorriso.net\/fr\/wp-json\/wp\/v2\/pages\/3640","targetHints":{"allow":["GET"]}}],"collection":[{"href":"https:\/\/www.hotelsorriso.net\/fr\/wp-json\/wp\/v2\/pages"}],"about":[{"href":"https:\/\/www.hotelsorriso.net\/fr\/wp-json\/wp\/v2\/types\/page"}],"author":[{"embeddable":true,"href":"https:\/\/www.hotelsorriso.net\/fr\/wp-json\/wp\/v2\/users\/1"}],"replies":[{"embeddable":true,"href":"https:\/\/www.hotelsorriso.net\/fr\/wp-json\/wp\/v2\/comments?post=3640"}],"version-history":[{"count":1,"href":"https:\/\/www.hotelsorriso.net\/fr\/wp-json\/wp\/v2\/pages\/3640\/revisions"}],"predecessor-version":[{"id":3641,"href":"https:\/\/www.hotelsorriso.net\/fr\/wp-json\/wp\/v2\/pages\/3640\/revisions\/3641"}],"wp:attachment":[{"href":"https:\/\/www.hotelsorriso.net\/fr\/wp-json\/wp\/v2\/media?parent=3640"}],"curies":[{"name":"wp","href":"https:\/\/api.w.org\/{rel}","templated":true}]}}