{"id":3638,"date":"2026-01-26T13:13:28","date_gmt":"2026-01-26T12:13:28","guid":{"rendered":"https:\/\/www.hotelsorriso.net\/animation\/"},"modified":"2026-03-25T09:55:27","modified_gmt":"2026-03-25T08:55:27","slug":"famille-et-animation","status":"publish","type":"page","link":"https:\/\/www.hotelsorriso.net\/fr\/famille-et-animation\/","title":{"rendered":"Animation"},"content":{"rendered":"\n<p>Quand les <b>vacances sont vraiment en famille<\/b>, \u00e0 \u00ab\u00a0\u00e0 la t\u00eate de la famille\u00bb il y a les enfants! Pour moi, cela signifie qu\u2019\u00e0 <b>l\u2019H\u00f4tel Sorriso<\/b> tout est pens\u00e9 et organis\u00e9 pour eux, \u00e0 partir du <b>divertissement 7 jours sur 7<\/b>, \u00e0 la plage et \u00e0 l\u2019h\u00f4tel et aux nombreux services qui leur sont d\u00e9di\u00e9s \u00f0\u0178\u02dc\u0160.<\/p>\n","protected":false},"excerpt":{"rendered":"<p>Quand les vacances sont vraiment en famille, \u00e0 \u00ab\u00a0\u00e0 la t\u00eate de la famille\u00bb il y a les enfants! Pour moi, cela signifie qu\u2019\u00e0 l\u2019H\u00f4tel Sorriso tout est pens\u00e9 et organis\u00e9 pour eux, \u00e0 partir du divertissement 7 jours sur 7, \u00e0 la plage et \u00e0 l\u2019h\u00f4tel et aux nombreux services qui leur sont d\u00e9di\u00e9s [&hellip;]<\/p>\n","protected":false},"author":1,"featured_media":0,"parent":0,"menu_order":0,"comment_status":"closed","ping_status":"closed","template":"page-templates\/box_caroselli.php","meta":{"_acf_changed":false,"inline_featured_image":false,"footnotes":""},"class_list":["post-3638","page","type-page","status-publish","hentry"],"acf":[],"yoast_head":"<!-- This site is optimized with the Yoast SEO plugin v27.3 - https:\/\/yoast.com\/product\/yoast-seo-wordpress\/ -->\n<title>Animation - Family H\u00f4tel Sorriso \u00e0 Lido di Classe<\/title>\n<meta name=\"description\" content=\"Dans un s\u00e9jour familial, le divertissement pour les enfants ne peut jamais manquer. Venez d\u00e9couvrir ce que le Sorriso a en r\u00e9serve pour eux!\" \/>\n<link rel=\"canonical\" href=\"https:\/\/www.hotelsorriso.net\/fr\/famille-et-animation\/\" \/>\n<meta property=\"og:locale\" content=\"fr_FR\" \/>\n<meta property=\"og:type\" content=\"article\" \/>\n<meta property=\"og:title\" content=\"Animation - Family H\u00f4tel Sorriso \u00e0 Lido di Classe\" \/>\n<meta property=\"og:description\" content=\"Dans un s\u00e9jour familial, le divertissement pour les enfants ne peut jamais manquer. Venez d\u00e9couvrir ce que le Sorriso a en r\u00e9serve pour eux!\" \/>\n<meta property=\"og:url\" content=\"https:\/\/www.hotelsorriso.net\/fr\/famille-et-animation\/\" \/>\n<meta property=\"og:site_name\" content=\"Hotel Sorriso\" \/>\n<meta property=\"article:modified_time\" content=\"2026-03-25T08:55:27+00:00\" \/>\n<meta name=\"twitter:card\" content=\"summary_large_image\" \/>\n<meta name=\"twitter:label1\" content=\"Dur\u00e9e de lecture estim\u00e9e\" \/>\n\t<meta name=\"twitter:data1\" content=\"1 minute\" \/>\n<script type=\"application\/ld+json\" class=\"yoast-schema-graph\">{\"@context\":\"https:\\\/\\\/schema.org\",\"@graph\":[{\"@type\":\"WebPage\",\"@id\":\"https:\\\/\\\/www.hotelsorriso.net\\\/fr\\\/famille-et-animation\\\/\",\"url\":\"https:\\\/\\\/www.hotelsorriso.net\\\/fr\\\/famille-et-animation\\\/\",\"name\":\"Animation - Family H\u00f4tel Sorriso \u00e0 Lido di Classe\",\"isPartOf\":{\"@id\":\"https:\\\/\\\/www.hotelsorriso.net\\\/fr\\\/#website\"},\"datePublished\":\"2026-01-26T12:13:28+00:00\",\"dateModified\":\"2026-03-25T08:55:27+00:00\",\"description\":\"Dans un s\u00e9jour familial, le divertissement pour les enfants ne peut jamais manquer. Venez d\u00e9couvrir ce que le Sorriso a en r\u00e9serve pour eux!\",\"breadcrumb\":{\"@id\":\"https:\\\/\\\/www.hotelsorriso.net\\\/fr\\\/famille-et-animation\\\/#breadcrumb\"},\"inLanguage\":\"fr-FR\",\"potentialAction\":[{\"@type\":\"ReadAction\",\"target\":[\"https:\\\/\\\/www.hotelsorriso.net\\\/fr\\\/famille-et-animation\\\/\"]}]},{\"@type\":\"BreadcrumbList\",\"@id\":\"https:\\\/\\\/www.hotelsorriso.net\\\/fr\\\/famille-et-animation\\\/#breadcrumb\",\"itemListElement\":[{\"@type\":\"ListItem\",\"position\":1,\"name\":\"Home\",\"item\":\"https:\\\/\\\/www.hotelsorriso.net\\\/fr\\\/\"},{\"@type\":\"ListItem\",\"position\":2,\"name\":\"Animation\"}]},{\"@type\":\"WebSite\",\"@id\":\"https:\\\/\\\/www.hotelsorriso.net\\\/fr\\\/#website\",\"url\":\"https:\\\/\\\/www.hotelsorriso.net\\\/fr\\\/\",\"name\":\"Hotel Sorriso\",\"description\":\"\",\"potentialAction\":[{\"@type\":\"SearchAction\",\"target\":{\"@type\":\"EntryPoint\",\"urlTemplate\":\"https:\\\/\\\/www.hotelsorriso.net\\\/fr\\\/?s={search_term_string}\"},\"query-input\":{\"@type\":\"PropertyValueSpecification\",\"valueRequired\":true,\"valueName\":\"search_term_string\"}}],\"inLanguage\":\"fr-FR\"}]}<\/script>\n<!-- \/ Yoast SEO plugin. -->","yoast_head_json":{"title":"Animation - Family H\u00f4tel Sorriso \u00e0 Lido di Classe","description":"Dans un s\u00e9jour familial, le divertissement pour les enfants ne peut jamais manquer. Venez d\u00e9couvrir ce que le Sorriso a en r\u00e9serve pour eux!","canonical":"https:\/\/www.hotelsorriso.net\/fr\/famille-et-animation\/","og_locale":"fr_FR","og_type":"article","og_title":"Animation - Family H\u00f4tel Sorriso \u00e0 Lido di Classe","og_description":"Dans un s\u00e9jour familial, le divertissement pour les enfants ne peut jamais manquer. Venez d\u00e9couvrir ce que le Sorriso a en r\u00e9serve pour eux!","og_url":"https:\/\/www.hotelsorriso.net\/fr\/famille-et-animation\/","og_site_name":"Hotel Sorriso","article_modified_time":"2026-03-25T08:55:27+00:00","twitter_card":"summary_large_image","twitter_misc":{"Dur\u00e9e de lecture estim\u00e9e":"1 minute"},"schema":{"@context":"https:\/\/schema.org","@graph":[{"@type":"WebPage","@id":"https:\/\/www.hotelsorriso.net\/fr\/famille-et-animation\/","url":"https:\/\/www.hotelsorriso.net\/fr\/famille-et-animation\/","name":"Animation - Family H\u00f4tel Sorriso \u00e0 Lido di Classe","isPartOf":{"@id":"https:\/\/www.hotelsorriso.net\/fr\/#website"},"datePublished":"2026-01-26T12:13:28+00:00","dateModified":"2026-03-25T08:55:27+00:00","description":"Dans un s\u00e9jour familial, le divertissement pour les enfants ne peut jamais manquer. Venez d\u00e9couvrir ce que le Sorriso a en r\u00e9serve pour eux!","breadcrumb":{"@id":"https:\/\/www.hotelsorriso.net\/fr\/famille-et-animation\/#breadcrumb"},"inLanguage":"fr-FR","potentialAction":[{"@type":"ReadAction","target":["https:\/\/www.hotelsorriso.net\/fr\/famille-et-animation\/"]}]},{"@type":"BreadcrumbList","@id":"https:\/\/www.hotelsorriso.net\/fr\/famille-et-animation\/#breadcrumb","itemListElement":[{"@type":"ListItem","position":1,"name":"Home","item":"https:\/\/www.hotelsorriso.net\/fr\/"},{"@type":"ListItem","position":2,"name":"Animation"}]},{"@type":"WebSite","@id":"https:\/\/www.hotelsorriso.net\/fr\/#website","url":"https:\/\/www.hotelsorriso.net\/fr\/","name":"Hotel Sorriso","description":"","potentialAction":[{"@type":"SearchAction","target":{"@type":"EntryPoint","urlTemplate":"https:\/\/www.hotelsorriso.net\/fr\/?s={search_term_string}"},"query-input":{"@type":"PropertyValueSpecification","valueRequired":true,"valueName":"search_term_string"}}],"inLanguage":"fr-FR"}]}},"_links":{"self":[{"href":"https:\/\/www.hotelsorriso.net\/fr\/wp-json\/wp\/v2\/pages\/3638","targetHints":{"allow":["GET"]}}],"collection":[{"href":"https:\/\/www.hotelsorriso.net\/fr\/wp-json\/wp\/v2\/pages"}],"about":[{"href":"https:\/\/www.hotelsorriso.net\/fr\/wp-json\/wp\/v2\/types\/page"}],"author":[{"embeddable":true,"href":"https:\/\/www.hotelsorriso.net\/fr\/wp-json\/wp\/v2\/users\/1"}],"replies":[{"embeddable":true,"href":"https:\/\/www.hotelsorriso.net\/fr\/wp-json\/wp\/v2\/comments?post=3638"}],"version-history":[{"count":1,"href":"https:\/\/www.hotelsorriso.net\/fr\/wp-json\/wp\/v2\/pages\/3638\/revisions"}],"predecessor-version":[{"id":3639,"href":"https:\/\/www.hotelsorriso.net\/fr\/wp-json\/wp\/v2\/pages\/3638\/revisions\/3639"}],"wp:attachment":[{"href":"https:\/\/www.hotelsorriso.net\/fr\/wp-json\/wp\/v2\/media?parent=3638"}],"curies":[{"name":"wp","href":"https:\/\/api.w.org\/{rel}","templated":true}]}}