{"id":3634,"date":"2026-01-26T13:09:49","date_gmt":"2026-01-26T12:09:49","guid":{"rendered":"https:\/\/www.hotelsorriso.net\/chambres-sorriso\/"},"modified":"2026-03-24T11:15:33","modified_gmt":"2026-03-24T10:15:33","slug":"chambres-sorriso","status":"publish","type":"page","link":"https:\/\/www.hotelsorriso.net\/fr\/chambres-sorriso\/","title":{"rendered":"Chambres Sorriso"},"content":{"rendered":"\n<p>Les chambres Sorriso sont pr\u00e9f\u00e9r\u00e9es par les familles qui aiment la <b>praticit\u00e9<\/b> et la <b>fonctionnalit\u00e9<\/b>. Ils ont des couleurs vives et de grandes fen\u00eatres qui diffusent beaucoup de lumi\u00e8re dans la chambre. En bref, ce sont des chambres accueillantes pour commencer la journ\u00e9e avec le sourire, beaucoup de c\u00e2lins et la bonne ambiance de <b>vacances<\/b>!<\/p>\n","protected":false},"excerpt":{"rendered":"<p>Les chambres Sorriso sont pr\u00e9f\u00e9r\u00e9es par les familles qui aiment la praticit\u00e9 et la fonctionnalit\u00e9. Ils ont des couleurs vives et de grandes fen\u00eatres qui diffusent beaucoup de lumi\u00e8re dans la chambre. En bref, ce sont des chambres accueillantes pour commencer la journ\u00e9e avec le sourire, beaucoup de c\u00e2lins et la bonne ambiance de vacances!<\/p>\n","protected":false},"author":1,"featured_media":0,"parent":0,"menu_order":0,"comment_status":"closed","ping_status":"closed","template":"page-templates\/camere.php","meta":{"_acf_changed":false,"inline_featured_image":false,"footnotes":""},"class_list":["post-3634","page","type-page","status-publish","hentry"],"acf":[],"yoast_head":"<!-- This site is optimized with the Yoast SEO plugin v27.3 - https:\/\/yoast.com\/product\/yoast-seo-wordpress\/ -->\n<title>Chambres Sorriso - Family H\u00f4tel Sorriso \u00e0 Lido di Classe<\/title>\n<meta name=\"description\" content=\"Venez d\u00e9couvrir nos accueillantes chambres Sorriso\u00a0: parfaites pour les familles qui recherche praticit\u00e9 et fonctionnalit\u00e9.\" \/>\n<link rel=\"canonical\" href=\"https:\/\/www.hotelsorriso.net\/fr\/chambres-sorriso\/\" \/>\n<meta property=\"og:locale\" content=\"fr_FR\" \/>\n<meta property=\"og:type\" content=\"article\" \/>\n<meta property=\"og:title\" content=\"Chambres Sorriso - Family H\u00f4tel Sorriso \u00e0 Lido di Classe\" \/>\n<meta property=\"og:description\" content=\"Venez d\u00e9couvrir nos accueillantes chambres Sorriso\u00a0: parfaites pour les familles qui recherche praticit\u00e9 et fonctionnalit\u00e9.\" \/>\n<meta property=\"og:url\" content=\"https:\/\/www.hotelsorriso.net\/fr\/chambres-sorriso\/\" \/>\n<meta property=\"og:site_name\" content=\"Hotel Sorriso\" \/>\n<meta property=\"article:modified_time\" content=\"2026-03-24T10:15:33+00:00\" \/>\n<meta name=\"twitter:card\" content=\"summary_large_image\" \/>\n<meta name=\"twitter:label1\" content=\"Dur\u00e9e de lecture estim\u00e9e\" \/>\n\t<meta name=\"twitter:data1\" content=\"1 minute\" \/>\n<script type=\"application\/ld+json\" class=\"yoast-schema-graph\">{\"@context\":\"https:\\\/\\\/schema.org\",\"@graph\":[{\"@type\":\"WebPage\",\"@id\":\"https:\\\/\\\/www.hotelsorriso.net\\\/fr\\\/chambres-sorriso\\\/\",\"url\":\"https:\\\/\\\/www.hotelsorriso.net\\\/fr\\\/chambres-sorriso\\\/\",\"name\":\"Chambres Sorriso - Family H\u00f4tel Sorriso \u00e0 Lido di Classe\",\"isPartOf\":{\"@id\":\"https:\\\/\\\/www.hotelsorriso.net\\\/fr\\\/#website\"},\"datePublished\":\"2026-01-26T12:09:49+00:00\",\"dateModified\":\"2026-03-24T10:15:33+00:00\",\"description\":\"Venez d\u00e9couvrir nos accueillantes chambres Sorriso\u00a0: parfaites pour les familles qui recherche praticit\u00e9 et fonctionnalit\u00e9.\",\"breadcrumb\":{\"@id\":\"https:\\\/\\\/www.hotelsorriso.net\\\/fr\\\/chambres-sorriso\\\/#breadcrumb\"},\"inLanguage\":\"fr-FR\",\"potentialAction\":[{\"@type\":\"ReadAction\",\"target\":[\"https:\\\/\\\/www.hotelsorriso.net\\\/fr\\\/chambres-sorriso\\\/\"]}]},{\"@type\":\"BreadcrumbList\",\"@id\":\"https:\\\/\\\/www.hotelsorriso.net\\\/fr\\\/chambres-sorriso\\\/#breadcrumb\",\"itemListElement\":[{\"@type\":\"ListItem\",\"position\":1,\"name\":\"Home\",\"item\":\"https:\\\/\\\/www.hotelsorriso.net\\\/fr\\\/\"},{\"@type\":\"ListItem\",\"position\":2,\"name\":\"Chambres Sorriso\"}]},{\"@type\":\"WebSite\",\"@id\":\"https:\\\/\\\/www.hotelsorriso.net\\\/fr\\\/#website\",\"url\":\"https:\\\/\\\/www.hotelsorriso.net\\\/fr\\\/\",\"name\":\"Hotel Sorriso\",\"description\":\"\",\"potentialAction\":[{\"@type\":\"SearchAction\",\"target\":{\"@type\":\"EntryPoint\",\"urlTemplate\":\"https:\\\/\\\/www.hotelsorriso.net\\\/fr\\\/?s={search_term_string}\"},\"query-input\":{\"@type\":\"PropertyValueSpecification\",\"valueRequired\":true,\"valueName\":\"search_term_string\"}}],\"inLanguage\":\"fr-FR\"}]}<\/script>\n<!-- \/ Yoast SEO plugin. -->","yoast_head_json":{"title":"Chambres Sorriso - Family H\u00f4tel Sorriso \u00e0 Lido di Classe","description":"Venez d\u00e9couvrir nos accueillantes chambres Sorriso\u00a0: parfaites pour les familles qui recherche praticit\u00e9 et fonctionnalit\u00e9.","canonical":"https:\/\/www.hotelsorriso.net\/fr\/chambres-sorriso\/","og_locale":"fr_FR","og_type":"article","og_title":"Chambres Sorriso - Family H\u00f4tel Sorriso \u00e0 Lido di Classe","og_description":"Venez d\u00e9couvrir nos accueillantes chambres Sorriso\u00a0: parfaites pour les familles qui recherche praticit\u00e9 et fonctionnalit\u00e9.","og_url":"https:\/\/www.hotelsorriso.net\/fr\/chambres-sorriso\/","og_site_name":"Hotel Sorriso","article_modified_time":"2026-03-24T10:15:33+00:00","twitter_card":"summary_large_image","twitter_misc":{"Dur\u00e9e de lecture estim\u00e9e":"1 minute"},"schema":{"@context":"https:\/\/schema.org","@graph":[{"@type":"WebPage","@id":"https:\/\/www.hotelsorriso.net\/fr\/chambres-sorriso\/","url":"https:\/\/www.hotelsorriso.net\/fr\/chambres-sorriso\/","name":"Chambres Sorriso - Family H\u00f4tel Sorriso \u00e0 Lido di Classe","isPartOf":{"@id":"https:\/\/www.hotelsorriso.net\/fr\/#website"},"datePublished":"2026-01-26T12:09:49+00:00","dateModified":"2026-03-24T10:15:33+00:00","description":"Venez d\u00e9couvrir nos accueillantes chambres Sorriso\u00a0: parfaites pour les familles qui recherche praticit\u00e9 et fonctionnalit\u00e9.","breadcrumb":{"@id":"https:\/\/www.hotelsorriso.net\/fr\/chambres-sorriso\/#breadcrumb"},"inLanguage":"fr-FR","potentialAction":[{"@type":"ReadAction","target":["https:\/\/www.hotelsorriso.net\/fr\/chambres-sorriso\/"]}]},{"@type":"BreadcrumbList","@id":"https:\/\/www.hotelsorriso.net\/fr\/chambres-sorriso\/#breadcrumb","itemListElement":[{"@type":"ListItem","position":1,"name":"Home","item":"https:\/\/www.hotelsorriso.net\/fr\/"},{"@type":"ListItem","position":2,"name":"Chambres Sorriso"}]},{"@type":"WebSite","@id":"https:\/\/www.hotelsorriso.net\/fr\/#website","url":"https:\/\/www.hotelsorriso.net\/fr\/","name":"Hotel Sorriso","description":"","potentialAction":[{"@type":"SearchAction","target":{"@type":"EntryPoint","urlTemplate":"https:\/\/www.hotelsorriso.net\/fr\/?s={search_term_string}"},"query-input":{"@type":"PropertyValueSpecification","valueRequired":true,"valueName":"search_term_string"}}],"inLanguage":"fr-FR"}]}},"_links":{"self":[{"href":"https:\/\/www.hotelsorriso.net\/fr\/wp-json\/wp\/v2\/pages\/3634","targetHints":{"allow":["GET"]}}],"collection":[{"href":"https:\/\/www.hotelsorriso.net\/fr\/wp-json\/wp\/v2\/pages"}],"about":[{"href":"https:\/\/www.hotelsorriso.net\/fr\/wp-json\/wp\/v2\/types\/page"}],"author":[{"embeddable":true,"href":"https:\/\/www.hotelsorriso.net\/fr\/wp-json\/wp\/v2\/users\/1"}],"replies":[{"embeddable":true,"href":"https:\/\/www.hotelsorriso.net\/fr\/wp-json\/wp\/v2\/comments?post=3634"}],"version-history":[{"count":1,"href":"https:\/\/www.hotelsorriso.net\/fr\/wp-json\/wp\/v2\/pages\/3634\/revisions"}],"predecessor-version":[{"id":3635,"href":"https:\/\/www.hotelsorriso.net\/fr\/wp-json\/wp\/v2\/pages\/3634\/revisions\/3635"}],"wp:attachment":[{"href":"https:\/\/www.hotelsorriso.net\/fr\/wp-json\/wp\/v2\/media?parent=3634"}],"curies":[{"name":"wp","href":"https:\/\/api.w.org\/{rel}","templated":true}]}}