{"id":3632,"date":"2026-01-26T13:08:57","date_gmt":"2026-01-26T12:08:57","guid":{"rendered":"https:\/\/www.hotelsorriso.net\/chambres-superieures\/"},"modified":"2026-03-25T10:17:46","modified_gmt":"2026-03-25T09:17:46","slug":"chambres-superior","status":"publish","type":"page","link":"https:\/\/www.hotelsorriso.net\/fr\/chambres-superior\/","title":{"rendered":"Chambres Sup\u00e9rieures"},"content":{"rendered":"\n<p>Les <b>chambres sup\u00e9rieures<\/b> sont une r\u00e9ponse aux besoins des <b>familles nombreuses<\/b>. Vous pouvez choisir entre\u00a0: chambres quadruples avec lit double et deux lits simples; chambres quintuple avec lit double et trois lits simples, <b>petit salon<\/b> et <b>dressing<\/b>.<\/p>\n","protected":false},"excerpt":{"rendered":"<p>Les chambres sup\u00e9rieures sont une r\u00e9ponse aux besoins des familles nombreuses. Vous pouvez choisir entre\u00a0: chambres quadruples avec lit double et deux lits simples; chambres quintuple avec lit double et trois lits simples, petit salon et dressing.<\/p>\n","protected":false},"author":1,"featured_media":0,"parent":0,"menu_order":0,"comment_status":"closed","ping_status":"closed","template":"page-templates\/camere.php","meta":{"_acf_changed":false,"inline_featured_image":false,"footnotes":""},"class_list":["post-3632","page","type-page","status-publish","hentry"],"acf":[],"yoast_head":"<!-- This site is optimized with the Yoast SEO plugin v27.3 - https:\/\/yoast.com\/product\/yoast-seo-wordpress\/ -->\n<title>Chambres Sup\u00e9rieures - Family H\u00f4tel Sorriso \u00e0 Lido di Classe<\/title>\n<meta name=\"description\" content=\"Les solutions pour les familles nombreuses en vacances \u00e0 l\u2019H\u00f4tel Sorriso\u00a0: chambres quadruples ou quintuples \u00e9quip\u00e9es de lits doubles et simples.\" \/>\n<link rel=\"canonical\" href=\"https:\/\/www.hotelsorriso.net\/fr\/chambres-superior\/\" \/>\n<meta property=\"og:locale\" content=\"fr_FR\" \/>\n<meta property=\"og:type\" content=\"article\" \/>\n<meta property=\"og:title\" content=\"Chambres Sup\u00e9rieures - Family H\u00f4tel Sorriso \u00e0 Lido di Classe\" \/>\n<meta property=\"og:description\" content=\"Les solutions pour les familles nombreuses en vacances \u00e0 l\u2019H\u00f4tel Sorriso\u00a0: chambres quadruples ou quintuples \u00e9quip\u00e9es de lits doubles et simples.\" \/>\n<meta property=\"og:url\" content=\"https:\/\/www.hotelsorriso.net\/fr\/chambres-superior\/\" \/>\n<meta property=\"og:site_name\" content=\"Hotel Sorriso\" \/>\n<meta property=\"article:modified_time\" content=\"2026-03-25T09:17:46+00:00\" \/>\n<meta name=\"twitter:card\" content=\"summary_large_image\" \/>\n<meta name=\"twitter:label1\" content=\"Dur\u00e9e de lecture estim\u00e9e\" \/>\n\t<meta name=\"twitter:data1\" content=\"1 minute\" \/>\n<script type=\"application\/ld+json\" class=\"yoast-schema-graph\">{\"@context\":\"https:\\\/\\\/schema.org\",\"@graph\":[{\"@type\":\"WebPage\",\"@id\":\"https:\\\/\\\/www.hotelsorriso.net\\\/fr\\\/chambres-superior\\\/\",\"url\":\"https:\\\/\\\/www.hotelsorriso.net\\\/fr\\\/chambres-superior\\\/\",\"name\":\"Chambres Sup\u00e9rieures - Family H\u00f4tel Sorriso \u00e0 Lido di Classe\",\"isPartOf\":{\"@id\":\"https:\\\/\\\/www.hotelsorriso.net\\\/fr\\\/#website\"},\"datePublished\":\"2026-01-26T12:08:57+00:00\",\"dateModified\":\"2026-03-25T09:17:46+00:00\",\"description\":\"Les solutions pour les familles nombreuses en vacances \u00e0 l\u2019H\u00f4tel Sorriso\u00a0: chambres quadruples ou quintuples \u00e9quip\u00e9es de lits doubles et simples.\",\"breadcrumb\":{\"@id\":\"https:\\\/\\\/www.hotelsorriso.net\\\/fr\\\/chambres-superior\\\/#breadcrumb\"},\"inLanguage\":\"fr-FR\",\"potentialAction\":[{\"@type\":\"ReadAction\",\"target\":[\"https:\\\/\\\/www.hotelsorriso.net\\\/fr\\\/chambres-superior\\\/\"]}]},{\"@type\":\"BreadcrumbList\",\"@id\":\"https:\\\/\\\/www.hotelsorriso.net\\\/fr\\\/chambres-superior\\\/#breadcrumb\",\"itemListElement\":[{\"@type\":\"ListItem\",\"position\":1,\"name\":\"Home\",\"item\":\"https:\\\/\\\/www.hotelsorriso.net\\\/fr\\\/\"},{\"@type\":\"ListItem\",\"position\":2,\"name\":\"Chambres Sup\u00e9rieures\"}]},{\"@type\":\"WebSite\",\"@id\":\"https:\\\/\\\/www.hotelsorriso.net\\\/fr\\\/#website\",\"url\":\"https:\\\/\\\/www.hotelsorriso.net\\\/fr\\\/\",\"name\":\"Hotel Sorriso\",\"description\":\"\",\"potentialAction\":[{\"@type\":\"SearchAction\",\"target\":{\"@type\":\"EntryPoint\",\"urlTemplate\":\"https:\\\/\\\/www.hotelsorriso.net\\\/fr\\\/?s={search_term_string}\"},\"query-input\":{\"@type\":\"PropertyValueSpecification\",\"valueRequired\":true,\"valueName\":\"search_term_string\"}}],\"inLanguage\":\"fr-FR\"}]}<\/script>\n<!-- \/ Yoast SEO plugin. -->","yoast_head_json":{"title":"Chambres Sup\u00e9rieures - Family H\u00f4tel Sorriso \u00e0 Lido di Classe","description":"Les solutions pour les familles nombreuses en vacances \u00e0 l\u2019H\u00f4tel Sorriso\u00a0: chambres quadruples ou quintuples \u00e9quip\u00e9es de lits doubles et simples.","canonical":"https:\/\/www.hotelsorriso.net\/fr\/chambres-superior\/","og_locale":"fr_FR","og_type":"article","og_title":"Chambres Sup\u00e9rieures - Family H\u00f4tel Sorriso \u00e0 Lido di Classe","og_description":"Les solutions pour les familles nombreuses en vacances \u00e0 l\u2019H\u00f4tel Sorriso\u00a0: chambres quadruples ou quintuples \u00e9quip\u00e9es de lits doubles et simples.","og_url":"https:\/\/www.hotelsorriso.net\/fr\/chambres-superior\/","og_site_name":"Hotel Sorriso","article_modified_time":"2026-03-25T09:17:46+00:00","twitter_card":"summary_large_image","twitter_misc":{"Dur\u00e9e de lecture estim\u00e9e":"1 minute"},"schema":{"@context":"https:\/\/schema.org","@graph":[{"@type":"WebPage","@id":"https:\/\/www.hotelsorriso.net\/fr\/chambres-superior\/","url":"https:\/\/www.hotelsorriso.net\/fr\/chambres-superior\/","name":"Chambres Sup\u00e9rieures - Family H\u00f4tel Sorriso \u00e0 Lido di Classe","isPartOf":{"@id":"https:\/\/www.hotelsorriso.net\/fr\/#website"},"datePublished":"2026-01-26T12:08:57+00:00","dateModified":"2026-03-25T09:17:46+00:00","description":"Les solutions pour les familles nombreuses en vacances \u00e0 l\u2019H\u00f4tel Sorriso\u00a0: chambres quadruples ou quintuples \u00e9quip\u00e9es de lits doubles et simples.","breadcrumb":{"@id":"https:\/\/www.hotelsorriso.net\/fr\/chambres-superior\/#breadcrumb"},"inLanguage":"fr-FR","potentialAction":[{"@type":"ReadAction","target":["https:\/\/www.hotelsorriso.net\/fr\/chambres-superior\/"]}]},{"@type":"BreadcrumbList","@id":"https:\/\/www.hotelsorriso.net\/fr\/chambres-superior\/#breadcrumb","itemListElement":[{"@type":"ListItem","position":1,"name":"Home","item":"https:\/\/www.hotelsorriso.net\/fr\/"},{"@type":"ListItem","position":2,"name":"Chambres Sup\u00e9rieures"}]},{"@type":"WebSite","@id":"https:\/\/www.hotelsorriso.net\/fr\/#website","url":"https:\/\/www.hotelsorriso.net\/fr\/","name":"Hotel Sorriso","description":"","potentialAction":[{"@type":"SearchAction","target":{"@type":"EntryPoint","urlTemplate":"https:\/\/www.hotelsorriso.net\/fr\/?s={search_term_string}"},"query-input":{"@type":"PropertyValueSpecification","valueRequired":true,"valueName":"search_term_string"}}],"inLanguage":"fr-FR"}]}},"_links":{"self":[{"href":"https:\/\/www.hotelsorriso.net\/fr\/wp-json\/wp\/v2\/pages\/3632","targetHints":{"allow":["GET"]}}],"collection":[{"href":"https:\/\/www.hotelsorriso.net\/fr\/wp-json\/wp\/v2\/pages"}],"about":[{"href":"https:\/\/www.hotelsorriso.net\/fr\/wp-json\/wp\/v2\/types\/page"}],"author":[{"embeddable":true,"href":"https:\/\/www.hotelsorriso.net\/fr\/wp-json\/wp\/v2\/users\/1"}],"replies":[{"embeddable":true,"href":"https:\/\/www.hotelsorriso.net\/fr\/wp-json\/wp\/v2\/comments?post=3632"}],"version-history":[{"count":1,"href":"https:\/\/www.hotelsorriso.net\/fr\/wp-json\/wp\/v2\/pages\/3632\/revisions"}],"predecessor-version":[{"id":3633,"href":"https:\/\/www.hotelsorriso.net\/fr\/wp-json\/wp\/v2\/pages\/3632\/revisions\/3633"}],"wp:attachment":[{"href":"https:\/\/www.hotelsorriso.net\/fr\/wp-json\/wp\/v2\/media?parent=3632"}],"curies":[{"name":"wp","href":"https:\/\/api.w.org\/{rel}","templated":true}]}}