{"id":3630,"date":"2026-01-26T13:07:01","date_gmt":"2026-01-26T12:07:01","guid":{"rendered":"https:\/\/www.hotelsorriso.net\/chambres-a-theme\/"},"modified":"2026-03-24T11:15:22","modified_gmt":"2026-03-24T10:15:22","slug":"chambres-a-theme","status":"publish","type":"page","link":"https:\/\/www.hotelsorriso.net\/fr\/chambres-a-theme\/","title":{"rendered":"Chambres \u00e0 th\u00e8me"},"content":{"rendered":"\n<p>En tant que maman, je peux vous dire\u00a0: c\u2019est merveilleux de voir l\u2019\u00e9merveillement authentique dans les yeux des filles et des gar\u00e7ons, quand ils se sentent partie d\u2019un <b>monde fantastique!<\/b><\/p>\n\n\n\n<p>Les <b>cinq chambres \u00e0 th\u00e8me<\/b> de notre <b>Family H\u00f4tel \u00e0 Lido di Classe<\/b> sont n\u00e9es pr\u00e9cis\u00e9ment pour cela, leur offrir un voyage dans le voyage, avec des paysages sous-marins magnifiques, des sir\u00e8nes romantiques, des animaux de la jungle, des acrobates circassiens et des bois enchant\u00e9s.<\/p>\n","protected":false},"excerpt":{"rendered":"<p>En tant que maman, je peux vous dire\u00a0: c\u2019est merveilleux de voir l\u2019\u00e9merveillement authentique dans les yeux des filles et des gar\u00e7ons, quand ils se sentent partie d\u2019un monde fantastique! Les cinq chambres \u00e0 th\u00e8me de notre Family H\u00f4tel \u00e0 Lido di Classe sont n\u00e9es pr\u00e9cis\u00e9ment pour cela, leur offrir un voyage dans le voyage, [&hellip;]<\/p>\n","protected":false},"author":1,"featured_media":0,"parent":0,"menu_order":0,"comment_status":"closed","ping_status":"closed","template":"page-templates\/camere.php","meta":{"_acf_changed":false,"inline_featured_image":false,"footnotes":""},"class_list":["post-3630","page","type-page","status-publish","hentry"],"acf":[],"yoast_head":"<!-- This site is optimized with the Yoast SEO plugin v27.3 - https:\/\/yoast.com\/product\/yoast-seo-wordpress\/ -->\n<title>Chambres \u00e0 th\u00e8me - Family H\u00f4tel Sorriso \u00e0 Lido di Classe<\/title>\n<meta name=\"description\" content=\"Partez avec vos enfants pour une aventure magique dans nos chambres \u00e0 th\u00e8me\u00a0: cinq exp\u00e9riences uniques \u00e0 vivre.\" \/>\n<link rel=\"canonical\" href=\"https:\/\/www.hotelsorriso.net\/fr\/chambres-a-theme\/\" \/>\n<meta property=\"og:locale\" content=\"fr_FR\" \/>\n<meta property=\"og:type\" content=\"article\" \/>\n<meta property=\"og:title\" content=\"Chambres \u00e0 th\u00e8me - Family H\u00f4tel Sorriso \u00e0 Lido di Classe\" \/>\n<meta property=\"og:description\" content=\"Partez avec vos enfants pour une aventure magique dans nos chambres \u00e0 th\u00e8me\u00a0: cinq exp\u00e9riences uniques \u00e0 vivre.\" \/>\n<meta property=\"og:url\" content=\"https:\/\/www.hotelsorriso.net\/fr\/chambres-a-theme\/\" \/>\n<meta property=\"og:site_name\" content=\"Hotel Sorriso\" \/>\n<meta property=\"article:modified_time\" content=\"2026-03-24T10:15:22+00:00\" \/>\n<meta name=\"twitter:card\" content=\"summary_large_image\" \/>\n<meta name=\"twitter:label1\" content=\"Dur\u00e9e de lecture estim\u00e9e\" \/>\n\t<meta name=\"twitter:data1\" content=\"1 minute\" \/>\n<script type=\"application\/ld+json\" class=\"yoast-schema-graph\">{\"@context\":\"https:\\\/\\\/schema.org\",\"@graph\":[{\"@type\":\"WebPage\",\"@id\":\"https:\\\/\\\/www.hotelsorriso.net\\\/fr\\\/chambres-a-theme\\\/\",\"url\":\"https:\\\/\\\/www.hotelsorriso.net\\\/fr\\\/chambres-a-theme\\\/\",\"name\":\"Chambres \u00e0 th\u00e8me - Family H\u00f4tel Sorriso \u00e0 Lido di Classe\",\"isPartOf\":{\"@id\":\"https:\\\/\\\/www.hotelsorriso.net\\\/fr\\\/#website\"},\"datePublished\":\"2026-01-26T12:07:01+00:00\",\"dateModified\":\"2026-03-24T10:15:22+00:00\",\"description\":\"Partez avec vos enfants pour une aventure magique dans nos chambres \u00e0 th\u00e8me\u00a0: cinq exp\u00e9riences uniques \u00e0 vivre.\",\"breadcrumb\":{\"@id\":\"https:\\\/\\\/www.hotelsorriso.net\\\/fr\\\/chambres-a-theme\\\/#breadcrumb\"},\"inLanguage\":\"fr-FR\",\"potentialAction\":[{\"@type\":\"ReadAction\",\"target\":[\"https:\\\/\\\/www.hotelsorriso.net\\\/fr\\\/chambres-a-theme\\\/\"]}]},{\"@type\":\"BreadcrumbList\",\"@id\":\"https:\\\/\\\/www.hotelsorriso.net\\\/fr\\\/chambres-a-theme\\\/#breadcrumb\",\"itemListElement\":[{\"@type\":\"ListItem\",\"position\":1,\"name\":\"Home\",\"item\":\"https:\\\/\\\/www.hotelsorriso.net\\\/fr\\\/\"},{\"@type\":\"ListItem\",\"position\":2,\"name\":\"Chambres \u00e0 th\u00e8me\"}]},{\"@type\":\"WebSite\",\"@id\":\"https:\\\/\\\/www.hotelsorriso.net\\\/fr\\\/#website\",\"url\":\"https:\\\/\\\/www.hotelsorriso.net\\\/fr\\\/\",\"name\":\"Hotel Sorriso\",\"description\":\"\",\"potentialAction\":[{\"@type\":\"SearchAction\",\"target\":{\"@type\":\"EntryPoint\",\"urlTemplate\":\"https:\\\/\\\/www.hotelsorriso.net\\\/fr\\\/?s={search_term_string}\"},\"query-input\":{\"@type\":\"PropertyValueSpecification\",\"valueRequired\":true,\"valueName\":\"search_term_string\"}}],\"inLanguage\":\"fr-FR\"}]}<\/script>\n<!-- \/ Yoast SEO plugin. -->","yoast_head_json":{"title":"Chambres \u00e0 th\u00e8me - Family H\u00f4tel Sorriso \u00e0 Lido di Classe","description":"Partez avec vos enfants pour une aventure magique dans nos chambres \u00e0 th\u00e8me\u00a0: cinq exp\u00e9riences uniques \u00e0 vivre.","canonical":"https:\/\/www.hotelsorriso.net\/fr\/chambres-a-theme\/","og_locale":"fr_FR","og_type":"article","og_title":"Chambres \u00e0 th\u00e8me - Family H\u00f4tel Sorriso \u00e0 Lido di Classe","og_description":"Partez avec vos enfants pour une aventure magique dans nos chambres \u00e0 th\u00e8me\u00a0: cinq exp\u00e9riences uniques \u00e0 vivre.","og_url":"https:\/\/www.hotelsorriso.net\/fr\/chambres-a-theme\/","og_site_name":"Hotel Sorriso","article_modified_time":"2026-03-24T10:15:22+00:00","twitter_card":"summary_large_image","twitter_misc":{"Dur\u00e9e de lecture estim\u00e9e":"1 minute"},"schema":{"@context":"https:\/\/schema.org","@graph":[{"@type":"WebPage","@id":"https:\/\/www.hotelsorriso.net\/fr\/chambres-a-theme\/","url":"https:\/\/www.hotelsorriso.net\/fr\/chambres-a-theme\/","name":"Chambres \u00e0 th\u00e8me - Family H\u00f4tel Sorriso \u00e0 Lido di Classe","isPartOf":{"@id":"https:\/\/www.hotelsorriso.net\/fr\/#website"},"datePublished":"2026-01-26T12:07:01+00:00","dateModified":"2026-03-24T10:15:22+00:00","description":"Partez avec vos enfants pour une aventure magique dans nos chambres \u00e0 th\u00e8me\u00a0: cinq exp\u00e9riences uniques \u00e0 vivre.","breadcrumb":{"@id":"https:\/\/www.hotelsorriso.net\/fr\/chambres-a-theme\/#breadcrumb"},"inLanguage":"fr-FR","potentialAction":[{"@type":"ReadAction","target":["https:\/\/www.hotelsorriso.net\/fr\/chambres-a-theme\/"]}]},{"@type":"BreadcrumbList","@id":"https:\/\/www.hotelsorriso.net\/fr\/chambres-a-theme\/#breadcrumb","itemListElement":[{"@type":"ListItem","position":1,"name":"Home","item":"https:\/\/www.hotelsorriso.net\/fr\/"},{"@type":"ListItem","position":2,"name":"Chambres \u00e0 th\u00e8me"}]},{"@type":"WebSite","@id":"https:\/\/www.hotelsorriso.net\/fr\/#website","url":"https:\/\/www.hotelsorriso.net\/fr\/","name":"Hotel Sorriso","description":"","potentialAction":[{"@type":"SearchAction","target":{"@type":"EntryPoint","urlTemplate":"https:\/\/www.hotelsorriso.net\/fr\/?s={search_term_string}"},"query-input":{"@type":"PropertyValueSpecification","valueRequired":true,"valueName":"search_term_string"}}],"inLanguage":"fr-FR"}]}},"_links":{"self":[{"href":"https:\/\/www.hotelsorriso.net\/fr\/wp-json\/wp\/v2\/pages\/3630","targetHints":{"allow":["GET"]}}],"collection":[{"href":"https:\/\/www.hotelsorriso.net\/fr\/wp-json\/wp\/v2\/pages"}],"about":[{"href":"https:\/\/www.hotelsorriso.net\/fr\/wp-json\/wp\/v2\/types\/page"}],"author":[{"embeddable":true,"href":"https:\/\/www.hotelsorriso.net\/fr\/wp-json\/wp\/v2\/users\/1"}],"replies":[{"embeddable":true,"href":"https:\/\/www.hotelsorriso.net\/fr\/wp-json\/wp\/v2\/comments?post=3630"}],"version-history":[{"count":1,"href":"https:\/\/www.hotelsorriso.net\/fr\/wp-json\/wp\/v2\/pages\/3630\/revisions"}],"predecessor-version":[{"id":3631,"href":"https:\/\/www.hotelsorriso.net\/fr\/wp-json\/wp\/v2\/pages\/3630\/revisions\/3631"}],"wp:attachment":[{"href":"https:\/\/www.hotelsorriso.net\/fr\/wp-json\/wp\/v2\/media?parent=3630"}],"curies":[{"name":"wp","href":"https:\/\/api.w.org\/{rel}","templated":true}]}}