{"id":252,"date":"2026-01-26T11:03:02","date_gmt":"2026-01-26T10:03:02","guid":{"rendered":"https:\/\/www.hotelsorriso.net\/?page_id=252"},"modified":"2026-03-25T09:03:29","modified_gmt":"2026-03-25T08:03:29","slug":"homepage","status":"publish","type":"page","link":"https:\/\/www.hotelsorriso.net\/fr\/","title":{"rendered":"Page d\u2019accueil"},"content":{"rendered":"\n<p>Bonjour, je suis Francesca et je vous souhaite la bienvenue \u00e0 l\u2019<b>H\u00f4tel Sorriso<\/b>, un v\u00e9ritable <b>h\u00f4tel famille<\/b> <b>dans le centre de Lido di Classe!<\/b><\/p>\n\n\n\n<p>Vous savez, avant d\u2019\u00eatre une h\u00f4teli\u00e8re je suis une maman, c\u2019est pourquoi je veux que vous puissiez  retrouver le m\u00eame soin et les m\u00eames services que moi quand je vais en vacances. Par exemple, la formule <b>tout compris<\/b> pour vous d\u00e9tendre vraiment, <b>chambres \u00e0 th\u00e8me<\/b>, <b>animation<\/b> quotidienne, nounou et <b>services pour les b\u00e9b\u00e9s<\/b>. Et puis, nous sommes \u00e0 <b>seulement 5 km de Mirabilandia <\/b>et la <b>plage juste au-del\u00e0 de la pin\u00e8de<\/b>, \u00e0 seulement <b>50 m\u00e8tres<\/b>\u00a0: un excellent emplacement, pour des vacances entre mer et plaisir!<\/p>\n","protected":false},"excerpt":{"rendered":"<p>Bonjour, je suis Francesca et je vous souhaite la bienvenue \u00e0 l\u2019H\u00f4tel Sorriso, un v\u00e9ritable h\u00f4tel famille dans le centre de Lido di Classe! Vous savez, avant d\u2019\u00eatre une h\u00f4teli\u00e8re je suis une maman, c\u2019est pourquoi je veux que vous puissiez retrouver le m\u00eame soin et les m\u00eames services que moi quand je vais en [&hellip;]<\/p>\n","protected":false},"author":1,"featured_media":0,"parent":0,"menu_order":0,"comment_status":"closed","ping_status":"closed","template":"page-templates\/homepage.php","meta":{"_acf_changed":false,"inline_featured_image":false,"footnotes":""},"class_list":["post-252","page","type-page","status-publish","hentry"],"acf":[],"yoast_head":"<!-- This site is optimized with the Yoast SEO plugin v27.3 - https:\/\/yoast.com\/product\/yoast-seo-wordpress\/ -->\n<title>H\u00f4tel Sorriso \u2013 Family H\u00f4tel \u00e0 Lido di Classe pr\u00e8s de Mirabilandia<\/title>\n<meta name=\"description\" content=\"Family Hotel Sorriso \u00e0 Lido di Classe\u00a0: animation 7j\/7 jours, chambres \u00e0 th\u00e8me et formule tout compris pr\u00e8s de Mirabilandia et \u00e0 50 m\u00e8tres de la mer\" \/>\n<link rel=\"canonical\" href=\"https:\/\/www.hotelsorriso.net\/fr\/\" \/>\n<meta property=\"og:locale\" content=\"fr_FR\" \/>\n<meta property=\"og:type\" content=\"article\" \/>\n<meta property=\"og:title\" content=\"H\u00f4tel Sorriso \u2013 Family H\u00f4tel \u00e0 Lido di Classe pr\u00e8s de Mirabilandia\" \/>\n<meta property=\"og:description\" content=\"Family Hotel Sorriso \u00e0 Lido di Classe\u00a0: animation 7j\/7 jours, chambres \u00e0 th\u00e8me et formule tout compris pr\u00e8s de Mirabilandia et \u00e0 50 m\u00e8tres de la mer\" \/>\n<meta property=\"og:url\" content=\"https:\/\/www.hotelsorriso.net\/fr\/\" \/>\n<meta property=\"og:site_name\" content=\"Hotel Sorriso\" \/>\n<meta property=\"article:modified_time\" content=\"2026-03-25T08:03:29+00:00\" \/>\n<meta name=\"twitter:card\" content=\"summary_large_image\" \/>\n<meta name=\"twitter:label1\" content=\"Dur\u00e9e de lecture estim\u00e9e\" \/>\n\t<meta name=\"twitter:data1\" content=\"1 minute\" \/>\n<script type=\"application\/ld+json\" class=\"yoast-schema-graph\">{\"@context\":\"https:\\\/\\\/schema.org\",\"@graph\":[{\"@type\":\"WebPage\",\"@id\":\"https:\\\/\\\/www.hotelsorriso.net\\\/fr\\\/\",\"url\":\"https:\\\/\\\/www.hotelsorriso.net\\\/fr\\\/\",\"name\":\"H\u00f4tel Sorriso \u2013 Family H\u00f4tel \u00e0 Lido di Classe pr\u00e8s de Mirabilandia\",\"isPartOf\":{\"@id\":\"https:\\\/\\\/www.hotelsorriso.net\\\/fr\\\/#website\"},\"datePublished\":\"2026-01-26T10:03:02+00:00\",\"dateModified\":\"2026-03-25T08:03:29+00:00\",\"description\":\"Family Hotel Sorriso \u00e0 Lido di Classe\u00a0: animation 7j\\\/7 jours, chambres \u00e0 th\u00e8me et formule tout compris pr\u00e8s de Mirabilandia et \u00e0 50 m\u00e8tres de la mer\",\"breadcrumb\":{\"@id\":\"https:\\\/\\\/www.hotelsorriso.net\\\/fr\\\/#breadcrumb\"},\"inLanguage\":\"fr-FR\",\"potentialAction\":[{\"@type\":\"ReadAction\",\"target\":[\"https:\\\/\\\/www.hotelsorriso.net\\\/fr\\\/\"]}]},{\"@type\":\"BreadcrumbList\",\"@id\":\"https:\\\/\\\/www.hotelsorriso.net\\\/fr\\\/#breadcrumb\",\"itemListElement\":[{\"@type\":\"ListItem\",\"position\":1,\"name\":\"Home\",\"item\":\"https:\\\/\\\/www.hotelsorriso.net\\\/fr\\\/\"},{\"@type\":\"ListItem\",\"position\":2,\"name\":\"Page d\u2019accueil\"}]},{\"@type\":\"WebSite\",\"@id\":\"https:\\\/\\\/www.hotelsorriso.net\\\/fr\\\/#website\",\"url\":\"https:\\\/\\\/www.hotelsorriso.net\\\/fr\\\/\",\"name\":\"Hotel Sorriso\",\"description\":\"\",\"potentialAction\":[{\"@type\":\"SearchAction\",\"target\":{\"@type\":\"EntryPoint\",\"urlTemplate\":\"https:\\\/\\\/www.hotelsorriso.net\\\/fr\\\/?s={search_term_string}\"},\"query-input\":{\"@type\":\"PropertyValueSpecification\",\"valueRequired\":true,\"valueName\":\"search_term_string\"}}],\"inLanguage\":\"fr-FR\"}]}<\/script>\n<!-- \/ Yoast SEO plugin. -->","yoast_head_json":{"title":"H\u00f4tel Sorriso \u2013 Family H\u00f4tel \u00e0 Lido di Classe pr\u00e8s de Mirabilandia","description":"Family Hotel Sorriso \u00e0 Lido di Classe\u00a0: animation 7j\/7 jours, chambres \u00e0 th\u00e8me et formule tout compris pr\u00e8s de Mirabilandia et \u00e0 50 m\u00e8tres de la mer","canonical":"https:\/\/www.hotelsorriso.net\/fr\/","og_locale":"fr_FR","og_type":"article","og_title":"H\u00f4tel Sorriso \u2013 Family H\u00f4tel \u00e0 Lido di Classe pr\u00e8s de Mirabilandia","og_description":"Family Hotel Sorriso \u00e0 Lido di Classe\u00a0: animation 7j\/7 jours, chambres \u00e0 th\u00e8me et formule tout compris pr\u00e8s de Mirabilandia et \u00e0 50 m\u00e8tres de la mer","og_url":"https:\/\/www.hotelsorriso.net\/fr\/","og_site_name":"Hotel Sorriso","article_modified_time":"2026-03-25T08:03:29+00:00","twitter_card":"summary_large_image","twitter_misc":{"Dur\u00e9e de lecture estim\u00e9e":"1 minute"},"schema":{"@context":"https:\/\/schema.org","@graph":[{"@type":"WebPage","@id":"https:\/\/www.hotelsorriso.net\/fr\/","url":"https:\/\/www.hotelsorriso.net\/fr\/","name":"H\u00f4tel Sorriso \u2013 Family H\u00f4tel \u00e0 Lido di Classe pr\u00e8s de Mirabilandia","isPartOf":{"@id":"https:\/\/www.hotelsorriso.net\/fr\/#website"},"datePublished":"2026-01-26T10:03:02+00:00","dateModified":"2026-03-25T08:03:29+00:00","description":"Family Hotel Sorriso \u00e0 Lido di Classe\u00a0: animation 7j\/7 jours, chambres \u00e0 th\u00e8me et formule tout compris pr\u00e8s de Mirabilandia et \u00e0 50 m\u00e8tres de la mer","breadcrumb":{"@id":"https:\/\/www.hotelsorriso.net\/fr\/#breadcrumb"},"inLanguage":"fr-FR","potentialAction":[{"@type":"ReadAction","target":["https:\/\/www.hotelsorriso.net\/fr\/"]}]},{"@type":"BreadcrumbList","@id":"https:\/\/www.hotelsorriso.net\/fr\/#breadcrumb","itemListElement":[{"@type":"ListItem","position":1,"name":"Home","item":"https:\/\/www.hotelsorriso.net\/fr\/"},{"@type":"ListItem","position":2,"name":"Page d\u2019accueil"}]},{"@type":"WebSite","@id":"https:\/\/www.hotelsorriso.net\/fr\/#website","url":"https:\/\/www.hotelsorriso.net\/fr\/","name":"Hotel Sorriso","description":"","potentialAction":[{"@type":"SearchAction","target":{"@type":"EntryPoint","urlTemplate":"https:\/\/www.hotelsorriso.net\/fr\/?s={search_term_string}"},"query-input":{"@type":"PropertyValueSpecification","valueRequired":true,"valueName":"search_term_string"}}],"inLanguage":"fr-FR"}]}},"_links":{"self":[{"href":"https:\/\/www.hotelsorriso.net\/fr\/wp-json\/wp\/v2\/pages\/252","targetHints":{"allow":["GET"]}}],"collection":[{"href":"https:\/\/www.hotelsorriso.net\/fr\/wp-json\/wp\/v2\/pages"}],"about":[{"href":"https:\/\/www.hotelsorriso.net\/fr\/wp-json\/wp\/v2\/types\/page"}],"author":[{"embeddable":true,"href":"https:\/\/www.hotelsorriso.net\/fr\/wp-json\/wp\/v2\/users\/1"}],"replies":[{"embeddable":true,"href":"https:\/\/www.hotelsorriso.net\/fr\/wp-json\/wp\/v2\/comments?post=252"}],"version-history":[{"count":4,"href":"https:\/\/www.hotelsorriso.net\/fr\/wp-json\/wp\/v2\/pages\/252\/revisions"}],"predecessor-version":[{"id":3717,"href":"https:\/\/www.hotelsorriso.net\/fr\/wp-json\/wp\/v2\/pages\/252\/revisions\/3717"}],"wp:attachment":[{"href":"https:\/\/www.hotelsorriso.net\/fr\/wp-json\/wp\/v2\/media?parent=252"}],"curies":[{"name":"wp","href":"https:\/\/api.w.org\/{rel}","templated":true}]}}