{"id":3536,"date":"2026-02-19T08:41:16","date_gmt":"2026-02-19T07:41:16","guid":{"rendered":"https:\/\/www.hotelsorriso.net\/verbindungszimmer\/"},"modified":"2026-03-24T11:27:04","modified_gmt":"2026-03-24T10:27:04","slug":"verbindungszimmer","status":"publish","type":"page","link":"https:\/\/www.hotelsorriso.net\/de\/verbindungszimmer\/","title":{"rendered":"Verbindungszimmer"},"content":{"rendered":"\n\n\n<p>Die bevorzugten Zimmer f\u00fcr diejenigen, die im Urlaub die richtige <b>Unabh\u00e4ngigkeit<\/b> w\u00fcnschen: <b>zwei miteinander verbundene Zimmer<\/b>, eines mit <b>Ehebett<\/b> und eines mit <b>Ehebett und Einzelbett<\/b>, mit insgesamt f\u00fcnf Betten! Auch die <b>Balkone <\/b>und <b>Fernseher <\/b>sind <b>doppelt vorhanden<\/b>, dagegen der Eingang hat einen kleinen gemeinsamen Flur und ein Badezimmer.<\/p>\n","protected":false},"excerpt":{"rendered":"<p>Die bevorzugten Zimmer f\u00fcr diejenigen, die im Urlaub die richtige Unabh\u00e4ngigkeit w\u00fcnschen: zwei miteinander verbundene Zimmer, eines mit Ehebett und eines mit Ehebett und Einzelbett, mit insgesamt f\u00fcnf Betten! Auch die Balkone und Fernseher sind doppelt vorhanden, dagegen der Eingang hat einen kleinen gemeinsamen Flur und ein Badezimmer.<\/p>\n","protected":false},"author":1,"featured_media":0,"parent":0,"menu_order":0,"comment_status":"closed","ping_status":"closed","template":"page-templates\/camere.php","meta":{"_acf_changed":false,"inline_featured_image":false,"footnotes":""},"class_list":["post-3536","page","type-page","status-publish","hentry"],"acf":[],"yoast_head":"<!-- This site is optimized with the Yoast SEO plugin v27.6 - https:\/\/yoast.com\/product\/yoast-seo-wordpress\/ -->\n<title>Verbindungszimmer - Family Hotel Sorriso in Lido di Classe<\/title>\n<meta name=\"description\" content=\"Die Verbindungszimmer des Hotel Sorriso mit zwei Balkonen sind die perfekte Wahl f\u00fcr diejenigen, die die richtige Unabh\u00e4ngigkeit w\u00fcnschen.\" \/>\n<link rel=\"canonical\" href=\"https:\/\/www.hotelsorriso.net\/de\/verbindungszimmer\/\" \/>\n<meta property=\"og:locale\" content=\"de_DE\" \/>\n<meta property=\"og:type\" content=\"article\" \/>\n<meta property=\"og:title\" content=\"Verbindungszimmer - Family Hotel Sorriso in Lido di Classe\" \/>\n<meta property=\"og:description\" content=\"Die Verbindungszimmer des Hotel Sorriso mit zwei Balkonen sind die perfekte Wahl f\u00fcr diejenigen, die die richtige Unabh\u00e4ngigkeit w\u00fcnschen.\" \/>\n<meta property=\"og:url\" content=\"https:\/\/www.hotelsorriso.net\/de\/verbindungszimmer\/\" \/>\n<meta property=\"og:site_name\" content=\"Hotel Sorriso\" \/>\n<meta property=\"article:modified_time\" content=\"2026-03-24T10:27:04+00:00\" \/>\n<meta name=\"twitter:card\" content=\"summary_large_image\" \/>\n<meta name=\"twitter:label1\" content=\"Gesch\u00e4tzte Lesezeit\" \/>\n\t<meta name=\"twitter:data1\" content=\"1\u00a0Minute\" \/>\n<script type=\"application\/ld+json\" class=\"yoast-schema-graph\">{\"@context\":\"https:\\\/\\\/schema.org\",\"@graph\":[{\"@type\":\"WebPage\",\"@id\":\"https:\\\/\\\/www.hotelsorriso.net\\\/de\\\/verbindungszimmer\\\/\",\"url\":\"https:\\\/\\\/www.hotelsorriso.net\\\/de\\\/verbindungszimmer\\\/\",\"name\":\"Verbindungszimmer - Family Hotel Sorriso in Lido di Classe\",\"isPartOf\":{\"@id\":\"https:\\\/\\\/www.hotelsorriso.net\\\/de\\\/#website\"},\"datePublished\":\"2026-02-19T07:41:16+00:00\",\"dateModified\":\"2026-03-24T10:27:04+00:00\",\"description\":\"Die Verbindungszimmer des Hotel Sorriso mit zwei Balkonen sind die perfekte Wahl f\u00fcr diejenigen, die die richtige Unabh\u00e4ngigkeit w\u00fcnschen.\",\"breadcrumb\":{\"@id\":\"https:\\\/\\\/www.hotelsorriso.net\\\/de\\\/verbindungszimmer\\\/#breadcrumb\"},\"inLanguage\":\"de\",\"potentialAction\":[{\"@type\":\"ReadAction\",\"target\":[\"https:\\\/\\\/www.hotelsorriso.net\\\/de\\\/verbindungszimmer\\\/\"]}]},{\"@type\":\"BreadcrumbList\",\"@id\":\"https:\\\/\\\/www.hotelsorriso.net\\\/de\\\/verbindungszimmer\\\/#breadcrumb\",\"itemListElement\":[{\"@type\":\"ListItem\",\"position\":1,\"name\":\"Home\",\"item\":\"https:\\\/\\\/www.hotelsorriso.net\\\/de\\\/\"},{\"@type\":\"ListItem\",\"position\":2,\"name\":\"Verbindungszimmer\"}]},{\"@type\":\"WebSite\",\"@id\":\"https:\\\/\\\/www.hotelsorriso.net\\\/de\\\/#website\",\"url\":\"https:\\\/\\\/www.hotelsorriso.net\\\/de\\\/\",\"name\":\"Hotel Sorriso\",\"description\":\"\",\"potentialAction\":[{\"@type\":\"SearchAction\",\"target\":{\"@type\":\"EntryPoint\",\"urlTemplate\":\"https:\\\/\\\/www.hotelsorriso.net\\\/de\\\/?s={search_term_string}\"},\"query-input\":{\"@type\":\"PropertyValueSpecification\",\"valueRequired\":true,\"valueName\":\"search_term_string\"}}],\"inLanguage\":\"de\"}]}<\/script>\n<!-- \/ Yoast SEO plugin. -->","yoast_head_json":{"title":"Verbindungszimmer - Family Hotel Sorriso in Lido di Classe","description":"Die Verbindungszimmer des Hotel Sorriso mit zwei Balkonen sind die perfekte Wahl f\u00fcr diejenigen, die die richtige Unabh\u00e4ngigkeit w\u00fcnschen.","canonical":"https:\/\/www.hotelsorriso.net\/de\/verbindungszimmer\/","og_locale":"de_DE","og_type":"article","og_title":"Verbindungszimmer - Family Hotel Sorriso in Lido di Classe","og_description":"Die Verbindungszimmer des Hotel Sorriso mit zwei Balkonen sind die perfekte Wahl f\u00fcr diejenigen, die die richtige Unabh\u00e4ngigkeit w\u00fcnschen.","og_url":"https:\/\/www.hotelsorriso.net\/de\/verbindungszimmer\/","og_site_name":"Hotel Sorriso","article_modified_time":"2026-03-24T10:27:04+00:00","twitter_card":"summary_large_image","twitter_misc":{"Gesch\u00e4tzte Lesezeit":"1\u00a0Minute"},"schema":{"@context":"https:\/\/schema.org","@graph":[{"@type":"WebPage","@id":"https:\/\/www.hotelsorriso.net\/de\/verbindungszimmer\/","url":"https:\/\/www.hotelsorriso.net\/de\/verbindungszimmer\/","name":"Verbindungszimmer - Family Hotel Sorriso in Lido di Classe","isPartOf":{"@id":"https:\/\/www.hotelsorriso.net\/de\/#website"},"datePublished":"2026-02-19T07:41:16+00:00","dateModified":"2026-03-24T10:27:04+00:00","description":"Die Verbindungszimmer des Hotel Sorriso mit zwei Balkonen sind die perfekte Wahl f\u00fcr diejenigen, die die richtige Unabh\u00e4ngigkeit w\u00fcnschen.","breadcrumb":{"@id":"https:\/\/www.hotelsorriso.net\/de\/verbindungszimmer\/#breadcrumb"},"inLanguage":"de","potentialAction":[{"@type":"ReadAction","target":["https:\/\/www.hotelsorriso.net\/de\/verbindungszimmer\/"]}]},{"@type":"BreadcrumbList","@id":"https:\/\/www.hotelsorriso.net\/de\/verbindungszimmer\/#breadcrumb","itemListElement":[{"@type":"ListItem","position":1,"name":"Home","item":"https:\/\/www.hotelsorriso.net\/de\/"},{"@type":"ListItem","position":2,"name":"Verbindungszimmer"}]},{"@type":"WebSite","@id":"https:\/\/www.hotelsorriso.net\/de\/#website","url":"https:\/\/www.hotelsorriso.net\/de\/","name":"Hotel Sorriso","description":"","potentialAction":[{"@type":"SearchAction","target":{"@type":"EntryPoint","urlTemplate":"https:\/\/www.hotelsorriso.net\/de\/?s={search_term_string}"},"query-input":{"@type":"PropertyValueSpecification","valueRequired":true,"valueName":"search_term_string"}}],"inLanguage":"de"}]}},"_links":{"self":[{"href":"https:\/\/www.hotelsorriso.net\/de\/wp-json\/wp\/v2\/pages\/3536","targetHints":{"allow":["GET"]}}],"collection":[{"href":"https:\/\/www.hotelsorriso.net\/de\/wp-json\/wp\/v2\/pages"}],"about":[{"href":"https:\/\/www.hotelsorriso.net\/de\/wp-json\/wp\/v2\/types\/page"}],"author":[{"embeddable":true,"href":"https:\/\/www.hotelsorriso.net\/de\/wp-json\/wp\/v2\/users\/1"}],"replies":[{"embeddable":true,"href":"https:\/\/www.hotelsorriso.net\/de\/wp-json\/wp\/v2\/comments?post=3536"}],"version-history":[{"count":1,"href":"https:\/\/www.hotelsorriso.net\/de\/wp-json\/wp\/v2\/pages\/3536\/revisions"}],"predecessor-version":[{"id":3537,"href":"https:\/\/www.hotelsorriso.net\/de\/wp-json\/wp\/v2\/pages\/3536\/revisions\/3537"}],"wp:attachment":[{"href":"https:\/\/www.hotelsorriso.net\/de\/wp-json\/wp\/v2\/media?parent=3536"}],"curies":[{"name":"wp","href":"https:\/\/api.w.org\/{rel}","templated":true}]}}