{"id":3532,"date":"2026-01-26T13:26:02","date_gmt":"2026-01-26T12:26:02","guid":{"rendered":"https:\/\/www.hotelsorriso.net\/datenschutzbestimmungen\/"},"modified":"2026-03-25T10:33:22","modified_gmt":"2026-03-25T09:33:22","slug":"privacy-policy","status":"publish","type":"page","link":"https:\/\/www.hotelsorriso.net\/de\/privacy-policy\/","title":{"rendered":"Datenschutzbestimmungen"},"content":{"rendered":"\n<h2 class=\"wp-block-heading\">Art der Daten\u00fcbermittlung<\/h2>\n\n\n<p><!-- \/wp:post-content --><\/p>\n<p><!-- wp:paragraph --><\/p>\n<p><strong>Die angeforderten personenbezogenen Daten werden von unserer Website gesammelt und auf elektronischen Datentr\u00e4gern verarbeitet, um Kontaktanfragen und Informationen zu erf\u00fcllen.<\/strong><\/p>\n<p><!-- \/wp:paragraph --><\/p>\n<p><!-- wp:paragraph --><\/p>\n<h2>Inhaber der Datenverarbeitung<\/h2>\n<p><!-- \/wp:paragraph --><\/p>\n<p><!-- \/wp:heading --><\/p>\n<p><!-- wp:paragraph --><\/p>\n<p><strong>HOTEL SORRISO S.N.C. DI CORALLO S.R.L. E C.<\/strong><\/p>\n<p><strong><!-- \/wp:paragraph --><\/strong><\/p>\n<p><strong><!-- wp:paragraph --><\/strong><\/p>\n<p><strong>P.IVA e Cod. Fiscale 01005930407<\/strong><\/p>\n<p><strong><!-- \/wp:paragraph --><\/strong><\/p>\n<p><strong><!-- wp:paragraph --><\/strong><\/p>\n<p><strong>47521 Cesena (FC) Via Leopoldo Lucchi 135<\/strong><\/p>\n<p><!-- \/wp:paragraph --><\/p>\n<p><!-- wp:paragraph --><\/p>\n<p><strong>E-Mail:<\/strong> <a href=\"mailto:info@hotelsorriso.net\">info@hotelsorriso.net<\/a><\/p>\n<p><!-- \/wp:paragraph --><\/p>\n<p><!-- wp:paragraph --><\/p>\n<h2>Verantwortlicher f\u00fcr die Verarbeitung der Daten<\/h2>\n<p><!-- \/wp:paragraph --><\/p>\n<p><!-- \/wp:heading --><\/p>\n<p><!-- wp:paragraph --><\/p>\n<p>Die personenbezogenen Daten der Nutzer k\u00f6nnen Dritten bekannt gegeben werden, die im Auftrag des Verantwortlichen als &#8222;externe Auftragsverarbeiter&#8220; personenbezogene Daten verarbeiten, wie beispielsweise, Anbieter von IT-Dienstleistungen, die f\u00fcr den Betrieb des Unternehmens relevant sind, Outsourcing- oder Cloud-Computing-Dienstleister, Fachleute und Berater.<\/p>\n<p><!-- \/wp:paragraph --><\/p>\n<p><!-- wp:paragraph --><\/p>\n<p>Die Nutzer haben das Recht, eine Liste aller vom Anbieter ernannten Datenverarbeiter zu erhalten, indem sie sich mit den unten angegebenen Modalit\u00e4ten an den Anbieter wenden.<\/p>\n<p><!-- \/wp:paragraph --><\/p>\n<p><!-- wp:paragraph --><\/p>\n<h2>Verarbeitungszweck<\/h2>\n<p><!-- \/wp:paragraph --><\/p>\n<p><!-- \/wp:heading --><\/p>\n<p><!-- wp:paragraph --><\/p>\n<p>Die \u00fcbermittelten Daten werden vom Verantwortlichen f\u00fcr folgende Zwecke und in \u00dcbereinstimmung mit der EU-Verordnung 2016\/679 (DSGVO) aufbewahrt:<\/p>\n<p><!-- \/wp:paragraph --><\/p>\n<p><!-- wp:paragraph --><\/p>\n<p>1. technische Cookies auf dem Ger\u00e4t des Benutzers &#8211; optional gem\u00e4\u00df der Cookie-Richtlinie zu installieren;<\/p>\n<p>2. die Daten Dritten zur Verf\u00fcgung zu stellen, soweit dies unbedingt erforderlich ist, um die von der betroffenen Person angeforderten Dienstleistungen (Buchungsabwicklung, Informationsanfragen, eventuelle Bereitstellung, Kostenvoranschl\u00e4ge usw.) auszuf\u00fchren oder um gesetzliche Vorschriften umzusetzen;<\/p>\n<p><!-- \/wp:paragraph --><\/p>\n<p><!-- wp:paragraph --><\/p>\n<p><!-- \/wp:paragraph --><\/p>\n<p><!-- wp:paragraph --><\/p>\n<p>3. die Benutzerdaten zu verwalten, um R\u00fcckmeldungen zu geben;<\/p>\n<p><!-- \/wp:paragraph --><\/p>\n<p><!-- wp:paragraph --><\/p>\n<p>4. die Antr\u00e4ge auf Aus\u00fcbung der Rechte des Betroffenen auszuf\u00fchren;<\/p>\n<p><!-- \/wp:paragraph --><\/p>\n<p><!-- wp:paragraph --><\/p>\n<p>5. eine korrekte und rechtm\u00e4\u00dfige Verarbeitung der Daten unter Wahrung der Vertraulichkeit zu gew\u00e4hrleisten, auch durch die Anwendung geeigneter Sicherheitsma\u00dfnahmen.<\/p>\n<p><!-- \/wp:paragraph --><\/p>\n<p><!-- wp:paragraph --><\/p>\n<p>6. Versand von Werbeangeboten und anderen Serviceinformationen durch die Anmeldung zu unserem Newsletter-Service.<\/p>\n<p><!-- \/wp:paragraph --><\/p>\n<p><!-- wp:paragraph --><\/p>\n<p>7. Um Ihre Anfragen zu erf\u00fcllen, kann die unterzeichnende Gesellschaft mit Ihrer Zustimmung Ihre Daten an das f\u00fcr die Verarbeitung verantwortliche Unternehmen &#8222;HOTEL KRONE S.N.C. DI CORALLO S.R.L. E C.&#8220; mit Sitz in Cesena (FC), Via Leopoldo Lucchi Nr. 135, weitergeben. &#8211; Operativer Sitz: Viale F.lli Vivaldi Nr. 38, Ravenna (RA), um Ihre Buchung von Unterkunftsdienstleistungen und Nebenleistungen zu erwerben und zu best\u00e4tigen und die angeforderten Dienstleistungen bereitzustellen.<\/p>\n<p><!-- \/wp:paragraph --><\/p>\n<p><!-- wp:paragraph --><\/p>\n<p><strong>Alle im Rahmen dieser Website durchgef\u00fchrten Verarbeitungen werden mit elektronischen oder telematischen Mitteln durchgef\u00fchrt, wobei die Logik den Zwecken entspricht, f\u00fcr die die Daten erworben wurden, und in \u00dcbereinstimmung mit den geltenden Sicherheitsvorschriften zu den angegebenen Zwecken. Die Einwilligung f\u00fcr diese Verarbeitungen, mit Ausnahme der Einwilligung zur Installation optionaler Cookies, ist zwingend erforderlich; eine eventuelle Ablehnung f\u00fchrt dazu, dass die in den Punkten 1 bis 5 dieses Absatzes aufgef\u00fchrten T\u00e4tigkeiten nicht mehr verwaltet werden k\u00f6nnen.<\/strong><\/p>\n<p><strong><!-- \/wp:paragraph --><\/strong><\/p>\n<p><strong><!-- wp:paragraph --><\/strong><\/p>\n<p><strong>In Bezug auf Punkt 6 ist Ihre ausdr\u00fcckliche Zustimmung erforderlich. Diese Zustimmung ist freiwillig, Ihre Ablehnung dieser Art der Verarbeitung schlie\u00dft die Verwaltung der von uns erbrachten Dienstleistungen nicht aus.<\/strong><\/p>\n<p><strong><!-- \/wp:paragraph --><\/strong><\/p>\n<p><strong><!-- wp:paragraph --><\/strong><\/p>\n<p><strong>In Bezug auf Punkt 7 ist Ihre Zustimmung erforderlich. Diese Zustimmung ist freiwillig, Ihre Ablehnung dieser Art der Verarbeitung schlie\u00dft die Verwaltung der von uns erbrachten Dienstleistungen nicht aus.<\/strong><\/p>\n<p><!-- \/wp:paragraph --><\/p>\n<p><!-- wp:paragraph --><\/p>\n<h2>Datenempf\u00e4ger<\/h2>\n<p><!-- \/wp:paragraph --><\/p>\n<p><!-- \/wp:heading --><\/p>\n<p><!-- wp:paragraph --><\/p>\n<p>F\u00fcr Zwecke im Zusammenhang mit der Bereitstellung des Dienstes, zu dem die betroffene Person zugestimmt hat, werden die Daten Dritten zur Verf\u00fcgung gestellt, die als Datenverarbeiter fungieren. und die Dienstleistungen erbringen, die zur Erf\u00fcllung der Anfrage des Nutzers erforderlich sind oder an die die Mitteilung der Daten zur Einhaltung von gesetzlichen Vorschriften, Verordnungen oder EU-Rechtsvorschriften (z. B. \u00f6ffentliche Einrichtungen) erforderlich ist. Sie k\u00f6nnen auch den Strafverfolgungsbeh\u00f6rden zur Verf\u00fcgung gestellt werden (z. B.: Pr\u00e4vention und Bek\u00e4mpfung von Straftaten, einschlie\u00dflich Cyber-Kriminalit\u00e4t), Richter, Beh\u00f6rden und \u00f6ffentliche Einrichtungen, die f\u00fcr einzelne Angelegenheiten zust\u00e4ndig sind, f\u00fcr ihre institutionellen Aktivit\u00e4ten oder im Falle der Geltendmachung oder Verteidigung ihrer Rechte vor Gericht. Die Namensliste dieser Dritten kann direkt vom Inhaber auf die in dieser Datenschutzerkl\u00e4rung angegebene Weise angefordert werden. Die personenbezogenen Daten werden Personen zur Verf\u00fcgung gestellt, die vom Verantwortlichen ausdr\u00fccklich dazu erm\u00e4chtigt wurden &#8211; und zu diesem Zweck von den f\u00fcr die Verarbeitung autorisierten Personen ernannt wurden -, die Verarbeitungst\u00e4tigkeiten durchf\u00fchren, die f\u00fcr die Verfolgung der oben genannten Zwecke unerl\u00e4sslich sind; Die Kategorien der beauftragten Personen werden jeweils in der Erkl\u00e4rung angegeben. Im Allgemeinen handelt es sich um die Personen, die f\u00fcr die Erbringung der spezifischen Dienstleistungen, die Verwaltung und das Management der Informationsdienste zust\u00e4ndig sind. <br \/>Die \u00fcbermittelten Daten werden nicht au\u00dferhalb des Gemeinschaftsgebiets \u00fcbermittelt.<\/p>\n<p><!-- \/wp:paragraph --><\/p>\n<p><!-- wp:paragraph --><\/p>\n<p><!-- \/wp:paragraph --><\/p>\n<p><!-- wp:paragraph --><\/p>\n<h2>Aufbewahrungsfrist<\/h2>\n<p><!-- \/wp:paragraph --><\/p>\n<p><!-- \/wp:heading --><\/p>\n<p><!-- wp:paragraph --><\/p>\n<p>Auf der Grundlage der festgelegten Zwecke werden die folgenden Aufbewahrungsfristen festgelegt:<\/p>\n<p><!-- \/wp:paragraph --><\/p>\n<p><!-- wp:paragraph --><\/p>\n<p>1. Installation von technischen und analytischen Cookies auf dem Ger\u00e4t des Benutzers sowie andere optionale Cookies: wie in unserer Cookie-Richtlinie auf derselben Website angegeben.<\/p>\n<p><!-- \/wp:paragraph --><\/p>\n<p><!-- wp:paragraph --><\/p>\n<p>2. die Daten Dritten zur Verf\u00fcgung zu stellen, soweit dies unbedingt notwendig ist, um die von der betroffenen Person angeforderten Dienstleistungen auszuf\u00fchren oder um gesetzliche Vorschriften umzusetzen: bis zum Antrag auf L\u00f6schung durch den Nutzer oder f\u00fcr die von den gesetzlichen Vorschriften festgelegten Zeitr\u00e4ume;<\/p>\n<p><!-- \/wp:paragraph --><\/p>\n<p><!-- wp:paragraph --><\/p>\n<p>3. die Antr\u00e4ge auf Aus\u00fcbung der Rechte der betroffenen Person ausf\u00fchren: bis zu 10 Jahre ab der Erhebung.<\/p>\n<p><!-- \/wp:paragraph --><\/p>\n<p><!-- wp:paragraph --><\/p>\n<p>Die Aufbewahrungsfristen f\u00fcr personenbezogene Daten sind in unseren Protokollen der Verarbeitungsaktivit\u00e4ten dokumentiert.<\/p>\n<p><!-- \/wp:paragraph --><\/p>\n<p><!-- wp:paragraph --><\/p>\n<p>In Bezug auf die Marketingverarbeitung (siehe Punkt 6 Verarbeitungen) ist die Aufbewahrungsfrist in 7 Jahren ab Ihrer Anmeldung bei unserem spezifischen Service vorgesehen.<\/p>\n<p><!-- \/wp:paragraph --><\/p>\n<p><!-- wp:paragraph --><\/p>\n<h2>Betroffenenrechte<\/h2>\n<p><!-- \/wp:paragraph --><\/p>\n<p><!-- \/wp:heading --><\/p>\n<p><!-- wp:paragraph --><\/p>\n<p>Die betroffenen Personen haben folgende Rechte:<br \/>&#8211; Recht auf Zugang zu den Daten (Art. 15 EU-Verordnung 2016\/679)<br \/>&#8211; Recht auf Berichtigung (Art. 16 EU-Verordnung 2016\/679)<br \/>&#8211; Recht auf L\u00f6schung (Art. 17 EU-Verordnung 2016\/679)<br \/>&#8211; Recht auf Einschr\u00e4nkung (Art. 18 EU-Verordnung 2016\/679)<br \/>&#8211; Recht auf Daten\u00fcbertragbarkeit (Art. 20 EU-Verordnung 2016\/679)<br \/>&#8211; Widerspruchsrecht (Art. 21 EU-Verordnung 2016\/679)<br \/>Die betroffene Person hat das Recht, ihre Einwilligung jederzeit zu widerrufen, sofern die Erhebung der Daten durch den Verantwortlichen nach Erteilung einer Einwilligung erfolgt.<\/p>\n<p><!-- \/wp:paragraph --><\/p>\n<p><!-- wp:paragraph --><\/p>\n<p><!-- \/wp:paragraph --><\/p>\n<p><!-- wp:paragraph --><\/p>\n<p><!-- \/wp:paragraph --><\/p>\n<p><!-- wp:paragraph --><\/p>\n<p><!-- \/wp:paragraph --><\/p>\n<p><!-- wp:paragraph --><\/p>\n<p><!-- \/wp:paragraph --><\/p>\n<p><!-- wp:paragraph --><\/p>\n<p><!-- \/wp:paragraph --><\/p>\n<p><!-- wp:paragraph --><\/p>\n<p><!-- \/wp:paragraph --><\/p>\n<p><!-- wp:paragraph --><\/p>\n<p><!-- \/wp:paragraph --><\/p>\n<p><!-- wp:paragraph --><\/p>\n<p>Die betroffene Person kann au\u00dferdem, falls sie der Ansicht ist, dass eines oder mehrere ihrer Rechte verletzt wurden, eine Beschwerde bei der Datenschutzbeh\u00f6rde auf die unter folgendem Link angegebene Weise einreichen: https:\/\/www.garanteprivacy.it\/home\/diritti\/come-agire-per-tutelare-i-tuoi-dati-personali.<\/p>\n<p><!-- \/wp:paragraph --><\/p>\n<p><!-- wp:paragraph --><\/p>\n<p>Es wird auch darauf hingewiesen, dass vom Inhaber keine automatisierten Entscheidungsprozesse verwendet werden.<\/p>\n<p><!-- \/wp:paragraph --><\/p>\n<p><!-- wp:paragraph --><\/p>\n<p>Alle oben genannten Rechte k\u00f6nnen jederzeit und ohne jegliche Verpflichtung ausge\u00fcbt werden, indem Sie eine E-Mail an info@hotelsorriso.net schreiben.<\/p>\n<p><!-- \/wp:paragraph --><\/p>\n<p><!-- wp:paragraph --><\/p>\n<h2>Datensicherheit<\/h2>\n<p><!-- \/wp:paragraph --><\/p>\n<p><!-- \/wp:heading --><\/p>\n<p><!-- wp:paragraph --><\/p>\n<p>Die vom Verantwortlichen angewandten Sicherheitsstandards, um Ihre personenbezogenen Daten vertraulich zu halten, umfassen unter anderem &#8222;Firewalls&#8220; und die Daten\u00fcbertragung per SSL (Secure Socket Layer). Sie entsprechen den h\u00f6chsten dem aktuellen Stand der Technik. Dar\u00fcber hinaus werden spezielle Techniken eingesetzt, um diese Daten vor unbefugtem Zugriff durch Dritte zu sch\u00fctzen. In jedem Fall werden die vom Datenschutzgesetz und den nachfolgenden \u00c4nderungen angegebenen minimalen Sicherheitsma\u00dfnahmen gew\u00e4hrleistet.<\/p>\n<p><!-- \/wp:paragraph --><\/p>\n<p><!-- wp:paragraph --><\/p>\n<p>Sie k\u00f6nnen auf verschiedene Arten \u00fcberpr\u00fcfen, ob Sie im sicheren Modus arbeiten:<\/p>\n<p><!-- \/wp:paragraph --><\/p>\n<p><!-- wp:list --><\/p>\n<ul>\n<li>Erhalt einer Warnmeldung von Ihrem Navigationsprogramm;<\/li>\n<li>\u00dcberpr\u00fcfen, dass die Adresse der Seite, auf der Sie sich befinden, mit dem K\u00fcrzel Https vorangestellt ist;<\/li>\n<li>\u00dcberpr\u00fcfen Sie das Symbol, das unten links oder rechts in Ihrem Browser-Fenster erscheint: Wenn Sie einen ganzen Schl\u00fcssel oder ein geschlossenes Schloss sehen, bedeutet dies, dass SSL aktiv ist.<\/li>\n<\/ul>\n<p><!-- \/wp:list --><\/p>\n<p><!-- wp:paragraph --><\/p>\n<p>In jedem Fall ergreift der Verantwortliche geeignete und vorbeugende Sicherheitsma\u00dfnahmen, um die Vertraulichkeit, Integrit\u00e4t, Vollst\u00e4ndigkeit und Verf\u00fcgbarkeit der personenbezogenen Daten zu sch\u00fctzen. Gem\u00e4\u00df den gesetzlichen Bestimmungen zur Sicherheit personenbezogener Daten werden technische, logistische und organisatorische Ma\u00dfnahmen getroffen, die darauf abzielen, Sch\u00e4den, Verluste, auch versehentliche, \u00c4nderungen, unsachgem\u00e4\u00dfe und unbefugte Nutzung der Daten zu verhindern. \u00c4hnliche vorbeugende Sicherheitsma\u00dfnahmen werden von Dritten (Auftragsverarbeitern) ergriffen, denen Datenverarbeitungsvorg\u00e4nge in unserem Auftrag anvertraut werden und f\u00fcr die der Verantwortliche Verhaltensregeln und Anweisungen zu den einzuhaltenden Sicherheitsverfahren festgelegt hat. \u00dcberwachung der ordnungsgem\u00e4\u00dfen Umsetzung dieser Ma\u00dfnahmen durch die Verantwortlichen.<\/p>\n<p><!-- \/wp:paragraph --><\/p>\n<p><!-- wp:paragraph --><\/p>\n<p>Der Inhaber \u00fcbernimmt keine Verantwortung f\u00fcr falsche Informationen, die direkt vom Benutzer gesendet wurden (z. B. korrekte E-Mail-Adresse oder Postanschrift oder andere pers\u00f6nliche Daten), sowie f\u00fcr Informationen \u00fcber ihn, die von einem Dritten bereitgestellt wurden. auch betr\u00fcgerisch.<\/p>\n<p><!-- \/wp:paragraph --><\/p>\n<p><!-- wp:paragraph --><\/p>\n<h2>Browser \u2013 Daten<\/h2>\n<p><!-- \/wp:paragraph --><\/p>\n<p><!-- \/wp:heading --><\/p>\n<p><!-- wp:paragraph --><\/p>\n<p>Die f\u00fcr den Betrieb dieser Website erforderlichen IT-Systeme und Softwareprozeduren erfassen w\u00e4hrend des normalen Betriebs bestimmte personenbezogene Daten, deren \u00dcbertragung f\u00fcr die Anwendung der Internet-Kommunikationsprotokolle erforderlich ist. Es handelt sich um Informationen, die nicht gesammelt werden, um mit identifizierten Benutzern in Verbindung gebracht zu werden, sondern die aufgrund ihrer Art durch Verarbeitung und Verkn\u00fcpfung mit Daten von Dritten die Identifizierung der Benutzer erm\u00f6glichen k\u00f6nnten. Zu dieser Datenkategorie geh\u00f6ren die IP-Adressen oder Dom\u00e4nennamen der Computer, die von den Benutzern verwendet werden, die sich mit der Website verbinden, die URI (Uniform Resource Identifier)-Adressen der angeforderten Ressourcen, die Uhrzeit der Anfrage, die Methode, mit der die Anfrage an den Server gesendet wurde, die Gr\u00f6\u00dfe der als Antwort erhaltenen Datei, der numerische Code, der den Status der vom Server gegebenen Antwort angibt (erfolgreich, Fehler oder \u00e4hnliches) und andere Parameter bez\u00fcglich des Betriebssystems und der IT-Umgebung des Benutzers. Diese Daten werden nur verwendet, um anonyme statistische Informationen \u00fcber die Nutzung der Website zu erhalten und deren korrekte Funktionsweise zu \u00fcberpr\u00fcfen. Die Daten k\u00f6nnten zur Feststellung der Verantwortlichkeit im Falle von hypothetischen IT-Delikten zum Schaden der Website verwendet werden.<\/p>\n<p><!-- \/wp:paragraph --><\/p>","protected":false},"excerpt":{"rendered":"<p>Art der Daten\u00fcbermittlung Die angeforderten personenbezogenen Daten werden von unserer Website gesammelt und auf elektronischen Datentr\u00e4gern verarbeitet, um Kontaktanfragen und Informationen zu erf\u00fcllen. Inhaber der Datenverarbeitung HOTEL SORRISO S.N.C. DI CORALLO S.R.L. E C. P.IVA e Cod. Fiscale 01005930407 47521 Cesena (FC) Via Leopoldo Lucchi 135 E-Mail: info@hotelsorriso.net Verantwortlicher f\u00fcr die Verarbeitung der Daten Die [&hellip;]<\/p>\n","protected":false},"author":1,"featured_media":0,"parent":0,"menu_order":0,"comment_status":"closed","ping_status":"closed","template":"","meta":{"_acf_changed":false,"inline_featured_image":false,"footnotes":""},"class_list":["post-3532","page","type-page","status-publish","hentry"],"acf":[],"yoast_head":"<!-- This site is optimized with the Yoast SEO plugin v27.3 - https:\/\/yoast.com\/product\/yoast-seo-wordpress\/ -->\n<title>Datenschutzrichtlinien - Family Hotel Sorriso a Lido di Classe<\/title>\n<link rel=\"canonical\" href=\"https:\/\/www.hotelsorriso.net\/de\/privacy-policy\/\" \/>\n<meta property=\"og:locale\" content=\"de_DE\" \/>\n<meta property=\"og:type\" content=\"article\" \/>\n<meta property=\"og:title\" content=\"Datenschutzrichtlinien - Family Hotel Sorriso a Lido di Classe\" \/>\n<meta property=\"og:description\" content=\"Art der Daten\u00fcbermittlung Die angeforderten personenbezogenen Daten werden von unserer Website gesammelt und auf elektronischen Datentr\u00e4gern verarbeitet, um Kontaktanfragen und Informationen zu erf\u00fcllen. Inhaber der Datenverarbeitung HOTEL SORRISO S.N.C. DI CORALLO S.R.L. E C. P.IVA e Cod. Fiscale 01005930407 47521 Cesena (FC) Via Leopoldo Lucchi 135 E-Mail: info@hotelsorriso.net Verantwortlicher f\u00fcr die Verarbeitung der Daten Die [&hellip;]\" \/>\n<meta property=\"og:url\" content=\"https:\/\/www.hotelsorriso.net\/de\/privacy-policy\/\" \/>\n<meta property=\"og:site_name\" content=\"Hotel Sorriso\" \/>\n<meta property=\"article:modified_time\" content=\"2026-03-25T09:33:22+00:00\" \/>\n<meta name=\"twitter:card\" content=\"summary_large_image\" \/>\n<meta name=\"twitter:label1\" content=\"Gesch\u00e4tzte Lesezeit\" \/>\n\t<meta name=\"twitter:data1\" content=\"8\u00a0Minuten\" \/>\n<script type=\"application\/ld+json\" class=\"yoast-schema-graph\">{\"@context\":\"https:\\\/\\\/schema.org\",\"@graph\":[{\"@type\":\"WebPage\",\"@id\":\"https:\\\/\\\/www.hotelsorriso.net\\\/de\\\/privacy-policy\\\/\",\"url\":\"https:\\\/\\\/www.hotelsorriso.net\\\/de\\\/privacy-policy\\\/\",\"name\":\"Datenschutzrichtlinien - Family Hotel Sorriso a Lido di Classe\",\"isPartOf\":{\"@id\":\"https:\\\/\\\/www.hotelsorriso.net\\\/de\\\/#website\"},\"datePublished\":\"2026-01-26T12:26:02+00:00\",\"dateModified\":\"2026-03-25T09:33:22+00:00\",\"breadcrumb\":{\"@id\":\"https:\\\/\\\/www.hotelsorriso.net\\\/de\\\/privacy-policy\\\/#breadcrumb\"},\"inLanguage\":\"de\",\"potentialAction\":[{\"@type\":\"ReadAction\",\"target\":[\"https:\\\/\\\/www.hotelsorriso.net\\\/de\\\/privacy-policy\\\/\"]}]},{\"@type\":\"BreadcrumbList\",\"@id\":\"https:\\\/\\\/www.hotelsorriso.net\\\/de\\\/privacy-policy\\\/#breadcrumb\",\"itemListElement\":[{\"@type\":\"ListItem\",\"position\":1,\"name\":\"Home\",\"item\":\"https:\\\/\\\/www.hotelsorriso.net\\\/de\\\/\"},{\"@type\":\"ListItem\",\"position\":2,\"name\":\"Datenschutzbestimmungen\"}]},{\"@type\":\"WebSite\",\"@id\":\"https:\\\/\\\/www.hotelsorriso.net\\\/de\\\/#website\",\"url\":\"https:\\\/\\\/www.hotelsorriso.net\\\/de\\\/\",\"name\":\"Hotel Sorriso\",\"description\":\"\",\"potentialAction\":[{\"@type\":\"SearchAction\",\"target\":{\"@type\":\"EntryPoint\",\"urlTemplate\":\"https:\\\/\\\/www.hotelsorriso.net\\\/de\\\/?s={search_term_string}\"},\"query-input\":{\"@type\":\"PropertyValueSpecification\",\"valueRequired\":true,\"valueName\":\"search_term_string\"}}],\"inLanguage\":\"de\"}]}<\/script>\n<!-- \/ Yoast SEO plugin. -->","yoast_head_json":{"title":"Datenschutzrichtlinien - Family Hotel Sorriso a Lido di Classe","canonical":"https:\/\/www.hotelsorriso.net\/de\/privacy-policy\/","og_locale":"de_DE","og_type":"article","og_title":"Datenschutzrichtlinien - Family Hotel Sorriso a Lido di Classe","og_description":"Art der Daten\u00fcbermittlung Die angeforderten personenbezogenen Daten werden von unserer Website gesammelt und auf elektronischen Datentr\u00e4gern verarbeitet, um Kontaktanfragen und Informationen zu erf\u00fcllen. Inhaber der Datenverarbeitung HOTEL SORRISO S.N.C. DI CORALLO S.R.L. E C. P.IVA e Cod. Fiscale 01005930407 47521 Cesena (FC) Via Leopoldo Lucchi 135 E-Mail: info@hotelsorriso.net Verantwortlicher f\u00fcr die Verarbeitung der Daten Die [&hellip;]","og_url":"https:\/\/www.hotelsorriso.net\/de\/privacy-policy\/","og_site_name":"Hotel Sorriso","article_modified_time":"2026-03-25T09:33:22+00:00","twitter_card":"summary_large_image","twitter_misc":{"Gesch\u00e4tzte Lesezeit":"8\u00a0Minuten"},"schema":{"@context":"https:\/\/schema.org","@graph":[{"@type":"WebPage","@id":"https:\/\/www.hotelsorriso.net\/de\/privacy-policy\/","url":"https:\/\/www.hotelsorriso.net\/de\/privacy-policy\/","name":"Datenschutzrichtlinien - Family Hotel Sorriso a Lido di Classe","isPartOf":{"@id":"https:\/\/www.hotelsorriso.net\/de\/#website"},"datePublished":"2026-01-26T12:26:02+00:00","dateModified":"2026-03-25T09:33:22+00:00","breadcrumb":{"@id":"https:\/\/www.hotelsorriso.net\/de\/privacy-policy\/#breadcrumb"},"inLanguage":"de","potentialAction":[{"@type":"ReadAction","target":["https:\/\/www.hotelsorriso.net\/de\/privacy-policy\/"]}]},{"@type":"BreadcrumbList","@id":"https:\/\/www.hotelsorriso.net\/de\/privacy-policy\/#breadcrumb","itemListElement":[{"@type":"ListItem","position":1,"name":"Home","item":"https:\/\/www.hotelsorriso.net\/de\/"},{"@type":"ListItem","position":2,"name":"Datenschutzbestimmungen"}]},{"@type":"WebSite","@id":"https:\/\/www.hotelsorriso.net\/de\/#website","url":"https:\/\/www.hotelsorriso.net\/de\/","name":"Hotel Sorriso","description":"","potentialAction":[{"@type":"SearchAction","target":{"@type":"EntryPoint","urlTemplate":"https:\/\/www.hotelsorriso.net\/de\/?s={search_term_string}"},"query-input":{"@type":"PropertyValueSpecification","valueRequired":true,"valueName":"search_term_string"}}],"inLanguage":"de"}]}},"_links":{"self":[{"href":"https:\/\/www.hotelsorriso.net\/de\/wp-json\/wp\/v2\/pages\/3532","targetHints":{"allow":["GET"]}}],"collection":[{"href":"https:\/\/www.hotelsorriso.net\/de\/wp-json\/wp\/v2\/pages"}],"about":[{"href":"https:\/\/www.hotelsorriso.net\/de\/wp-json\/wp\/v2\/types\/page"}],"author":[{"embeddable":true,"href":"https:\/\/www.hotelsorriso.net\/de\/wp-json\/wp\/v2\/users\/1"}],"replies":[{"embeddable":true,"href":"https:\/\/www.hotelsorriso.net\/de\/wp-json\/wp\/v2\/comments?post=3532"}],"version-history":[{"count":3,"href":"https:\/\/www.hotelsorriso.net\/de\/wp-json\/wp\/v2\/pages\/3532\/revisions"}],"predecessor-version":[{"id":3726,"href":"https:\/\/www.hotelsorriso.net\/de\/wp-json\/wp\/v2\/pages\/3532\/revisions\/3726"}],"wp:attachment":[{"href":"https:\/\/www.hotelsorriso.net\/de\/wp-json\/wp\/v2\/media?parent=3532"}],"curies":[{"name":"wp","href":"https:\/\/api.w.org\/{rel}","templated":true}]}}