{"id":3522,"date":"2026-01-26T13:22:12","date_gmt":"2026-01-26T12:22:12","guid":{"rendered":"https:\/\/www.hotelsorriso.net\/wo-wir-uns-befinden\/"},"modified":"2026-03-25T10:02:34","modified_gmt":"2026-03-25T09:02:34","slug":"wo-wir-sind","status":"publish","type":"page","link":"https:\/\/www.hotelsorriso.net\/de\/wo-wir-sind\/","title":{"rendered":"Wo wir uns befinden"},"content":{"rendered":"\n<p>&quot;Die <b>Lage des Hotel Sorriso<\/b> ist gro\u00dfartig&quot;, sagte eine Mutter vor der Abreise. Wir sind im Zentrum von <b>Lido di Classe<\/b>, einem <b>ruhigen<\/b> Ort mit Gesch\u00e4ften, Parks und Gr\u00fcnfl\u00e4chen. Das <b>Meer<\/b> ist direkt vor Ihnen, 50 Meter entfernt: Man braucht nur den schattigen Pinienwald zu \u00fcberqueren und schon  kann man die F\u00fc\u00dfe in den weichen Sand des Strandes eintauchen. <b>Mirabilandia<\/b> und <b>Milano Marittima<\/b> <b>sind<\/b> nur 5 km entfernt und <b>Ravenna<\/b>, die Hauptstadt der Mosaiken, ist nur <b>15 km<\/b> entfernt.<\/p>\n","protected":false},"excerpt":{"rendered":"<p>&quot;Die Lage des Hotel Sorriso ist gro\u00dfartig&quot;, sagte eine Mutter vor der Abreise. Wir sind im Zentrum von Lido di Classe, einem ruhigen Ort mit Gesch\u00e4ften, Parks und Gr\u00fcnfl\u00e4chen. Das Meer ist direkt vor Ihnen, 50 Meter entfernt: Man braucht nur den schattigen Pinienwald zu \u00fcberqueren und schon kann man die F\u00fc\u00dfe in den weichen [&hellip;]<\/p>\n","protected":false},"author":1,"featured_media":0,"parent":0,"menu_order":0,"comment_status":"closed","ping_status":"closed","template":"page-templates\/box_caroselli.php","meta":{"_acf_changed":false,"inline_featured_image":false,"footnotes":""},"class_list":["post-3522","page","type-page","status-publish","hentry"],"acf":[],"yoast_head":"<!-- This site is optimized with the Yoast SEO plugin v27.3 - https:\/\/yoast.com\/product\/yoast-seo-wordpress\/ -->\n<title>Wo wir uns befinden - Family Hotel Sorriso in Lido di Classe<\/title>\n<meta name=\"description\" content=\"Besuchen Sie das Hotel Sorriso im Ortszentrum von Lido di Classe: nur 50 m vom Meer und 5 km von Mirabilandia und Milano Marittima entfernt!\" \/>\n<link rel=\"canonical\" href=\"https:\/\/www.hotelsorriso.net\/de\/wo-wir-sind\/\" \/>\n<meta property=\"og:locale\" content=\"de_DE\" \/>\n<meta property=\"og:type\" content=\"article\" \/>\n<meta property=\"og:title\" content=\"Wo wir uns befinden - Family Hotel Sorriso in Lido di Classe\" \/>\n<meta property=\"og:description\" content=\"Besuchen Sie das Hotel Sorriso im Ortszentrum von Lido di Classe: nur 50 m vom Meer und 5 km von Mirabilandia und Milano Marittima entfernt!\" \/>\n<meta property=\"og:url\" content=\"https:\/\/www.hotelsorriso.net\/de\/wo-wir-sind\/\" \/>\n<meta property=\"og:site_name\" content=\"Hotel Sorriso\" \/>\n<meta property=\"article:modified_time\" content=\"2026-03-25T09:02:34+00:00\" \/>\n<meta name=\"twitter:card\" content=\"summary_large_image\" \/>\n<meta name=\"twitter:label1\" content=\"Gesch\u00e4tzte Lesezeit\" \/>\n\t<meta name=\"twitter:data1\" content=\"1\u00a0Minute\" \/>\n<script type=\"application\/ld+json\" class=\"yoast-schema-graph\">{\"@context\":\"https:\\\/\\\/schema.org\",\"@graph\":[{\"@type\":\"WebPage\",\"@id\":\"https:\\\/\\\/www.hotelsorriso.net\\\/de\\\/wo-wir-sind\\\/\",\"url\":\"https:\\\/\\\/www.hotelsorriso.net\\\/de\\\/wo-wir-sind\\\/\",\"name\":\"Wo wir uns befinden - Family Hotel Sorriso in Lido di Classe\",\"isPartOf\":{\"@id\":\"https:\\\/\\\/www.hotelsorriso.net\\\/de\\\/#website\"},\"datePublished\":\"2026-01-26T12:22:12+00:00\",\"dateModified\":\"2026-03-25T09:02:34+00:00\",\"description\":\"Besuchen Sie das Hotel Sorriso im Ortszentrum von Lido di Classe: nur 50 m vom Meer und 5 km von Mirabilandia und Milano Marittima entfernt!\",\"breadcrumb\":{\"@id\":\"https:\\\/\\\/www.hotelsorriso.net\\\/de\\\/wo-wir-sind\\\/#breadcrumb\"},\"inLanguage\":\"de\",\"potentialAction\":[{\"@type\":\"ReadAction\",\"target\":[\"https:\\\/\\\/www.hotelsorriso.net\\\/de\\\/wo-wir-sind\\\/\"]}]},{\"@type\":\"BreadcrumbList\",\"@id\":\"https:\\\/\\\/www.hotelsorriso.net\\\/de\\\/wo-wir-sind\\\/#breadcrumb\",\"itemListElement\":[{\"@type\":\"ListItem\",\"position\":1,\"name\":\"Home\",\"item\":\"https:\\\/\\\/www.hotelsorriso.net\\\/de\\\/\"},{\"@type\":\"ListItem\",\"position\":2,\"name\":\"Wo wir uns befinden\"}]},{\"@type\":\"WebSite\",\"@id\":\"https:\\\/\\\/www.hotelsorriso.net\\\/de\\\/#website\",\"url\":\"https:\\\/\\\/www.hotelsorriso.net\\\/de\\\/\",\"name\":\"Hotel Sorriso\",\"description\":\"\",\"potentialAction\":[{\"@type\":\"SearchAction\",\"target\":{\"@type\":\"EntryPoint\",\"urlTemplate\":\"https:\\\/\\\/www.hotelsorriso.net\\\/de\\\/?s={search_term_string}\"},\"query-input\":{\"@type\":\"PropertyValueSpecification\",\"valueRequired\":true,\"valueName\":\"search_term_string\"}}],\"inLanguage\":\"de\"}]}<\/script>\n<!-- \/ Yoast SEO plugin. -->","yoast_head_json":{"title":"Wo wir uns befinden - Family Hotel Sorriso in Lido di Classe","description":"Besuchen Sie das Hotel Sorriso im Ortszentrum von Lido di Classe: nur 50 m vom Meer und 5 km von Mirabilandia und Milano Marittima entfernt!","canonical":"https:\/\/www.hotelsorriso.net\/de\/wo-wir-sind\/","og_locale":"de_DE","og_type":"article","og_title":"Wo wir uns befinden - Family Hotel Sorriso in Lido di Classe","og_description":"Besuchen Sie das Hotel Sorriso im Ortszentrum von Lido di Classe: nur 50 m vom Meer und 5 km von Mirabilandia und Milano Marittima entfernt!","og_url":"https:\/\/www.hotelsorriso.net\/de\/wo-wir-sind\/","og_site_name":"Hotel Sorriso","article_modified_time":"2026-03-25T09:02:34+00:00","twitter_card":"summary_large_image","twitter_misc":{"Gesch\u00e4tzte Lesezeit":"1\u00a0Minute"},"schema":{"@context":"https:\/\/schema.org","@graph":[{"@type":"WebPage","@id":"https:\/\/www.hotelsorriso.net\/de\/wo-wir-sind\/","url":"https:\/\/www.hotelsorriso.net\/de\/wo-wir-sind\/","name":"Wo wir uns befinden - Family Hotel Sorriso in Lido di Classe","isPartOf":{"@id":"https:\/\/www.hotelsorriso.net\/de\/#website"},"datePublished":"2026-01-26T12:22:12+00:00","dateModified":"2026-03-25T09:02:34+00:00","description":"Besuchen Sie das Hotel Sorriso im Ortszentrum von Lido di Classe: nur 50 m vom Meer und 5 km von Mirabilandia und Milano Marittima entfernt!","breadcrumb":{"@id":"https:\/\/www.hotelsorriso.net\/de\/wo-wir-sind\/#breadcrumb"},"inLanguage":"de","potentialAction":[{"@type":"ReadAction","target":["https:\/\/www.hotelsorriso.net\/de\/wo-wir-sind\/"]}]},{"@type":"BreadcrumbList","@id":"https:\/\/www.hotelsorriso.net\/de\/wo-wir-sind\/#breadcrumb","itemListElement":[{"@type":"ListItem","position":1,"name":"Home","item":"https:\/\/www.hotelsorriso.net\/de\/"},{"@type":"ListItem","position":2,"name":"Wo wir uns befinden"}]},{"@type":"WebSite","@id":"https:\/\/www.hotelsorriso.net\/de\/#website","url":"https:\/\/www.hotelsorriso.net\/de\/","name":"Hotel Sorriso","description":"","potentialAction":[{"@type":"SearchAction","target":{"@type":"EntryPoint","urlTemplate":"https:\/\/www.hotelsorriso.net\/de\/?s={search_term_string}"},"query-input":{"@type":"PropertyValueSpecification","valueRequired":true,"valueName":"search_term_string"}}],"inLanguage":"de"}]}},"_links":{"self":[{"href":"https:\/\/www.hotelsorriso.net\/de\/wp-json\/wp\/v2\/pages\/3522","targetHints":{"allow":["GET"]}}],"collection":[{"href":"https:\/\/www.hotelsorriso.net\/de\/wp-json\/wp\/v2\/pages"}],"about":[{"href":"https:\/\/www.hotelsorriso.net\/de\/wp-json\/wp\/v2\/types\/page"}],"author":[{"embeddable":true,"href":"https:\/\/www.hotelsorriso.net\/de\/wp-json\/wp\/v2\/users\/1"}],"replies":[{"embeddable":true,"href":"https:\/\/www.hotelsorriso.net\/de\/wp-json\/wp\/v2\/comments?post=3522"}],"version-history":[{"count":1,"href":"https:\/\/www.hotelsorriso.net\/de\/wp-json\/wp\/v2\/pages\/3522\/revisions"}],"predecessor-version":[{"id":3523,"href":"https:\/\/www.hotelsorriso.net\/de\/wp-json\/wp\/v2\/pages\/3522\/revisions\/3523"}],"wp:attachment":[{"href":"https:\/\/www.hotelsorriso.net\/de\/wp-json\/wp\/v2\/media?parent=3522"}],"curies":[{"name":"wp","href":"https:\/\/api.w.org\/{rel}","templated":true}]}}