{"id":3515,"date":"2026-01-26T13:19:05","date_gmt":"2026-01-26T12:19:05","guid":{"rendered":"https:\/\/www.hotelsorriso.net\/romagnolische-kueste\/"},"modified":"2026-03-16T13:12:06","modified_gmt":"2026-03-16T12:12:06","slug":"romagnolische-kueste","status":"publish","type":"page","link":"https:\/\/www.hotelsorriso.net\/de\/romagnolische-kueste\/","title":{"rendered":"Romagnolische K\u00fcste"},"content":{"rendered":"\n<p><b>Lido di Classe<\/b>, eine ruhige Ortschaft, reich an G\u00e4rten, Parks und Baumaleen, besitzt seit Jahren die <b>Blaue Flagge<\/b> und die <b>Gr\u00fcne Flagge der italienischen Kinder\u00e4rzte<\/b>, zwei Auszeichnungen, die sie als Ziel der Erstklassigkeit f\u00fcr den <b>Familienurlaub am Meer<\/b> zertifizieren. Ganz zu schweigen von der N\u00e4he zu <b>Mirabilandia<\/b>, <b>Ravenna<\/b>, <b>Cervia<\/b> und <b>Milano Marittima<\/b> mit seinem Nachtleben: Das <b>Hotel Sorriso<\/b> liegt in erster Linie, ganz in der N\u00e4he der <b>wichtigsten Sehensw\u00fcrdigkeiten<\/b> der Romagna, im Herzen der <b>Strandb\u00e4der von Ravenna<\/b>.<\/p>\n","protected":false},"excerpt":{"rendered":"<p>Lido di Classe, eine ruhige Ortschaft, reich an G\u00e4rten, Parks und Baumaleen, besitzt seit Jahren die Blaue Flagge und die Gr\u00fcne Flagge der italienischen Kinder\u00e4rzte, zwei Auszeichnungen, die sie als Ziel der Erstklassigkeit f\u00fcr den Familienurlaub am Meer zertifizieren. Ganz zu schweigen von der N\u00e4he zu Mirabilandia, Ravenna, Cervia und Milano Marittima mit seinem Nachtleben: [&hellip;]<\/p>\n","protected":false},"author":1,"featured_media":0,"parent":0,"menu_order":0,"comment_status":"closed","ping_status":"closed","template":"page-templates\/box_caroselli.php","meta":{"_acf_changed":false,"inline_featured_image":false,"footnotes":""},"class_list":["post-3515","page","type-page","status-publish","hentry"],"acf":[],"yoast_head":"<!-- This site is optimized with the Yoast SEO plugin v27.6 - https:\/\/yoast.com\/product\/yoast-seo-wordpress\/ -->\n<title>Was man in Lido di Classe und Umgebung unternehmen kann - Family Hotel Sorriso<\/title>\n<meta name=\"description\" content=\"Bringen Sie Ihre Familie nach Lido di Classe: eine ruhige Ortschaft in der N\u00e4he des Meeres, reich an G\u00e4rten; ein hervorragendes Ziel f\u00fcr den Familienurlaub!\" \/>\n<link rel=\"canonical\" href=\"https:\/\/www.hotelsorriso.net\/de\/romagnolische-kueste\/\" \/>\n<meta property=\"og:locale\" content=\"de_DE\" \/>\n<meta property=\"og:type\" content=\"article\" \/>\n<meta property=\"og:title\" content=\"Was man in Lido di Classe und Umgebung unternehmen kann - Family Hotel Sorriso\" \/>\n<meta property=\"og:description\" content=\"Bringen Sie Ihre Familie nach Lido di Classe: eine ruhige Ortschaft in der N\u00e4he des Meeres, reich an G\u00e4rten; ein hervorragendes Ziel f\u00fcr den Familienurlaub!\" \/>\n<meta property=\"og:url\" content=\"https:\/\/www.hotelsorriso.net\/de\/romagnolische-kueste\/\" \/>\n<meta property=\"og:site_name\" content=\"Hotel Sorriso\" \/>\n<meta property=\"article:modified_time\" content=\"2026-03-16T12:12:06+00:00\" \/>\n<meta name=\"twitter:card\" content=\"summary_large_image\" \/>\n<script type=\"application\/ld+json\" class=\"yoast-schema-graph\">{\"@context\":\"https:\\\/\\\/schema.org\",\"@graph\":[{\"@type\":\"WebPage\",\"@id\":\"https:\\\/\\\/www.hotelsorriso.net\\\/de\\\/romagnolische-kueste\\\/\",\"url\":\"https:\\\/\\\/www.hotelsorriso.net\\\/de\\\/romagnolische-kueste\\\/\",\"name\":\"Was man in Lido di Classe und Umgebung unternehmen kann - Family Hotel Sorriso\",\"isPartOf\":{\"@id\":\"https:\\\/\\\/www.hotelsorriso.net\\\/de\\\/#website\"},\"datePublished\":\"2026-01-26T12:19:05+00:00\",\"dateModified\":\"2026-03-16T12:12:06+00:00\",\"description\":\"Bringen Sie Ihre Familie nach Lido di Classe: eine ruhige Ortschaft in der N\u00e4he des Meeres, reich an G\u00e4rten; ein hervorragendes Ziel f\u00fcr den Familienurlaub!\",\"breadcrumb\":{\"@id\":\"https:\\\/\\\/www.hotelsorriso.net\\\/de\\\/romagnolische-kueste\\\/#breadcrumb\"},\"inLanguage\":\"de\",\"potentialAction\":[{\"@type\":\"ReadAction\",\"target\":[\"https:\\\/\\\/www.hotelsorriso.net\\\/de\\\/romagnolische-kueste\\\/\"]}]},{\"@type\":\"BreadcrumbList\",\"@id\":\"https:\\\/\\\/www.hotelsorriso.net\\\/de\\\/romagnolische-kueste\\\/#breadcrumb\",\"itemListElement\":[{\"@type\":\"ListItem\",\"position\":1,\"name\":\"Home\",\"item\":\"https:\\\/\\\/www.hotelsorriso.net\\\/de\\\/\"},{\"@type\":\"ListItem\",\"position\":2,\"name\":\"Romagnolische K\u00fcste\"}]},{\"@type\":\"WebSite\",\"@id\":\"https:\\\/\\\/www.hotelsorriso.net\\\/de\\\/#website\",\"url\":\"https:\\\/\\\/www.hotelsorriso.net\\\/de\\\/\",\"name\":\"Hotel Sorriso\",\"description\":\"\",\"potentialAction\":[{\"@type\":\"SearchAction\",\"target\":{\"@type\":\"EntryPoint\",\"urlTemplate\":\"https:\\\/\\\/www.hotelsorriso.net\\\/de\\\/?s={search_term_string}\"},\"query-input\":{\"@type\":\"PropertyValueSpecification\",\"valueRequired\":true,\"valueName\":\"search_term_string\"}}],\"inLanguage\":\"de\"}]}<\/script>\n<!-- \/ Yoast SEO plugin. -->","yoast_head_json":{"title":"Was man in Lido di Classe und Umgebung unternehmen kann - Family Hotel Sorriso","description":"Bringen Sie Ihre Familie nach Lido di Classe: eine ruhige Ortschaft in der N\u00e4he des Meeres, reich an G\u00e4rten; ein hervorragendes Ziel f\u00fcr den Familienurlaub!","canonical":"https:\/\/www.hotelsorriso.net\/de\/romagnolische-kueste\/","og_locale":"de_DE","og_type":"article","og_title":"Was man in Lido di Classe und Umgebung unternehmen kann - Family Hotel Sorriso","og_description":"Bringen Sie Ihre Familie nach Lido di Classe: eine ruhige Ortschaft in der N\u00e4he des Meeres, reich an G\u00e4rten; ein hervorragendes Ziel f\u00fcr den Familienurlaub!","og_url":"https:\/\/www.hotelsorriso.net\/de\/romagnolische-kueste\/","og_site_name":"Hotel Sorriso","article_modified_time":"2026-03-16T12:12:06+00:00","twitter_card":"summary_large_image","schema":{"@context":"https:\/\/schema.org","@graph":[{"@type":"WebPage","@id":"https:\/\/www.hotelsorriso.net\/de\/romagnolische-kueste\/","url":"https:\/\/www.hotelsorriso.net\/de\/romagnolische-kueste\/","name":"Was man in Lido di Classe und Umgebung unternehmen kann - Family Hotel Sorriso","isPartOf":{"@id":"https:\/\/www.hotelsorriso.net\/de\/#website"},"datePublished":"2026-01-26T12:19:05+00:00","dateModified":"2026-03-16T12:12:06+00:00","description":"Bringen Sie Ihre Familie nach Lido di Classe: eine ruhige Ortschaft in der N\u00e4he des Meeres, reich an G\u00e4rten; ein hervorragendes Ziel f\u00fcr den Familienurlaub!","breadcrumb":{"@id":"https:\/\/www.hotelsorriso.net\/de\/romagnolische-kueste\/#breadcrumb"},"inLanguage":"de","potentialAction":[{"@type":"ReadAction","target":["https:\/\/www.hotelsorriso.net\/de\/romagnolische-kueste\/"]}]},{"@type":"BreadcrumbList","@id":"https:\/\/www.hotelsorriso.net\/de\/romagnolische-kueste\/#breadcrumb","itemListElement":[{"@type":"ListItem","position":1,"name":"Home","item":"https:\/\/www.hotelsorriso.net\/de\/"},{"@type":"ListItem","position":2,"name":"Romagnolische K\u00fcste"}]},{"@type":"WebSite","@id":"https:\/\/www.hotelsorriso.net\/de\/#website","url":"https:\/\/www.hotelsorriso.net\/de\/","name":"Hotel Sorriso","description":"","potentialAction":[{"@type":"SearchAction","target":{"@type":"EntryPoint","urlTemplate":"https:\/\/www.hotelsorriso.net\/de\/?s={search_term_string}"},"query-input":{"@type":"PropertyValueSpecification","valueRequired":true,"valueName":"search_term_string"}}],"inLanguage":"de"}]}},"_links":{"self":[{"href":"https:\/\/www.hotelsorriso.net\/de\/wp-json\/wp\/v2\/pages\/3515","targetHints":{"allow":["GET"]}}],"collection":[{"href":"https:\/\/www.hotelsorriso.net\/de\/wp-json\/wp\/v2\/pages"}],"about":[{"href":"https:\/\/www.hotelsorriso.net\/de\/wp-json\/wp\/v2\/types\/page"}],"author":[{"embeddable":true,"href":"https:\/\/www.hotelsorriso.net\/de\/wp-json\/wp\/v2\/users\/1"}],"replies":[{"embeddable":true,"href":"https:\/\/www.hotelsorriso.net\/de\/wp-json\/wp\/v2\/comments?post=3515"}],"version-history":[{"count":1,"href":"https:\/\/www.hotelsorriso.net\/de\/wp-json\/wp\/v2\/pages\/3515\/revisions"}],"predecessor-version":[{"id":3516,"href":"https:\/\/www.hotelsorriso.net\/de\/wp-json\/wp\/v2\/pages\/3515\/revisions\/3516"}],"wp:attachment":[{"href":"https:\/\/www.hotelsorriso.net\/de\/wp-json\/wp\/v2\/media?parent=3515"}],"curies":[{"name":"wp","href":"https:\/\/api.w.org\/{rel}","templated":true}]}}