{"id":3513,"date":"2026-01-26T13:18:05","date_gmt":"2026-01-26T12:18:05","guid":{"rendered":"https:\/\/www.hotelsorriso.net\/vergnuegungsparks\/"},"modified":"2026-03-24T11:27:25","modified_gmt":"2026-03-24T10:27:25","slug":"vergnuegungsparks","status":"publish","type":"page","link":"https:\/\/www.hotelsorriso.net\/de\/vergnuegungsparks\/","title":{"rendered":"Vergn\u00fcgungsparks"},"content":{"rendered":"\n<p>Vom <b>Hotel Sorriso<\/b> <b>in Lido di Classe<\/b> aus k\u00f6nnen Sie die <b>sch\u00f6nsten Freizeitparks<\/b> der <b>Romagnolischen K\u00fcste<\/b> besuchen. Von den ganz in der N\u00e4he gelegenen Freizeitparks Mirabilandia und <b>Zoo Safari<\/b> bis hin zu den <b>Themenparks von Rimini, Riccione <\/b>und <b>Cattolica<\/b> kann jeder Tag ein unvergessliches Abenteuer f\u00fcr Kinder und Eltern werden.<\/p>\n","protected":false},"excerpt":{"rendered":"<p>Vom Hotel Sorriso in Lido di Classe aus k\u00f6nnen Sie die sch\u00f6nsten Freizeitparks der Romagnolischen K\u00fcste besuchen. Von den ganz in der N\u00e4he gelegenen Freizeitparks Mirabilandia und Zoo Safari bis hin zu den Themenparks von Rimini, Riccione und Cattolica kann jeder Tag ein unvergessliches Abenteuer f\u00fcr Kinder und Eltern werden.<\/p>\n","protected":false},"author":1,"featured_media":0,"parent":0,"menu_order":0,"comment_status":"closed","ping_status":"closed","template":"page-templates\/box_caroselli.php","meta":{"_acf_changed":false,"inline_featured_image":false,"footnotes":""},"class_list":["post-3513","page","type-page","status-publish","hentry"],"acf":[],"yoast_head":"<!-- This site is optimized with the Yoast SEO plugin v27.3 - https:\/\/yoast.com\/product\/yoast-seo-wordpress\/ -->\n<title>Vergn\u00fcgungsparks - Family Hotel Sorriso in Lido di Classe<\/title>\n<meta name=\"description\" content=\"Entdecken Sie die besten Vergn\u00fcgungsparks an der Romagnolischen K\u00fcste, alle bequem vom Hotel Sorriso aus erreichbar.\" \/>\n<link rel=\"canonical\" href=\"https:\/\/www.hotelsorriso.net\/de\/vergnuegungsparks\/\" \/>\n<meta property=\"og:locale\" content=\"de_DE\" \/>\n<meta property=\"og:type\" content=\"article\" \/>\n<meta property=\"og:title\" content=\"Vergn\u00fcgungsparks - Family Hotel Sorriso in Lido di Classe\" \/>\n<meta property=\"og:description\" content=\"Entdecken Sie die besten Vergn\u00fcgungsparks an der Romagnolischen K\u00fcste, alle bequem vom Hotel Sorriso aus erreichbar.\" \/>\n<meta property=\"og:url\" content=\"https:\/\/www.hotelsorriso.net\/de\/vergnuegungsparks\/\" \/>\n<meta property=\"og:site_name\" content=\"Hotel Sorriso\" \/>\n<meta property=\"article:modified_time\" content=\"2026-03-24T10:27:25+00:00\" \/>\n<meta name=\"twitter:card\" content=\"summary_large_image\" \/>\n<meta name=\"twitter:label1\" content=\"Gesch\u00e4tzte Lesezeit\" \/>\n\t<meta name=\"twitter:data1\" content=\"1\u00a0Minute\" \/>\n<script type=\"application\/ld+json\" class=\"yoast-schema-graph\">{\"@context\":\"https:\\\/\\\/schema.org\",\"@graph\":[{\"@type\":\"WebPage\",\"@id\":\"https:\\\/\\\/www.hotelsorriso.net\\\/de\\\/vergnuegungsparks\\\/\",\"url\":\"https:\\\/\\\/www.hotelsorriso.net\\\/de\\\/vergnuegungsparks\\\/\",\"name\":\"Vergn\u00fcgungsparks - Family Hotel Sorriso in Lido di Classe\",\"isPartOf\":{\"@id\":\"https:\\\/\\\/www.hotelsorriso.net\\\/de\\\/#website\"},\"datePublished\":\"2026-01-26T12:18:05+00:00\",\"dateModified\":\"2026-03-24T10:27:25+00:00\",\"description\":\"Entdecken Sie die besten Vergn\u00fcgungsparks an der Romagnolischen K\u00fcste, alle bequem vom Hotel Sorriso aus erreichbar.\",\"breadcrumb\":{\"@id\":\"https:\\\/\\\/www.hotelsorriso.net\\\/de\\\/vergnuegungsparks\\\/#breadcrumb\"},\"inLanguage\":\"de\",\"potentialAction\":[{\"@type\":\"ReadAction\",\"target\":[\"https:\\\/\\\/www.hotelsorriso.net\\\/de\\\/vergnuegungsparks\\\/\"]}]},{\"@type\":\"BreadcrumbList\",\"@id\":\"https:\\\/\\\/www.hotelsorriso.net\\\/de\\\/vergnuegungsparks\\\/#breadcrumb\",\"itemListElement\":[{\"@type\":\"ListItem\",\"position\":1,\"name\":\"Home\",\"item\":\"https:\\\/\\\/www.hotelsorriso.net\\\/de\\\/\"},{\"@type\":\"ListItem\",\"position\":2,\"name\":\"Vergn\u00fcgungsparks\"}]},{\"@type\":\"WebSite\",\"@id\":\"https:\\\/\\\/www.hotelsorriso.net\\\/de\\\/#website\",\"url\":\"https:\\\/\\\/www.hotelsorriso.net\\\/de\\\/\",\"name\":\"Hotel Sorriso\",\"description\":\"\",\"potentialAction\":[{\"@type\":\"SearchAction\",\"target\":{\"@type\":\"EntryPoint\",\"urlTemplate\":\"https:\\\/\\\/www.hotelsorriso.net\\\/de\\\/?s={search_term_string}\"},\"query-input\":{\"@type\":\"PropertyValueSpecification\",\"valueRequired\":true,\"valueName\":\"search_term_string\"}}],\"inLanguage\":\"de\"}]}<\/script>\n<!-- \/ Yoast SEO plugin. -->","yoast_head_json":{"title":"Vergn\u00fcgungsparks - Family Hotel Sorriso in Lido di Classe","description":"Entdecken Sie die besten Vergn\u00fcgungsparks an der Romagnolischen K\u00fcste, alle bequem vom Hotel Sorriso aus erreichbar.","canonical":"https:\/\/www.hotelsorriso.net\/de\/vergnuegungsparks\/","og_locale":"de_DE","og_type":"article","og_title":"Vergn\u00fcgungsparks - Family Hotel Sorriso in Lido di Classe","og_description":"Entdecken Sie die besten Vergn\u00fcgungsparks an der Romagnolischen K\u00fcste, alle bequem vom Hotel Sorriso aus erreichbar.","og_url":"https:\/\/www.hotelsorriso.net\/de\/vergnuegungsparks\/","og_site_name":"Hotel Sorriso","article_modified_time":"2026-03-24T10:27:25+00:00","twitter_card":"summary_large_image","twitter_misc":{"Gesch\u00e4tzte Lesezeit":"1\u00a0Minute"},"schema":{"@context":"https:\/\/schema.org","@graph":[{"@type":"WebPage","@id":"https:\/\/www.hotelsorriso.net\/de\/vergnuegungsparks\/","url":"https:\/\/www.hotelsorriso.net\/de\/vergnuegungsparks\/","name":"Vergn\u00fcgungsparks - Family Hotel Sorriso in Lido di Classe","isPartOf":{"@id":"https:\/\/www.hotelsorriso.net\/de\/#website"},"datePublished":"2026-01-26T12:18:05+00:00","dateModified":"2026-03-24T10:27:25+00:00","description":"Entdecken Sie die besten Vergn\u00fcgungsparks an der Romagnolischen K\u00fcste, alle bequem vom Hotel Sorriso aus erreichbar.","breadcrumb":{"@id":"https:\/\/www.hotelsorriso.net\/de\/vergnuegungsparks\/#breadcrumb"},"inLanguage":"de","potentialAction":[{"@type":"ReadAction","target":["https:\/\/www.hotelsorriso.net\/de\/vergnuegungsparks\/"]}]},{"@type":"BreadcrumbList","@id":"https:\/\/www.hotelsorriso.net\/de\/vergnuegungsparks\/#breadcrumb","itemListElement":[{"@type":"ListItem","position":1,"name":"Home","item":"https:\/\/www.hotelsorriso.net\/de\/"},{"@type":"ListItem","position":2,"name":"Vergn\u00fcgungsparks"}]},{"@type":"WebSite","@id":"https:\/\/www.hotelsorriso.net\/de\/#website","url":"https:\/\/www.hotelsorriso.net\/de\/","name":"Hotel Sorriso","description":"","potentialAction":[{"@type":"SearchAction","target":{"@type":"EntryPoint","urlTemplate":"https:\/\/www.hotelsorriso.net\/de\/?s={search_term_string}"},"query-input":{"@type":"PropertyValueSpecification","valueRequired":true,"valueName":"search_term_string"}}],"inLanguage":"de"}]}},"_links":{"self":[{"href":"https:\/\/www.hotelsorriso.net\/de\/wp-json\/wp\/v2\/pages\/3513","targetHints":{"allow":["GET"]}}],"collection":[{"href":"https:\/\/www.hotelsorriso.net\/de\/wp-json\/wp\/v2\/pages"}],"about":[{"href":"https:\/\/www.hotelsorriso.net\/de\/wp-json\/wp\/v2\/types\/page"}],"author":[{"embeddable":true,"href":"https:\/\/www.hotelsorriso.net\/de\/wp-json\/wp\/v2\/users\/1"}],"replies":[{"embeddable":true,"href":"https:\/\/www.hotelsorriso.net\/de\/wp-json\/wp\/v2\/comments?post=3513"}],"version-history":[{"count":1,"href":"https:\/\/www.hotelsorriso.net\/de\/wp-json\/wp\/v2\/pages\/3513\/revisions"}],"predecessor-version":[{"id":3514,"href":"https:\/\/www.hotelsorriso.net\/de\/wp-json\/wp\/v2\/pages\/3513\/revisions\/3514"}],"wp:attachment":[{"href":"https:\/\/www.hotelsorriso.net\/de\/wp-json\/wp\/v2\/media?parent=3513"}],"curies":[{"name":"wp","href":"https:\/\/api.w.org\/{rel}","templated":true}]}}