{"id":3511,"date":"2026-01-26T13:17:39","date_gmt":"2026-01-26T12:17:39","guid":{"rendered":"https:\/\/www.hotelsorriso.net\/mirabilandia\/"},"modified":"2026-03-25T09:58:37","modified_gmt":"2026-03-25T08:58:37","slug":"hotel-und-mirabilandia","status":"publish","type":"page","link":"https:\/\/www.hotelsorriso.net\/de\/hotel-und-mirabilandia\/","title":{"rendered":"Mirabilandia"},"content":{"rendered":"\n<p><b>Mirabilandia<\/b> ist der <b>gr\u00f6\u00dfte Vergn\u00fcgungspark<\/b> der <b>Romagna<\/b> und befindet sich in <b>Ravenna<\/b>, <b>5 km von Lido di Classe<\/b> und dem <b>Hotel Sorriso<\/b> entfernt, ein ideales Ziel, um Strand und Spa\u00df zu verbinden!<\/p>\n\n\n\n<p>Mirabilandia, ein Name, der zu einem Synonym f\u00fcr Spa\u00df und Gr\u00f6\u00dfe geworden ist, dank der <b>riesigen Gr\u00fcnfl\u00e4chen<\/b> und den <b>einzigartigen Attraktionen<\/b>, die sich f\u00fcr die ganze <b>Familie<\/b> eignen &#8211; Eigenschaften, die jeden Tag Tausende von Besuchern anziehen!<\/p>\n","protected":false},"excerpt":{"rendered":"<p>Mirabilandia ist der gr\u00f6\u00dfte Vergn\u00fcgungspark der Romagna und befindet sich in Ravenna, 5 km von Lido di Classe und dem Hotel Sorriso entfernt, ein ideales Ziel, um Strand und Spa\u00df zu verbinden! Mirabilandia, ein Name, der zu einem Synonym f\u00fcr Spa\u00df und Gr\u00f6\u00dfe geworden ist, dank der riesigen Gr\u00fcnfl\u00e4chen und den einzigartigen Attraktionen, die sich [&hellip;]<\/p>\n","protected":false},"author":1,"featured_media":0,"parent":0,"menu_order":0,"comment_status":"closed","ping_status":"closed","template":"page-templates\/box_caroselli.php","meta":{"_acf_changed":false,"inline_featured_image":false,"footnotes":""},"class_list":["post-3511","page","type-page","status-publish","hentry"],"acf":[],"yoast_head":"<!-- This site is optimized with the Yoast SEO plugin v27.3 - https:\/\/yoast.com\/product\/yoast-seo-wordpress\/ -->\n<title>Mirabilandia \u2013 Family Hotel Sorriso a Lido di Classe<\/title>\n<meta name=\"description\" content=\"Entdecken Sie Mirabilandia, den ber\u00fchmtesten Vergn\u00fcgungspark Italiens, 5 km vom Hotel Sorriso entfernt. Das ideale Ziel, um Meer mit Spa\u00df zu verbinden!\" \/>\n<link rel=\"canonical\" href=\"https:\/\/www.hotelsorriso.net\/de\/hotel-und-mirabilandia\/\" \/>\n<meta property=\"og:locale\" content=\"de_DE\" \/>\n<meta property=\"og:type\" content=\"article\" \/>\n<meta property=\"og:title\" content=\"Mirabilandia \u2013 Family Hotel Sorriso a Lido di Classe\" \/>\n<meta property=\"og:description\" content=\"Entdecken Sie Mirabilandia, den ber\u00fchmtesten Vergn\u00fcgungspark Italiens, 5 km vom Hotel Sorriso entfernt. Das ideale Ziel, um Meer mit Spa\u00df zu verbinden!\" \/>\n<meta property=\"og:url\" content=\"https:\/\/www.hotelsorriso.net\/de\/hotel-und-mirabilandia\/\" \/>\n<meta property=\"og:site_name\" content=\"Hotel Sorriso\" \/>\n<meta property=\"article:modified_time\" content=\"2026-03-25T08:58:37+00:00\" \/>\n<meta name=\"twitter:card\" content=\"summary_large_image\" \/>\n<meta name=\"twitter:label1\" content=\"Gesch\u00e4tzte Lesezeit\" \/>\n\t<meta name=\"twitter:data1\" content=\"1\u00a0Minute\" \/>\n<script type=\"application\/ld+json\" class=\"yoast-schema-graph\">{\"@context\":\"https:\\\/\\\/schema.org\",\"@graph\":[{\"@type\":\"WebPage\",\"@id\":\"https:\\\/\\\/www.hotelsorriso.net\\\/de\\\/hotel-und-mirabilandia\\\/\",\"url\":\"https:\\\/\\\/www.hotelsorriso.net\\\/de\\\/hotel-und-mirabilandia\\\/\",\"name\":\"Mirabilandia \u2013 Family Hotel Sorriso a Lido di Classe\",\"isPartOf\":{\"@id\":\"https:\\\/\\\/www.hotelsorriso.net\\\/de\\\/#website\"},\"datePublished\":\"2026-01-26T12:17:39+00:00\",\"dateModified\":\"2026-03-25T08:58:37+00:00\",\"description\":\"Entdecken Sie Mirabilandia, den ber\u00fchmtesten Vergn\u00fcgungspark Italiens, 5 km vom Hotel Sorriso entfernt. Das ideale Ziel, um Meer mit Spa\u00df zu verbinden!\",\"breadcrumb\":{\"@id\":\"https:\\\/\\\/www.hotelsorriso.net\\\/de\\\/hotel-und-mirabilandia\\\/#breadcrumb\"},\"inLanguage\":\"de\",\"potentialAction\":[{\"@type\":\"ReadAction\",\"target\":[\"https:\\\/\\\/www.hotelsorriso.net\\\/de\\\/hotel-und-mirabilandia\\\/\"]}]},{\"@type\":\"BreadcrumbList\",\"@id\":\"https:\\\/\\\/www.hotelsorriso.net\\\/de\\\/hotel-und-mirabilandia\\\/#breadcrumb\",\"itemListElement\":[{\"@type\":\"ListItem\",\"position\":1,\"name\":\"Home\",\"item\":\"https:\\\/\\\/www.hotelsorriso.net\\\/de\\\/\"},{\"@type\":\"ListItem\",\"position\":2,\"name\":\"Mirabilandia\"}]},{\"@type\":\"WebSite\",\"@id\":\"https:\\\/\\\/www.hotelsorriso.net\\\/de\\\/#website\",\"url\":\"https:\\\/\\\/www.hotelsorriso.net\\\/de\\\/\",\"name\":\"Hotel Sorriso\",\"description\":\"\",\"potentialAction\":[{\"@type\":\"SearchAction\",\"target\":{\"@type\":\"EntryPoint\",\"urlTemplate\":\"https:\\\/\\\/www.hotelsorriso.net\\\/de\\\/?s={search_term_string}\"},\"query-input\":{\"@type\":\"PropertyValueSpecification\",\"valueRequired\":true,\"valueName\":\"search_term_string\"}}],\"inLanguage\":\"de\"}]}<\/script>\n<!-- \/ Yoast SEO plugin. -->","yoast_head_json":{"title":"Mirabilandia \u2013 Family Hotel Sorriso a Lido di Classe","description":"Entdecken Sie Mirabilandia, den ber\u00fchmtesten Vergn\u00fcgungspark Italiens, 5 km vom Hotel Sorriso entfernt. Das ideale Ziel, um Meer mit Spa\u00df zu verbinden!","canonical":"https:\/\/www.hotelsorriso.net\/de\/hotel-und-mirabilandia\/","og_locale":"de_DE","og_type":"article","og_title":"Mirabilandia \u2013 Family Hotel Sorriso a Lido di Classe","og_description":"Entdecken Sie Mirabilandia, den ber\u00fchmtesten Vergn\u00fcgungspark Italiens, 5 km vom Hotel Sorriso entfernt. Das ideale Ziel, um Meer mit Spa\u00df zu verbinden!","og_url":"https:\/\/www.hotelsorriso.net\/de\/hotel-und-mirabilandia\/","og_site_name":"Hotel Sorriso","article_modified_time":"2026-03-25T08:58:37+00:00","twitter_card":"summary_large_image","twitter_misc":{"Gesch\u00e4tzte Lesezeit":"1\u00a0Minute"},"schema":{"@context":"https:\/\/schema.org","@graph":[{"@type":"WebPage","@id":"https:\/\/www.hotelsorriso.net\/de\/hotel-und-mirabilandia\/","url":"https:\/\/www.hotelsorriso.net\/de\/hotel-und-mirabilandia\/","name":"Mirabilandia \u2013 Family Hotel Sorriso a Lido di Classe","isPartOf":{"@id":"https:\/\/www.hotelsorriso.net\/de\/#website"},"datePublished":"2026-01-26T12:17:39+00:00","dateModified":"2026-03-25T08:58:37+00:00","description":"Entdecken Sie Mirabilandia, den ber\u00fchmtesten Vergn\u00fcgungspark Italiens, 5 km vom Hotel Sorriso entfernt. Das ideale Ziel, um Meer mit Spa\u00df zu verbinden!","breadcrumb":{"@id":"https:\/\/www.hotelsorriso.net\/de\/hotel-und-mirabilandia\/#breadcrumb"},"inLanguage":"de","potentialAction":[{"@type":"ReadAction","target":["https:\/\/www.hotelsorriso.net\/de\/hotel-und-mirabilandia\/"]}]},{"@type":"BreadcrumbList","@id":"https:\/\/www.hotelsorriso.net\/de\/hotel-und-mirabilandia\/#breadcrumb","itemListElement":[{"@type":"ListItem","position":1,"name":"Home","item":"https:\/\/www.hotelsorriso.net\/de\/"},{"@type":"ListItem","position":2,"name":"Mirabilandia"}]},{"@type":"WebSite","@id":"https:\/\/www.hotelsorriso.net\/de\/#website","url":"https:\/\/www.hotelsorriso.net\/de\/","name":"Hotel Sorriso","description":"","potentialAction":[{"@type":"SearchAction","target":{"@type":"EntryPoint","urlTemplate":"https:\/\/www.hotelsorriso.net\/de\/?s={search_term_string}"},"query-input":{"@type":"PropertyValueSpecification","valueRequired":true,"valueName":"search_term_string"}}],"inLanguage":"de"}]}},"_links":{"self":[{"href":"https:\/\/www.hotelsorriso.net\/de\/wp-json\/wp\/v2\/pages\/3511","targetHints":{"allow":["GET"]}}],"collection":[{"href":"https:\/\/www.hotelsorriso.net\/de\/wp-json\/wp\/v2\/pages"}],"about":[{"href":"https:\/\/www.hotelsorriso.net\/de\/wp-json\/wp\/v2\/types\/page"}],"author":[{"embeddable":true,"href":"https:\/\/www.hotelsorriso.net\/de\/wp-json\/wp\/v2\/users\/1"}],"replies":[{"embeddable":true,"href":"https:\/\/www.hotelsorriso.net\/de\/wp-json\/wp\/v2\/comments?post=3511"}],"version-history":[{"count":1,"href":"https:\/\/www.hotelsorriso.net\/de\/wp-json\/wp\/v2\/pages\/3511\/revisions"}],"predecessor-version":[{"id":3512,"href":"https:\/\/www.hotelsorriso.net\/de\/wp-json\/wp\/v2\/pages\/3511\/revisions\/3512"}],"wp:attachment":[{"href":"https:\/\/www.hotelsorriso.net\/de\/wp-json\/wp\/v2\/media?parent=3511"}],"curies":[{"name":"wp","href":"https:\/\/api.w.org\/{rel}","templated":true}]}}