{"id":3509,"date":"2026-01-26T13:17:12","date_gmt":"2026-01-26T12:17:12","guid":{"rendered":"https:\/\/www.hotelsorriso.net\/hotel-und-dienstleistungen\/"},"modified":"2026-03-25T10:15:33","modified_gmt":"2026-03-25T09:15:33","slug":"leistungen","status":"publish","type":"page","link":"https:\/\/www.hotelsorriso.net\/de\/leistungen\/","title":{"rendered":"Hotel und Dienstleistungen"},"content":{"rendered":"\n<p><b>Zentrale Lage<\/b> in <b>Lido di Classe<\/b> und <b>5 km von Mirabilandia<\/b> entfernt; M\u00f6glichkeit, den Strand zu Fu\u00df zu erreichen, Spazierg\u00e4nge oder Radfahren im Pinienwald; <b>beheizter Panoramapool<\/b>; <b>Familienleben<\/b>&#8230; Wenn man <b>Hotel Sorriso<\/b> sagt, meint man wirklich Urlaub. Die Art von Urlaub die sch\u00f6n, entspannenden, ma\u00dfgeschneiderten sind, mit <b>erstklassigen Dienstleistungen<\/b> und einer <b>echten All-Inclusive-Formel<\/b>, die auch durch die Pr\u00e4senz in spezialisierten Portalen wie All Inclusive Hotels zertifiziert sind. Ich gebe Ihnen mein Wort als Mutter!<\/p>\n","protected":false},"excerpt":{"rendered":"<p>Zentrale Lage in Lido di Classe und 5 km von Mirabilandia entfernt; M\u00f6glichkeit, den Strand zu Fu\u00df zu erreichen, Spazierg\u00e4nge oder Radfahren im Pinienwald; beheizter Panoramapool; Familienleben&#8230; Wenn man Hotel Sorriso sagt, meint man wirklich Urlaub. Die Art von Urlaub die sch\u00f6n, entspannenden, ma\u00dfgeschneiderten sind, mit erstklassigen Dienstleistungen und einer echten All-Inclusive-Formel, die auch durch [&hellip;]<\/p>\n","protected":false},"author":1,"featured_media":0,"parent":0,"menu_order":0,"comment_status":"closed","ping_status":"closed","template":"page-templates\/servizi.php","meta":{"_acf_changed":false,"inline_featured_image":false,"footnotes":""},"class_list":["post-3509","page","type-page","status-publish","hentry"],"acf":[],"yoast_head":"<!-- This site is optimized with the Yoast SEO plugin v27.3 - https:\/\/yoast.com\/product\/yoast-seo-wordpress\/ -->\n<title>Hotel und Dienstleistungen - Family Hotel Sorriso in Lido di Classe<\/title>\n<meta name=\"description\" content=\"Entdecken Sie alle Dienstleistungen, die das Hotel Sorriso mit seiner All-Inclusive-Formel bietet: An Ihrem Familienurlaub wird wirklich nichts fehlen!\" \/>\n<link rel=\"canonical\" href=\"https:\/\/www.hotelsorriso.net\/de\/leistungen\/\" \/>\n<meta property=\"og:locale\" content=\"de_DE\" \/>\n<meta property=\"og:type\" content=\"article\" \/>\n<meta property=\"og:title\" content=\"Hotel und Dienstleistungen - Family Hotel Sorriso in Lido di Classe\" \/>\n<meta property=\"og:description\" content=\"Entdecken Sie alle Dienstleistungen, die das Hotel Sorriso mit seiner All-Inclusive-Formel bietet: An Ihrem Familienurlaub wird wirklich nichts fehlen!\" \/>\n<meta property=\"og:url\" content=\"https:\/\/www.hotelsorriso.net\/de\/leistungen\/\" \/>\n<meta property=\"og:site_name\" content=\"Hotel Sorriso\" \/>\n<meta property=\"article:modified_time\" content=\"2026-03-25T09:15:33+00:00\" \/>\n<meta name=\"twitter:card\" content=\"summary_large_image\" \/>\n<meta name=\"twitter:label1\" content=\"Gesch\u00e4tzte Lesezeit\" \/>\n\t<meta name=\"twitter:data1\" content=\"1\u00a0Minute\" \/>\n<script type=\"application\/ld+json\" class=\"yoast-schema-graph\">{\"@context\":\"https:\\\/\\\/schema.org\",\"@graph\":[{\"@type\":\"WebPage\",\"@id\":\"https:\\\/\\\/www.hotelsorriso.net\\\/de\\\/leistungen\\\/\",\"url\":\"https:\\\/\\\/www.hotelsorriso.net\\\/de\\\/leistungen\\\/\",\"name\":\"Hotel und Dienstleistungen - Family Hotel Sorriso in Lido di Classe\",\"isPartOf\":{\"@id\":\"https:\\\/\\\/www.hotelsorriso.net\\\/de\\\/#website\"},\"datePublished\":\"2026-01-26T12:17:12+00:00\",\"dateModified\":\"2026-03-25T09:15:33+00:00\",\"description\":\"Entdecken Sie alle Dienstleistungen, die das Hotel Sorriso mit seiner All-Inclusive-Formel bietet: An Ihrem Familienurlaub wird wirklich nichts fehlen!\",\"breadcrumb\":{\"@id\":\"https:\\\/\\\/www.hotelsorriso.net\\\/de\\\/leistungen\\\/#breadcrumb\"},\"inLanguage\":\"de\",\"potentialAction\":[{\"@type\":\"ReadAction\",\"target\":[\"https:\\\/\\\/www.hotelsorriso.net\\\/de\\\/leistungen\\\/\"]}]},{\"@type\":\"BreadcrumbList\",\"@id\":\"https:\\\/\\\/www.hotelsorriso.net\\\/de\\\/leistungen\\\/#breadcrumb\",\"itemListElement\":[{\"@type\":\"ListItem\",\"position\":1,\"name\":\"Home\",\"item\":\"https:\\\/\\\/www.hotelsorriso.net\\\/de\\\/\"},{\"@type\":\"ListItem\",\"position\":2,\"name\":\"Hotel und Dienstleistungen\"}]},{\"@type\":\"WebSite\",\"@id\":\"https:\\\/\\\/www.hotelsorriso.net\\\/de\\\/#website\",\"url\":\"https:\\\/\\\/www.hotelsorriso.net\\\/de\\\/\",\"name\":\"Hotel Sorriso\",\"description\":\"\",\"potentialAction\":[{\"@type\":\"SearchAction\",\"target\":{\"@type\":\"EntryPoint\",\"urlTemplate\":\"https:\\\/\\\/www.hotelsorriso.net\\\/de\\\/?s={search_term_string}\"},\"query-input\":{\"@type\":\"PropertyValueSpecification\",\"valueRequired\":true,\"valueName\":\"search_term_string\"}}],\"inLanguage\":\"de\"}]}<\/script>\n<!-- \/ Yoast SEO plugin. -->","yoast_head_json":{"title":"Hotel und Dienstleistungen - Family Hotel Sorriso in Lido di Classe","description":"Entdecken Sie alle Dienstleistungen, die das Hotel Sorriso mit seiner All-Inclusive-Formel bietet: An Ihrem Familienurlaub wird wirklich nichts fehlen!","canonical":"https:\/\/www.hotelsorriso.net\/de\/leistungen\/","og_locale":"de_DE","og_type":"article","og_title":"Hotel und Dienstleistungen - Family Hotel Sorriso in Lido di Classe","og_description":"Entdecken Sie alle Dienstleistungen, die das Hotel Sorriso mit seiner All-Inclusive-Formel bietet: An Ihrem Familienurlaub wird wirklich nichts fehlen!","og_url":"https:\/\/www.hotelsorriso.net\/de\/leistungen\/","og_site_name":"Hotel Sorriso","article_modified_time":"2026-03-25T09:15:33+00:00","twitter_card":"summary_large_image","twitter_misc":{"Gesch\u00e4tzte Lesezeit":"1\u00a0Minute"},"schema":{"@context":"https:\/\/schema.org","@graph":[{"@type":"WebPage","@id":"https:\/\/www.hotelsorriso.net\/de\/leistungen\/","url":"https:\/\/www.hotelsorriso.net\/de\/leistungen\/","name":"Hotel und Dienstleistungen - Family Hotel Sorriso in Lido di Classe","isPartOf":{"@id":"https:\/\/www.hotelsorriso.net\/de\/#website"},"datePublished":"2026-01-26T12:17:12+00:00","dateModified":"2026-03-25T09:15:33+00:00","description":"Entdecken Sie alle Dienstleistungen, die das Hotel Sorriso mit seiner All-Inclusive-Formel bietet: An Ihrem Familienurlaub wird wirklich nichts fehlen!","breadcrumb":{"@id":"https:\/\/www.hotelsorriso.net\/de\/leistungen\/#breadcrumb"},"inLanguage":"de","potentialAction":[{"@type":"ReadAction","target":["https:\/\/www.hotelsorriso.net\/de\/leistungen\/"]}]},{"@type":"BreadcrumbList","@id":"https:\/\/www.hotelsorriso.net\/de\/leistungen\/#breadcrumb","itemListElement":[{"@type":"ListItem","position":1,"name":"Home","item":"https:\/\/www.hotelsorriso.net\/de\/"},{"@type":"ListItem","position":2,"name":"Hotel und Dienstleistungen"}]},{"@type":"WebSite","@id":"https:\/\/www.hotelsorriso.net\/de\/#website","url":"https:\/\/www.hotelsorriso.net\/de\/","name":"Hotel Sorriso","description":"","potentialAction":[{"@type":"SearchAction","target":{"@type":"EntryPoint","urlTemplate":"https:\/\/www.hotelsorriso.net\/de\/?s={search_term_string}"},"query-input":{"@type":"PropertyValueSpecification","valueRequired":true,"valueName":"search_term_string"}}],"inLanguage":"de"}]}},"_links":{"self":[{"href":"https:\/\/www.hotelsorriso.net\/de\/wp-json\/wp\/v2\/pages\/3509","targetHints":{"allow":["GET"]}}],"collection":[{"href":"https:\/\/www.hotelsorriso.net\/de\/wp-json\/wp\/v2\/pages"}],"about":[{"href":"https:\/\/www.hotelsorriso.net\/de\/wp-json\/wp\/v2\/types\/page"}],"author":[{"embeddable":true,"href":"https:\/\/www.hotelsorriso.net\/de\/wp-json\/wp\/v2\/users\/1"}],"replies":[{"embeddable":true,"href":"https:\/\/www.hotelsorriso.net\/de\/wp-json\/wp\/v2\/comments?post=3509"}],"version-history":[{"count":1,"href":"https:\/\/www.hotelsorriso.net\/de\/wp-json\/wp\/v2\/pages\/3509\/revisions"}],"predecessor-version":[{"id":3510,"href":"https:\/\/www.hotelsorriso.net\/de\/wp-json\/wp\/v2\/pages\/3509\/revisions\/3510"}],"wp:attachment":[{"href":"https:\/\/www.hotelsorriso.net\/de\/wp-json\/wp\/v2\/media?parent=3509"}],"curies":[{"name":"wp","href":"https:\/\/api.w.org\/{rel}","templated":true}]}}