{"id":3507,"date":"2026-01-26T13:16:23","date_gmt":"2026-01-26T12:16:23","guid":{"rendered":"https:\/\/www.hotelsorriso.net\/kueche\/"},"modified":"2026-03-24T11:24:19","modified_gmt":"2026-03-24T10:24:19","slug":"kueche","status":"publish","type":"page","link":"https:\/\/www.hotelsorriso.net\/de\/kueche\/","title":{"rendered":"K\u00fcche"},"content":{"rendered":"\n<p>Der Komfort des schnellen und aufmerksamen <b>Tischservice<\/b>; <b>Chefk\u00f6che<\/b>, die sich um jede einzelne Zubereitung k\u00fcmmern; kein Risiko einer <b>Kontamination<\/b> f\u00fcr Nahrungsmittelunvertr\u00e4glichkeiten: das sind nur einige der St\u00e4rken des <b>Restaurants des Hotel Sorriso<\/b>. Denn mein Wunsch ist es, dass Sie mit Gelassenheit am Tisch sitzen k\u00f6nnen und die Mahlzeiten und die Zeit mit Ihrer Familie genie\u00dfen k\u00f6nnen.<\/p>\n","protected":false},"excerpt":{"rendered":"<p>Der Komfort des schnellen und aufmerksamen Tischservice; Chefk\u00f6che, die sich um jede einzelne Zubereitung k\u00fcmmern; kein Risiko einer Kontamination f\u00fcr Nahrungsmittelunvertr\u00e4glichkeiten: das sind nur einige der St\u00e4rken des Restaurants des Hotel Sorriso. Denn mein Wunsch ist es, dass Sie mit Gelassenheit am Tisch sitzen k\u00f6nnen und die Mahlzeiten und die Zeit mit Ihrer Familie genie\u00dfen [&hellip;]<\/p>\n","protected":false},"author":1,"featured_media":0,"parent":0,"menu_order":0,"comment_status":"closed","ping_status":"closed","template":"page-templates\/box_caroselli.php","meta":{"_acf_changed":false,"inline_featured_image":false,"footnotes":""},"class_list":["post-3507","page","type-page","status-publish","hentry"],"acf":[],"yoast_head":"<!-- This site is optimized with the Yoast SEO plugin v27.6 - https:\/\/yoast.com\/product\/yoast-seo-wordpress\/ -->\n<title>K\u00fcche - Family Hotel Sorriso in Lido di Classe<\/title>\n<meta name=\"description\" content=\"Entdecken Sie die glutenfreie K\u00fcche im Restaurant des Hotel Sorriso in Lido di Classe, Tischservice und null Kontaminationsrisiko.\" \/>\n<link rel=\"canonical\" href=\"https:\/\/www.hotelsorriso.net\/de\/kueche\/\" \/>\n<meta property=\"og:locale\" content=\"de_DE\" \/>\n<meta property=\"og:type\" content=\"article\" \/>\n<meta property=\"og:title\" content=\"K\u00fcche - Family Hotel Sorriso in Lido di Classe\" \/>\n<meta property=\"og:description\" content=\"Entdecken Sie die glutenfreie K\u00fcche im Restaurant des Hotel Sorriso in Lido di Classe, Tischservice und null Kontaminationsrisiko.\" \/>\n<meta property=\"og:url\" content=\"https:\/\/www.hotelsorriso.net\/de\/kueche\/\" \/>\n<meta property=\"og:site_name\" content=\"Hotel Sorriso\" \/>\n<meta property=\"article:modified_time\" content=\"2026-03-24T10:24:19+00:00\" \/>\n<meta name=\"twitter:card\" content=\"summary_large_image\" \/>\n<meta name=\"twitter:label1\" content=\"Gesch\u00e4tzte Lesezeit\" \/>\n\t<meta name=\"twitter:data1\" content=\"1\u00a0Minute\" \/>\n<script type=\"application\/ld+json\" class=\"yoast-schema-graph\">{\"@context\":\"https:\\\/\\\/schema.org\",\"@graph\":[{\"@type\":\"WebPage\",\"@id\":\"https:\\\/\\\/www.hotelsorriso.net\\\/de\\\/kueche\\\/\",\"url\":\"https:\\\/\\\/www.hotelsorriso.net\\\/de\\\/kueche\\\/\",\"name\":\"K\u00fcche - Family Hotel Sorriso in Lido di Classe\",\"isPartOf\":{\"@id\":\"https:\\\/\\\/www.hotelsorriso.net\\\/de\\\/#website\"},\"datePublished\":\"2026-01-26T12:16:23+00:00\",\"dateModified\":\"2026-03-24T10:24:19+00:00\",\"description\":\"Entdecken Sie die glutenfreie K\u00fcche im Restaurant des Hotel Sorriso in Lido di Classe, Tischservice und null Kontaminationsrisiko.\",\"breadcrumb\":{\"@id\":\"https:\\\/\\\/www.hotelsorriso.net\\\/de\\\/kueche\\\/#breadcrumb\"},\"inLanguage\":\"de\",\"potentialAction\":[{\"@type\":\"ReadAction\",\"target\":[\"https:\\\/\\\/www.hotelsorriso.net\\\/de\\\/kueche\\\/\"]}]},{\"@type\":\"BreadcrumbList\",\"@id\":\"https:\\\/\\\/www.hotelsorriso.net\\\/de\\\/kueche\\\/#breadcrumb\",\"itemListElement\":[{\"@type\":\"ListItem\",\"position\":1,\"name\":\"Home\",\"item\":\"https:\\\/\\\/www.hotelsorriso.net\\\/de\\\/\"},{\"@type\":\"ListItem\",\"position\":2,\"name\":\"K\u00fcche\"}]},{\"@type\":\"WebSite\",\"@id\":\"https:\\\/\\\/www.hotelsorriso.net\\\/de\\\/#website\",\"url\":\"https:\\\/\\\/www.hotelsorriso.net\\\/de\\\/\",\"name\":\"Hotel Sorriso\",\"description\":\"\",\"potentialAction\":[{\"@type\":\"SearchAction\",\"target\":{\"@type\":\"EntryPoint\",\"urlTemplate\":\"https:\\\/\\\/www.hotelsorriso.net\\\/de\\\/?s={search_term_string}\"},\"query-input\":{\"@type\":\"PropertyValueSpecification\",\"valueRequired\":true,\"valueName\":\"search_term_string\"}}],\"inLanguage\":\"de\"}]}<\/script>\n<!-- \/ Yoast SEO plugin. -->","yoast_head_json":{"title":"K\u00fcche - Family Hotel Sorriso in Lido di Classe","description":"Entdecken Sie die glutenfreie K\u00fcche im Restaurant des Hotel Sorriso in Lido di Classe, Tischservice und null Kontaminationsrisiko.","canonical":"https:\/\/www.hotelsorriso.net\/de\/kueche\/","og_locale":"de_DE","og_type":"article","og_title":"K\u00fcche - Family Hotel Sorriso in Lido di Classe","og_description":"Entdecken Sie die glutenfreie K\u00fcche im Restaurant des Hotel Sorriso in Lido di Classe, Tischservice und null Kontaminationsrisiko.","og_url":"https:\/\/www.hotelsorriso.net\/de\/kueche\/","og_site_name":"Hotel Sorriso","article_modified_time":"2026-03-24T10:24:19+00:00","twitter_card":"summary_large_image","twitter_misc":{"Gesch\u00e4tzte Lesezeit":"1\u00a0Minute"},"schema":{"@context":"https:\/\/schema.org","@graph":[{"@type":"WebPage","@id":"https:\/\/www.hotelsorriso.net\/de\/kueche\/","url":"https:\/\/www.hotelsorriso.net\/de\/kueche\/","name":"K\u00fcche - Family Hotel Sorriso in Lido di Classe","isPartOf":{"@id":"https:\/\/www.hotelsorriso.net\/de\/#website"},"datePublished":"2026-01-26T12:16:23+00:00","dateModified":"2026-03-24T10:24:19+00:00","description":"Entdecken Sie die glutenfreie K\u00fcche im Restaurant des Hotel Sorriso in Lido di Classe, Tischservice und null Kontaminationsrisiko.","breadcrumb":{"@id":"https:\/\/www.hotelsorriso.net\/de\/kueche\/#breadcrumb"},"inLanguage":"de","potentialAction":[{"@type":"ReadAction","target":["https:\/\/www.hotelsorriso.net\/de\/kueche\/"]}]},{"@type":"BreadcrumbList","@id":"https:\/\/www.hotelsorriso.net\/de\/kueche\/#breadcrumb","itemListElement":[{"@type":"ListItem","position":1,"name":"Home","item":"https:\/\/www.hotelsorriso.net\/de\/"},{"@type":"ListItem","position":2,"name":"K\u00fcche"}]},{"@type":"WebSite","@id":"https:\/\/www.hotelsorriso.net\/de\/#website","url":"https:\/\/www.hotelsorriso.net\/de\/","name":"Hotel Sorriso","description":"","potentialAction":[{"@type":"SearchAction","target":{"@type":"EntryPoint","urlTemplate":"https:\/\/www.hotelsorriso.net\/de\/?s={search_term_string}"},"query-input":{"@type":"PropertyValueSpecification","valueRequired":true,"valueName":"search_term_string"}}],"inLanguage":"de"}]}},"_links":{"self":[{"href":"https:\/\/www.hotelsorriso.net\/de\/wp-json\/wp\/v2\/pages\/3507","targetHints":{"allow":["GET"]}}],"collection":[{"href":"https:\/\/www.hotelsorriso.net\/de\/wp-json\/wp\/v2\/pages"}],"about":[{"href":"https:\/\/www.hotelsorriso.net\/de\/wp-json\/wp\/v2\/types\/page"}],"author":[{"embeddable":true,"href":"https:\/\/www.hotelsorriso.net\/de\/wp-json\/wp\/v2\/users\/1"}],"replies":[{"embeddable":true,"href":"https:\/\/www.hotelsorriso.net\/de\/wp-json\/wp\/v2\/comments?post=3507"}],"version-history":[{"count":1,"href":"https:\/\/www.hotelsorriso.net\/de\/wp-json\/wp\/v2\/pages\/3507\/revisions"}],"predecessor-version":[{"id":3508,"href":"https:\/\/www.hotelsorriso.net\/de\/wp-json\/wp\/v2\/pages\/3507\/revisions\/3508"}],"wp:attachment":[{"href":"https:\/\/www.hotelsorriso.net\/de\/wp-json\/wp\/v2\/media?parent=3507"}],"curies":[{"name":"wp","href":"https:\/\/api.w.org\/{rel}","templated":true}]}}