{"id":3505,"date":"2026-01-26T13:15:41","date_gmt":"2026-01-26T12:15:41","guid":{"rendered":"https:\/\/www.hotelsorriso.net\/panorama-pool\/"},"modified":"2026-03-24T11:24:52","modified_gmt":"2026-03-24T10:24:52","slug":"panorama-pool","status":"publish","type":"page","link":"https:\/\/www.hotelsorriso.net\/de\/panorama-pool\/","title":{"rendered":"Panorama &#8211; Pool"},"content":{"rendered":"\n<p>Der <b>Pool<\/b> auf der Dachterrasse <b>des Hotel Sorriso<\/b> ist ein kleiner, allt\u00e4glicher Luxus: mit <b>Panoramablick<\/b>, <b>beheizt<\/b> und immer <b>bewacht<\/b>. Ein Ort, an den ich gedacht habe, wo die Kinder in Sicherheit Spa\u00df haben und den Eltern echte Momente der Entspannung geschenkt werden, mit einem \u00fcberw\u00e4ltigen <b>Blick auf das Meer<\/b> und <b>Mirabilandia<\/b>, dem ber\u00fchmtesten Freizeitpark Italiens, <b>nur 5 km von hier entfernt.<\/b><\/p>\n","protected":false},"excerpt":{"rendered":"<p>Der Pool auf der Dachterrasse des Hotel Sorriso ist ein kleiner, allt\u00e4glicher Luxus: mit Panoramablick, beheizt und immer bewacht. Ein Ort, an den ich gedacht habe, wo die Kinder in Sicherheit Spa\u00df haben und den Eltern echte Momente der Entspannung geschenkt werden, mit einem \u00fcberw\u00e4ltigen Blick auf das Meer und Mirabilandia, dem ber\u00fchmtesten Freizeitpark Italiens, [&hellip;]<\/p>\n","protected":false},"author":1,"featured_media":0,"parent":0,"menu_order":0,"comment_status":"closed","ping_status":"closed","template":"page-templates\/box_caroselli.php","meta":{"_acf_changed":false,"inline_featured_image":false,"footnotes":""},"class_list":["post-3505","page","type-page","status-publish","hentry"],"acf":[],"yoast_head":"<!-- This site is optimized with the Yoast SEO plugin v27.6 - https:\/\/yoast.com\/product\/yoast-seo-wordpress\/ -->\n<title>Panorama-Pool \u2013 Family Hotel Sorriso in Lido di Classe<\/title>\n<meta name=\"description\" content=\"Entdecken Sie den Pool des Hotel Sorriso: ein Ort, der gedacht wurde, damit Kinder in voller Sicherheit Spa\u00df haben und um den Eltern entspannende Momente zu schenken.\" \/>\n<link rel=\"canonical\" href=\"https:\/\/www.hotelsorriso.net\/de\/panorama-pool\/\" \/>\n<meta property=\"og:locale\" content=\"de_DE\" \/>\n<meta property=\"og:type\" content=\"article\" \/>\n<meta property=\"og:title\" content=\"Panorama-Pool \u2013 Family Hotel Sorriso in Lido di Classe\" \/>\n<meta property=\"og:description\" content=\"Entdecken Sie den Pool des Hotel Sorriso: ein Ort, der gedacht wurde, damit Kinder in voller Sicherheit Spa\u00df haben und um den Eltern entspannende Momente zu schenken.\" \/>\n<meta property=\"og:url\" content=\"https:\/\/www.hotelsorriso.net\/de\/panorama-pool\/\" \/>\n<meta property=\"og:site_name\" content=\"Hotel Sorriso\" \/>\n<meta property=\"article:modified_time\" content=\"2026-03-24T10:24:52+00:00\" \/>\n<meta name=\"twitter:card\" content=\"summary_large_image\" \/>\n<meta name=\"twitter:label1\" content=\"Gesch\u00e4tzte Lesezeit\" \/>\n\t<meta name=\"twitter:data1\" content=\"1\u00a0Minute\" \/>\n<script type=\"application\/ld+json\" class=\"yoast-schema-graph\">{\"@context\":\"https:\\\/\\\/schema.org\",\"@graph\":[{\"@type\":\"WebPage\",\"@id\":\"https:\\\/\\\/www.hotelsorriso.net\\\/de\\\/panorama-pool\\\/\",\"url\":\"https:\\\/\\\/www.hotelsorriso.net\\\/de\\\/panorama-pool\\\/\",\"name\":\"Panorama-Pool \u2013 Family Hotel Sorriso in Lido di Classe\",\"isPartOf\":{\"@id\":\"https:\\\/\\\/www.hotelsorriso.net\\\/de\\\/#website\"},\"datePublished\":\"2026-01-26T12:15:41+00:00\",\"dateModified\":\"2026-03-24T10:24:52+00:00\",\"description\":\"Entdecken Sie den Pool des Hotel Sorriso: ein Ort, der gedacht wurde, damit Kinder in voller Sicherheit Spa\u00df haben und um den Eltern entspannende Momente zu schenken.\",\"breadcrumb\":{\"@id\":\"https:\\\/\\\/www.hotelsorriso.net\\\/de\\\/panorama-pool\\\/#breadcrumb\"},\"inLanguage\":\"de\",\"potentialAction\":[{\"@type\":\"ReadAction\",\"target\":[\"https:\\\/\\\/www.hotelsorriso.net\\\/de\\\/panorama-pool\\\/\"]}]},{\"@type\":\"BreadcrumbList\",\"@id\":\"https:\\\/\\\/www.hotelsorriso.net\\\/de\\\/panorama-pool\\\/#breadcrumb\",\"itemListElement\":[{\"@type\":\"ListItem\",\"position\":1,\"name\":\"Home\",\"item\":\"https:\\\/\\\/www.hotelsorriso.net\\\/de\\\/\"},{\"@type\":\"ListItem\",\"position\":2,\"name\":\"Panorama &#8211; Pool\"}]},{\"@type\":\"WebSite\",\"@id\":\"https:\\\/\\\/www.hotelsorriso.net\\\/de\\\/#website\",\"url\":\"https:\\\/\\\/www.hotelsorriso.net\\\/de\\\/\",\"name\":\"Hotel Sorriso\",\"description\":\"\",\"potentialAction\":[{\"@type\":\"SearchAction\",\"target\":{\"@type\":\"EntryPoint\",\"urlTemplate\":\"https:\\\/\\\/www.hotelsorriso.net\\\/de\\\/?s={search_term_string}\"},\"query-input\":{\"@type\":\"PropertyValueSpecification\",\"valueRequired\":true,\"valueName\":\"search_term_string\"}}],\"inLanguage\":\"de\"}]}<\/script>\n<!-- \/ Yoast SEO plugin. -->","yoast_head_json":{"title":"Panorama-Pool \u2013 Family Hotel Sorriso in Lido di Classe","description":"Entdecken Sie den Pool des Hotel Sorriso: ein Ort, der gedacht wurde, damit Kinder in voller Sicherheit Spa\u00df haben und um den Eltern entspannende Momente zu schenken.","canonical":"https:\/\/www.hotelsorriso.net\/de\/panorama-pool\/","og_locale":"de_DE","og_type":"article","og_title":"Panorama-Pool \u2013 Family Hotel Sorriso in Lido di Classe","og_description":"Entdecken Sie den Pool des Hotel Sorriso: ein Ort, der gedacht wurde, damit Kinder in voller Sicherheit Spa\u00df haben und um den Eltern entspannende Momente zu schenken.","og_url":"https:\/\/www.hotelsorriso.net\/de\/panorama-pool\/","og_site_name":"Hotel Sorriso","article_modified_time":"2026-03-24T10:24:52+00:00","twitter_card":"summary_large_image","twitter_misc":{"Gesch\u00e4tzte Lesezeit":"1\u00a0Minute"},"schema":{"@context":"https:\/\/schema.org","@graph":[{"@type":"WebPage","@id":"https:\/\/www.hotelsorriso.net\/de\/panorama-pool\/","url":"https:\/\/www.hotelsorriso.net\/de\/panorama-pool\/","name":"Panorama-Pool \u2013 Family Hotel Sorriso in Lido di Classe","isPartOf":{"@id":"https:\/\/www.hotelsorriso.net\/de\/#website"},"datePublished":"2026-01-26T12:15:41+00:00","dateModified":"2026-03-24T10:24:52+00:00","description":"Entdecken Sie den Pool des Hotel Sorriso: ein Ort, der gedacht wurde, damit Kinder in voller Sicherheit Spa\u00df haben und um den Eltern entspannende Momente zu schenken.","breadcrumb":{"@id":"https:\/\/www.hotelsorriso.net\/de\/panorama-pool\/#breadcrumb"},"inLanguage":"de","potentialAction":[{"@type":"ReadAction","target":["https:\/\/www.hotelsorriso.net\/de\/panorama-pool\/"]}]},{"@type":"BreadcrumbList","@id":"https:\/\/www.hotelsorriso.net\/de\/panorama-pool\/#breadcrumb","itemListElement":[{"@type":"ListItem","position":1,"name":"Home","item":"https:\/\/www.hotelsorriso.net\/de\/"},{"@type":"ListItem","position":2,"name":"Panorama &#8211; Pool"}]},{"@type":"WebSite","@id":"https:\/\/www.hotelsorriso.net\/de\/#website","url":"https:\/\/www.hotelsorriso.net\/de\/","name":"Hotel Sorriso","description":"","potentialAction":[{"@type":"SearchAction","target":{"@type":"EntryPoint","urlTemplate":"https:\/\/www.hotelsorriso.net\/de\/?s={search_term_string}"},"query-input":{"@type":"PropertyValueSpecification","valueRequired":true,"valueName":"search_term_string"}}],"inLanguage":"de"}]}},"_links":{"self":[{"href":"https:\/\/www.hotelsorriso.net\/de\/wp-json\/wp\/v2\/pages\/3505","targetHints":{"allow":["GET"]}}],"collection":[{"href":"https:\/\/www.hotelsorriso.net\/de\/wp-json\/wp\/v2\/pages"}],"about":[{"href":"https:\/\/www.hotelsorriso.net\/de\/wp-json\/wp\/v2\/types\/page"}],"author":[{"embeddable":true,"href":"https:\/\/www.hotelsorriso.net\/de\/wp-json\/wp\/v2\/users\/1"}],"replies":[{"embeddable":true,"href":"https:\/\/www.hotelsorriso.net\/de\/wp-json\/wp\/v2\/comments?post=3505"}],"version-history":[{"count":1,"href":"https:\/\/www.hotelsorriso.net\/de\/wp-json\/wp\/v2\/pages\/3505\/revisions"}],"predecessor-version":[{"id":3506,"href":"https:\/\/www.hotelsorriso.net\/de\/wp-json\/wp\/v2\/pages\/3505\/revisions\/3506"}],"wp:attachment":[{"href":"https:\/\/www.hotelsorriso.net\/de\/wp-json\/wp\/v2\/media?parent=3505"}],"curies":[{"name":"wp","href":"https:\/\/api.w.org\/{rel}","templated":true}]}}