{"id":3503,"date":"2026-01-26T13:15:10","date_gmt":"2026-01-26T12:15:10","guid":{"rendered":"https:\/\/www.hotelsorriso.net\/serviceleistungen-fuer-familien\/"},"modified":"2026-03-24T11:26:25","modified_gmt":"2026-03-24T10:26:25","slug":"serviceleistungen-fuer-familien","status":"publish","type":"page","link":"https:\/\/www.hotelsorriso.net\/de\/serviceleistungen-fuer-familien\/","title":{"rendered":"Serviceleistungen f\u00fcr Familien"},"content":{"rendered":"\n<p>Wie ver\u00e4ndert sich das Leben, wenn der Urlaub nicht mehr auf zwei sondern f\u00fcr drei Personen bestimmt ist. Dann, wenn die Familie gr\u00f6\u00dfer wird, \u00e4ndert es sich noch mehr! Das ist mir klar geworden es, als ich Mutter wurde. In meinem <b>Familienhotel in Lido di Classe <\/b>habe ich beschlossen, alles so zu organisieren, dass Sie die besten<b> Dienstleistungen<\/b> f\u00fcr einen <b>Urlaub mit Kindern<\/b> finden k\u00f6nnen.<\/p>\n","protected":false},"excerpt":{"rendered":"<p>Wie ver\u00e4ndert sich das Leben, wenn der Urlaub nicht mehr auf zwei sondern f\u00fcr drei Personen bestimmt ist. Dann, wenn die Familie gr\u00f6\u00dfer wird, \u00e4ndert es sich noch mehr! Das ist mir klar geworden es, als ich Mutter wurde. In meinem Familienhotel in Lido di Classe habe ich beschlossen, alles so zu organisieren, dass Sie [&hellip;]<\/p>\n","protected":false},"author":1,"featured_media":0,"parent":0,"menu_order":0,"comment_status":"closed","ping_status":"closed","template":"page-templates\/servizi.php","meta":{"_acf_changed":false,"inline_featured_image":false,"footnotes":""},"class_list":["post-3503","page","type-page","status-publish","hentry"],"acf":[],"yoast_head":"<!-- This site is optimized with the Yoast SEO plugin v27.6 - https:\/\/yoast.com\/product\/yoast-seo-wordpress\/ -->\n<title>Serviceleistungen f\u00fcr Familien - Family Hotel Sorriso in Lido di Classe<\/title>\n<meta name=\"description\" content=\"Im Hotel Sorriso legen wir gro\u00dfen Wert darauf, dass es Ihnen und Ihrer Familie an nichts fehlt! Entdecken Sie, welche Dienstleistungen wir f\u00fcr Erwachsene und Kinder anbieten.\" \/>\n<link rel=\"canonical\" href=\"https:\/\/www.hotelsorriso.net\/de\/serviceleistungen-fuer-familien\/\" \/>\n<meta property=\"og:locale\" content=\"de_DE\" \/>\n<meta property=\"og:type\" content=\"article\" \/>\n<meta property=\"og:title\" content=\"Serviceleistungen f\u00fcr Familien - Family Hotel Sorriso in Lido di Classe\" \/>\n<meta property=\"og:description\" content=\"Im Hotel Sorriso legen wir gro\u00dfen Wert darauf, dass es Ihnen und Ihrer Familie an nichts fehlt! Entdecken Sie, welche Dienstleistungen wir f\u00fcr Erwachsene und Kinder anbieten.\" \/>\n<meta property=\"og:url\" content=\"https:\/\/www.hotelsorriso.net\/de\/serviceleistungen-fuer-familien\/\" \/>\n<meta property=\"og:site_name\" content=\"Hotel Sorriso\" \/>\n<meta property=\"article:modified_time\" content=\"2026-03-24T10:26:25+00:00\" \/>\n<meta name=\"twitter:card\" content=\"summary_large_image\" \/>\n<meta name=\"twitter:label1\" content=\"Gesch\u00e4tzte Lesezeit\" \/>\n\t<meta name=\"twitter:data1\" content=\"1\u00a0Minute\" \/>\n<script type=\"application\/ld+json\" class=\"yoast-schema-graph\">{\"@context\":\"https:\\\/\\\/schema.org\",\"@graph\":[{\"@type\":\"WebPage\",\"@id\":\"https:\\\/\\\/www.hotelsorriso.net\\\/de\\\/serviceleistungen-fuer-familien\\\/\",\"url\":\"https:\\\/\\\/www.hotelsorriso.net\\\/de\\\/serviceleistungen-fuer-familien\\\/\",\"name\":\"Serviceleistungen f\u00fcr Familien - Family Hotel Sorriso in Lido di Classe\",\"isPartOf\":{\"@id\":\"https:\\\/\\\/www.hotelsorriso.net\\\/de\\\/#website\"},\"datePublished\":\"2026-01-26T12:15:10+00:00\",\"dateModified\":\"2026-03-24T10:26:25+00:00\",\"description\":\"Im Hotel Sorriso legen wir gro\u00dfen Wert darauf, dass es Ihnen und Ihrer Familie an nichts fehlt! Entdecken Sie, welche Dienstleistungen wir f\u00fcr Erwachsene und Kinder anbieten.\",\"breadcrumb\":{\"@id\":\"https:\\\/\\\/www.hotelsorriso.net\\\/de\\\/serviceleistungen-fuer-familien\\\/#breadcrumb\"},\"inLanguage\":\"de\",\"potentialAction\":[{\"@type\":\"ReadAction\",\"target\":[\"https:\\\/\\\/www.hotelsorriso.net\\\/de\\\/serviceleistungen-fuer-familien\\\/\"]}]},{\"@type\":\"BreadcrumbList\",\"@id\":\"https:\\\/\\\/www.hotelsorriso.net\\\/de\\\/serviceleistungen-fuer-familien\\\/#breadcrumb\",\"itemListElement\":[{\"@type\":\"ListItem\",\"position\":1,\"name\":\"Home\",\"item\":\"https:\\\/\\\/www.hotelsorriso.net\\\/de\\\/\"},{\"@type\":\"ListItem\",\"position\":2,\"name\":\"Serviceleistungen f\u00fcr Familien\"}]},{\"@type\":\"WebSite\",\"@id\":\"https:\\\/\\\/www.hotelsorriso.net\\\/de\\\/#website\",\"url\":\"https:\\\/\\\/www.hotelsorriso.net\\\/de\\\/\",\"name\":\"Hotel Sorriso\",\"description\":\"\",\"potentialAction\":[{\"@type\":\"SearchAction\",\"target\":{\"@type\":\"EntryPoint\",\"urlTemplate\":\"https:\\\/\\\/www.hotelsorriso.net\\\/de\\\/?s={search_term_string}\"},\"query-input\":{\"@type\":\"PropertyValueSpecification\",\"valueRequired\":true,\"valueName\":\"search_term_string\"}}],\"inLanguage\":\"de\"}]}<\/script>\n<!-- \/ Yoast SEO plugin. -->","yoast_head_json":{"title":"Serviceleistungen f\u00fcr Familien - Family Hotel Sorriso in Lido di Classe","description":"Im Hotel Sorriso legen wir gro\u00dfen Wert darauf, dass es Ihnen und Ihrer Familie an nichts fehlt! Entdecken Sie, welche Dienstleistungen wir f\u00fcr Erwachsene und Kinder anbieten.","canonical":"https:\/\/www.hotelsorriso.net\/de\/serviceleistungen-fuer-familien\/","og_locale":"de_DE","og_type":"article","og_title":"Serviceleistungen f\u00fcr Familien - Family Hotel Sorriso in Lido di Classe","og_description":"Im Hotel Sorriso legen wir gro\u00dfen Wert darauf, dass es Ihnen und Ihrer Familie an nichts fehlt! Entdecken Sie, welche Dienstleistungen wir f\u00fcr Erwachsene und Kinder anbieten.","og_url":"https:\/\/www.hotelsorriso.net\/de\/serviceleistungen-fuer-familien\/","og_site_name":"Hotel Sorriso","article_modified_time":"2026-03-24T10:26:25+00:00","twitter_card":"summary_large_image","twitter_misc":{"Gesch\u00e4tzte Lesezeit":"1\u00a0Minute"},"schema":{"@context":"https:\/\/schema.org","@graph":[{"@type":"WebPage","@id":"https:\/\/www.hotelsorriso.net\/de\/serviceleistungen-fuer-familien\/","url":"https:\/\/www.hotelsorriso.net\/de\/serviceleistungen-fuer-familien\/","name":"Serviceleistungen f\u00fcr Familien - Family Hotel Sorriso in Lido di Classe","isPartOf":{"@id":"https:\/\/www.hotelsorriso.net\/de\/#website"},"datePublished":"2026-01-26T12:15:10+00:00","dateModified":"2026-03-24T10:26:25+00:00","description":"Im Hotel Sorriso legen wir gro\u00dfen Wert darauf, dass es Ihnen und Ihrer Familie an nichts fehlt! Entdecken Sie, welche Dienstleistungen wir f\u00fcr Erwachsene und Kinder anbieten.","breadcrumb":{"@id":"https:\/\/www.hotelsorriso.net\/de\/serviceleistungen-fuer-familien\/#breadcrumb"},"inLanguage":"de","potentialAction":[{"@type":"ReadAction","target":["https:\/\/www.hotelsorriso.net\/de\/serviceleistungen-fuer-familien\/"]}]},{"@type":"BreadcrumbList","@id":"https:\/\/www.hotelsorriso.net\/de\/serviceleistungen-fuer-familien\/#breadcrumb","itemListElement":[{"@type":"ListItem","position":1,"name":"Home","item":"https:\/\/www.hotelsorriso.net\/de\/"},{"@type":"ListItem","position":2,"name":"Serviceleistungen f\u00fcr Familien"}]},{"@type":"WebSite","@id":"https:\/\/www.hotelsorriso.net\/de\/#website","url":"https:\/\/www.hotelsorriso.net\/de\/","name":"Hotel Sorriso","description":"","potentialAction":[{"@type":"SearchAction","target":{"@type":"EntryPoint","urlTemplate":"https:\/\/www.hotelsorriso.net\/de\/?s={search_term_string}"},"query-input":{"@type":"PropertyValueSpecification","valueRequired":true,"valueName":"search_term_string"}}],"inLanguage":"de"}]}},"_links":{"self":[{"href":"https:\/\/www.hotelsorriso.net\/de\/wp-json\/wp\/v2\/pages\/3503","targetHints":{"allow":["GET"]}}],"collection":[{"href":"https:\/\/www.hotelsorriso.net\/de\/wp-json\/wp\/v2\/pages"}],"about":[{"href":"https:\/\/www.hotelsorriso.net\/de\/wp-json\/wp\/v2\/types\/page"}],"author":[{"embeddable":true,"href":"https:\/\/www.hotelsorriso.net\/de\/wp-json\/wp\/v2\/users\/1"}],"replies":[{"embeddable":true,"href":"https:\/\/www.hotelsorriso.net\/de\/wp-json\/wp\/v2\/comments?post=3503"}],"version-history":[{"count":1,"href":"https:\/\/www.hotelsorriso.net\/de\/wp-json\/wp\/v2\/pages\/3503\/revisions"}],"predecessor-version":[{"id":3504,"href":"https:\/\/www.hotelsorriso.net\/de\/wp-json\/wp\/v2\/pages\/3503\/revisions\/3504"}],"wp:attachment":[{"href":"https:\/\/www.hotelsorriso.net\/de\/wp-json\/wp\/v2\/media?parent=3503"}],"curies":[{"name":"wp","href":"https:\/\/api.w.org\/{rel}","templated":true}]}}