{"id":3499,"date":"2026-01-26T13:14:08","date_gmt":"2026-01-26T12:14:08","guid":{"rendered":"https:\/\/www.hotelsorriso.net\/spielbereiche\/"},"modified":"2026-03-24T11:26:29","modified_gmt":"2026-03-24T10:26:29","slug":"spielbereiche","status":"publish","type":"page","link":"https:\/\/www.hotelsorriso.net\/de\/spielbereiche\/","title":{"rendered":"Spielbereiche"},"content":{"rendered":"\n\n\n<p>Die gro\u00dfe <b>Spielhalle des Hotel Sorriso<\/b> ist wie eine Spa\u00dfgaleone&#8230; und es ist kein Zufall das es dem <b>Piratenthema<\/b> gewidmet ist! Hier k\u00f6nnen alle Kinder tolle Abenteuer erleben.<\/p>\n\n\n\n\n\n<p>Als Mutter wei\u00df ich, wie wichtig es ist<b>, in Sicherheit zu spielen und Spa\u00df zu haben<\/b>. Deshalb ist w\u00e4hrend der <b>\u00d6ffnungszeiten der Spielhalle<\/b> immer ein <b>Animator<\/b> anwesend.<\/p>\n","protected":false},"excerpt":{"rendered":"<p>Die gro\u00dfe Spielhalle des Hotel Sorriso ist wie eine Spa\u00dfgaleone&#8230; und es ist kein Zufall das es dem Piratenthema gewidmet ist! Hier k\u00f6nnen alle Kinder tolle Abenteuer erleben. Als Mutter wei\u00df ich, wie wichtig es ist, in Sicherheit zu spielen und Spa\u00df zu haben. Deshalb ist w\u00e4hrend der \u00d6ffnungszeiten der Spielhalle immer ein Animator anwesend.<\/p>\n","protected":false},"author":1,"featured_media":0,"parent":0,"menu_order":0,"comment_status":"closed","ping_status":"closed","template":"page-templates\/box_caroselli.php","meta":{"_acf_changed":false,"inline_featured_image":false,"footnotes":""},"class_list":["post-3499","page","type-page","status-publish","hentry"],"acf":[],"yoast_head":"<!-- This site is optimized with the Yoast SEO plugin v27.6 - https:\/\/yoast.com\/product\/yoast-seo-wordpress\/ -->\n<title>Spielbereiche - Family Hotel Sorriso in Lido di Classe<\/title>\n<meta name=\"description\" content=\"Die Kinder haben immer Spa\u00df in der gro\u00dfen Spielhalle des Hotel Sorriso\" \/>\n<link rel=\"canonical\" href=\"https:\/\/www.hotelsorriso.net\/de\/spielbereiche\/\" \/>\n<meta property=\"og:locale\" content=\"de_DE\" \/>\n<meta property=\"og:type\" content=\"article\" \/>\n<meta property=\"og:title\" content=\"Spielbereiche - Family Hotel Sorriso in Lido di Classe\" \/>\n<meta property=\"og:description\" content=\"Die Kinder haben immer Spa\u00df in der gro\u00dfen Spielhalle des Hotel Sorriso\" \/>\n<meta property=\"og:url\" content=\"https:\/\/www.hotelsorriso.net\/de\/spielbereiche\/\" \/>\n<meta property=\"og:site_name\" content=\"Hotel Sorriso\" \/>\n<meta property=\"article:modified_time\" content=\"2026-03-24T10:26:29+00:00\" \/>\n<meta name=\"twitter:card\" content=\"summary_large_image\" \/>\n<meta name=\"twitter:label1\" content=\"Gesch\u00e4tzte Lesezeit\" \/>\n\t<meta name=\"twitter:data1\" content=\"1\u00a0Minute\" \/>\n<script type=\"application\/ld+json\" class=\"yoast-schema-graph\">{\"@context\":\"https:\\\/\\\/schema.org\",\"@graph\":[{\"@type\":\"WebPage\",\"@id\":\"https:\\\/\\\/www.hotelsorriso.net\\\/de\\\/spielbereiche\\\/\",\"url\":\"https:\\\/\\\/www.hotelsorriso.net\\\/de\\\/spielbereiche\\\/\",\"name\":\"Spielbereiche - Family Hotel Sorriso in Lido di Classe\",\"isPartOf\":{\"@id\":\"https:\\\/\\\/www.hotelsorriso.net\\\/de\\\/#website\"},\"datePublished\":\"2026-01-26T12:14:08+00:00\",\"dateModified\":\"2026-03-24T10:26:29+00:00\",\"description\":\"Die Kinder haben immer Spa\u00df in der gro\u00dfen Spielhalle des Hotel Sorriso\",\"breadcrumb\":{\"@id\":\"https:\\\/\\\/www.hotelsorriso.net\\\/de\\\/spielbereiche\\\/#breadcrumb\"},\"inLanguage\":\"de\",\"potentialAction\":[{\"@type\":\"ReadAction\",\"target\":[\"https:\\\/\\\/www.hotelsorriso.net\\\/de\\\/spielbereiche\\\/\"]}]},{\"@type\":\"BreadcrumbList\",\"@id\":\"https:\\\/\\\/www.hotelsorriso.net\\\/de\\\/spielbereiche\\\/#breadcrumb\",\"itemListElement\":[{\"@type\":\"ListItem\",\"position\":1,\"name\":\"Home\",\"item\":\"https:\\\/\\\/www.hotelsorriso.net\\\/de\\\/\"},{\"@type\":\"ListItem\",\"position\":2,\"name\":\"Spielbereiche\"}]},{\"@type\":\"WebSite\",\"@id\":\"https:\\\/\\\/www.hotelsorriso.net\\\/de\\\/#website\",\"url\":\"https:\\\/\\\/www.hotelsorriso.net\\\/de\\\/\",\"name\":\"Hotel Sorriso\",\"description\":\"\",\"potentialAction\":[{\"@type\":\"SearchAction\",\"target\":{\"@type\":\"EntryPoint\",\"urlTemplate\":\"https:\\\/\\\/www.hotelsorriso.net\\\/de\\\/?s={search_term_string}\"},\"query-input\":{\"@type\":\"PropertyValueSpecification\",\"valueRequired\":true,\"valueName\":\"search_term_string\"}}],\"inLanguage\":\"de\"}]}<\/script>\n<!-- \/ Yoast SEO plugin. -->","yoast_head_json":{"title":"Spielbereiche - Family Hotel Sorriso in Lido di Classe","description":"Die Kinder haben immer Spa\u00df in der gro\u00dfen Spielhalle des Hotel Sorriso","canonical":"https:\/\/www.hotelsorriso.net\/de\/spielbereiche\/","og_locale":"de_DE","og_type":"article","og_title":"Spielbereiche - Family Hotel Sorriso in Lido di Classe","og_description":"Die Kinder haben immer Spa\u00df in der gro\u00dfen Spielhalle des Hotel Sorriso","og_url":"https:\/\/www.hotelsorriso.net\/de\/spielbereiche\/","og_site_name":"Hotel Sorriso","article_modified_time":"2026-03-24T10:26:29+00:00","twitter_card":"summary_large_image","twitter_misc":{"Gesch\u00e4tzte Lesezeit":"1\u00a0Minute"},"schema":{"@context":"https:\/\/schema.org","@graph":[{"@type":"WebPage","@id":"https:\/\/www.hotelsorriso.net\/de\/spielbereiche\/","url":"https:\/\/www.hotelsorriso.net\/de\/spielbereiche\/","name":"Spielbereiche - Family Hotel Sorriso in Lido di Classe","isPartOf":{"@id":"https:\/\/www.hotelsorriso.net\/de\/#website"},"datePublished":"2026-01-26T12:14:08+00:00","dateModified":"2026-03-24T10:26:29+00:00","description":"Die Kinder haben immer Spa\u00df in der gro\u00dfen Spielhalle des Hotel Sorriso","breadcrumb":{"@id":"https:\/\/www.hotelsorriso.net\/de\/spielbereiche\/#breadcrumb"},"inLanguage":"de","potentialAction":[{"@type":"ReadAction","target":["https:\/\/www.hotelsorriso.net\/de\/spielbereiche\/"]}]},{"@type":"BreadcrumbList","@id":"https:\/\/www.hotelsorriso.net\/de\/spielbereiche\/#breadcrumb","itemListElement":[{"@type":"ListItem","position":1,"name":"Home","item":"https:\/\/www.hotelsorriso.net\/de\/"},{"@type":"ListItem","position":2,"name":"Spielbereiche"}]},{"@type":"WebSite","@id":"https:\/\/www.hotelsorriso.net\/de\/#website","url":"https:\/\/www.hotelsorriso.net\/de\/","name":"Hotel Sorriso","description":"","potentialAction":[{"@type":"SearchAction","target":{"@type":"EntryPoint","urlTemplate":"https:\/\/www.hotelsorriso.net\/de\/?s={search_term_string}"},"query-input":{"@type":"PropertyValueSpecification","valueRequired":true,"valueName":"search_term_string"}}],"inLanguage":"de"}]}},"_links":{"self":[{"href":"https:\/\/www.hotelsorriso.net\/de\/wp-json\/wp\/v2\/pages\/3499","targetHints":{"allow":["GET"]}}],"collection":[{"href":"https:\/\/www.hotelsorriso.net\/de\/wp-json\/wp\/v2\/pages"}],"about":[{"href":"https:\/\/www.hotelsorriso.net\/de\/wp-json\/wp\/v2\/types\/page"}],"author":[{"embeddable":true,"href":"https:\/\/www.hotelsorriso.net\/de\/wp-json\/wp\/v2\/users\/1"}],"replies":[{"embeddable":true,"href":"https:\/\/www.hotelsorriso.net\/de\/wp-json\/wp\/v2\/comments?post=3499"}],"version-history":[{"count":1,"href":"https:\/\/www.hotelsorriso.net\/de\/wp-json\/wp\/v2\/pages\/3499\/revisions"}],"predecessor-version":[{"id":3500,"href":"https:\/\/www.hotelsorriso.net\/de\/wp-json\/wp\/v2\/pages\/3499\/revisions\/3500"}],"wp:attachment":[{"href":"https:\/\/www.hotelsorriso.net\/de\/wp-json\/wp\/v2\/media?parent=3499"}],"curies":[{"name":"wp","href":"https:\/\/api.w.org\/{rel}","templated":true}]}}