{"id":3497,"date":"2026-01-26T13:13:28","date_gmt":"2026-01-26T12:13:28","guid":{"rendered":"https:\/\/www.hotelsorriso.net\/animation\/"},"modified":"2026-03-25T10:10:15","modified_gmt":"2026-03-25T09:10:15","slug":"familien-und-unterhaltung","status":"publish","type":"page","link":"https:\/\/www.hotelsorriso.net\/de\/familien-und-unterhaltung\/","title":{"rendered":"Animation"},"content":{"rendered":"\n<p>Wenn der <b>Urlaub wirklich ein Familienurlaub<\/b> ist, dann haben die Kinder das &quot;Sagen&quot;! Das bedeutet f\u00fcr mich, dass im <b>Hotel Sorriso<\/b> alles f\u00fcr sie geplant und organisiert ist, angefangen bei der <b>Unterhaltung 7 Tage die Woche<\/b>, am Strand und im Hotel und den vielen Dienstleistungen, die ihnen gewidmet sind \u00f0\u0178\u02dc\u0160.<\/p>\n","protected":false},"excerpt":{"rendered":"<p>Wenn der Urlaub wirklich ein Familienurlaub ist, dann haben die Kinder das &quot;Sagen&quot;! Das bedeutet f\u00fcr mich, dass im Hotel Sorriso alles f\u00fcr sie geplant und organisiert ist, angefangen bei der Unterhaltung 7 Tage die Woche, am Strand und im Hotel und den vielen Dienstleistungen, die ihnen gewidmet sind \u00f0\u0178\u02dc\u0160.<\/p>\n","protected":false},"author":1,"featured_media":0,"parent":0,"menu_order":0,"comment_status":"closed","ping_status":"closed","template":"page-templates\/box_caroselli.php","meta":{"_acf_changed":false,"inline_featured_image":false,"footnotes":""},"class_list":["post-3497","page","type-page","status-publish","hentry"],"acf":[],"yoast_head":"<!-- This site is optimized with the Yoast SEO plugin v27.3 - https:\/\/yoast.com\/product\/yoast-seo-wordpress\/ -->\n<title>Animation - Family Hotel Sorriso in Lido di Classe<\/title>\n<meta name=\"description\" content=\"In einem Familienurlaub darf die Unterhaltung f\u00fcr Jungen und M\u00e4dchen niemals fehlen. Kommen Sie und entdecken Sie, was das Sorriso f\u00fcr sie bereith\u00e4lt!\" \/>\n<link rel=\"canonical\" href=\"https:\/\/www.hotelsorriso.net\/de\/familien-und-unterhaltung\/\" \/>\n<meta property=\"og:locale\" content=\"de_DE\" \/>\n<meta property=\"og:type\" content=\"article\" \/>\n<meta property=\"og:title\" content=\"Animation - Family Hotel Sorriso in Lido di Classe\" \/>\n<meta property=\"og:description\" content=\"In einem Familienurlaub darf die Unterhaltung f\u00fcr Jungen und M\u00e4dchen niemals fehlen. Kommen Sie und entdecken Sie, was das Sorriso f\u00fcr sie bereith\u00e4lt!\" \/>\n<meta property=\"og:url\" content=\"https:\/\/www.hotelsorriso.net\/de\/familien-und-unterhaltung\/\" \/>\n<meta property=\"og:site_name\" content=\"Hotel Sorriso\" \/>\n<meta property=\"article:modified_time\" content=\"2026-03-25T09:10:15+00:00\" \/>\n<meta name=\"twitter:card\" content=\"summary_large_image\" \/>\n<meta name=\"twitter:label1\" content=\"Gesch\u00e4tzte Lesezeit\" \/>\n\t<meta name=\"twitter:data1\" content=\"1\u00a0Minute\" \/>\n<script type=\"application\/ld+json\" class=\"yoast-schema-graph\">{\"@context\":\"https:\\\/\\\/schema.org\",\"@graph\":[{\"@type\":\"WebPage\",\"@id\":\"https:\\\/\\\/www.hotelsorriso.net\\\/de\\\/familien-und-unterhaltung\\\/\",\"url\":\"https:\\\/\\\/www.hotelsorriso.net\\\/de\\\/familien-und-unterhaltung\\\/\",\"name\":\"Animation - Family Hotel Sorriso in Lido di Classe\",\"isPartOf\":{\"@id\":\"https:\\\/\\\/www.hotelsorriso.net\\\/de\\\/#website\"},\"datePublished\":\"2026-01-26T12:13:28+00:00\",\"dateModified\":\"2026-03-25T09:10:15+00:00\",\"description\":\"In einem Familienurlaub darf die Unterhaltung f\u00fcr Jungen und M\u00e4dchen niemals fehlen. Kommen Sie und entdecken Sie, was das Sorriso f\u00fcr sie bereith\u00e4lt!\",\"breadcrumb\":{\"@id\":\"https:\\\/\\\/www.hotelsorriso.net\\\/de\\\/familien-und-unterhaltung\\\/#breadcrumb\"},\"inLanguage\":\"de\",\"potentialAction\":[{\"@type\":\"ReadAction\",\"target\":[\"https:\\\/\\\/www.hotelsorriso.net\\\/de\\\/familien-und-unterhaltung\\\/\"]}]},{\"@type\":\"BreadcrumbList\",\"@id\":\"https:\\\/\\\/www.hotelsorriso.net\\\/de\\\/familien-und-unterhaltung\\\/#breadcrumb\",\"itemListElement\":[{\"@type\":\"ListItem\",\"position\":1,\"name\":\"Home\",\"item\":\"https:\\\/\\\/www.hotelsorriso.net\\\/de\\\/\"},{\"@type\":\"ListItem\",\"position\":2,\"name\":\"Animation\"}]},{\"@type\":\"WebSite\",\"@id\":\"https:\\\/\\\/www.hotelsorriso.net\\\/de\\\/#website\",\"url\":\"https:\\\/\\\/www.hotelsorriso.net\\\/de\\\/\",\"name\":\"Hotel Sorriso\",\"description\":\"\",\"potentialAction\":[{\"@type\":\"SearchAction\",\"target\":{\"@type\":\"EntryPoint\",\"urlTemplate\":\"https:\\\/\\\/www.hotelsorriso.net\\\/de\\\/?s={search_term_string}\"},\"query-input\":{\"@type\":\"PropertyValueSpecification\",\"valueRequired\":true,\"valueName\":\"search_term_string\"}}],\"inLanguage\":\"de\"}]}<\/script>\n<!-- \/ Yoast SEO plugin. -->","yoast_head_json":{"title":"Animation - Family Hotel Sorriso in Lido di Classe","description":"In einem Familienurlaub darf die Unterhaltung f\u00fcr Jungen und M\u00e4dchen niemals fehlen. Kommen Sie und entdecken Sie, was das Sorriso f\u00fcr sie bereith\u00e4lt!","canonical":"https:\/\/www.hotelsorriso.net\/de\/familien-und-unterhaltung\/","og_locale":"de_DE","og_type":"article","og_title":"Animation - Family Hotel Sorriso in Lido di Classe","og_description":"In einem Familienurlaub darf die Unterhaltung f\u00fcr Jungen und M\u00e4dchen niemals fehlen. Kommen Sie und entdecken Sie, was das Sorriso f\u00fcr sie bereith\u00e4lt!","og_url":"https:\/\/www.hotelsorriso.net\/de\/familien-und-unterhaltung\/","og_site_name":"Hotel Sorriso","article_modified_time":"2026-03-25T09:10:15+00:00","twitter_card":"summary_large_image","twitter_misc":{"Gesch\u00e4tzte Lesezeit":"1\u00a0Minute"},"schema":{"@context":"https:\/\/schema.org","@graph":[{"@type":"WebPage","@id":"https:\/\/www.hotelsorriso.net\/de\/familien-und-unterhaltung\/","url":"https:\/\/www.hotelsorriso.net\/de\/familien-und-unterhaltung\/","name":"Animation - Family Hotel Sorriso in Lido di Classe","isPartOf":{"@id":"https:\/\/www.hotelsorriso.net\/de\/#website"},"datePublished":"2026-01-26T12:13:28+00:00","dateModified":"2026-03-25T09:10:15+00:00","description":"In einem Familienurlaub darf die Unterhaltung f\u00fcr Jungen und M\u00e4dchen niemals fehlen. Kommen Sie und entdecken Sie, was das Sorriso f\u00fcr sie bereith\u00e4lt!","breadcrumb":{"@id":"https:\/\/www.hotelsorriso.net\/de\/familien-und-unterhaltung\/#breadcrumb"},"inLanguage":"de","potentialAction":[{"@type":"ReadAction","target":["https:\/\/www.hotelsorriso.net\/de\/familien-und-unterhaltung\/"]}]},{"@type":"BreadcrumbList","@id":"https:\/\/www.hotelsorriso.net\/de\/familien-und-unterhaltung\/#breadcrumb","itemListElement":[{"@type":"ListItem","position":1,"name":"Home","item":"https:\/\/www.hotelsorriso.net\/de\/"},{"@type":"ListItem","position":2,"name":"Animation"}]},{"@type":"WebSite","@id":"https:\/\/www.hotelsorriso.net\/de\/#website","url":"https:\/\/www.hotelsorriso.net\/de\/","name":"Hotel Sorriso","description":"","potentialAction":[{"@type":"SearchAction","target":{"@type":"EntryPoint","urlTemplate":"https:\/\/www.hotelsorriso.net\/de\/?s={search_term_string}"},"query-input":{"@type":"PropertyValueSpecification","valueRequired":true,"valueName":"search_term_string"}}],"inLanguage":"de"}]}},"_links":{"self":[{"href":"https:\/\/www.hotelsorriso.net\/de\/wp-json\/wp\/v2\/pages\/3497","targetHints":{"allow":["GET"]}}],"collection":[{"href":"https:\/\/www.hotelsorriso.net\/de\/wp-json\/wp\/v2\/pages"}],"about":[{"href":"https:\/\/www.hotelsorriso.net\/de\/wp-json\/wp\/v2\/types\/page"}],"author":[{"embeddable":true,"href":"https:\/\/www.hotelsorriso.net\/de\/wp-json\/wp\/v2\/users\/1"}],"replies":[{"embeddable":true,"href":"https:\/\/www.hotelsorriso.net\/de\/wp-json\/wp\/v2\/comments?post=3497"}],"version-history":[{"count":1,"href":"https:\/\/www.hotelsorriso.net\/de\/wp-json\/wp\/v2\/pages\/3497\/revisions"}],"predecessor-version":[{"id":3498,"href":"https:\/\/www.hotelsorriso.net\/de\/wp-json\/wp\/v2\/pages\/3497\/revisions\/3498"}],"wp:attachment":[{"href":"https:\/\/www.hotelsorriso.net\/de\/wp-json\/wp\/v2\/media?parent=3497"}],"curies":[{"name":"wp","href":"https:\/\/api.w.org\/{rel}","templated":true}]}}