{"id":3493,"date":"2026-01-26T13:09:49","date_gmt":"2026-01-26T12:09:49","guid":{"rendered":"https:\/\/www.hotelsorriso.net\/sorriso-zimmer\/"},"modified":"2026-03-24T11:26:25","modified_gmt":"2026-03-24T10:26:25","slug":"sorriso-zimmer","status":"publish","type":"page","link":"https:\/\/www.hotelsorriso.net\/de\/sorriso-zimmer\/","title":{"rendered":"Sorriso &#8211; Zimmer"},"content":{"rendered":"\n<p>Die Sorriso-Zimmer werden von Familien bevorzugt, die <b>Handlichkeit <\/b>und <b>Funktionalit\u00e4t <\/b>lieben. Sie haben <b>lebhafte Farben<\/b> und <b>gro\u00dfe Fenster<\/b>, die viel <b>Licht<\/b> in den Raum lassen. Kurz gesagt, sind es gem\u00fctliche Zimmer, in denen man den Tag mit einem L\u00e4cheln beginnen kann und in der richtige <b>Urlaubsatmosph\u00e4re<\/b> sich verw\u00f6hnen lassen kann!<\/p>\n","protected":false},"excerpt":{"rendered":"<p>Die Sorriso-Zimmer werden von Familien bevorzugt, die Handlichkeit und Funktionalit\u00e4t lieben. Sie haben lebhafte Farben und gro\u00dfe Fenster, die viel Licht in den Raum lassen. Kurz gesagt, sind es gem\u00fctliche Zimmer, in denen man den Tag mit einem L\u00e4cheln beginnen kann und in der richtige Urlaubsatmosph\u00e4re sich verw\u00f6hnen lassen kann!<\/p>\n","protected":false},"author":1,"featured_media":0,"parent":0,"menu_order":0,"comment_status":"closed","ping_status":"closed","template":"page-templates\/camere.php","meta":{"_acf_changed":false,"inline_featured_image":false,"footnotes":""},"class_list":["post-3493","page","type-page","status-publish","hentry"],"acf":[],"yoast_head":"<!-- This site is optimized with the Yoast SEO plugin v27.3 - https:\/\/yoast.com\/product\/yoast-seo-wordpress\/ -->\n<title>Sorriso-Zimmer - Family Hotel Sorriso in Lido di Classe<\/title>\n<meta name=\"description\" content=\"Entdecken Sie unsere gem\u00fctlichen Sorriso-Zimmer: perfekt f\u00fcr Familien, die auf der Suche nach Komfort und Funktionalit\u00e4t sind.\" \/>\n<link rel=\"canonical\" href=\"https:\/\/www.hotelsorriso.net\/de\/sorriso-zimmer\/\" \/>\n<meta property=\"og:locale\" content=\"de_DE\" \/>\n<meta property=\"og:type\" content=\"article\" \/>\n<meta property=\"og:title\" content=\"Sorriso-Zimmer - Family Hotel Sorriso in Lido di Classe\" \/>\n<meta property=\"og:description\" content=\"Entdecken Sie unsere gem\u00fctlichen Sorriso-Zimmer: perfekt f\u00fcr Familien, die auf der Suche nach Komfort und Funktionalit\u00e4t sind.\" \/>\n<meta property=\"og:url\" content=\"https:\/\/www.hotelsorriso.net\/de\/sorriso-zimmer\/\" \/>\n<meta property=\"og:site_name\" content=\"Hotel Sorriso\" \/>\n<meta property=\"article:modified_time\" content=\"2026-03-24T10:26:25+00:00\" \/>\n<meta name=\"twitter:card\" content=\"summary_large_image\" \/>\n<meta name=\"twitter:label1\" content=\"Gesch\u00e4tzte Lesezeit\" \/>\n\t<meta name=\"twitter:data1\" content=\"1\u00a0Minute\" \/>\n<script type=\"application\/ld+json\" class=\"yoast-schema-graph\">{\"@context\":\"https:\\\/\\\/schema.org\",\"@graph\":[{\"@type\":\"WebPage\",\"@id\":\"https:\\\/\\\/www.hotelsorriso.net\\\/de\\\/sorriso-zimmer\\\/\",\"url\":\"https:\\\/\\\/www.hotelsorriso.net\\\/de\\\/sorriso-zimmer\\\/\",\"name\":\"Sorriso-Zimmer - Family Hotel Sorriso in Lido di Classe\",\"isPartOf\":{\"@id\":\"https:\\\/\\\/www.hotelsorriso.net\\\/de\\\/#website\"},\"datePublished\":\"2026-01-26T12:09:49+00:00\",\"dateModified\":\"2026-03-24T10:26:25+00:00\",\"description\":\"Entdecken Sie unsere gem\u00fctlichen Sorriso-Zimmer: perfekt f\u00fcr Familien, die auf der Suche nach Komfort und Funktionalit\u00e4t sind.\",\"breadcrumb\":{\"@id\":\"https:\\\/\\\/www.hotelsorriso.net\\\/de\\\/sorriso-zimmer\\\/#breadcrumb\"},\"inLanguage\":\"de\",\"potentialAction\":[{\"@type\":\"ReadAction\",\"target\":[\"https:\\\/\\\/www.hotelsorriso.net\\\/de\\\/sorriso-zimmer\\\/\"]}]},{\"@type\":\"BreadcrumbList\",\"@id\":\"https:\\\/\\\/www.hotelsorriso.net\\\/de\\\/sorriso-zimmer\\\/#breadcrumb\",\"itemListElement\":[{\"@type\":\"ListItem\",\"position\":1,\"name\":\"Home\",\"item\":\"https:\\\/\\\/www.hotelsorriso.net\\\/de\\\/\"},{\"@type\":\"ListItem\",\"position\":2,\"name\":\"Sorriso &#8211; Zimmer\"}]},{\"@type\":\"WebSite\",\"@id\":\"https:\\\/\\\/www.hotelsorriso.net\\\/de\\\/#website\",\"url\":\"https:\\\/\\\/www.hotelsorriso.net\\\/de\\\/\",\"name\":\"Hotel Sorriso\",\"description\":\"\",\"potentialAction\":[{\"@type\":\"SearchAction\",\"target\":{\"@type\":\"EntryPoint\",\"urlTemplate\":\"https:\\\/\\\/www.hotelsorriso.net\\\/de\\\/?s={search_term_string}\"},\"query-input\":{\"@type\":\"PropertyValueSpecification\",\"valueRequired\":true,\"valueName\":\"search_term_string\"}}],\"inLanguage\":\"de\"}]}<\/script>\n<!-- \/ Yoast SEO plugin. -->","yoast_head_json":{"title":"Sorriso-Zimmer - Family Hotel Sorriso in Lido di Classe","description":"Entdecken Sie unsere gem\u00fctlichen Sorriso-Zimmer: perfekt f\u00fcr Familien, die auf der Suche nach Komfort und Funktionalit\u00e4t sind.","canonical":"https:\/\/www.hotelsorriso.net\/de\/sorriso-zimmer\/","og_locale":"de_DE","og_type":"article","og_title":"Sorriso-Zimmer - Family Hotel Sorriso in Lido di Classe","og_description":"Entdecken Sie unsere gem\u00fctlichen Sorriso-Zimmer: perfekt f\u00fcr Familien, die auf der Suche nach Komfort und Funktionalit\u00e4t sind.","og_url":"https:\/\/www.hotelsorriso.net\/de\/sorriso-zimmer\/","og_site_name":"Hotel Sorriso","article_modified_time":"2026-03-24T10:26:25+00:00","twitter_card":"summary_large_image","twitter_misc":{"Gesch\u00e4tzte Lesezeit":"1\u00a0Minute"},"schema":{"@context":"https:\/\/schema.org","@graph":[{"@type":"WebPage","@id":"https:\/\/www.hotelsorriso.net\/de\/sorriso-zimmer\/","url":"https:\/\/www.hotelsorriso.net\/de\/sorriso-zimmer\/","name":"Sorriso-Zimmer - Family Hotel Sorriso in Lido di Classe","isPartOf":{"@id":"https:\/\/www.hotelsorriso.net\/de\/#website"},"datePublished":"2026-01-26T12:09:49+00:00","dateModified":"2026-03-24T10:26:25+00:00","description":"Entdecken Sie unsere gem\u00fctlichen Sorriso-Zimmer: perfekt f\u00fcr Familien, die auf der Suche nach Komfort und Funktionalit\u00e4t sind.","breadcrumb":{"@id":"https:\/\/www.hotelsorriso.net\/de\/sorriso-zimmer\/#breadcrumb"},"inLanguage":"de","potentialAction":[{"@type":"ReadAction","target":["https:\/\/www.hotelsorriso.net\/de\/sorriso-zimmer\/"]}]},{"@type":"BreadcrumbList","@id":"https:\/\/www.hotelsorriso.net\/de\/sorriso-zimmer\/#breadcrumb","itemListElement":[{"@type":"ListItem","position":1,"name":"Home","item":"https:\/\/www.hotelsorriso.net\/de\/"},{"@type":"ListItem","position":2,"name":"Sorriso &#8211; Zimmer"}]},{"@type":"WebSite","@id":"https:\/\/www.hotelsorriso.net\/de\/#website","url":"https:\/\/www.hotelsorriso.net\/de\/","name":"Hotel Sorriso","description":"","potentialAction":[{"@type":"SearchAction","target":{"@type":"EntryPoint","urlTemplate":"https:\/\/www.hotelsorriso.net\/de\/?s={search_term_string}"},"query-input":{"@type":"PropertyValueSpecification","valueRequired":true,"valueName":"search_term_string"}}],"inLanguage":"de"}]}},"_links":{"self":[{"href":"https:\/\/www.hotelsorriso.net\/de\/wp-json\/wp\/v2\/pages\/3493","targetHints":{"allow":["GET"]}}],"collection":[{"href":"https:\/\/www.hotelsorriso.net\/de\/wp-json\/wp\/v2\/pages"}],"about":[{"href":"https:\/\/www.hotelsorriso.net\/de\/wp-json\/wp\/v2\/types\/page"}],"author":[{"embeddable":true,"href":"https:\/\/www.hotelsorriso.net\/de\/wp-json\/wp\/v2\/users\/1"}],"replies":[{"embeddable":true,"href":"https:\/\/www.hotelsorriso.net\/de\/wp-json\/wp\/v2\/comments?post=3493"}],"version-history":[{"count":1,"href":"https:\/\/www.hotelsorriso.net\/de\/wp-json\/wp\/v2\/pages\/3493\/revisions"}],"predecessor-version":[{"id":3494,"href":"https:\/\/www.hotelsorriso.net\/de\/wp-json\/wp\/v2\/pages\/3493\/revisions\/3494"}],"wp:attachment":[{"href":"https:\/\/www.hotelsorriso.net\/de\/wp-json\/wp\/v2\/media?parent=3493"}],"curies":[{"name":"wp","href":"https:\/\/api.w.org\/{rel}","templated":true}]}}