{"id":3491,"date":"2026-01-26T13:08:57","date_gmt":"2026-01-26T12:08:57","guid":{"rendered":"https:\/\/www.hotelsorriso.net\/superior-zimmer\/"},"modified":"2026-03-24T11:26:32","modified_gmt":"2026-03-24T10:26:32","slug":"superior-zimmer","status":"publish","type":"page","link":"https:\/\/www.hotelsorriso.net\/de\/superior-zimmer\/","title":{"rendered":"Superior Zimmer"},"content":{"rendered":"\n<p>Die <b>Superior-Zimmer<\/b> sind eine Antwort auf die Bed\u00fcrfnisse der <b>gro\u00dfen Familien<\/b>. Sie k\u00f6nnen w\u00e4hlen zwischen: <b>Vierbettzimmer<\/b> mit <b>Ehebett<\/b> und <b>zwei Einzelbetten<\/b>; <b>F\u00fcnfbettzimmer<\/b> mit <b>Ehebett<\/b> und <b>drei Einzelbetten<\/b>, kleines Wohnzimmer und <b>begehbarer Kleiderschrank<\/b>.<\/p>\n","protected":false},"excerpt":{"rendered":"<p>Die Superior-Zimmer sind eine Antwort auf die Bed\u00fcrfnisse der gro\u00dfen Familien. Sie k\u00f6nnen w\u00e4hlen zwischen: Vierbettzimmer mit Ehebett und zwei Einzelbetten; F\u00fcnfbettzimmer mit Ehebett und drei Einzelbetten, kleines Wohnzimmer und begehbarer Kleiderschrank.<\/p>\n","protected":false},"author":1,"featured_media":0,"parent":0,"menu_order":0,"comment_status":"closed","ping_status":"closed","template":"page-templates\/camere.php","meta":{"_acf_changed":false,"inline_featured_image":false,"footnotes":""},"class_list":["post-3491","page","type-page","status-publish","hentry"],"acf":[],"yoast_head":"<!-- This site is optimized with the Yoast SEO plugin v27.3 - https:\/\/yoast.com\/product\/yoast-seo-wordpress\/ -->\n<title>Superior-Zimmer - Family Hotel Sorriso in Lido di Classe<\/title>\n<meta name=\"description\" content=\"Die L\u00f6sungen f\u00fcr gro\u00dfe Familien im Urlaub im Hotel Sorriso: Vier- oder F\u00fcnfbettzimmer mit Ehe - und Einzelbetten.\" \/>\n<link rel=\"canonical\" href=\"https:\/\/www.hotelsorriso.net\/de\/superior-zimmer\/\" \/>\n<meta property=\"og:locale\" content=\"de_DE\" \/>\n<meta property=\"og:type\" content=\"article\" \/>\n<meta property=\"og:title\" content=\"Superior-Zimmer - Family Hotel Sorriso in Lido di Classe\" \/>\n<meta property=\"og:description\" content=\"Die L\u00f6sungen f\u00fcr gro\u00dfe Familien im Urlaub im Hotel Sorriso: Vier- oder F\u00fcnfbettzimmer mit Ehe - und Einzelbetten.\" \/>\n<meta property=\"og:url\" content=\"https:\/\/www.hotelsorriso.net\/de\/superior-zimmer\/\" \/>\n<meta property=\"og:site_name\" content=\"Hotel Sorriso\" \/>\n<meta property=\"article:modified_time\" content=\"2026-03-24T10:26:32+00:00\" \/>\n<meta name=\"twitter:card\" content=\"summary_large_image\" \/>\n<meta name=\"twitter:label1\" content=\"Gesch\u00e4tzte Lesezeit\" \/>\n\t<meta name=\"twitter:data1\" content=\"1\u00a0Minute\" \/>\n<script type=\"application\/ld+json\" class=\"yoast-schema-graph\">{\"@context\":\"https:\\\/\\\/schema.org\",\"@graph\":[{\"@type\":\"WebPage\",\"@id\":\"https:\\\/\\\/www.hotelsorriso.net\\\/de\\\/superior-zimmer\\\/\",\"url\":\"https:\\\/\\\/www.hotelsorriso.net\\\/de\\\/superior-zimmer\\\/\",\"name\":\"Superior-Zimmer - Family Hotel Sorriso in Lido di Classe\",\"isPartOf\":{\"@id\":\"https:\\\/\\\/www.hotelsorriso.net\\\/de\\\/#website\"},\"datePublished\":\"2026-01-26T12:08:57+00:00\",\"dateModified\":\"2026-03-24T10:26:32+00:00\",\"description\":\"Die L\u00f6sungen f\u00fcr gro\u00dfe Familien im Urlaub im Hotel Sorriso: Vier- oder F\u00fcnfbettzimmer mit Ehe - und Einzelbetten.\",\"breadcrumb\":{\"@id\":\"https:\\\/\\\/www.hotelsorriso.net\\\/de\\\/superior-zimmer\\\/#breadcrumb\"},\"inLanguage\":\"de\",\"potentialAction\":[{\"@type\":\"ReadAction\",\"target\":[\"https:\\\/\\\/www.hotelsorriso.net\\\/de\\\/superior-zimmer\\\/\"]}]},{\"@type\":\"BreadcrumbList\",\"@id\":\"https:\\\/\\\/www.hotelsorriso.net\\\/de\\\/superior-zimmer\\\/#breadcrumb\",\"itemListElement\":[{\"@type\":\"ListItem\",\"position\":1,\"name\":\"Home\",\"item\":\"https:\\\/\\\/www.hotelsorriso.net\\\/de\\\/\"},{\"@type\":\"ListItem\",\"position\":2,\"name\":\"Superior Zimmer\"}]},{\"@type\":\"WebSite\",\"@id\":\"https:\\\/\\\/www.hotelsorriso.net\\\/de\\\/#website\",\"url\":\"https:\\\/\\\/www.hotelsorriso.net\\\/de\\\/\",\"name\":\"Hotel Sorriso\",\"description\":\"\",\"potentialAction\":[{\"@type\":\"SearchAction\",\"target\":{\"@type\":\"EntryPoint\",\"urlTemplate\":\"https:\\\/\\\/www.hotelsorriso.net\\\/de\\\/?s={search_term_string}\"},\"query-input\":{\"@type\":\"PropertyValueSpecification\",\"valueRequired\":true,\"valueName\":\"search_term_string\"}}],\"inLanguage\":\"de\"}]}<\/script>\n<!-- \/ Yoast SEO plugin. -->","yoast_head_json":{"title":"Superior-Zimmer - Family Hotel Sorriso in Lido di Classe","description":"Die L\u00f6sungen f\u00fcr gro\u00dfe Familien im Urlaub im Hotel Sorriso: Vier- oder F\u00fcnfbettzimmer mit Ehe - und Einzelbetten.","canonical":"https:\/\/www.hotelsorriso.net\/de\/superior-zimmer\/","og_locale":"de_DE","og_type":"article","og_title":"Superior-Zimmer - Family Hotel Sorriso in Lido di Classe","og_description":"Die L\u00f6sungen f\u00fcr gro\u00dfe Familien im Urlaub im Hotel Sorriso: Vier- oder F\u00fcnfbettzimmer mit Ehe - und Einzelbetten.","og_url":"https:\/\/www.hotelsorriso.net\/de\/superior-zimmer\/","og_site_name":"Hotel Sorriso","article_modified_time":"2026-03-24T10:26:32+00:00","twitter_card":"summary_large_image","twitter_misc":{"Gesch\u00e4tzte Lesezeit":"1\u00a0Minute"},"schema":{"@context":"https:\/\/schema.org","@graph":[{"@type":"WebPage","@id":"https:\/\/www.hotelsorriso.net\/de\/superior-zimmer\/","url":"https:\/\/www.hotelsorriso.net\/de\/superior-zimmer\/","name":"Superior-Zimmer - Family Hotel Sorriso in Lido di Classe","isPartOf":{"@id":"https:\/\/www.hotelsorriso.net\/de\/#website"},"datePublished":"2026-01-26T12:08:57+00:00","dateModified":"2026-03-24T10:26:32+00:00","description":"Die L\u00f6sungen f\u00fcr gro\u00dfe Familien im Urlaub im Hotel Sorriso: Vier- oder F\u00fcnfbettzimmer mit Ehe - und Einzelbetten.","breadcrumb":{"@id":"https:\/\/www.hotelsorriso.net\/de\/superior-zimmer\/#breadcrumb"},"inLanguage":"de","potentialAction":[{"@type":"ReadAction","target":["https:\/\/www.hotelsorriso.net\/de\/superior-zimmer\/"]}]},{"@type":"BreadcrumbList","@id":"https:\/\/www.hotelsorriso.net\/de\/superior-zimmer\/#breadcrumb","itemListElement":[{"@type":"ListItem","position":1,"name":"Home","item":"https:\/\/www.hotelsorriso.net\/de\/"},{"@type":"ListItem","position":2,"name":"Superior Zimmer"}]},{"@type":"WebSite","@id":"https:\/\/www.hotelsorriso.net\/de\/#website","url":"https:\/\/www.hotelsorriso.net\/de\/","name":"Hotel Sorriso","description":"","potentialAction":[{"@type":"SearchAction","target":{"@type":"EntryPoint","urlTemplate":"https:\/\/www.hotelsorriso.net\/de\/?s={search_term_string}"},"query-input":{"@type":"PropertyValueSpecification","valueRequired":true,"valueName":"search_term_string"}}],"inLanguage":"de"}]}},"_links":{"self":[{"href":"https:\/\/www.hotelsorriso.net\/de\/wp-json\/wp\/v2\/pages\/3491","targetHints":{"allow":["GET"]}}],"collection":[{"href":"https:\/\/www.hotelsorriso.net\/de\/wp-json\/wp\/v2\/pages"}],"about":[{"href":"https:\/\/www.hotelsorriso.net\/de\/wp-json\/wp\/v2\/types\/page"}],"author":[{"embeddable":true,"href":"https:\/\/www.hotelsorriso.net\/de\/wp-json\/wp\/v2\/users\/1"}],"replies":[{"embeddable":true,"href":"https:\/\/www.hotelsorriso.net\/de\/wp-json\/wp\/v2\/comments?post=3491"}],"version-history":[{"count":1,"href":"https:\/\/www.hotelsorriso.net\/de\/wp-json\/wp\/v2\/pages\/3491\/revisions"}],"predecessor-version":[{"id":3492,"href":"https:\/\/www.hotelsorriso.net\/de\/wp-json\/wp\/v2\/pages\/3491\/revisions\/3492"}],"wp:attachment":[{"href":"https:\/\/www.hotelsorriso.net\/de\/wp-json\/wp\/v2\/media?parent=3491"}],"curies":[{"name":"wp","href":"https:\/\/api.w.org\/{rel}","templated":true}]}}