{"id":3489,"date":"2026-01-26T13:07:01","date_gmt":"2026-01-26T12:07:01","guid":{"rendered":"https:\/\/www.hotelsorriso.net\/themenzimmer\/"},"modified":"2026-03-24T11:26:49","modified_gmt":"2026-03-24T10:26:49","slug":"themenzimmer","status":"publish","type":"page","link":"https:\/\/www.hotelsorriso.net\/de\/themenzimmer\/","title":{"rendered":"Themenzimmer"},"content":{"rendered":"\n<p>Als Mutter kann ich sagen: Es ist wunderbar, das wahre Staunen in den Augen von M\u00e4dchen und Jungen zu sehen, wenn sie sich Teil einer <b>Fantasie-Welt<\/b> f\u00fchlen!<\/p>\n\n\n\n<p>Die <b>f\u00fcnf Themenzimmer<\/b> unseres <b>Familienhotels in Lido di Classe<\/b> sind genau daf\u00fcr geschaffen, um ihnen eine Reise auf der Reise zu schenken, inmitten traumhafter Unterwasserszenarien, romantischen Meerjungfrauen, Dschungeltieren, Zirkusakrobaten und verzauberten W\u00e4ldern.<\/p>\n","protected":false},"excerpt":{"rendered":"<p>Als Mutter kann ich sagen: Es ist wunderbar, das wahre Staunen in den Augen von M\u00e4dchen und Jungen zu sehen, wenn sie sich Teil einer Fantasie-Welt f\u00fchlen! Die f\u00fcnf Themenzimmer unseres Familienhotels in Lido di Classe sind genau daf\u00fcr geschaffen, um ihnen eine Reise auf der Reise zu schenken, inmitten traumhafter Unterwasserszenarien, romantischen Meerjungfrauen, Dschungeltieren, [&hellip;]<\/p>\n","protected":false},"author":1,"featured_media":0,"parent":0,"menu_order":0,"comment_status":"closed","ping_status":"closed","template":"page-templates\/camere.php","meta":{"_acf_changed":false,"inline_featured_image":false,"footnotes":""},"class_list":["post-3489","page","type-page","status-publish","hentry"],"acf":[],"yoast_head":"<!-- This site is optimized with the Yoast SEO plugin v27.3 - https:\/\/yoast.com\/product\/yoast-seo-wordpress\/ -->\n<title>Themenzimmer \u2013 Family Hotel Sorriso in Lido di Classe<\/title>\n<meta name=\"description\" content=\"Begeben Sie sich mit Ihren Kindern auf ein magisches Abenteuer in unseren Themenzimmern: f\u00fcnf einzigartige Erlebnisse.\" \/>\n<link rel=\"canonical\" href=\"https:\/\/www.hotelsorriso.net\/de\/themenzimmer\/\" \/>\n<meta property=\"og:locale\" content=\"de_DE\" \/>\n<meta property=\"og:type\" content=\"article\" \/>\n<meta property=\"og:title\" content=\"Themenzimmer \u2013 Family Hotel Sorriso in Lido di Classe\" \/>\n<meta property=\"og:description\" content=\"Begeben Sie sich mit Ihren Kindern auf ein magisches Abenteuer in unseren Themenzimmern: f\u00fcnf einzigartige Erlebnisse.\" \/>\n<meta property=\"og:url\" content=\"https:\/\/www.hotelsorriso.net\/de\/themenzimmer\/\" \/>\n<meta property=\"og:site_name\" content=\"Hotel Sorriso\" \/>\n<meta property=\"article:modified_time\" content=\"2026-03-24T10:26:49+00:00\" \/>\n<meta name=\"twitter:card\" content=\"summary_large_image\" \/>\n<meta name=\"twitter:label1\" content=\"Gesch\u00e4tzte Lesezeit\" \/>\n\t<meta name=\"twitter:data1\" content=\"1\u00a0Minute\" \/>\n<script type=\"application\/ld+json\" class=\"yoast-schema-graph\">{\"@context\":\"https:\\\/\\\/schema.org\",\"@graph\":[{\"@type\":\"WebPage\",\"@id\":\"https:\\\/\\\/www.hotelsorriso.net\\\/de\\\/themenzimmer\\\/\",\"url\":\"https:\\\/\\\/www.hotelsorriso.net\\\/de\\\/themenzimmer\\\/\",\"name\":\"Themenzimmer \u2013 Family Hotel Sorriso in Lido di Classe\",\"isPartOf\":{\"@id\":\"https:\\\/\\\/www.hotelsorriso.net\\\/de\\\/#website\"},\"datePublished\":\"2026-01-26T12:07:01+00:00\",\"dateModified\":\"2026-03-24T10:26:49+00:00\",\"description\":\"Begeben Sie sich mit Ihren Kindern auf ein magisches Abenteuer in unseren Themenzimmern: f\u00fcnf einzigartige Erlebnisse.\",\"breadcrumb\":{\"@id\":\"https:\\\/\\\/www.hotelsorriso.net\\\/de\\\/themenzimmer\\\/#breadcrumb\"},\"inLanguage\":\"de\",\"potentialAction\":[{\"@type\":\"ReadAction\",\"target\":[\"https:\\\/\\\/www.hotelsorriso.net\\\/de\\\/themenzimmer\\\/\"]}]},{\"@type\":\"BreadcrumbList\",\"@id\":\"https:\\\/\\\/www.hotelsorriso.net\\\/de\\\/themenzimmer\\\/#breadcrumb\",\"itemListElement\":[{\"@type\":\"ListItem\",\"position\":1,\"name\":\"Home\",\"item\":\"https:\\\/\\\/www.hotelsorriso.net\\\/de\\\/\"},{\"@type\":\"ListItem\",\"position\":2,\"name\":\"Themenzimmer\"}]},{\"@type\":\"WebSite\",\"@id\":\"https:\\\/\\\/www.hotelsorriso.net\\\/de\\\/#website\",\"url\":\"https:\\\/\\\/www.hotelsorriso.net\\\/de\\\/\",\"name\":\"Hotel Sorriso\",\"description\":\"\",\"potentialAction\":[{\"@type\":\"SearchAction\",\"target\":{\"@type\":\"EntryPoint\",\"urlTemplate\":\"https:\\\/\\\/www.hotelsorriso.net\\\/de\\\/?s={search_term_string}\"},\"query-input\":{\"@type\":\"PropertyValueSpecification\",\"valueRequired\":true,\"valueName\":\"search_term_string\"}}],\"inLanguage\":\"de\"}]}<\/script>\n<!-- \/ Yoast SEO plugin. -->","yoast_head_json":{"title":"Themenzimmer \u2013 Family Hotel Sorriso in Lido di Classe","description":"Begeben Sie sich mit Ihren Kindern auf ein magisches Abenteuer in unseren Themenzimmern: f\u00fcnf einzigartige Erlebnisse.","canonical":"https:\/\/www.hotelsorriso.net\/de\/themenzimmer\/","og_locale":"de_DE","og_type":"article","og_title":"Themenzimmer \u2013 Family Hotel Sorriso in Lido di Classe","og_description":"Begeben Sie sich mit Ihren Kindern auf ein magisches Abenteuer in unseren Themenzimmern: f\u00fcnf einzigartige Erlebnisse.","og_url":"https:\/\/www.hotelsorriso.net\/de\/themenzimmer\/","og_site_name":"Hotel Sorriso","article_modified_time":"2026-03-24T10:26:49+00:00","twitter_card":"summary_large_image","twitter_misc":{"Gesch\u00e4tzte Lesezeit":"1\u00a0Minute"},"schema":{"@context":"https:\/\/schema.org","@graph":[{"@type":"WebPage","@id":"https:\/\/www.hotelsorriso.net\/de\/themenzimmer\/","url":"https:\/\/www.hotelsorriso.net\/de\/themenzimmer\/","name":"Themenzimmer \u2013 Family Hotel Sorriso in Lido di Classe","isPartOf":{"@id":"https:\/\/www.hotelsorriso.net\/de\/#website"},"datePublished":"2026-01-26T12:07:01+00:00","dateModified":"2026-03-24T10:26:49+00:00","description":"Begeben Sie sich mit Ihren Kindern auf ein magisches Abenteuer in unseren Themenzimmern: f\u00fcnf einzigartige Erlebnisse.","breadcrumb":{"@id":"https:\/\/www.hotelsorriso.net\/de\/themenzimmer\/#breadcrumb"},"inLanguage":"de","potentialAction":[{"@type":"ReadAction","target":["https:\/\/www.hotelsorriso.net\/de\/themenzimmer\/"]}]},{"@type":"BreadcrumbList","@id":"https:\/\/www.hotelsorriso.net\/de\/themenzimmer\/#breadcrumb","itemListElement":[{"@type":"ListItem","position":1,"name":"Home","item":"https:\/\/www.hotelsorriso.net\/de\/"},{"@type":"ListItem","position":2,"name":"Themenzimmer"}]},{"@type":"WebSite","@id":"https:\/\/www.hotelsorriso.net\/de\/#website","url":"https:\/\/www.hotelsorriso.net\/de\/","name":"Hotel Sorriso","description":"","potentialAction":[{"@type":"SearchAction","target":{"@type":"EntryPoint","urlTemplate":"https:\/\/www.hotelsorriso.net\/de\/?s={search_term_string}"},"query-input":{"@type":"PropertyValueSpecification","valueRequired":true,"valueName":"search_term_string"}}],"inLanguage":"de"}]}},"_links":{"self":[{"href":"https:\/\/www.hotelsorriso.net\/de\/wp-json\/wp\/v2\/pages\/3489","targetHints":{"allow":["GET"]}}],"collection":[{"href":"https:\/\/www.hotelsorriso.net\/de\/wp-json\/wp\/v2\/pages"}],"about":[{"href":"https:\/\/www.hotelsorriso.net\/de\/wp-json\/wp\/v2\/types\/page"}],"author":[{"embeddable":true,"href":"https:\/\/www.hotelsorriso.net\/de\/wp-json\/wp\/v2\/users\/1"}],"replies":[{"embeddable":true,"href":"https:\/\/www.hotelsorriso.net\/de\/wp-json\/wp\/v2\/comments?post=3489"}],"version-history":[{"count":1,"href":"https:\/\/www.hotelsorriso.net\/de\/wp-json\/wp\/v2\/pages\/3489\/revisions"}],"predecessor-version":[{"id":3490,"href":"https:\/\/www.hotelsorriso.net\/de\/wp-json\/wp\/v2\/pages\/3489\/revisions\/3490"}],"wp:attachment":[{"href":"https:\/\/www.hotelsorriso.net\/de\/wp-json\/wp\/v2\/media?parent=3489"}],"curies":[{"name":"wp","href":"https:\/\/api.w.org\/{rel}","templated":true}]}}