{"id":254,"date":"2026-01-26T11:03:02","date_gmt":"2026-01-26T10:03:02","guid":{"rendered":"https:\/\/www.hotelsorriso.net\/?page_id=254"},"modified":"2026-03-24T11:24:09","modified_gmt":"2026-03-24T10:24:09","slug":"homepage","status":"publish","type":"page","link":"https:\/\/www.hotelsorriso.net\/de\/","title":{"rendered":"Homepage"},"content":{"rendered":"\n<p>Hallo, ich bin Francesca und m\u00f6chte Sie im <b>Hotel Sorriso  begr\u00fc\u00dfen,<\/b> ein<b> wahres Familienhotel im Zentrum von Lido di Classe<\/b>!<\/p>\n\n\n\n<p>Wissen Sie, bevor ich eine Gastgeberin bin, bin ich auch eine Mutter, deshalb m\u00f6chte ich, dass Sie die gleiche Aufmerksamkeit und den gleichen Service finden, nach dem ich suche, wenn ich im Urlaub bin. Zum Beispiel die <b>All-Inclusive-Formel<\/b> f\u00fcr  echte Entspannung, <b>Themenzimmer<\/b>, t\u00e4gliche <b>Animation<\/b>, <b>Kinderbetreuung und Serviceleistungen f\u00fcr Kleinkinder.<\/b> Au\u00dferdem sind wir <b>nur 5 km<\/b> <b>von Mirabilandia<\/b> und nur <b>50 Meter<\/b> vom <b>Strand direkt hinter dem Pinienwald<\/b> entfernt: eine ausgezeichnete Position, f\u00fcr einen Urlaub zwischen Meer und Spa\u00df!<\/p>\n","protected":false},"excerpt":{"rendered":"<p>Hallo, ich bin Francesca und m\u00f6chte Sie im Hotel Sorriso begr\u00fc\u00dfen, ein wahres Familienhotel im Zentrum von Lido di Classe! Wissen Sie, bevor ich eine Gastgeberin bin, bin ich auch eine Mutter, deshalb m\u00f6chte ich, dass Sie die gleiche Aufmerksamkeit und den gleichen Service finden, nach dem ich suche, wenn ich im Urlaub bin. Zum [&hellip;]<\/p>\n","protected":false},"author":1,"featured_media":0,"parent":0,"menu_order":0,"comment_status":"closed","ping_status":"closed","template":"page-templates\/homepage.php","meta":{"_acf_changed":false,"inline_featured_image":false,"footnotes":""},"class_list":["post-254","page","type-page","status-publish","hentry"],"acf":[],"yoast_head":"<!-- This site is optimized with the Yoast SEO plugin v27.3 - https:\/\/yoast.com\/product\/yoast-seo-wordpress\/ -->\n<title>Hotel Sorriso - Familienhotel in Lido di Classe in der N\u00e4he von Mirabilandia<\/title>\n<meta name=\"description\" content=\"Family Hotel Sorriso in Lido di Classe: Animation an 7\/7 Tage, Themenzimmer und All-Inclusive-Formel in der N\u00e4he von Mirabilandia und 50 Meter vom Meer entfernt\" \/>\n<link rel=\"canonical\" href=\"https:\/\/www.hotelsorriso.net\/de\/\" \/>\n<meta property=\"og:locale\" content=\"de_DE\" \/>\n<meta property=\"og:type\" content=\"article\" \/>\n<meta property=\"og:title\" content=\"Hotel Sorriso - Familienhotel in Lido di Classe in der N\u00e4he von Mirabilandia\" \/>\n<meta property=\"og:description\" content=\"Family Hotel Sorriso in Lido di Classe: Animation an 7\/7 Tage, Themenzimmer und All-Inclusive-Formel in der N\u00e4he von Mirabilandia und 50 Meter vom Meer entfernt\" \/>\n<meta property=\"og:url\" content=\"https:\/\/www.hotelsorriso.net\/de\/\" \/>\n<meta property=\"og:site_name\" content=\"Hotel Sorriso\" \/>\n<meta property=\"article:modified_time\" content=\"2026-03-24T10:24:09+00:00\" \/>\n<meta name=\"twitter:card\" content=\"summary_large_image\" \/>\n<meta name=\"twitter:label1\" content=\"Gesch\u00e4tzte Lesezeit\" \/>\n\t<meta name=\"twitter:data1\" content=\"1\u00a0Minute\" \/>\n<script type=\"application\/ld+json\" class=\"yoast-schema-graph\">{\"@context\":\"https:\\\/\\\/schema.org\",\"@graph\":[{\"@type\":\"WebPage\",\"@id\":\"https:\\\/\\\/www.hotelsorriso.net\\\/de\\\/\",\"url\":\"https:\\\/\\\/www.hotelsorriso.net\\\/de\\\/\",\"name\":\"Hotel Sorriso - Familienhotel in Lido di Classe in der N\u00e4he von Mirabilandia\",\"isPartOf\":{\"@id\":\"https:\\\/\\\/www.hotelsorriso.net\\\/de\\\/#website\"},\"datePublished\":\"2026-01-26T10:03:02+00:00\",\"dateModified\":\"2026-03-24T10:24:09+00:00\",\"description\":\"Family Hotel Sorriso in Lido di Classe: Animation an 7\\\/7 Tage, Themenzimmer und All-Inclusive-Formel in der N\u00e4he von Mirabilandia und 50 Meter vom Meer entfernt\",\"breadcrumb\":{\"@id\":\"https:\\\/\\\/www.hotelsorriso.net\\\/de\\\/#breadcrumb\"},\"inLanguage\":\"de\",\"potentialAction\":[{\"@type\":\"ReadAction\",\"target\":[\"https:\\\/\\\/www.hotelsorriso.net\\\/de\\\/\"]}]},{\"@type\":\"BreadcrumbList\",\"@id\":\"https:\\\/\\\/www.hotelsorriso.net\\\/de\\\/#breadcrumb\",\"itemListElement\":[{\"@type\":\"ListItem\",\"position\":1,\"name\":\"Home\",\"item\":\"https:\\\/\\\/www.hotelsorriso.net\\\/de\\\/\"},{\"@type\":\"ListItem\",\"position\":2,\"name\":\"Homepage\"}]},{\"@type\":\"WebSite\",\"@id\":\"https:\\\/\\\/www.hotelsorriso.net\\\/de\\\/#website\",\"url\":\"https:\\\/\\\/www.hotelsorriso.net\\\/de\\\/\",\"name\":\"Hotel Sorriso\",\"description\":\"\",\"potentialAction\":[{\"@type\":\"SearchAction\",\"target\":{\"@type\":\"EntryPoint\",\"urlTemplate\":\"https:\\\/\\\/www.hotelsorriso.net\\\/de\\\/?s={search_term_string}\"},\"query-input\":{\"@type\":\"PropertyValueSpecification\",\"valueRequired\":true,\"valueName\":\"search_term_string\"}}],\"inLanguage\":\"de\"}]}<\/script>\n<!-- \/ Yoast SEO plugin. -->","yoast_head_json":{"title":"Hotel Sorriso - Familienhotel in Lido di Classe in der N\u00e4he von Mirabilandia","description":"Family Hotel Sorriso in Lido di Classe: Animation an 7\/7 Tage, Themenzimmer und All-Inclusive-Formel in der N\u00e4he von Mirabilandia und 50 Meter vom Meer entfernt","canonical":"https:\/\/www.hotelsorriso.net\/de\/","og_locale":"de_DE","og_type":"article","og_title":"Hotel Sorriso - Familienhotel in Lido di Classe in der N\u00e4he von Mirabilandia","og_description":"Family Hotel Sorriso in Lido di Classe: Animation an 7\/7 Tage, Themenzimmer und All-Inclusive-Formel in der N\u00e4he von Mirabilandia und 50 Meter vom Meer entfernt","og_url":"https:\/\/www.hotelsorriso.net\/de\/","og_site_name":"Hotel Sorriso","article_modified_time":"2026-03-24T10:24:09+00:00","twitter_card":"summary_large_image","twitter_misc":{"Gesch\u00e4tzte Lesezeit":"1\u00a0Minute"},"schema":{"@context":"https:\/\/schema.org","@graph":[{"@type":"WebPage","@id":"https:\/\/www.hotelsorriso.net\/de\/","url":"https:\/\/www.hotelsorriso.net\/de\/","name":"Hotel Sorriso - Familienhotel in Lido di Classe in der N\u00e4he von Mirabilandia","isPartOf":{"@id":"https:\/\/www.hotelsorriso.net\/de\/#website"},"datePublished":"2026-01-26T10:03:02+00:00","dateModified":"2026-03-24T10:24:09+00:00","description":"Family Hotel Sorriso in Lido di Classe: Animation an 7\/7 Tage, Themenzimmer und All-Inclusive-Formel in der N\u00e4he von Mirabilandia und 50 Meter vom Meer entfernt","breadcrumb":{"@id":"https:\/\/www.hotelsorriso.net\/de\/#breadcrumb"},"inLanguage":"de","potentialAction":[{"@type":"ReadAction","target":["https:\/\/www.hotelsorriso.net\/de\/"]}]},{"@type":"BreadcrumbList","@id":"https:\/\/www.hotelsorriso.net\/de\/#breadcrumb","itemListElement":[{"@type":"ListItem","position":1,"name":"Home","item":"https:\/\/www.hotelsorriso.net\/de\/"},{"@type":"ListItem","position":2,"name":"Homepage"}]},{"@type":"WebSite","@id":"https:\/\/www.hotelsorriso.net\/de\/#website","url":"https:\/\/www.hotelsorriso.net\/de\/","name":"Hotel Sorriso","description":"","potentialAction":[{"@type":"SearchAction","target":{"@type":"EntryPoint","urlTemplate":"https:\/\/www.hotelsorriso.net\/de\/?s={search_term_string}"},"query-input":{"@type":"PropertyValueSpecification","valueRequired":true,"valueName":"search_term_string"}}],"inLanguage":"de"}]}},"_links":{"self":[{"href":"https:\/\/www.hotelsorriso.net\/de\/wp-json\/wp\/v2\/pages\/254","targetHints":{"allow":["GET"]}}],"collection":[{"href":"https:\/\/www.hotelsorriso.net\/de\/wp-json\/wp\/v2\/pages"}],"about":[{"href":"https:\/\/www.hotelsorriso.net\/de\/wp-json\/wp\/v2\/types\/page"}],"author":[{"embeddable":true,"href":"https:\/\/www.hotelsorriso.net\/de\/wp-json\/wp\/v2\/users\/1"}],"replies":[{"embeddable":true,"href":"https:\/\/www.hotelsorriso.net\/de\/wp-json\/wp\/v2\/comments?post=254"}],"version-history":[{"count":2,"href":"https:\/\/www.hotelsorriso.net\/de\/wp-json\/wp\/v2\/pages\/254\/revisions"}],"predecessor-version":[{"id":3488,"href":"https:\/\/www.hotelsorriso.net\/de\/wp-json\/wp\/v2\/pages\/254\/revisions\/3488"}],"wp:attachment":[{"href":"https:\/\/www.hotelsorriso.net\/de\/wp-json\/wp\/v2\/media?parent=254"}],"curies":[{"name":"wp","href":"https:\/\/api.w.org\/{rel}","templated":true}]}}